{"id":7636,"date":"2023-07-05T23:02:04","date_gmt":"2023-07-05T21:02:04","guid":{"rendered":"https:\/\/tomyklou.gr\/product\/frudia-ultra-uv-shield-sun-essence-50g\/"},"modified":"2026-02-22T18:40:38","modified_gmt":"2026-02-22T16:40:38","slug":"frudia-ultra-uv-shield-sun-essence-50g","status":"publish","type":"product","link":"https:\/\/tomyklou.gr\/de\/product\/frudia-ultra-uv-shield-sun-essence\/","title":{"rendered":"Frudia Ultra UV Shield Sun Essence 50g"},"content":{"rendered":"<h3>Anwendung<\/h3>\n<ol>\n<li>Verteile als letzten Schritt deiner Pflegeroutine eine angemessene Menge Sunscreen auf die der Sonne ausgesetzten Bereiche deiner Haut.<\/li>\n<li>Mindestens 15 Minuten vor dem in die Sonne gehen verwenden.<\/li>\n<li>Nach Bedarf bei l\u00e4ngerem Sonnenaufenthalt die Anwendung\u00a0mehrmals wiederholen!<\/li>\n<\/ol>\n<h3>Hauptinhaltsstoffe<\/h3>\n<p>Vitis Vinifera (Grape) Fruit Extract, Methylpropanediol, Glycerin, 1,2-Hexanediol, PEG\/PPG-17\/6 Copolymer, Water, Hydroxyethyl Urea, Sodium Carbomer, Betaine, Dimethicone, Panthenol, Octyldodeceth-16, PEG-60 Hydrogenated Castor Oil, Ethylhexylglycerin, Polyquaternium-51, Disodium EDTA, Coco-Caprylate\/Caprate, Prunus Armeniaca (Apricot) Kernel Oil, Vitis Vinifera (Grape) Seed Oil, Citrus Paradisi (Grapefruit) Seed Oil, Mangifera Indica (Mango) Seed Oil, Punica Granatum Seed Oil, Solanum Lycopersicum (Tomato) Seed Oil, Tocopherol, Phenoxyethanol, CI 15985, CI 19140, CI 42090, Fragrance, Benzyl Salicylate, Linalool, Benzyl Benzoate,Hexyl Cinnamal, Alpha-Isomethyl Ionone<\/p>\n<h3>Warnhinweise<\/h3>\n<ol>\n<li>Nur zur \u00e4u\u00dferlichen Anwendung geeignet.<\/li>\n<li>Nicht auf verletzte Haut oder auf Wunden auftragen.<\/li>\n<li>Sollten Nebenwirkungen wie Irritationen oder Ausschlag eintreten, Anwendung sofort beenden und unverz\u00fcglich an einen Arzt wenden.<\/li>\n<li>Kontakt mit den Augen vermeiden. Sollte das Produkt ins Auge gelangen, das Auge sofort gr\u00fcndlich mit klarem Wasser aussp\u00fclen.<\/li>\n<li>Au\u00dfer Reichweite von Kindern aufbewahren.<\/li>\n<li>Nicht schlucken. Bei Verschlucken Arzt oder Giftzentrale aufsuchen.<\/li>\n<\/ol>\n","protected":false},"excerpt":{"rendered":"<p>Dieser ultra-feuchtigkeitsspendende Sonnenschutz f\u00fchlt sich auf der Haut besonders leicht an, bietet lang anhaltenden Schutz und speichert Feuchtigkeit in der Haut. Der vegane Sonnenschutz ist EVE VEGAN-zertifiziert und enth\u00e4lt n\u00e4hrstoffreiche Extrakte aus vitaminreichen Fr\u00fcchten. Geeignet f\u00fcr empfindliche Haut. Frei von Parabenen und k\u00fcnstlichen Farbstoffen.<\/p>\n<p>Vorteile:<\/p>\n<p>Die tief feuchtigkeitsspendende Sonnenessenz mit LSF 50+ PA++++ sch\u00fctzt die Haut t\u00e4glich vor UV-Strahlen.<br \/>\nDie ultraleichte Textur bietet einen lang anhaltenden UV-Schutz, ohne einen wei\u00dfen Schimmer zu hinterlassen.<br \/>\nDie milde Formel ist f\u00fcr empfindliche Haut geeignet.<br \/>\nEnth\u00e4lt dreifache Hyalurons\u00e4uren, die trockene Haut tiefenwirksam hydratisieren.<br \/>\nFrei von 6 Arten von Parabenen und k\u00fcnstlichen Farbstoffen.<br \/>\nAuf Hautvertr\u00e4glichkeit gepr\u00fcft.<\/p>\n","protected":false},"featured_media":7018,"comment_status":"open","ping_status":"closed","template":"","meta":{"content-type":"","site-sidebar-layout":"default","site-content-layout":"default","ast-site-content-layout":"default","site-content-style":"default","site-sidebar-style":"default","ast-global-header-display":"","ast-banner-title-visibility":"","ast-main-header-display":"","ast-hfb-above-header-display":"","ast-hfb-below-header-display":"","ast-hfb-mobile-header-display":"","site-post-title":"","ast-breadcrumbs-content":"","ast-featured-img":"","footer-sml-layout":"","ast-disable-related-posts":"","theme-transparent-header-meta":"default","adv-header-id-meta":"","stick-header-meta":"","header-above-stick-meta":"","header-main-stick-meta":"","header-below-stick-meta":"","astra-migrate-meta-layouts":"default","ast-page-background-enabled":"default","ast-page-background-meta":{"desktop":{"background-color":"","background-image":"","background-repeat":"repeat","background-position":"center center","background-size":"auto","background-attachment":"scroll","background-type":"","background-media":"","overlay-type":"","overlay-color":"","overlay-opacity":"","overlay-gradient":""},"tablet":{"background-color":"","background-image":"","background-repeat":"repeat","background-position":"center center","background-size":"auto","background-attachment":"scroll","background-type":"","background-media":"","overlay-type":"","overlay-color":"","overlay-opacity":"","overlay-gradient":""},"mobile":{"background-color":"","background-image":"","background-repeat":"repeat","background-position":"center center","background-size":"auto","background-attachment":"scroll","background-type":"","background-media":"","overlay-type":"","overlay-color":"","overlay-opacity":"","overlay-gradient":""}},"ast-content-background-meta":{"desktop":{"background-color":"var(--ast-global-color-5)","background-image":"","background-repeat":"repeat","background-position":"center center","background-size":"auto","background-attachment":"scroll","background-type":"","background-media":"","overlay-type":"","overlay-color":"","overlay-opacity":"","overlay-gradient":""},"tablet":{"background-color":"var(--ast-global-color-5)","background-image":"","background-repeat":"repeat","background-position":"center center","background-size":"auto","background-attachment":"scroll","background-type":"","background-media":"","overlay-type":"","overlay-color":"","overlay-opacity":"","overlay-gradient":""},"mobile":{"background-color":"var(--ast-global-color-5)","background-image":"","background-repeat":"repeat","background-position":"center center","background-size":"auto","background-attachment":"scroll","background-type":"","background-media":"","overlay-type":"","overlay-color":"","overlay-opacity":"","overlay-gradient":""}}},"product_brand":[],"product_cat":[313,137,327,31],"product_tag":[36],"class_list":{"0":"post-7636","1":"product","2":"type-product","3":"status-publish","4":"has-post-thumbnail","6":"product_cat-gesichtssonnencreme","7":"product_cat-frudia","8":"product_cat-new-arrivals","9":"product_cat-gesicht","10":"product_tag-sonnenschutz","11":"desktop-align-center","12":"tablet-align-center","13":"mobile-align-center","15":"first","16":"outofstock","17":"taxable","18":"shipping-taxable","19":"purchasable","20":"product-type-simple"},"_links":{"self":[{"href":"https:\/\/tomyklou.gr\/de\/wp-json\/wp\/v2\/product\/7636","targetHints":{"allow":["GET"]}}],"collection":[{"href":"https:\/\/tomyklou.gr\/de\/wp-json\/wp\/v2\/product"}],"about":[{"href":"https:\/\/tomyklou.gr\/de\/wp-json\/wp\/v2\/types\/product"}],"replies":[{"embeddable":true,"href":"https:\/\/tomyklou.gr\/de\/wp-json\/wp\/v2\/comments?post=7636"}],"wp:featuredmedia":[{"embeddable":true,"href":"https:\/\/tomyklou.gr\/de\/wp-json\/wp\/v2\/media\/7018"}],"wp:attachment":[{"href":"https:\/\/tomyklou.gr\/de\/wp-json\/wp\/v2\/media?parent=7636"}],"wp:term":[{"taxonomy":"product_brand","embeddable":true,"href":"https:\/\/tomyklou.gr\/de\/wp-json\/wp\/v2\/product_brand?post=7636"},{"taxonomy":"product_cat","embeddable":true,"href":"https:\/\/tomyklou.gr\/de\/wp-json\/wp\/v2\/product_cat?post=7636"},{"taxonomy":"product_tag","embeddable":true,"href":"https:\/\/tomyklou.gr\/de\/wp-json\/wp\/v2\/product_tag?post=7636"}],"curies":[{"name":"wp","href":"https:\/\/api.w.org\/{rel}","templated":true}]}}