{"id":7662,"date":"2023-07-05T23:02:22","date_gmt":"2023-07-05T21:02:22","guid":{"rendered":"https:\/\/tomyklou.gr\/product\/some-by-mi-super-matcha-pore-care-starter-kit\/"},"modified":"2026-02-22T18:40:38","modified_gmt":"2026-02-22T16:40:38","slug":"some-by-mi-super-matcha-pore-care-starter-kit","status":"publish","type":"product","link":"https:\/\/tomyklou.gr\/de\/product\/some-by-mi-super-matcha-pore-care-starter-kit\/","title":{"rendered":"Some By Mi Super Matcha Pore Care Starter Kit"},"content":{"rendered":"<h3>Anwendung<\/h3>\n<p><strong>Schritt 1:<\/strong> Eine kleine Menge Super Matcha Clean Cleansing Gel leicht in die Gesichtshaut einmassieren. Mit lauwarmem Wasser absp\u00fclen.<\/p>\n<p><strong>Schritt 2:\u00a0<\/strong> Super Matcha Pore Tightening Toner &#8211; Nach der gr\u00fcndlichen Gesichtsreinigung tragen Sie die entsprechende Menge auf das Gesicht auf oder wischen es mit einem Wattepad sanft \u00fcber das Gesicht.<\/p>\n<p><strong>Schritt 3:<\/strong> Tragen Sie nach der Reinigung eine dicke Schicht des Produkts auf das trockene Gesicht auf. Vermeiden Sie Bereiche um die Augen und Lippen. Lassen Sie es 10 bis 20 Minuten einwirken, bis die Packung vollst\u00e4ndig getrocknet ist, und waschen Sie sie mit lauwarmem Wasser ab.<\/p>\n<p><strong>Schritt 4:<\/strong>Verwenden Sie eine geeignete Menge des Super Matcha Tightening Serums und klopfen es ein, bis es vollst\u00e4ndig eingezogen ist.<\/p>\n<h3>Hauptinhaltsstoffe<\/h3>\n<p><strong>Super Matcha Clean Cleansing Gel:<\/strong> Camellia sinensis leaf water(62 %), glycerin, water, potassium cocoyl glycinate, lauryl glucoside, coco-glucoside, acrylates copolymer, sodium cocoyl isethionate, 1,2-hexanediol, salix alba (willow) bark water, salix alba (willow) bark extract, water (glacier water), water (carbonated water), centella asiatica extract, centella asiatica leaf extract, melia azadirachta leaf extract, melia azadirachta flower extract, calamine, camellia sinensis leaf powder(50 ppm), melaleuca alternifolia (tea tree) leaf powder, butylene glycol, sodium hyaluronate, allantoin, madecassic acid, asiaticoside, asiatic acid, madecassoside, cocos nucifera (coconut) oil, coco-caprylate\/caprate, caprylyl glycol, glyceryl undecylenate, polyglyceryl-10 myristate, potassium cetyl phosphate, lauric acid, mannan, lactobionic acid, citric acid, triethoxycaprylylsilane, methylpropanediol, benzyl glycol, ethylhexylglycerin, raspberry ketone, fragrance<\/p>\n<p><strong>Super Matcha Pore Tightening Toner:<\/strong> Camellia sinensis leaf extract (83 %), propanediol, salix alba (willow) bark extract, niacinamide, 1,2-hexanediol, lithium magnesium sodium silicate, calcium chloride, silica, sodium citrate, polyglyceryl-10 laurate, polyglyceryl-10 myristate, ethylhexylglycerin, adenosine, glycerin, citric acid, disodium edta, fragrance, centella asiatica extract, water, melaleuca alternifolia (tea tree) leaf water, houttuynia cordata extract, butylene glycol, madecassoside, asiaticoside, asiatic acid, madecassic acid, glyceryl caprylate, hexyl cinnamal<\/p>\n<p><strong>Super Matcha Pore Clean Clay Mask:<\/strong> Water, kaolin(120,000 ppm), glycerin, camellia sinensis leaf water (102,000 ppm), titanium dioxide (ci 77891), bentonite, magnesium aluminum silicate, chamaecyparis obtusa leaf extract, silica, manicouagan clay (1,000 ppm), camellia sinensis leaf (50 ppm), camellia sinensis leaf powder (4,000 ppm), houttuynia cordata powder, centella asiatica extract, camellia sinensis leaf extract (100 ppm), salix alba (willow) bark extract, rosa rugosa leaf extract, melissa officinalis leaf extract, water (glacier water), melaleuca alternifolia (tea tree) leaf water, water (carbonated water), allantoin, madecassic acid, asiaticoside, asiatic acid, capryloyl salicylic acid, butylene glycol, caprylyl glycol, xanthan gum, polyvinyl alcohol, 1,2-hexanediol, benzyl glycol, ethylhexylglycerin, raspberry ketone, fragrance<\/p>\n<p><strong><span style=\"font-size: 16px;font-style: normal\">Super Matcha Tightening Serum<\/span>:<\/strong> Camelia sinensis leaf extract (93%), niacinamide, 1,2-hexanediol, water, butylene glycol, polyglyceryl-10 laurate, polyglyceryl-10 myristate, glycerin, acrylates\/c10-30 alkyl acrylate crosspolymer, arginine, ethylhexyglycerin, adenosine, disodium edta, fragrance, melia azadirachta leaf extract, melia azadirachta flower extract, melissa officinalis extract, citrus aurantium dulcis (orange) flower extract, chaenomeles sinensis fruit extract, oenothera biennis (evening primrose) flower extract, pueraria lobata root extract, pinus palustris leaf extract, ulmus davidiana root extract, centella asiatica extract, melaleuca alternifolia (tea tree) leaf water, salix alba (willow) bark extract, madecassoside, houttuynia cordata extract, lactobionic acid, asiaticoside, asiatic acid, madecassic acid, sodium hyaluronate, glyceryl caprylate, hexyl cinnamal, limonene, linalool<\/p>\n<h3>Warnhinweise<\/h3>\n<ol>\n<li>Nur zur \u00e4u\u00dferlichen Anwendung geeignet.<\/li>\n<li>Nicht auf verletzte Haut oder auf Wunden auftragen.<\/li>\n<li>Sollten Nebenwirkungen wie Irritationen oder Ausschlag eintreten, Anwendung sofort beenden und unverz\u00fcglich an einen Arzt wenden.<\/li>\n<li>Kontakt mit den Augen vermeiden. Sollte das Produkt ins Auge gelangen, das Auge sofort gr\u00fcndlich mit klarem Wasser aussp\u00fclen.<\/li>\n<li>Au\u00dfer Reichweite von Kindern aufbewahren.<\/li>\n<li>Nicht schlucken. Bei Verschlucken Arzt oder Giftzentrale aufsuchen.<\/li>\n<\/ol>\n","protected":false},"excerpt":{"rendered":"<p>Dieses Set enth\u00e4lt 4 Artikel:<\/p>\n<ul>\n<li>Super Matcha Pore Clean Cleansing Gel 42ml<\/li>\n<li>Super Matcha Pore Clean Clay Mask 42g<\/li>\n<li>Super Matcha Pore Tightening Toner 30ml<\/li>\n<li>Super Matcha Pore Tightening Serum 10ml<\/li>\n<\/ul>\n<p><strong>Super Matcha Pore Clean Cleansing Gel:<\/strong> Gel mit niedrigem pH-Wert ohne Sulfat reinigt, strafft und befeuchtet die Poren mit 62 % Matcha Water, einem hochwertigen Macha aus Bosung, S\u00fcdkorea. Entfernt Hautunreinheiten in einem sanften Peeling und bildet mikromicell\u00e4re Bl\u00e4schen, reinigt gr\u00fcndlich angesammelte Unreinheiten, die sich in den Poren abgelagert haben.<\/p>\n<p><strong>Super Matcha Pore Clean Clay Mask:<\/strong> Absorbiert kraftvoll Talg und Unreinheiten. Enthalten mit Centella Asiatica-Extrakt, Teebaumblattwasser, Houttuynia Cordata-Pulver, Chamaecyparis Obtusa-Blattextrakt, die gut f\u00fcr die Beruhigung der Haut sind. Gletscherwasser und Sprudelwasser f\u00fcllen die Poren mit voller Feuchtigkeit.<\/p>\n<p><strong>Super Matcha Pore Tightening Toner:<\/strong> Matcha-Wasser, nat\u00fcrlich gewonnenes BHA, Sebum Controller Powder&#x2122; hilft, verschiedene Porenprobleme wie Talg, abgestorbene Hautzellen, Mitesser und Porenelastizit\u00e4t zu beseitigen. Sebum Controller Powder &#x2122; ist ein starker Talgabsorber, der Talg und Unreinheiten entfernt, um die Poren in einem frischen Zustand zu halten. Reinigen und befeuchten Sie die Haut durch Gletscherwasser und Sprudelwasser. Milde Porenpflege durch vier beruhigende Inhaltsstoffe.<\/p>\n<p><strong>Super Matcha Pore Tightening Serum:<\/strong> Match Water (930.000 ppm) und nat\u00fcrlich gewonnenes BHA und PHA reinigen Talg und Unreinheiten und unterst\u00fctzen die Porenelastizit\u00e4t. Bevor die Poren mit \u00fcbersch\u00fcssigem \u00d6l gef\u00fcllt werden, f\u00fcllen nat\u00fcrliche Hyalurons\u00e4ure und Glycerin die Poren mit Feuchtigkeit. Gletscherwasser, das schnell in die Haut einzieht, und kohlens\u00e4urehaltiges Wasser, das hilft, Abfallprodukte zu entfernen, hilft beim Talg-Management und bei der Pflege der Porenelastizit\u00e4t.<\/p>\n","protected":false},"featured_media":7658,"comment_status":"open","ping_status":"closed","template":"","meta":{"content-type":"","site-sidebar-layout":"default","site-content-layout":"default","ast-site-content-layout":"default","site-content-style":"default","site-sidebar-style":"default","ast-global-header-display":"","ast-banner-title-visibility":"","ast-main-header-display":"","ast-hfb-above-header-display":"","ast-hfb-below-header-display":"","ast-hfb-mobile-header-display":"","site-post-title":"","ast-breadcrumbs-content":"","ast-featured-img":"","footer-sml-layout":"","ast-disable-related-posts":"","theme-transparent-header-meta":"default","adv-header-id-meta":"","stick-header-meta":"","header-above-stick-meta":"","header-main-stick-meta":"","header-below-stick-meta":"","astra-migrate-meta-layouts":"set","ast-page-background-enabled":"default","ast-page-background-meta":{"desktop":{"background-color":"","background-image":"","background-repeat":"repeat","background-position":"center center","background-size":"auto","background-attachment":"scroll","background-type":"","background-media":"","overlay-type":"","overlay-color":"","overlay-opacity":"","overlay-gradient":""},"tablet":{"background-color":"","background-image":"","background-repeat":"repeat","background-position":"center center","background-size":"auto","background-attachment":"scroll","background-type":"","background-media":"","overlay-type":"","overlay-color":"","overlay-opacity":"","overlay-gradient":""},"mobile":{"background-color":"","background-image":"","background-repeat":"repeat","background-position":"center center","background-size":"auto","background-attachment":"scroll","background-type":"","background-media":"","overlay-type":"","overlay-color":"","overlay-opacity":"","overlay-gradient":""}},"ast-content-background-meta":{"desktop":{"background-color":"var(--ast-global-color-5)","background-image":"","background-repeat":"repeat","background-position":"center center","background-size":"auto","background-attachment":"scroll","background-type":"","background-media":"","overlay-type":"","overlay-color":"","overlay-opacity":"","overlay-gradient":""},"tablet":{"background-color":"var(--ast-global-color-5)","background-image":"","background-repeat":"repeat","background-position":"center center","background-size":"auto","background-attachment":"scroll","background-type":"","background-media":"","overlay-type":"","overlay-color":"","overlay-opacity":"","overlay-gradient":""},"mobile":{"background-color":"var(--ast-global-color-5)","background-image":"","background-repeat":"repeat","background-position":"center center","background-size":"auto","background-attachment":"scroll","background-type":"","background-media":"","overlay-type":"","overlay-color":"","overlay-opacity":"","overlay-gradient":""}}},"product_brand":[],"product_cat":[312,315,316,317,319,171,31,119],"product_tag":[64,34],"class_list":{"0":"post-7662","1":"product","2":"type-product","3":"status-publish","4":"has-post-thumbnail","6":"product_cat-gesichtsreiniger","7":"product_cat-gesichtswasser","8":"product_cat-gesichtsmaske","9":"product_cat-essence-serum-oel","10":"product_cat-gesichtsserum","11":"product_cat-some-by-mi","12":"product_cat-gesicht","13":"product_cat-beauty-boxen","14":"product_tag-reinigung","15":"product_tag-sheet","16":"desktop-align-center","17":"tablet-align-center","18":"mobile-align-center","20":"first","21":"outofstock","22":"taxable","23":"shipping-taxable","24":"purchasable","25":"product-type-simple"},"_links":{"self":[{"href":"https:\/\/tomyklou.gr\/de\/wp-json\/wp\/v2\/product\/7662","targetHints":{"allow":["GET"]}}],"collection":[{"href":"https:\/\/tomyklou.gr\/de\/wp-json\/wp\/v2\/product"}],"about":[{"href":"https:\/\/tomyklou.gr\/de\/wp-json\/wp\/v2\/types\/product"}],"replies":[{"embeddable":true,"href":"https:\/\/tomyklou.gr\/de\/wp-json\/wp\/v2\/comments?post=7662"}],"wp:featuredmedia":[{"embeddable":true,"href":"https:\/\/tomyklou.gr\/de\/wp-json\/wp\/v2\/media\/7658"}],"wp:attachment":[{"href":"https:\/\/tomyklou.gr\/de\/wp-json\/wp\/v2\/media?parent=7662"}],"wp:term":[{"taxonomy":"product_brand","embeddable":true,"href":"https:\/\/tomyklou.gr\/de\/wp-json\/wp\/v2\/product_brand?post=7662"},{"taxonomy":"product_cat","embeddable":true,"href":"https:\/\/tomyklou.gr\/de\/wp-json\/wp\/v2\/product_cat?post=7662"},{"taxonomy":"product_tag","embeddable":true,"href":"https:\/\/tomyklou.gr\/de\/wp-json\/wp\/v2\/product_tag?post=7662"}],"curies":[{"name":"wp","href":"https:\/\/api.w.org\/{rel}","templated":true}]}}