{"id":7666,"date":"2023-07-05T23:02:24","date_gmt":"2023-07-05T21:02:24","guid":{"rendered":"https:\/\/tomyklou.gr\/product\/some-by-mi-propolis-trail-kit\/"},"modified":"2026-02-22T18:40:37","modified_gmt":"2026-02-22T16:40:37","slug":"some-by-mi-propolis-b5-glow-barrier-calming-starter-kit","status":"publish","type":"product","link":"https:\/\/tomyklou.gr\/de\/product\/some-by-mi-propolis-trail-kit\/","title":{"rendered":"Some By Mi Propolis Trail Kit"},"content":{"rendered":"<h3>Anwendung<\/h3>\n<p><strong>Schritt 1:<\/strong> Eine kleine Menge Propolis Glow Barrier Calming Oil To Foam leicht in die Gesichtshaut einmassieren. Mit lauwarmem Wasser absp\u00fclen.<\/p>\n<p><strong>Schritt 2:\u00a0<\/strong> Propolis B5 Glow Barrier Calming Toner &#8211; Nach der gr\u00fcndlichen Gesichtsreinigung tragen Sie die entsprechende Menge auf das Gesicht auf oder wischen es mit einem Wattepad sanft \u00fcber das Gesicht.<\/p>\n<p><strong>Schritt 3:<\/strong> Nach der Reinigung und Tonisierung verwenden Sie eine geeignete Menge des Propolis B5 Glow Barrier Calming Serums und klopfen es ein, bis es vollst\u00e4ndig eingezogen ist.<\/p>\n<p><strong>Schritt 4:<\/strong> Tragen Sie eine kleine Menge der Propolis B5 Glow Barrier Calming Cream auf Gesicht und Hals auf. Klopfen Sie das Produkt leicht ein, bis es von der Haut vollst\u00e4ndig aufgenommen wurde.<\/p>\n<h3>Hauptinhaltsstoffe<\/h3>\n<p><strong>Propolis Glow Barrier Calming Oil To Foam: <\/strong>Water, Propolis Extract(11.4 %), Coco-Betaine, Glycerin, Honey Extract, Potassium Cocoate, Canola Oil, Potassium Cocoyl Glycinate, Acrylates Copolymer, Propanediol, Polyglyceryl-4 Caprate, Sodium Chloride, 1,2-Hexanediol, Panthenol(1,000 ppm), Honey, Royal Jelly Extract, Ceramide NP, Vitis Vinifera (Grape) Seed Oil, Melaleuca Alternifolia (Tea Tree) Leaf Extract, Artemisia Capillaris Extract, Centella Asiatica Extract, Centella Asiatica Oil, Asiatic Acid, Asiaticoside, Madecassic Acid, Madecassoside, Ribes Nigrum (Black Currant) Seed Oil, Saponaria Officinalis Leaf Extract, Quillaja Saponaria Bark Extract, Sapindus Mukorossi Fruit Extract, Olea Europaea (Olive) Leaf Extract, Oenothera Biennis (Evening Primrose) Oil, Simmondsia Chinensis (Jojoba) Seed Oil, Lactobacillus\/Soybean Ferment Extract, Portulaca Oleracea Extract, Cinnamomum Cassia Bark Extract, Scutellaria Baicalensis Root Extract, Origanum Vulgare Leaf Extract, Chamaecyparis Obtusa Leaf Extract, Salix Alba (Willow) Bark Extract, Glycolipids, Phytosphingosine, Sodium Cocoyl Glycinate, Sodium Cocoyl Apple Amino Acids, Potassium Cocoyl Hydrolyzed Oat Protein, Babassuamidopropyl Betaine, Coco-glucoside, Potassium Stearate, Potassium Myristate, Tromethamine, Sodium Surfactin, Glyceryl Laurate, Hydrogenated Lecithin, Erythritol, Caprylic\/Capric Triglyceride, Butylene Glycol, Dipropylene Glycol, C12-15 Alkyl Benzoate, Caprylyl Glycol, Hexylene Glycol, Ethylhexylglycerin, Glyceryl Caprylate, Sodium Benzoate, Pentylene Glycol, CI 17200, CI 19140, Tetrasodium Glutamate Diacetate, Disodium EDTA, Fragrance<\/p>\n<p><strong>Propolis B5 Glow Barrier Calming Toner:<\/strong> Propolis Extract(65%), Honey Extract, Dipropylene Glycol, Butylene Glycol, Hydroxyethyl Urea, Propanediol, Niacinamide, 1,2-Hexanediol, Centella Asiatica Extract, Melaleuca Alternifolia (Tea Tree) Leaf Water, Honey, Panthenol(5,000 ppm), Royal Jelly Extract, Artemisia Princeps Leaf Extract, Centella Asiatica Leaf Extract, Pollen Extract, Malt Extract, Glycerin, Sodium Hyaluronate, Allantoin, Adenosine, Madecassoside, Madecassic Acid, Asiaticoside, Asiatic Acid, Ceramide NP, Citric Acid, Sodium Citrate, C12-13 Pareth-9, Sodium Polyacrylate, Water, Benzyl Glycol, Ethylhexylglycerin, Raspberry Ketone, Disodium EDTA, Fragrance, Benzyl Alcohol, Coumarin<\/p>\n<p><strong>Propolis B5 Glow Barrier Calming Serum:<\/strong> Propolis Extract(73 %), Honey Extract, Glycerin, Niacinamide, 1,2-Hexanediol, Centella Asiatica Extract, Panthenol(10,000 ppm), Melaleuca Alternifolia (Tea Tree) Leaf Water, Lactobacillus\/Soybean Ferment Extract, Lactobacillus\/Punica Granatum Fruit Ferment Extract, Saccharomyces\/Barley Seed Ferment Filtrate, Lactobacillus\/Pear Juice Ferment Filtrate, Royal Jelly Extract, Artemisia Princeps Leaf Extract, Centella Asiatica Leaf Extract, Coptis Japonica Extract, Malt Extract, CI 77480, Sodium Hyaluronate, Hydrolyzed Hyaluronic Acid, Sodium Acetylated Hyaluronate, Hydrolyzed Glycosaminoglycans, Allantoin, Adenosine, Madecassoside, Madecassic Acid, Asiaticoside, Asiatic Acid, Arginine, Ceramide NP, Citric Acid, Sodium Citrate, C12-13 Pareth-9, Hydrolyzed Sclerotium Gum, Carbomer, Water, Benzyl Glycol, Ethylhexylglycerin, Raspberry Ketone, Disodium EDTA, Fragrance<\/p>\n<p><strong>Propolis B5 Glow Barrier Calming Cream:<\/strong> Propolis Extract(70 %), Honey Extract, Butylene Glycol, Glycerin, Niacinamide, 1,2-Hexanediol, Centella Asiatica Extract, Panthenol(1 %), Melaleuca Alternifolia (Tea Tree) Leaf Water, Lactobacillus Ferment Lysate, Royal Jelly Extract, Beeswax, Centella Asiatica Leaf Extract, Artemisia Princeps Leaf Extract, Madecassoside, Madecassic Acid, Asiaticoside, Asiatic Acid, Ceramide NP, Sodium Hyaluronate, Hydrolyzed Hyaluronic Acid, Sodium Acetylated Hyaluronate, Hydrolyzed Glycosaminoglycans, Simmondsia Chinensis (Jojoba) Seed Oil, Malt Extract, Trehalose, Arginine, Tocopherol, Adenosine, Diphenylsiloxy Phenyl Trimethicone, Caprylyl Methicone, Sorbitan Oleate, Inulin Lauryl Carbamate, Beheny<\/p>\n<h3>Warnhinweise<\/h3>\n<ol>\n<li>Nur zur \u00e4u\u00dferlichen Anwendung geeignet.<\/li>\n<li>Nicht auf verletzte Haut oder auf Wunden auftragen.<\/li>\n<li>Sollten Nebenwirkungen wie Irritationen oder Ausschlag eintreten, Anwendung sofort beenden und unverz\u00fcglich an einen Arzt wenden.<\/li>\n<li>Kontakt mit den Augen vermeiden. Sollte das Produkt ins Auge gelangen, das Auge sofort gr\u00fcndlich mit klarem Wasser aussp\u00fclen.<\/li>\n<li>Au\u00dfer Reichweite von Kindern aufbewahren.<\/li>\n<li>Nicht schlucken. Bei Verschlucken Arzt oder Giftzentrale aufsuchen.<\/li>\n<\/ol>\n","protected":false},"excerpt":{"rendered":"<p>Dieses Set enth\u00e4lt 4 Artikel:<\/p>\n<ul>\n<li><strong>Propolis Glow Barrier Calming Oil To Foam 30ml<\/strong><\/li>\n<li><strong>Propolis B5 Glow Barrier Calming Toner 30ml<\/strong><\/li>\n<li><strong>Propolis B5 Glow Barrier Calming Serum 10ml<\/strong><\/li>\n<li><strong>Propolis B5 Glow Barrier Calming Cream 20g<\/strong><\/li>\n<\/ul>\n<p><strong>Propolis Glow Barrier Calming Oil To Foam:<\/strong><br \/>\n&#8211; \u00d6l &amp; Schaum Zwei Reinigungsschritte auf einmal<br \/>\n&#8211; Die beruhigende Honig-Pflege mit Honig\u00f6l, die hochn\u00e4hrstoffreichen Honig enth\u00e4lt<br \/>\n&#8211; Beruhigend, N\u00e4hrwert: Propolis, Manukahonig, Gel\u00e9e Royale<br \/>\n&#8211; Feuchtigkeitseffekt: Raps\u00f6l, Jojobasamen\u00f6l, Nachtkerzenbl\u00fcten\u00f6l<\/p>\n<p><strong>Propolis B5 Glow Barrier Calming Toner:<\/strong><br \/>\n&#8211; Barriere: St\u00e4rkende Pflege zur St\u00e4rkung des Immunsystems<br \/>\n&#8211; Beruhigung: Beruhigung gesch\u00e4digter Haut, Erholung<br \/>\n&#8211; Glow: Glatte und viskose, honigartige Hauttextur<\/p>\n<p><strong>Propolis B5 Glow Barrier Calming Serum:<\/strong><br \/>\n&#8211; Barriere: Starke Hautbarriere, die Akneausbr\u00fcche verhindert<br \/>\n&#8211; Beruhigend: Feuchtigkeitsberuhigende Pflege, die die Fettigkeit kontrolliert<br \/>\n&#8211; Glow: Glatte und z\u00e4hfl\u00fcssige, honigartige, strahlende Hautstruktur<\/p>\n<p><strong>Propolis B5 Glow Barrier Calming Cream:<\/strong><br \/>\n&#8211; Bee Strong Propolis Power: Entz\u00fcndungshemmend, beruhigend bei Hautunreinheiten, St\u00e4rkung der Immunit\u00e4t<br \/>\n&#8211; \u00dcberflie\u00dfend, 80 % hochangereicherter echter Honig im Glas<br \/>\n&#8211; Befeuchtet die Haut<br \/>\n&#8211; Beruhigung von Hautakne und problematischer Haut<\/p>\n","protected":false},"featured_media":7663,"comment_status":"open","ping_status":"closed","template":"","meta":{"content-type":"","site-sidebar-layout":"default","site-content-layout":"default","ast-site-content-layout":"default","site-content-style":"default","site-sidebar-style":"default","ast-global-header-display":"","ast-banner-title-visibility":"","ast-main-header-display":"","ast-hfb-above-header-display":"","ast-hfb-below-header-display":"","ast-hfb-mobile-header-display":"","site-post-title":"","ast-breadcrumbs-content":"","ast-featured-img":"","footer-sml-layout":"","ast-disable-related-posts":"","theme-transparent-header-meta":"default","adv-header-id-meta":"","stick-header-meta":"","header-above-stick-meta":"","header-main-stick-meta":"","header-below-stick-meta":"","astra-migrate-meta-layouts":"set","ast-page-background-enabled":"default","ast-page-background-meta":{"desktop":{"background-color":"","background-image":"","background-repeat":"repeat","background-position":"center center","background-size":"auto","background-attachment":"scroll","background-type":"","background-media":"","overlay-type":"","overlay-color":"","overlay-opacity":"","overlay-gradient":""},"tablet":{"background-color":"","background-image":"","background-repeat":"repeat","background-position":"center center","background-size":"auto","background-attachment":"scroll","background-type":"","background-media":"","overlay-type":"","overlay-color":"","overlay-opacity":"","overlay-gradient":""},"mobile":{"background-color":"","background-image":"","background-repeat":"repeat","background-position":"center center","background-size":"auto","background-attachment":"scroll","background-type":"","background-media":"","overlay-type":"","overlay-color":"","overlay-opacity":"","overlay-gradient":""}},"ast-content-background-meta":{"desktop":{"background-color":"var(--ast-global-color-5)","background-image":"","background-repeat":"repeat","background-position":"center center","background-size":"auto","background-attachment":"scroll","background-type":"","background-media":"","overlay-type":"","overlay-color":"","overlay-opacity":"","overlay-gradient":""},"tablet":{"background-color":"var(--ast-global-color-5)","background-image":"","background-repeat":"repeat","background-position":"center center","background-size":"auto","background-attachment":"scroll","background-type":"","background-media":"","overlay-type":"","overlay-color":"","overlay-opacity":"","overlay-gradient":""},"mobile":{"background-color":"var(--ast-global-color-5)","background-image":"","background-repeat":"repeat","background-position":"center center","background-size":"auto","background-attachment":"scroll","background-type":"","background-media":"","overlay-type":"","overlay-color":"","overlay-opacity":"","overlay-gradient":""}}},"product_brand":[],"product_cat":[312,315,317,319,322,171,31,119],"product_tag":[35,64],"class_list":{"0":"post-7666","1":"product","2":"type-product","3":"status-publish","4":"has-post-thumbnail","6":"product_cat-gesichtsreiniger","7":"product_cat-gesichtswasser","8":"product_cat-essence-serum-oel","9":"product_cat-gesichtsserum","10":"product_cat-gesichtscreme","11":"product_cat-some-by-mi","12":"product_cat-gesicht","13":"product_cat-beauty-boxen","14":"product_tag-moisturizer","15":"product_tag-reinigung","16":"desktop-align-center","17":"tablet-align-center","18":"mobile-align-center","20":"first","21":"outofstock","22":"taxable","23":"shipping-taxable","24":"purchasable","25":"product-type-simple"},"_links":{"self":[{"href":"https:\/\/tomyklou.gr\/de\/wp-json\/wp\/v2\/product\/7666","targetHints":{"allow":["GET"]}}],"collection":[{"href":"https:\/\/tomyklou.gr\/de\/wp-json\/wp\/v2\/product"}],"about":[{"href":"https:\/\/tomyklou.gr\/de\/wp-json\/wp\/v2\/types\/product"}],"replies":[{"embeddable":true,"href":"https:\/\/tomyklou.gr\/de\/wp-json\/wp\/v2\/comments?post=7666"}],"wp:featuredmedia":[{"embeddable":true,"href":"https:\/\/tomyklou.gr\/de\/wp-json\/wp\/v2\/media\/7663"}],"wp:attachment":[{"href":"https:\/\/tomyklou.gr\/de\/wp-json\/wp\/v2\/media?parent=7666"}],"wp:term":[{"taxonomy":"product_brand","embeddable":true,"href":"https:\/\/tomyklou.gr\/de\/wp-json\/wp\/v2\/product_brand?post=7666"},{"taxonomy":"product_cat","embeddable":true,"href":"https:\/\/tomyklou.gr\/de\/wp-json\/wp\/v2\/product_cat?post=7666"},{"taxonomy":"product_tag","embeddable":true,"href":"https:\/\/tomyklou.gr\/de\/wp-json\/wp\/v2\/product_tag?post=7666"}],"curies":[{"name":"wp","href":"https:\/\/api.w.org\/{rel}","templated":true}]}}