{"id":7702,"date":"2023-07-05T23:02:37","date_gmt":"2023-07-05T21:02:37","guid":{"rendered":"https:\/\/tomyklou.gr\/product\/muldream-vegan-green-mild-all-in-one-mask-1ea\/"},"modified":"2026-02-22T18:40:34","modified_gmt":"2026-02-22T16:40:34","slug":"muldream-vegan-green-mild-all-in-one-mask-1ea","status":"publish","type":"product","link":"https:\/\/tomyklou.gr\/de\/product\/muldream-vegan-green-mild-all-in-one-mask-1ea\/","title":{"rendered":"Muldream Vegan Green Mild All in One Mask (1ea)"},"content":{"rendered":"<h3>Anwendung<\/h3>\n<ol>\n<li>Bewahren Sie Ihre Tuchmasken vor der Verwendung 10 Minuten lang im K\u00fchlschrank kalt auf.<\/li>\n<li>F\u00fcr 15 bis 20 Minuten einwirken lassen, dann vorsichtig entfernen. Nicht abwaschen!<\/li>\n<li>Das zur\u00fcckgebliebene Serum in die Haut tupfen bis es v\u00f6llig eingezogen ist.<\/li>\n<li>Restliche Essenz auf dem ganzen K\u00f6rper verteilen und einmassieren.<\/li>\n<\/ol>\n<p>Tipp: Verwenden Sie vor dem Auftragen der Maskenpackung unsere AHA PHA Ampulle oder VITA Ampulle<\/p>\n<h3>Inhaltsstoffe<\/h3>\n<p>&#8211;<\/p>\n<h3>Warnhinweise<\/h3>\n<ol>\n<li>Nur zur \u00e4u\u00dferlichen Anwendung geeignet.<\/li>\n<li>Nicht auf verletzte Haut oder auf Wunden auftragen.<\/li>\n<li>Sollten Nebenwirkungen wie Irritationen oder Ausschlag eintreten, Anwendung sofort beenden und unverz\u00fcglich an einen Arzt wenden.<\/li>\n<li>Kontakt mit den Augen vermeiden. Sollte das Produkt ins Auge gelangen, das Auge sofort gr\u00fcndlich mit klarem Wasser aussp\u00fclen.<\/li>\n<li>Au\u00dfer Reichweite von Kindern aufbewahren.<\/li>\n<li>Nicht schlucken. Bei Verschlucken Arzt oder Giftzentrale aufsuchen.<\/li>\n<\/ol>\n","protected":false},"excerpt":{"rendered":"<p>Perfekt f\u00fcr Menschen mit den folgenden Sorgen:<\/p>\n<ul>\n<li>trockene und empfindliche Haut<\/li>\n<li>feine Linien oder rissige Haut<\/li>\n<li>ein unangenehmer Zustand, der durch Schuppung, Juckreiz und Rissbildung gekennzeichnet ist<\/li>\n<li>err\u00f6tende Haut<\/li>\n<\/ul>\n<p><strong>Hauptmerkmale<\/strong><\/p>\n<ul>\n<li>SOS ALL-IN-ONE Pflege mit 4 Effekten: Reparatur der Hautbarriere (CeramideNP\/Panthenol) + Beruhigung\/Beruhigung gereizter Haut (Portulaca Oleracea Extract\/) + Hydratation (Beta-Glucan, Natriumhyaluronat, Betula Alba Extract, Betain) + Anti-Aging (Adenosin, Madecassoside, Asiaticoside)<\/li>\n<li>DEEP HYDRATING Mask for dry skin: Eine revitalisierende und beruhigende L\u00f6sungsmaske f\u00fcr ersch\u00f6pfte Haut &amp; zum Strahlen Ihrer Haut in nur wenigen Minuten mit All-in-One-Maskeninhaltsstoffen.<\/li>\n<li>ST\u00c4RKUNG der Haut &#8211; Verbesserung der Hautbarriere von innen und au\u00dfen mit Hilfe von Schl\u00fcsselinhaltsstoffen; Panthenol\/Ceramide NP<\/li>\n<li>Nat\u00fcrliches Premium-Nude-Blatt, das die Essenz-N\u00e4hrstoffe am besten an die Haut liefert, eine schnelle Absorption der Essenz erm\u00f6glicht und gleichzeitig Hautirritationen minimiert.<\/li>\n<li>Hochkondensierte geleeartige Essenz &#8211; K\u00fchles Erfrischungsgef\u00fchl und tiefe Feuchtigkeit<\/li>\n<li><strong>CRUELTY FREE, VEGAN, CLEAN COSMETICS<\/strong> &#8211; Parabenfrei, \u00f6lfrei, silikonfrei, ohne Farbstoffe, ohne Alkohol, ohne PEG, pflanzliche vegane Formulierung<\/li>\n<\/ul>\n","protected":false},"featured_media":7545,"comment_status":"open","ping_status":"closed","template":"","meta":{"content-type":"","site-sidebar-layout":"default","site-content-layout":"default","ast-site-content-layout":"default","site-content-style":"default","site-sidebar-style":"default","ast-global-header-display":"","ast-banner-title-visibility":"","ast-main-header-display":"","ast-hfb-above-header-display":"","ast-hfb-below-header-display":"","ast-hfb-mobile-header-display":"","site-post-title":"","ast-breadcrumbs-content":"","ast-featured-img":"","footer-sml-layout":"","ast-disable-related-posts":"","theme-transparent-header-meta":"default","adv-header-id-meta":"","stick-header-meta":"","header-above-stick-meta":"","header-main-stick-meta":"","header-below-stick-meta":"","astra-migrate-meta-layouts":"default","ast-page-background-enabled":"default","ast-page-background-meta":{"desktop":{"background-color":"","background-image":"","background-repeat":"repeat","background-position":"center center","background-size":"auto","background-attachment":"scroll","background-type":"","background-media":"","overlay-type":"","overlay-color":"","overlay-opacity":"","overlay-gradient":""},"tablet":{"background-color":"","background-image":"","background-repeat":"repeat","background-position":"center center","background-size":"auto","background-attachment":"scroll","background-type":"","background-media":"","overlay-type":"","overlay-color":"","overlay-opacity":"","overlay-gradient":""},"mobile":{"background-color":"","background-image":"","background-repeat":"repeat","background-position":"center center","background-size":"auto","background-attachment":"scroll","background-type":"","background-media":"","overlay-type":"","overlay-color":"","overlay-opacity":"","overlay-gradient":""}},"ast-content-background-meta":{"desktop":{"background-color":"var(--ast-global-color-5)","background-image":"","background-repeat":"repeat","background-position":"center center","background-size":"auto","background-attachment":"scroll","background-type":"","background-media":"","overlay-type":"","overlay-color":"","overlay-opacity":"","overlay-gradient":""},"tablet":{"background-color":"var(--ast-global-color-5)","background-image":"","background-repeat":"repeat","background-position":"center center","background-size":"auto","background-attachment":"scroll","background-type":"","background-media":"","overlay-type":"","overlay-color":"","overlay-opacity":"","overlay-gradient":""},"mobile":{"background-color":"var(--ast-global-color-5)","background-image":"","background-repeat":"repeat","background-position":"center center","background-size":"auto","background-attachment":"scroll","background-type":"","background-media":"","overlay-type":"","overlay-color":"","overlay-opacity":"","overlay-gradient":""}}},"product_brand":[],"product_cat":[316,30,326,31],"product_tag":[34],"class_list":{"0":"post-7702","1":"product","2":"type-product","3":"status-publish","4":"has-post-thumbnail","6":"product_cat-gesichtsmaske","7":"product_cat-muldream","8":"product_cat-sales","9":"product_cat-gesicht","10":"product_tag-sheet","11":"desktop-align-center","12":"tablet-align-center","13":"mobile-align-center","15":"first","16":"outofstock","17":"sale","18":"taxable","19":"shipping-taxable","20":"purchasable","21":"product-type-simple"},"_links":{"self":[{"href":"https:\/\/tomyklou.gr\/de\/wp-json\/wp\/v2\/product\/7702","targetHints":{"allow":["GET"]}}],"collection":[{"href":"https:\/\/tomyklou.gr\/de\/wp-json\/wp\/v2\/product"}],"about":[{"href":"https:\/\/tomyklou.gr\/de\/wp-json\/wp\/v2\/types\/product"}],"replies":[{"embeddable":true,"href":"https:\/\/tomyklou.gr\/de\/wp-json\/wp\/v2\/comments?post=7702"}],"wp:featuredmedia":[{"embeddable":true,"href":"https:\/\/tomyklou.gr\/de\/wp-json\/wp\/v2\/media\/7545"}],"wp:attachment":[{"href":"https:\/\/tomyklou.gr\/de\/wp-json\/wp\/v2\/media?parent=7702"}],"wp:term":[{"taxonomy":"product_brand","embeddable":true,"href":"https:\/\/tomyklou.gr\/de\/wp-json\/wp\/v2\/product_brand?post=7702"},{"taxonomy":"product_cat","embeddable":true,"href":"https:\/\/tomyklou.gr\/de\/wp-json\/wp\/v2\/product_cat?post=7702"},{"taxonomy":"product_tag","embeddable":true,"href":"https:\/\/tomyklou.gr\/de\/wp-json\/wp\/v2\/product_tag?post=7702"}],"curies":[{"name":"wp","href":"https:\/\/api.w.org\/{rel}","templated":true}]}}