{"id":7723,"date":"2023-07-05T23:02:43","date_gmt":"2023-07-05T21:02:43","guid":{"rendered":"https:\/\/tomyklou.gr\/product\/some-by-mi-aha-bha-pha-30-days-miracle-toner-100ml\/"},"modified":"2026-02-22T18:40:32","modified_gmt":"2026-02-22T16:40:32","slug":"some-by-mi-aha-bha-pha-30-days-miracle-toner-100ml","status":"publish","type":"product","link":"https:\/\/tomyklou.gr\/de\/product\/some-by-mi-aha-bha-pha-30-days-miracle-toner-100ml\/","title":{"rendered":"Some By Mi AHA BHA PHA 30 Days Miracle Toner 100ml"},"content":{"rendered":"<h3>Anwendung<\/h3>\n<ol>\n<li>Abends mit einem Wattepad eine geeignete Menge auf die gereinigte Haut auftragen.<\/li>\n<li>Den Toner einziehen lassen, bevor die Hautpflegeroutine fortgesetzt wird.<\/li>\n<li>F\u00fcr ein perfektes Resultat mit dem <strong>Some By Mi&nbsp;<\/strong>AHA BHA PHA 30 Days Miracle <a href=\"https:\/\/tomyklou.gr\/product\/some-by-mi-aha-bha-pha-30-days-miracle-foam\/\">Foam<\/a>,<a href=\"https:\/\/tomyklou.gr\/product\/some-by-mi-aha-bha-pha-serum\/\"> Serum<\/a> und <a href=\"https:\/\/tomyklou.gr\/product\/some-by-mi-aha-bha-pha-cream\/\">Cream<\/a>.<\/li>\n<\/ol>\n<h3>Inhaltsstoffe<\/h3>\n<p>Water, Butylene Glycol, Dipropylene Glycol, Glycerin, Niacinamide, Melaleuca Alternifolia (Tea Tree) Leaf Extract (10000ppm), Polyglyceryl-4 Caprate, Carica Papaya (Papaya) Fruit Extract, Lens Esculenta (Lentil) Seed Extract, Hamamelis Virginiana (Witch Hazel) Extract, Nelumbo Nucifera (Sacred Lotus) Flower Extract, Swiftlet Nest Extract, Sodium Hyaluronate, Fructan, Allantoin, Adenosine, Hydroxyethyl Urea, Xylitol, Salicylic Acid (100ppm), Lactobionic Acid (100ppm), Citric Acid (500ppm), Sodium Citrate, 1,2-Hexanediol, Benzyl Glycol, Ethylhexylglycerin, Raspberry Ketone, Mentha Piperita (Peppermint) Oil<\/p>\n<h3>Warnhinweise<\/h3>\n<ol>\n<li>Nur zur \u00e4u\u00dferlichen Anwendung geeignet.<\/li>\n<li>Nicht auf verletzte Haut oder auf Wunden auftragen.<\/li>\n<li>Sollten Nebenwirkungen wie Irritationen oder Ausschlag eintreten, Anwendung sofort beenden und unverz\u00fcglich an einen Arzt wenden.<\/li>\n<li>Kontakt mit den Augen vermeiden. Sollte das Produkt ins Auge gelangen, das Auge sofort gr\u00fcndlich mit klarem Wasser aussp\u00fclen.<\/li>\n<li>Au\u00dfer Reichweite von Kindern aufbewahren.<\/li>\n<li>Nicht schlucken. Bei Verschlucken Arzt oder Giftzentrale aufsuchen.<\/li>\n<\/ol>\n","protected":false},"excerpt":{"rendered":"<p><strong>Some By Mi<\/strong>\u00a0AHA BHA PHA 30 Days Miracle Toner ist ein peelender Toner, der Feuchtigkeit spendet und den pH-Wert der Haut ausbalanciert. Der Toner wirkt der Entstehung von Pickeln und erweiterten Poren entgegen. Formuliert mit 10.000 ppm echten Teeextrakten und 3 verschiedenen S\u00e4uren (AHA, BHA und PHA). Jede S\u00e4ure bringt andere Vorteile mit sich: AHA entfernt abgestorbene Hautzellen und Verunreinigungen von der Hautoberfl\u00e4che, w\u00e4hrend BHA Verunreinigungen und Talg aus den Poren entfernt. PHA verhindert den Feuchtigkeitsverlust.<\/p>\n<p>Geeignet f\u00fcr jeden Hauttyp, selbst f\u00fcr sehr sensible Haut.<\/p>\n<p>F\u00fcr ein perfektes Resultat mit dem <strong>Some By Mi\u00a0<\/strong>AHA BHA PHA 30 Days Miracle <a href=\"https:\/\/tomyklou.gr\/product\/some-by-mi-aha-bha-pha-30-days-miracle-foam\/\">Foam<\/a>,<a href=\"https:\/\/tomyklou.gr\/product\/some-by-mi-aha-bha-pha-serum\/\"> Serum<\/a> und <a href=\"https:\/\/tomyklou.gr\/product\/some-by-mi-aha-bha-pha-cream\/\">Cream<\/a>.<\/p>\n","protected":false},"featured_media":7217,"comment_status":"open","ping_status":"closed","template":"","meta":{"content-type":"","site-sidebar-layout":"default","site-content-layout":"default","ast-site-content-layout":"default","site-content-style":"default","site-sidebar-style":"default","ast-global-header-display":"","ast-banner-title-visibility":"","ast-main-header-display":"","ast-hfb-above-header-display":"","ast-hfb-below-header-display":"","ast-hfb-mobile-header-display":"","site-post-title":"","ast-breadcrumbs-content":"","ast-featured-img":"","footer-sml-layout":"","ast-disable-related-posts":"","theme-transparent-header-meta":"default","adv-header-id-meta":"","stick-header-meta":"","header-above-stick-meta":"","header-main-stick-meta":"","header-below-stick-meta":"","astra-migrate-meta-layouts":"default","ast-page-background-enabled":"default","ast-page-background-meta":{"desktop":{"background-color":"","background-image":"","background-repeat":"repeat","background-position":"center center","background-size":"auto","background-attachment":"scroll","background-type":"","background-media":"","overlay-type":"","overlay-color":"","overlay-opacity":"","overlay-gradient":""},"tablet":{"background-color":"","background-image":"","background-repeat":"repeat","background-position":"center center","background-size":"auto","background-attachment":"scroll","background-type":"","background-media":"","overlay-type":"","overlay-color":"","overlay-opacity":"","overlay-gradient":""},"mobile":{"background-color":"","background-image":"","background-repeat":"repeat","background-position":"center center","background-size":"auto","background-attachment":"scroll","background-type":"","background-media":"","overlay-type":"","overlay-color":"","overlay-opacity":"","overlay-gradient":""}},"ast-content-background-meta":{"desktop":{"background-color":"var(--ast-global-color-5)","background-image":"","background-repeat":"repeat","background-position":"center center","background-size":"auto","background-attachment":"scroll","background-type":"","background-media":"","overlay-type":"","overlay-color":"","overlay-opacity":"","overlay-gradient":""},"tablet":{"background-color":"var(--ast-global-color-5)","background-image":"","background-repeat":"repeat","background-position":"center center","background-size":"auto","background-attachment":"scroll","background-type":"","background-media":"","overlay-type":"","overlay-color":"","overlay-opacity":"","overlay-gradient":""},"mobile":{"background-color":"var(--ast-global-color-5)","background-image":"","background-repeat":"repeat","background-position":"center center","background-size":"auto","background-attachment":"scroll","background-type":"","background-media":"","overlay-type":"","overlay-color":"","overlay-opacity":"","overlay-gradient":""}}},"product_brand":[],"product_cat":[315,319,171,31],"product_tag":[],"class_list":{"0":"post-7723","1":"product","2":"type-product","3":"status-publish","4":"has-post-thumbnail","6":"product_cat-gesichtswasser","7":"product_cat-gesichtsserum","8":"product_cat-some-by-mi","9":"product_cat-gesicht","10":"desktop-align-center","11":"tablet-align-center","12":"mobile-align-center","14":"first","15":"outofstock","16":"taxable","17":"shipping-taxable","18":"purchasable","19":"product-type-simple"},"_links":{"self":[{"href":"https:\/\/tomyklou.gr\/de\/wp-json\/wp\/v2\/product\/7723","targetHints":{"allow":["GET"]}}],"collection":[{"href":"https:\/\/tomyklou.gr\/de\/wp-json\/wp\/v2\/product"}],"about":[{"href":"https:\/\/tomyklou.gr\/de\/wp-json\/wp\/v2\/types\/product"}],"replies":[{"embeddable":true,"href":"https:\/\/tomyklou.gr\/de\/wp-json\/wp\/v2\/comments?post=7723"}],"wp:featuredmedia":[{"embeddable":true,"href":"https:\/\/tomyklou.gr\/de\/wp-json\/wp\/v2\/media\/7217"}],"wp:attachment":[{"href":"https:\/\/tomyklou.gr\/de\/wp-json\/wp\/v2\/media?parent=7723"}],"wp:term":[{"taxonomy":"product_brand","embeddable":true,"href":"https:\/\/tomyklou.gr\/de\/wp-json\/wp\/v2\/product_brand?post=7723"},{"taxonomy":"product_cat","embeddable":true,"href":"https:\/\/tomyklou.gr\/de\/wp-json\/wp\/v2\/product_cat?post=7723"},{"taxonomy":"product_tag","embeddable":true,"href":"https:\/\/tomyklou.gr\/de\/wp-json\/wp\/v2\/product_tag?post=7723"}],"curies":[{"name":"wp","href":"https:\/\/api.w.org\/{rel}","templated":true}]}}