{"id":7725,"date":"2023-07-05T23:02:45","date_gmt":"2023-07-05T21:02:45","guid":{"rendered":"https:\/\/tomyklou.gr\/product\/muldream-ac-tea-tree-fresh-foaming-cleanser-120ml\/"},"modified":"2026-02-22T18:40:32","modified_gmt":"2026-02-22T16:40:32","slug":"muldream-ac-tea-tree-fresh-foaming-cleanser-120ml","status":"publish","type":"product","link":"https:\/\/tomyklou.gr\/de\/product\/muldream-ac-tea-tree-fresh-foaming-cleanser-120ml\/","title":{"rendered":"Muldream AC Tea Tree Fresh Foaming Cleanser 120ml"},"content":{"rendered":"<h3>Anwendung<\/h3>\n<ol>\n<li>Geben Sie eine kleine Menge auf Ihre Handfl\u00e4che und erzeugen Sie ausreichend Schaum mit Wasser.<\/li>\n<li>Tragen Sie es sanft auf Ihr Gesicht auf und sp\u00fclen Sie es mit Wasser ab.<\/li>\n<\/ol>\n<h3>Inhaltsstoffe<\/h3>\n<p>Purified water, stearic acid, glycerin, lauric acid, myristic acid, potassium hydroxide, dipropylene glycol, cocamide methyl MEA, sodium methyl cocoyl taurate, glyceryl stearate SE, sorbitan olivate, Tea tree leaf extract (6,800ppm), Centella asiatica extract, Matricaria flower extract, Brussels sprout extract, salvia oil, sodium chloride, propanediol, caprylyl glycol, butylene glycol, ethylhexylglycerin, 1,2-Hexanediol, Disodium EDTA<\/p>\n<h3>Warnhinweise<\/h3>\n<ol>\n<li>Nur zur \u00e4u\u00dferlichen Anwendung geeignet.<\/li>\n<li>Nicht auf verletzte Haut oder auf Wunden auftragen.<\/li>\n<li>Sollten Nebenwirkungen wie Irritationen oder Ausschlag eintreten, Anwendung sofort beenden und unverz\u00fcglich an einen Arzt wenden.<\/li>\n<li>Kontakt mit den Augen vermeiden. Sollte das Produkt ins Auge gelangen, das Auge sofort gr\u00fcndlich mit klarem Wasser aussp\u00fclen.<\/li>\n<li>Au\u00dfer Reichweite von Kindern aufbewahren.<\/li>\n<li>Nicht schlucken. Bei Verschlucken Arzt oder Giftzentrale aufsuchen.<\/li>\n<\/ol>\n","protected":false},"excerpt":{"rendered":"<p>Entfernt kraftvoll Verunreinigungen mit aus der Natur gewonnenen Inhaltsstoffen. Beginnt wohltuende Pflege mit der Reinigung. Ein erfrischender Porenreiniger, der empfindliche Haut beruhigt und entspannt. Perfekte Porenreinigung mit Mikroschaumpartikeln. Beseitigt Make-up, Partikel und verschiedene Verunreinigungen sauber. Beruhigt und befeuchtet Ihre Haut effektiv mit Extrakten aus Melaleuca alternifolia und Centella asiatica. H\u00e4lt Ihre Haut nach der Reinigung mit feinem und erfrischendem Schaum feucht und frisch. Reizarme, aus der Natur gewonnene Inhaltsstoffe, sogar gut f\u00fcr empfindliche Haut.<\/p>\n<p><strong>Angenehme Poren- und Talgpflege:<\/strong> Ein Porenreiniger, der Ihre Haut nach dem Waschen feucht und geschmeidig h\u00e4lt.<\/p>\n<p><strong>T\u00e4glich auf empfindlicher Haut anwenden:<\/strong> Ein sch\u00e4umender Reiniger, der Unreinheiten ohne Irritationen entfernt; okay f\u00fcr den t\u00e4glichen Gebrauch.<\/p>\n<p><strong>Weich und frisch ohne Spannen nach dem Waschen:<\/strong> H\u00e4lt Ihre Haut mit nat\u00fcrlichen beruhigenden Inhaltsstoffen feucht, leicht und frisch.<\/p>\n<p><strong>Perfekte Make-up-Reinigung:<\/strong> Macht Ihre Haut sofort glatt und hell. Heller und nat\u00fcrlicher Ton.<\/p>\n<p><strong>Patentierte Inhaltsstoffe UP, sch\u00e4dliche Inhaltsstoffe DOWN:<\/strong> Beruhigt und befeuchtet Ihre Haut gleichzeitig mit Extrakten aus Melaleuca alternifolia, Centella asiatica und Brassica oleracea (Rosenkohl)!<\/p>\n<p><strong>Rosenkohlextrakt:<\/strong> Antioxidans \/ Anti-Aging \/ Kollagenbildung D \/ Verhindert Hautsch\u00e4den und verbessert den Hautzustand mit verschiedenen Vitaminen und Mineralien.<\/p>\n","protected":false},"featured_media":7061,"comment_status":"open","ping_status":"closed","template":"","meta":{"content-type":"","site-sidebar-layout":"default","site-content-layout":"default","ast-site-content-layout":"default","site-content-style":"default","site-sidebar-style":"default","ast-global-header-display":"","ast-banner-title-visibility":"","ast-main-header-display":"","ast-hfb-above-header-display":"","ast-hfb-below-header-display":"","ast-hfb-mobile-header-display":"","site-post-title":"","ast-breadcrumbs-content":"","ast-featured-img":"","footer-sml-layout":"","ast-disable-related-posts":"","theme-transparent-header-meta":"default","adv-header-id-meta":"","stick-header-meta":"","header-above-stick-meta":"","header-main-stick-meta":"","header-below-stick-meta":"","astra-migrate-meta-layouts":"default","ast-page-background-enabled":"default","ast-page-background-meta":{"desktop":{"background-color":"","background-image":"","background-repeat":"repeat","background-position":"center center","background-size":"auto","background-attachment":"scroll","background-type":"","background-media":"","overlay-type":"","overlay-color":"","overlay-opacity":"","overlay-gradient":""},"tablet":{"background-color":"","background-image":"","background-repeat":"repeat","background-position":"center center","background-size":"auto","background-attachment":"scroll","background-type":"","background-media":"","overlay-type":"","overlay-color":"","overlay-opacity":"","overlay-gradient":""},"mobile":{"background-color":"","background-image":"","background-repeat":"repeat","background-position":"center center","background-size":"auto","background-attachment":"scroll","background-type":"","background-media":"","overlay-type":"","overlay-color":"","overlay-opacity":"","overlay-gradient":""}},"ast-content-background-meta":{"desktop":{"background-color":"var(--ast-global-color-5)","background-image":"","background-repeat":"repeat","background-position":"center center","background-size":"auto","background-attachment":"scroll","background-type":"","background-media":"","overlay-type":"","overlay-color":"","overlay-opacity":"","overlay-gradient":""},"tablet":{"background-color":"var(--ast-global-color-5)","background-image":"","background-repeat":"repeat","background-position":"center center","background-size":"auto","background-attachment":"scroll","background-type":"","background-media":"","overlay-type":"","overlay-color":"","overlay-opacity":"","overlay-gradient":""},"mobile":{"background-color":"var(--ast-global-color-5)","background-image":"","background-repeat":"repeat","background-position":"center center","background-size":"auto","background-attachment":"scroll","background-type":"","background-media":"","overlay-type":"","overlay-color":"","overlay-opacity":"","overlay-gradient":""}}},"product_brand":[],"product_cat":[312,30,31],"product_tag":[64],"class_list":{"0":"post-7725","1":"product","2":"type-product","3":"status-publish","4":"has-post-thumbnail","6":"product_cat-gesichtsreiniger","7":"product_cat-muldream","8":"product_cat-gesicht","9":"product_tag-reinigung","10":"desktop-align-center","11":"tablet-align-center","12":"mobile-align-center","14":"first","15":"outofstock","16":"taxable","17":"shipping-taxable","18":"purchasable","19":"product-type-simple"},"_links":{"self":[{"href":"https:\/\/tomyklou.gr\/de\/wp-json\/wp\/v2\/product\/7725","targetHints":{"allow":["GET"]}}],"collection":[{"href":"https:\/\/tomyklou.gr\/de\/wp-json\/wp\/v2\/product"}],"about":[{"href":"https:\/\/tomyklou.gr\/de\/wp-json\/wp\/v2\/types\/product"}],"replies":[{"embeddable":true,"href":"https:\/\/tomyklou.gr\/de\/wp-json\/wp\/v2\/comments?post=7725"}],"wp:featuredmedia":[{"embeddable":true,"href":"https:\/\/tomyklou.gr\/de\/wp-json\/wp\/v2\/media\/7061"}],"wp:attachment":[{"href":"https:\/\/tomyklou.gr\/de\/wp-json\/wp\/v2\/media?parent=7725"}],"wp:term":[{"taxonomy":"product_brand","embeddable":true,"href":"https:\/\/tomyklou.gr\/de\/wp-json\/wp\/v2\/product_brand?post=7725"},{"taxonomy":"product_cat","embeddable":true,"href":"https:\/\/tomyklou.gr\/de\/wp-json\/wp\/v2\/product_cat?post=7725"},{"taxonomy":"product_tag","embeddable":true,"href":"https:\/\/tomyklou.gr\/de\/wp-json\/wp\/v2\/product_tag?post=7725"}],"curies":[{"name":"wp","href":"https:\/\/api.w.org\/{rel}","templated":true}]}}