{"id":7799,"date":"2023-07-09T23:45:05","date_gmt":"2023-07-09T21:45:05","guid":{"rendered":"https:\/\/tomyklou.gr\/product\/g9-skin-white-in-milk-toner-300ml\/"},"modified":"2026-02-22T18:40:29","modified_gmt":"2026-02-22T16:40:29","slug":"g9-skin-white-in-milk-toner-300ml","status":"publish","type":"product","link":"https:\/\/tomyklou.gr\/de\/product\/g9-skin-white-in-milk-toner-300ml\/","title":{"rendered":"G9 SKIN White In Milk Toner 300ml"},"content":{"rendered":"<h3>Anwendung<\/h3>\n<ol>\n<li>Eine angemessene Menge auf ein Wattepad geben und damit sanft \u00fcber das Gesicht reiben.<\/li>\n<li>In die Haut tupfen, bis der Toner v\u00f6llig eingezogen ist.<\/li>\n<li>Morgens und abends anwenden.<\/li>\n<\/ol>\n<h3>Inhaltsstoffe<\/h3>\n<p>Water, Glycerin, Methylpropanediol, Niacinamide, PEG-32, Dipropylene Glycol, Milk Protein Extract, Bis-PEG-18 Methyl Ether Dimethyl Silane, Prunus Amygdalus Dulcis (Sweet Almond) Oil, Macadamia Ternifolia Seed Oil, Ceteareth-6 Olivate, Cyclopentasiloxane, Tromethamine, Carbomer, Butylene Glycol, Fragrance, Adenosine, Dimethiconol, Chondrus Crispus Extract, Salvia Hispanica Seed Extract, Origanum Vulgare Leaf Extract, Linum Usitatissimum (Linseed) Seed Extract, Hibiscus Sabdariffa Flower Extract, Hedera Helix (Ivy) Leaf Extract, Eucalyptus Globulus Leaf Extract, Camellia Sinensis Leaf Extract, Nelumbo Nucifera Flower Water, Pinus Sylvestris Leaf Extract, Sodium Hyaluronate, Royal Jelly Extract, Rice Ferment Filtrate (Sake), Hamamelis Virginiana (Witch Hazel) Leaf Extract, Galactomyces Ferment Filtrate, Fructan, Bacillus\/Soybean Ferment Extract, Anthemis Nobilis Flower Extract, Lilium Candidum Bulb Extract, Iris Versicolor Extract, Freesia Alba Flower Extract, Rosa Damascena Flower Water, Nelumbo Nucifera Flower Extract, Narcissus Pseudo-Narcissus (Daffodil) Flower Extract, Leontopodium Alpinum Extract, Jasminum Officinale (Jasmine) Flower\/Leaf Extract, Retinyl Palmitate, Biotin, Ceramide NP, Hydrogenated Lecithin, Maltodextrin, Calcium Pantothenate, Sodium Starch Octenylsuccinate, Glycereth-20, Sodium Ascorbyl Phosphate, PEG-10 Rapeseed Sterol, Glyceryl Stearate, Hydroxypropyl Cyclodextrin, Tocopheryl Acetate, Pyridoxine HCl, Glutathione, Silica<\/p>\n<h3>Warnhinweise<\/h3>\n<ol>\n<li>Nur zur \u00e4u\u00dferlichen Anwendung geeignet.<\/li>\n<li>Nicht auf verletzte Haut oder auf Wunden auftragen.<\/li>\n<li>Sollten Nebenwirkungen wie Irritationen oder Ausschlag eintreten, Anwendung sofort beenden und unverz\u00fcglich an einen Arzt wenden.<\/li>\n<li>Kontakt mit den Augen vermeiden. Sollte das Produkt ins Auge gelangen, das Auge sofort gr\u00fcndlich mit klarem Wasser aussp\u00fclen.<\/li>\n<li>Au\u00dfer Reichweite von Kindern aufbewahren.<\/li>\n<li>Nicht schlucken. Bei Verschlucken Arzt oder Giftzentrale aufsuchen.<\/li>\n<\/ol>\n","protected":false},"excerpt":{"rendered":"<p><strong>G9 Skin<\/strong>\u00a0White In Milk Toner: Der intensiv hydrierende Toner unterst\u00fctzt den gesunden Feuchtigkeits-Gehalt der Haut mithilfe von Milch-Proteinen. Dar\u00fcber hinaus macht der die Haut klarer und bek\u00e4mpft feine Linien. Die Hautbarriere wird in Balance gehalten und die Haut erh\u00e4lt einen nat\u00fcrlichen Glow.<\/p>\n","protected":false},"featured_media":7794,"comment_status":"open","ping_status":"closed","template":"","meta":{"content-type":"","site-sidebar-layout":"default","site-content-layout":"default","ast-site-content-layout":"default","site-content-style":"default","site-sidebar-style":"default","ast-global-header-display":"","ast-banner-title-visibility":"","ast-main-header-display":"","ast-hfb-above-header-display":"","ast-hfb-below-header-display":"","ast-hfb-mobile-header-display":"","site-post-title":"","ast-breadcrumbs-content":"","ast-featured-img":"","footer-sml-layout":"","ast-disable-related-posts":"","theme-transparent-header-meta":"default","adv-header-id-meta":"","stick-header-meta":"","header-above-stick-meta":"","header-main-stick-meta":"","header-below-stick-meta":"","astra-migrate-meta-layouts":"set","ast-page-background-enabled":"default","ast-page-background-meta":{"desktop":{"background-color":"","background-image":"","background-repeat":"repeat","background-position":"center center","background-size":"auto","background-attachment":"scroll","background-type":"","background-media":"","overlay-type":"","overlay-color":"","overlay-opacity":"","overlay-gradient":""},"tablet":{"background-color":"","background-image":"","background-repeat":"repeat","background-position":"center center","background-size":"auto","background-attachment":"scroll","background-type":"","background-media":"","overlay-type":"","overlay-color":"","overlay-opacity":"","overlay-gradient":""},"mobile":{"background-color":"","background-image":"","background-repeat":"repeat","background-position":"center center","background-size":"auto","background-attachment":"scroll","background-type":"","background-media":"","overlay-type":"","overlay-color":"","overlay-opacity":"","overlay-gradient":""}},"ast-content-background-meta":{"desktop":{"background-color":"var(--ast-global-color-5)","background-image":"","background-repeat":"repeat","background-position":"center center","background-size":"auto","background-attachment":"scroll","background-type":"","background-media":"","overlay-type":"","overlay-color":"","overlay-opacity":"","overlay-gradient":""},"tablet":{"background-color":"var(--ast-global-color-5)","background-image":"","background-repeat":"repeat","background-position":"center center","background-size":"auto","background-attachment":"scroll","background-type":"","background-media":"","overlay-type":"","overlay-color":"","overlay-opacity":"","overlay-gradient":""},"mobile":{"background-color":"var(--ast-global-color-5)","background-image":"","background-repeat":"repeat","background-position":"center center","background-size":"auto","background-attachment":"scroll","background-type":"","background-media":"","overlay-type":"","overlay-color":"","overlay-opacity":"","overlay-gradient":""}}},"product_brand":[],"product_cat":[315,138,31],"product_tag":[],"class_list":{"0":"post-7799","1":"product","2":"type-product","3":"status-publish","4":"has-post-thumbnail","6":"product_cat-gesichtswasser","7":"product_cat-g9-skin","8":"product_cat-gesicht","9":"desktop-align-center","10":"tablet-align-center","11":"mobile-align-center","13":"first","14":"outofstock","15":"taxable","16":"shipping-taxable","17":"purchasable","18":"product-type-simple"},"_links":{"self":[{"href":"https:\/\/tomyklou.gr\/de\/wp-json\/wp\/v2\/product\/7799","targetHints":{"allow":["GET"]}}],"collection":[{"href":"https:\/\/tomyklou.gr\/de\/wp-json\/wp\/v2\/product"}],"about":[{"href":"https:\/\/tomyklou.gr\/de\/wp-json\/wp\/v2\/types\/product"}],"replies":[{"embeddable":true,"href":"https:\/\/tomyklou.gr\/de\/wp-json\/wp\/v2\/comments?post=7799"}],"wp:featuredmedia":[{"embeddable":true,"href":"https:\/\/tomyklou.gr\/de\/wp-json\/wp\/v2\/media\/7794"}],"wp:attachment":[{"href":"https:\/\/tomyklou.gr\/de\/wp-json\/wp\/v2\/media?parent=7799"}],"wp:term":[{"taxonomy":"product_brand","embeddable":true,"href":"https:\/\/tomyklou.gr\/de\/wp-json\/wp\/v2\/product_brand?post=7799"},{"taxonomy":"product_cat","embeddable":true,"href":"https:\/\/tomyklou.gr\/de\/wp-json\/wp\/v2\/product_cat?post=7799"},{"taxonomy":"product_tag","embeddable":true,"href":"https:\/\/tomyklou.gr\/de\/wp-json\/wp\/v2\/product_tag?post=7799"}],"curies":[{"name":"wp","href":"https:\/\/api.w.org\/{rel}","templated":true}]}}