{"id":7808,"date":"2023-07-09T23:45:10","date_gmt":"2023-07-09T21:45:10","guid":{"rendered":"https:\/\/tomyklou.gr\/product\/g9-skin-white-in-milk-capsul-eye-cream-30g\/"},"modified":"2026-02-22T18:40:29","modified_gmt":"2026-02-22T16:40:29","slug":"g9-skin-white-in-milk-capsul-eye-cream-30g","status":"publish","type":"product","link":"https:\/\/tomyklou.gr\/de\/product\/g9-skin-white-in-milk-capsul-eye-cream-30g\/","title":{"rendered":"G9 SKIN White In Milk Capsul Eye Cream 30g"},"content":{"rendered":"<h3>Anwendung<\/h3>\n<ol>\n<li>Tragen Sie morgens und abends eine geeignete Menge auf die gereinigte Haut um die Augen auf.<\/li>\n<li>Klopfen Sie das Produkt sanft in die Haut ein, bis es vollst\u00e4ndig eingezogen ist.<\/li>\n<\/ol>\n<h3>Inhaltsstoffe<\/h3>\n<p>Aqua, Butylene Glycol, Pentaerythrityl Tetraethylhexanoate, Glycerin, Milk Protein Extract, Niacinamide, Behenyl Alcohol, Sodium Acrylate\/Sodium Acryloyldimethyl Taurate Copolymer, Isohexadecane, Acrylates\/C10-30 Alkyl Acrylate Crosspolymer, Polysorbate 80, Sorbitan Oleate, Zanthoxylum Piperitum Fruit Extract, Pulsatilla Koreana Extract, Usnea Barbata Extract, Potassium Hydroxide, Disodium EDTA, Parfum, Cyclohexane, Acrylic Acid, Butylphenyl Methylpropional, Camellia Sinensis Leaf Extract, Hedera Helix Leaf Extract, Linum Usitatissimum Seed Extract, Nelumbo Nucifera Flower Water, Origanum Vulgare Leaf Extract, Eucalyptus Globulus Leaf Extract, Salvia Hispanica Seed Extract, Hibiscus Sabdariffa Flower Extract, Pinus Sylvestris Leaf Extract, 1,2-Hexanediol, Ceramide 3, Ascorbyl Tetraisopalmitate, Hamamelis Virginiana Water, Tocopheryl Acetate, Panthenol, Biotin, Prunus Amygdalus Dulcis Oil, Macadamia Ternifolia Seed Oil, Galactomyces Ferment Filtrate, Sodium Hyaluronate, PEG-40 Hydrogenated Castor Oil, Rice Ferment Filtrate, Vitis Vinifera Fruit Extract, Bacillus\/Soybean Ferment, Retinyl Palmitate, Anthemis Nobilis Flower Extract, Caprylyl Glycol, Lavandula Angustifolia Extract, Rosmarinus Officinalis Extract, Thymus Vulgaris Extract, Origanum Vulgare Flower\/Leaf\/Stem Extract, Citric Acid, Tocopherol, Phenoxyethanol, Brassica Oleracea Italica Extract, Hydroxypropyl Cyclodextrin, Royal Jelly Extract, Glutathione, Acetyl Hexapeptide-8, Copper Tripeptide-1, Palmitoyl Pentapeptide-4<\/p>\n<h3>Warnhinweise<\/h3>\n<ol>\n<li>Nur zur \u00e4u\u00dferlichen Anwendung geeignet.<\/li>\n<li>Nicht auf verletzte Haut oder auf Wunden auftragen.<\/li>\n<li>Sollten Nebenwirkungen wie Irritationen oder Ausschlag eintreten, Anwendung sofort beenden und unverz\u00fcglich an einen Arzt wenden.<\/li>\n<li>Kontakt mit den Augen vermeiden. Sollte das Produkt ins Auge gelangen, das Auge sofort gr\u00fcndlich mit klarem Wasser aussp\u00fclen.<\/li>\n<li>Au\u00dfer Reichweite von Kindern aufbewahren.<\/li>\n<li>Nicht schlucken. Bei Verschlucken Arzt oder Giftzentrale aufsuchen.<\/li>\n<\/ol>\n","protected":false},"excerpt":{"rendered":"<p>Eine Milchkapsel aus 50 % Milcheiwei\u00dfextrakt und Ceramidkomponenten, die gut f\u00fcr die Feuchtigkeitserg\u00e4nzung sind, dringt sanft in das Auge ein.<br \/>\n2. Nicht nur die Ern\u00e4hrung, Feuchtigkeitspflege rund um die Uhr.<br \/>\n3. Niacinamid, wirksam zum Aufhellen, und Brocolli-Extrakt, Glutathion-Art, die wirksam zum Aufhellen der Haut sind, verleiht dunkle Augenringe, die d\u00fcster sind, hell.<br \/>\n4. Kein Paraben oder Penoxyethanol, das Probleme verursachen k\u00f6nnte, hinzugef\u00fcgt.<\/p>\n","protected":false},"featured_media":7804,"comment_status":"open","ping_status":"closed","template":"","meta":{"content-type":"","site-sidebar-layout":"default","site-content-layout":"default","ast-site-content-layout":"default","site-content-style":"default","site-sidebar-style":"default","ast-global-header-display":"","ast-banner-title-visibility":"","ast-main-header-display":"","ast-hfb-above-header-display":"","ast-hfb-below-header-display":"","ast-hfb-mobile-header-display":"","site-post-title":"","ast-breadcrumbs-content":"","ast-featured-img":"","footer-sml-layout":"","ast-disable-related-posts":"","theme-transparent-header-meta":"default","adv-header-id-meta":"","stick-header-meta":"","header-above-stick-meta":"","header-main-stick-meta":"","header-below-stick-meta":"","astra-migrate-meta-layouts":"set","ast-page-background-enabled":"default","ast-page-background-meta":{"desktop":{"background-color":"","background-image":"","background-repeat":"repeat","background-position":"center center","background-size":"auto","background-attachment":"scroll","background-type":"","background-media":"","overlay-type":"","overlay-color":"","overlay-opacity":"","overlay-gradient":""},"tablet":{"background-color":"","background-image":"","background-repeat":"repeat","background-position":"center center","background-size":"auto","background-attachment":"scroll","background-type":"","background-media":"","overlay-type":"","overlay-color":"","overlay-opacity":"","overlay-gradient":""},"mobile":{"background-color":"","background-image":"","background-repeat":"repeat","background-position":"center center","background-size":"auto","background-attachment":"scroll","background-type":"","background-media":"","overlay-type":"","overlay-color":"","overlay-opacity":"","overlay-gradient":""}},"ast-content-background-meta":{"desktop":{"background-color":"var(--ast-global-color-5)","background-image":"","background-repeat":"repeat","background-position":"center center","background-size":"auto","background-attachment":"scroll","background-type":"","background-media":"","overlay-type":"","overlay-color":"","overlay-opacity":"","overlay-gradient":""},"tablet":{"background-color":"var(--ast-global-color-5)","background-image":"","background-repeat":"repeat","background-position":"center center","background-size":"auto","background-attachment":"scroll","background-type":"","background-media":"","overlay-type":"","overlay-color":"","overlay-opacity":"","overlay-gradient":""},"mobile":{"background-color":"var(--ast-global-color-5)","background-image":"","background-repeat":"repeat","background-position":"center center","background-size":"auto","background-attachment":"scroll","background-type":"","background-media":"","overlay-type":"","overlay-color":"","overlay-opacity":"","overlay-gradient":""}}},"product_brand":[],"product_cat":[320,138,327,31],"product_tag":[],"class_list":{"0":"post-7808","1":"product","2":"type-product","3":"status-publish","4":"has-post-thumbnail","6":"product_cat-augenpflege","7":"product_cat-g9-skin","8":"product_cat-new-arrivals","9":"product_cat-gesicht","10":"desktop-align-center","11":"tablet-align-center","12":"mobile-align-center","14":"first","15":"outofstock","16":"taxable","17":"shipping-taxable","18":"purchasable","19":"product-type-simple"},"_links":{"self":[{"href":"https:\/\/tomyklou.gr\/de\/wp-json\/wp\/v2\/product\/7808","targetHints":{"allow":["GET"]}}],"collection":[{"href":"https:\/\/tomyklou.gr\/de\/wp-json\/wp\/v2\/product"}],"about":[{"href":"https:\/\/tomyklou.gr\/de\/wp-json\/wp\/v2\/types\/product"}],"replies":[{"embeddable":true,"href":"https:\/\/tomyklou.gr\/de\/wp-json\/wp\/v2\/comments?post=7808"}],"wp:featuredmedia":[{"embeddable":true,"href":"https:\/\/tomyklou.gr\/de\/wp-json\/wp\/v2\/media\/7804"}],"wp:attachment":[{"href":"https:\/\/tomyklou.gr\/de\/wp-json\/wp\/v2\/media?parent=7808"}],"wp:term":[{"taxonomy":"product_brand","embeddable":true,"href":"https:\/\/tomyklou.gr\/de\/wp-json\/wp\/v2\/product_brand?post=7808"},{"taxonomy":"product_cat","embeddable":true,"href":"https:\/\/tomyklou.gr\/de\/wp-json\/wp\/v2\/product_cat?post=7808"},{"taxonomy":"product_tag","embeddable":true,"href":"https:\/\/tomyklou.gr\/de\/wp-json\/wp\/v2\/product_tag?post=7808"}],"curies":[{"name":"wp","href":"https:\/\/api.w.org\/{rel}","templated":true}]}}