{"id":7835,"date":"2023-07-09T23:45:28","date_gmt":"2023-07-09T21:45:28","guid":{"rendered":"https:\/\/tomyklou.gr\/product\/g9-skin-self-aesthetic-magazine\/"},"modified":"2025-07-21T00:37:51","modified_gmt":"2025-07-20T21:37:51","slug":"g9-skin-self-aesthetic-magazine","status":"publish","type":"product","link":"https:\/\/tomyklou.gr\/de\/product\/g9-skin-self-aesthetic-magazine\/","title":{"rendered":"G9 SKIN Self Aesthetic Magazine"},"content":{"rendered":"<h3>Anwendung<\/h3>\n<p>Verpackung lesen.<\/p>\n<h3>Hauptinhaltsstoffe<\/h3>\n<p>Verpackung lesen.<\/p>\n<h3>Warnhinweise<\/h3>\n<ol>\n<li>Nur zur \u00e4u\u00dferlichen Anwendung geeignet.<\/li>\n<li>Nicht auf verletzte Haut oder auf Wunden auftragen.<\/li>\n<li>Sollten Nebenwirkungen wie Irritationen oder Ausschlag eintreten, Anwendung sofort beenden und unverz\u00fcglich an einen Arzt wenden.<\/li>\n<li>Kontakt mit den Augen vermeiden. Sollte das Produkt ins Auge gelangen, das Auge sofort gr\u00fcndlich mit klarem Wasser aussp\u00fclen.<\/li>\n<li>Au\u00dfer Reichweite von Kindern aufbewahren.<\/li>\n<li>Nicht schlucken. Bei Verschlucken Arzt oder Giftzentrale aufsuchen.<\/li>\n<\/ol>\n","protected":false},"excerpt":{"rendered":"<p><strong>Dieses Aktionspaket enth\u00e4lt die folgenden Produkte:<\/strong><\/p>\n<ul>\n<li>G9 Skin Self Aesthetic Butterfly Nose Strip x1<\/li>\n<li>G9 Skin Self Aesthetic Rose Hydrogel Lip Patch 3g<\/li>\n<li>G9 Skin Self Aesthetic Soft Hand Mask 10ml<\/li>\n<li>G9 Skin Self Aesthetic Soft Foot Mask 10ml<\/li>\n<li>G9 Skin Self Aesthetic Silky Hair Mask 30g<\/li>\n<li>G9 Skin Self Aesthetic Pore Clean Bubble Mask 23ml<\/li>\n<li>G9 Skin Self Aesthetic Water-Full Facial Mask 23ml<\/li>\n<li>G9 Skin Self Aesthetic Collagen Hydrogel Eye Patch 3g<\/li>\n<\/ul>\n<p><strong>G9 Skin Self Aesthetic Butterfly Nose Strip<\/strong> entfernt alle Arten von t\u00e4glichen Unreinheiten, insbesondere schwarze und wei\u00dfe Flecken, die sich \u00fcber dem Nasenbereich angesammelt haben. Tats\u00e4chlich deckt dieser schwarze Streifen einen empfindlichen Hautabschnitt ab und setzt auf eine sanfte Formel f\u00fcr maximale Effizienz ohne Schaden. Diese Einwegl\u00f6sung ist f\u00fcr alle Hauttypen geeignet und bietet eine Verw\u00f6hnbehandlung dank einer Auswahl an beruhigenden Inhaltsstoffen mit entstauenden Eigenschaften. So vereinen sich Centella Asiatica-Extrakt, Hamamelis-Extrakt, Holzkohlepulver oder Aloe-Vera-Blatt-Extrakt, um die Haut gr\u00fcndlich zu reinigen. Diese bewahren jedoch auch den Feuchtigkeitsgehalt der Haut und bek\u00e4mpfen sch\u00e4dliche freie Radikale sowie andere \u00e4u\u00dfere Bedrohungen. Mit anderen Worten, Pflanzenextrakte in Starqualit\u00e4t reinigen und beruhigen die Epidermis, sodass die Hautzellen ihr volles Potenzial entfalten k\u00f6nnen.<\/p>\n<p><strong>G9 Skin Self Aesthetic Rose Hydrogel Lip Patch<\/strong> ist eine feuchtigkeitsspendende und Anti-Aging-Maske, die f\u00fcr besonders trockene Lippen geeignet ist. Tats\u00e4chlich verbessert diese koreanische Beauty-Verw\u00f6hnl\u00f6sung sichtbar das Erscheinungsbild von Falten sowie feinen Linien in einem empfindlichen Gesichtsbereich. Dar\u00fcber hinaus verbindet sich Rosenbl\u00fctenwasser mit Hyalurons\u00e4ure, um besch\u00e4digte Lippen, die allen Arten von \u00e4u\u00dferen Einfl\u00fcssen ausgesetzt sind, anzuheben, zu festigen und aufzuf\u00fcllen. Dank zus\u00e4tzlicher Feuchtigkeit st\u00e4rkt dies auch die Abwehrbarriere der Haut und bek\u00e4mpft sch\u00e4dliche freie Radikale, die normalerweise mit einem schnelllebigen Lebensstil verbunden sind. In der Zwischenzeit verbindet sich Kollagen mit Honigextrakt, beruhigt und verj\u00fcngt Ihre Lippen und wirkt an mehreren Fronten. Alles in allem hinterl\u00e4sst dieses N\u00e4hrpflaster ein erfrischendes Gef\u00fchl, das alternde Hautzellen weckt und ihnen einen angenehmen Energieschub gibt. In gleichem Ma\u00dfe entfernt eine m\u00fchelose Anwendung abgestorbene Hautzellen und reinigt Ihre Lippen f\u00fcr die ultimative Behandlung in Starqualit\u00e4t.<\/p>\n<p><strong>G9 Skin Self Aesthetic Soft Hand Mask<\/strong> ist ein beruhigendes, handschuhartiges Produkt, das sowohl N\u00e4hrstoffe als auch ein optimales Ma\u00df an Feuchtigkeit hinzuf\u00fcgt. Tats\u00e4chlich enth\u00e4lt es \u00e4therische Mehrzweck\u00f6le wie Jojoba, Argan oder Kokosnuss, die die Feuchtigkeitsbarriere der Haut verbessern. Gleichzeitig sind Ihre H\u00e4nde vollst\u00e4ndig vor sch\u00e4dlichen freien Radikalen sowie anderen \u00e4u\u00dferen Bedrohungen gesch\u00fctzt. Dar\u00fcber hinaus wirkt Urea zusammen mit Sheabutter entgiftend und verst\u00e4rkt die hautverw\u00f6hnende Wirkung dieser Maske. Dank des praktischen Handschuhformats k\u00f6nnen Sie t\u00e4gliche Aufgaben erledigen und gleichzeitig von dieser weichmachenden Behandlung profitieren. Schlie\u00dflich f\u00fchlen sich Ihre H\u00e4nde innerhalb weniger Minuten f\u00fcr einen langen Zeitraum geschmeidig und extra prall an.<\/p>\n<p><strong>G9 Skin Self Aesthetic Soft Foot Mask<\/strong> passt sich dank mehrerer nahrhafter \u00e4therischer \u00d6le wie ein bequemes Paar Socken an Ihre F\u00fc\u00dfe an. Diese wirken als tief feuchtigkeitsspendende Elemente, ideal, um rauere sowie trockenere Bereiche zu beruhigen, die einer zus\u00e4tzlichen Verw\u00f6hnung bed\u00fcrfen. So kommen Urea und Sheabutter zusammen, um die Abwehrbarriere der Haut gegen alle m\u00f6glichen \u00e4u\u00dferen Bedrohungen wie freie Radikale zu st\u00e4rken. In gleichem Ma\u00dfe steigert das Kern-Avocado-\u00d6l das pers\u00f6nliche Wohlbefinden und tr\u00e4gt zur Reinigung bei, indem es abgestorbene Hautsch\u00fcppchen entfernt. F\u00fcr optimale Ergebnisse trocknen Sie Ihre F\u00fc\u00dfe nach dem Waschen. \u00d6ffnen Sie dann den Beutel und schieben Sie die F\u00fc\u00dfe vorsichtig in die Gewebemaske. Greifen Sie zum Anpassen der Fu\u00dfmaske auf den in der Originalverpackung enthaltenen Aufkleber zur\u00fcck. Entspannen Sie sich etwa 30 Minuten lang, w\u00e4hrend das Produkt seine Wirkung entfaltet. Abschlie\u00dfend die Reste der Essenz bis zur vollst\u00e4ndigen Absorption einmassieren.<\/p>\n<p><strong>G9 Skin Self Aesthetic Silky Hair Mask<\/strong> n\u00e4hrt trockenes Haar von den Wurzeln bis zu den Spitzen und stellt die Gesundheit und Elastizit\u00e4t f\u00fcr einen langen Zeitraum wieder her. Dar\u00fcber hinaus hilft der angenehme blumige Duft beim Entspannen, was bereits eine wohltuende Verw\u00f6hnbehandlung darstellt. Das Cap-Format ist besonders hilfreich, um das Produkt zu verteilen und erm\u00f6glicht eine m\u00fchelose Anwendung. Idealerweise greifen Sie zu dieser feuchtigkeitsspendenden Maske, nachdem Sie Ihr Haar shampooniert und mit einem Handtuch getrocknet haben. Anschlie\u00dfend tragen Sie die Kappe einfach \u00fcber Ihrem Haar. Angereichert mit dem exklusiven \u201eG9 Complex\u201c der Marke entgiftet eine Mischung aus nat\u00fcrlichen Extrakten die Haarstr\u00e4hnen und entfernt Giftstoffe, die mit einem schnelllebigen Lebensstil verbunden sind. Somit sch\u00fctzt dies letztendlich vor verschiedenen externen Bedrohungen, wie z. B. sch\u00e4dlichen freien Radikalen. In der Zwischenzeit verleiht Dimethicone eine neu entdeckte Ausstrahlung und verleiht Ihrem Haar zus\u00e4tzlichen Glanz. Stellen Sie schlie\u00dflich sicher, dass die Kappe gut platziert ist, und f\u00fchren Sie eine sanfte Massage mit Ihren Fingerspitzen durch, um die Aufnahme einer langen Liste von n\u00fctzlichen Inhaltsstoffen zu erleichtern. Lassen Sie die Maske 15 bis 30 Minuten lang auf Ihrem Haar ruhen und steigen Sie reichlich mit warmem Wasser auf, um jede Anwendung erfolgreich abzuschlie\u00dfen.<\/p>\n<p><strong>G9 Skin Self Aesthetic Pore Clean Bubble Mask<\/strong> ist der perfekte Verb\u00fcndete f\u00fcr verstopfte Poren, indem sie alle Arten von t\u00e4glichen Unreinheiten sofort entfernt. Dank ihrer Kohle-Ton-Textur verwandelt sich diese Maske bei Hautkontakt in einen sanften Schaum. So schmilzt sie leicht abgestorbene Haut, Mitesser oder andere Arten von Schmutz, die mit einem schnelllebigen Lebensstil verbunden sind. Dar\u00fcber hinaus regeneriert diese L\u00f6sung fahle Hauttypen, revitalisiert und n\u00e4hrt intensiv durch einen sanften Peeling-Prozess. Trotz ihrer Wirksamkeit besch\u00e4digt die Formel nicht die Abwehrbarriere gegen freie Radikale. Mit anderen Worten, die Epidermis hat weiterhin einen optimalen Feuchtigkeitsgehalt, f\u00fchlt sich weich an und hat einen ausgeglichenen pH-Wert. Tats\u00e4chlich arbeitet Charcoal Powder daran, \u00fcbersch\u00fcssigen Talg zu absorbieren und fungiert als wunderbares stabilisierendes Kernelement. In gleichem Ma\u00dfe kontrolliert es die Fettigkeit und entgiftet und ist f\u00fcr fettige Hauttypen geeignet.<\/p>\n<p>Die<strong> G9 Skin Self Aesthetic Water-Full Facial Mask<\/strong> st\u00fctzt sich auf den exklusiven Artificial Moisturizing Factor (AMF), um die Haut tief mit Feuchtigkeit zu versorgen und einen optimalen Feuchtigkeitsgehalt zu bewahren. Dar\u00fcber hinaus wirken neun verschiedene Kr\u00e4uter mit weicher Wirkung auf alle Hauttypen, verw\u00f6hnen Ihren Teint und f\u00fchren zu einem Gef\u00fchl der Entspannung. W\u00e4hrend die Hyalurons\u00e4ure wie ein Schwamm wirkt und die Feuchtigkeit in der Luft f\u00fcr mehr Geschmeidigkeit einf\u00e4ngt, st\u00e4rken Squalan und Ceramide selbst das empfindlichste Gewebe. Insgesamt entsteht so ab Beginn der Anwendung ein leichter Lifting-Effekt, der die Energie der Hautzellen ankurbelt. Um optimale Ergebnisse zu erzielen, reinigen Sie zun\u00e4chst Ihr Gesicht mit einem Toner Ihrer Wahl. Legen Sie dann das Blatt vorsichtig auf die Haut, bedecken Sie Ihr Gesicht vollst\u00e4ndig und passen Sie die Augen-, Nasen- und Mundl\u00f6cher an. Lassen Sie das Produkt 10 bis 20 Minuten ruhen. Wenn Sie sich entscheiden, es abzunehmen, tupfen Sie die Reste der Essenz ab und warten Sie, bis diese verdunstet sind.<\/p>\n<p><strong>G9 Skin Self Aesthetic Collagen Hydrogel Eye Patch<\/strong> wurde speziell entwickelt, um den Bed\u00fcrfnissen des empfindlichen Bereichs unter den Augen gerecht zu werden und Falten, feine Linien und Kr\u00e4henf\u00fc\u00dfe zu minimieren. Tats\u00e4chlich enth\u00e4lt dieses Pflasterpaar Hyalurons\u00e4ure sowie neun verschiedene Gem\u00fcsesorten, um die Kollagenproduktion anzuregen. So kann selbst das am st\u00e4rksten gesch\u00e4digte Hautgewebe innerhalb weniger Minuten seine Elastizit\u00e4t und Ausstrahlung wiederherstellen. F\u00fcr optimale Ergebnisse reinigen Sie Ihr Gesicht vor dem Auftragen dieser Maske und lassen Sie sie etwa 20 Minuten einwirken. W\u00e4hrend dieser Zeit arbeitet die Epidermis daran, die Formel vollst\u00e4ndig aufzunehmen und die notwendige Nahrung zu erhalten. W\u00e4hrenddessen strafft dies auch schlaffe Partien, spendet Feuchtigkeit und polstert sie auf, wodurch das gew\u00fcnschte Anti-Aging-Finish entsteht. Angereichert mit Kollagenextrakt ziehen diese Patches die Haut zur\u00fcck, gl\u00e4tten sie und bieten einen angenehmen Lifting-Effekt. Sobald Sie die Streifen abgenommen haben, klopfen Sie schlie\u00dflich sanft auf die verbleibende Essenz, um ihre nahrhafte Facette zu intensivieren.<\/p>\n","protected":false},"featured_media":7832,"comment_status":"open","ping_status":"closed","template":"","meta":{"content-type":"","site-sidebar-layout":"default","site-content-layout":"default","ast-site-content-layout":"default","site-content-style":"default","site-sidebar-style":"default","ast-global-header-display":"","ast-banner-title-visibility":"","ast-main-header-display":"","ast-hfb-above-header-display":"","ast-hfb-below-header-display":"","ast-hfb-mobile-header-display":"","site-post-title":"","ast-breadcrumbs-content":"","ast-featured-img":"","footer-sml-layout":"","ast-disable-related-posts":"","theme-transparent-header-meta":"default","adv-header-id-meta":"","stick-header-meta":"","header-above-stick-meta":"","header-main-stick-meta":"","header-below-stick-meta":"","astra-migrate-meta-layouts":"default","ast-page-background-enabled":"default","ast-page-background-meta":{"desktop":{"background-color":"","background-image":"","background-repeat":"repeat","background-position":"center center","background-size":"auto","background-attachment":"scroll","background-type":"","background-media":"","overlay-type":"","overlay-color":"","overlay-opacity":"","overlay-gradient":""},"tablet":{"background-color":"","background-image":"","background-repeat":"repeat","background-position":"center center","background-size":"auto","background-attachment":"scroll","background-type":"","background-media":"","overlay-type":"","overlay-color":"","overlay-opacity":"","overlay-gradient":""},"mobile":{"background-color":"","background-image":"","background-repeat":"repeat","background-position":"center center","background-size":"auto","background-attachment":"scroll","background-type":"","background-media":"","overlay-type":"","overlay-color":"","overlay-opacity":"","overlay-gradient":""}},"ast-content-background-meta":{"desktop":{"background-color":"var(--ast-global-color-5)","background-image":"","background-repeat":"repeat","background-position":"center center","background-size":"auto","background-attachment":"scroll","background-type":"","background-media":"","overlay-type":"","overlay-color":"","overlay-opacity":"","overlay-gradient":""},"tablet":{"background-color":"var(--ast-global-color-5)","background-image":"","background-repeat":"repeat","background-position":"center center","background-size":"auto","background-attachment":"scroll","background-type":"","background-media":"","overlay-type":"","overlay-color":"","overlay-opacity":"","overlay-gradient":""},"mobile":{"background-color":"var(--ast-global-color-5)","background-image":"","background-repeat":"repeat","background-position":"center center","background-size":"auto","background-attachment":"scroll","background-type":"","background-media":"","overlay-type":"","overlay-color":"","overlay-opacity":"","overlay-gradient":""}}},"product_brand":[],"product_cat":[316,138,113,327,83,116,31,71,72,119],"product_tag":[34],"class_list":{"0":"post-7835","1":"product","2":"type-product","3":"status-publish","4":"has-post-thumbnail","6":"product_cat-gesichtsmaske","7":"product_cat-g9-skin","8":"product_cat-spezielle-produkte","9":"product_cat-new-arrivals","10":"product_cat-haar","11":"product_cat-fusspflege","12":"product_cat-gesicht","13":"product_cat-koerperpflege","14":"product_cat-handpflege","15":"product_cat-beauty-boxen","16":"product_tag-sheet","17":"desktop-align-center","18":"tablet-align-center","19":"mobile-align-center","21":"first","22":"outofstock","23":"taxable","24":"shipping-taxable","25":"purchasable","26":"product-type-simple"},"_links":{"self":[{"href":"https:\/\/tomyklou.gr\/de\/wp-json\/wp\/v2\/product\/7835","targetHints":{"allow":["GET"]}}],"collection":[{"href":"https:\/\/tomyklou.gr\/de\/wp-json\/wp\/v2\/product"}],"about":[{"href":"https:\/\/tomyklou.gr\/de\/wp-json\/wp\/v2\/types\/product"}],"replies":[{"embeddable":true,"href":"https:\/\/tomyklou.gr\/de\/wp-json\/wp\/v2\/comments?post=7835"}],"wp:featuredmedia":[{"embeddable":true,"href":"https:\/\/tomyklou.gr\/de\/wp-json\/wp\/v2\/media\/7832"}],"wp:attachment":[{"href":"https:\/\/tomyklou.gr\/de\/wp-json\/wp\/v2\/media?parent=7835"}],"wp:term":[{"taxonomy":"product_brand","embeddable":true,"href":"https:\/\/tomyklou.gr\/de\/wp-json\/wp\/v2\/product_brand?post=7835"},{"taxonomy":"product_cat","embeddable":true,"href":"https:\/\/tomyklou.gr\/de\/wp-json\/wp\/v2\/product_cat?post=7835"},{"taxonomy":"product_tag","embeddable":true,"href":"https:\/\/tomyklou.gr\/de\/wp-json\/wp\/v2\/product_tag?post=7835"}],"curies":[{"name":"wp","href":"https:\/\/api.w.org\/{rel}","templated":true}]}}