{"id":7836,"date":"2023-07-09T23:45:28","date_gmt":"2023-07-09T21:45:28","guid":{"rendered":"https:\/\/tomyklou.gr\/product\/g9-skin-self-aesthetic-soft-foot-mask-1ea\/"},"modified":"2026-02-22T18:40:28","modified_gmt":"2026-02-22T16:40:28","slug":"g9-skin-self-aesthetic-soft-foot-mask-1ea","status":"publish","type":"product","link":"https:\/\/tomyklou.gr\/de\/product\/g9-skin-self-aesthetic-soft-foot-mask-1ea\/","title":{"rendered":"G9 SKIN Self Aesthetic Soft Foot Mask (1ea)"},"content":{"rendered":"<h3><span style=\"vertical-align: inherit\"> Anwendung <\/span><\/h3>\n<ol>\n<li><span title=\"\"> <span style=\"vertical-align: inherit\">St\u00fclpe die Sockenmaske \u00fcber deine F\u00fc\u00dfe. <\/span> <\/span> &amp; nbsp; <span title=\"\"> <span style=\"vertical-align: inherit\"> Befestigen Sie die Socken mit dem Aufkleber um Ihre Kn\u00f6chel. <\/span> <\/span> &lt; \/li&gt;<\/li>\n<li><span title=\"\"> <span style=\"vertical-align: inherit\"> Warten Sie 15 bis 30 Minuten. <\/span> <\/span> &amp; nbsp; <span class=\"\" title=\"\"> <span style=\"vertical-align: inherit\"> Dann die Socken ausziehen und den Rest der Substanz zur Aufnahme einmassieren. &lt; \/\/ span&gt; <\/span> <\/span><\/li>\n<\/ol>\n<h3><span style=\"vertical-align: inherit\"> Hauptkomponenten <\/span><\/h3>\n<p><span style=\"vertical-align: inherit\">Water, Butylene Glycol, Dimethicone, Glycerol, 1,2-Hexanediol, Caprylic\/Capric Triglycerides, Copolymer Peg\/ppg-17\/6, Stearyl Alcohol, Hydrogenated Poly(c6-14 Olefin), Trehalose, Cetaryl Alcohol, Glyceratyl0, -10rattelstea , Butyrospermum parkii (Shea)-\u0392\u03bf\u03cd\u03c4\u03c5\u03c1\u03bf, urea, \u0391\u03bb\u03ba\u03bf\u03cc\u03bb, sorbitan seque oil, cyclopentasiloxane<\/span><\/p>\n<h3>Warnungen<\/h3>\n<ol>\n<li>Nur f\u00fcr den Au\u00dfenbereich geeignet.<\/li>\n<li>Nicht auf gesch\u00e4digter oder verletzter Haut anwenden.<\/li>\n<li>Wenn Nebenwirkungen wie Reizungen oder Hautausschlag auftreten, brechen Sie die Anwendung sofort ab und wenden Sie sich sofort an einen Arzt.<\/li>\n<li>Kontakt mit den Augen vermeiden. Wenn das Produkt in die Augen gelangt, sofort mit reichlich sauberem Wasser aussp\u00fclen.<\/li>\n<li>Au\u00dferhalb der Reichweite von Kindern aufbewahren.<\/li>\n<li>Nicht schlucken. Wenden Sie sich bei Verschlucken an einen Arzt oder eine Giftnotrufzentrale.<\/li>\n<\/ol>\n","protected":false},"excerpt":{"rendered":"<p><span class=\"\" title=\"\"> <span style=\"vertical-align: inherit\"> <span style=\"vertical-align: inherit\"> Eine pflegende Fu\u00dfmaske mit 5 Pflanzen\u00f6len zur Behandlung von Rauhigkeit Ferse und die Entfernung abgestorbener Hautzellen. <\/span> <\/span> <\/span> <span class=\"\" title=\"\"> <span> <span> \u0397 Hochkonzentrierte, trockene Substanz sorgt f\u00fcr ein problemlos erfrischtes und elastisches Fu\u00dfgef\u00fchl.<\/span> <\/span> <\/span><\/p>\n","protected":false},"featured_media":7816,"comment_status":"open","ping_status":"closed","template":"","meta":{"content-type":"","site-sidebar-layout":"default","site-content-layout":"default","ast-site-content-layout":"default","site-content-style":"default","site-sidebar-style":"default","ast-global-header-display":"","ast-banner-title-visibility":"","ast-main-header-display":"","ast-hfb-above-header-display":"","ast-hfb-below-header-display":"","ast-hfb-mobile-header-display":"","site-post-title":"","ast-breadcrumbs-content":"","ast-featured-img":"","footer-sml-layout":"","ast-disable-related-posts":"","theme-transparent-header-meta":"default","adv-header-id-meta":"","stick-header-meta":"","header-above-stick-meta":"","header-main-stick-meta":"","header-below-stick-meta":"","astra-migrate-meta-layouts":"default","ast-page-background-enabled":"default","ast-page-background-meta":{"desktop":{"background-color":"","background-image":"","background-repeat":"repeat","background-position":"center center","background-size":"auto","background-attachment":"scroll","background-type":"","background-media":"","overlay-type":"","overlay-color":"","overlay-opacity":"","overlay-gradient":""},"tablet":{"background-color":"","background-image":"","background-repeat":"repeat","background-position":"center center","background-size":"auto","background-attachment":"scroll","background-type":"","background-media":"","overlay-type":"","overlay-color":"","overlay-opacity":"","overlay-gradient":""},"mobile":{"background-color":"","background-image":"","background-repeat":"repeat","background-position":"center center","background-size":"auto","background-attachment":"scroll","background-type":"","background-media":"","overlay-type":"","overlay-color":"","overlay-opacity":"","overlay-gradient":""}},"ast-content-background-meta":{"desktop":{"background-color":"var(--ast-global-color-5)","background-image":"","background-repeat":"repeat","background-position":"center center","background-size":"auto","background-attachment":"scroll","background-type":"","background-media":"","overlay-type":"","overlay-color":"","overlay-opacity":"","overlay-gradient":""},"tablet":{"background-color":"var(--ast-global-color-5)","background-image":"","background-repeat":"repeat","background-position":"center center","background-size":"auto","background-attachment":"scroll","background-type":"","background-media":"","overlay-type":"","overlay-color":"","overlay-opacity":"","overlay-gradient":""},"mobile":{"background-color":"var(--ast-global-color-5)","background-image":"","background-repeat":"repeat","background-position":"center center","background-size":"auto","background-attachment":"scroll","background-type":"","background-media":"","overlay-type":"","overlay-color":"","overlay-opacity":"","overlay-gradient":""}}},"product_brand":[],"product_cat":[138,113,327,116,71],"product_tag":[],"class_list":{"0":"post-7836","1":"product","2":"type-product","3":"status-publish","4":"has-post-thumbnail","6":"product_cat-g9-skin","7":"product_cat-spezielle-produkte","8":"product_cat-new-arrivals","9":"product_cat-fusspflege","10":"product_cat-koerperpflege","11":"desktop-align-center","12":"tablet-align-center","13":"mobile-align-center","15":"first","16":"outofstock","17":"taxable","18":"shipping-taxable","19":"purchasable","20":"product-type-simple"},"_links":{"self":[{"href":"https:\/\/tomyklou.gr\/de\/wp-json\/wp\/v2\/product\/7836","targetHints":{"allow":["GET"]}}],"collection":[{"href":"https:\/\/tomyklou.gr\/de\/wp-json\/wp\/v2\/product"}],"about":[{"href":"https:\/\/tomyklou.gr\/de\/wp-json\/wp\/v2\/types\/product"}],"replies":[{"embeddable":true,"href":"https:\/\/tomyklou.gr\/de\/wp-json\/wp\/v2\/comments?post=7836"}],"wp:featuredmedia":[{"embeddable":true,"href":"https:\/\/tomyklou.gr\/de\/wp-json\/wp\/v2\/media\/7816"}],"wp:attachment":[{"href":"https:\/\/tomyklou.gr\/de\/wp-json\/wp\/v2\/media?parent=7836"}],"wp:term":[{"taxonomy":"product_brand","embeddable":true,"href":"https:\/\/tomyklou.gr\/de\/wp-json\/wp\/v2\/product_brand?post=7836"},{"taxonomy":"product_cat","embeddable":true,"href":"https:\/\/tomyklou.gr\/de\/wp-json\/wp\/v2\/product_cat?post=7836"},{"taxonomy":"product_tag","embeddable":true,"href":"https:\/\/tomyklou.gr\/de\/wp-json\/wp\/v2\/product_tag?post=7836"}],"curies":[{"name":"wp","href":"https:\/\/api.w.org\/{rel}","templated":true}]}}