{"id":7838,"date":"2023-07-09T23:45:28","date_gmt":"2023-07-09T21:45:28","guid":{"rendered":"https:\/\/tomyklou.gr\/product\/g9-skin-self-aesthetic-rose-hydrogel-lip-patch-1ea\/"},"modified":"2026-02-22T18:38:51","modified_gmt":"2026-02-22T16:38:51","slug":"g9-skin-self-aesthetic-rose-hydrogel-lip-patch-1ea","status":"publish","type":"product","link":"https:\/\/tomyklou.gr\/de\/product\/g9-skin-self-aesthetic-rose-hydrogel-lip-patch-1ea\/","title":{"rendered":"G9 SKIN Self aesthetic rose hydrogel lip patch (1ea)"},"content":{"rendered":"<h3>Anwendung<\/h3>\n<ol>\n<li>Passen Sie nach der Gesichtsreinigung die Hautstruktur mit Toner an.<\/li>\n<li>Rei\u00dfen Sie die transparente Folie ab und platzieren Sie das Pflaster auf Ihren Lippen.<\/li>\n<li>Entfernen Sie nach 15 &#8211; 30 Minuten das Pflaster und tupfen Sie die restliche Essenz zur Aufnahme auf.<\/li>\n<\/ol>\n<h3>Hauptinhaltsstoffe<\/h3>\n<p>Aqua, Glycerin, Dipropylene Glycol, Chondrus Crispus Powder, Butylene Glycol, Ceratonia Siliqua Gum, Xanthan Gum, Panthenol, Allantoin, Phenoxyethanol, PEG-60Hydrogenated Castor Oil, Chlorphenesin, Agar, Cyamopsis Tetragonoloba (Guar) Gum, Fragrance, Rosa Centifolia Flower Water, Calcium Lactate, Adenosine, Potassium Chloride, Glucose, Disodium EDTA, CI 73360, Honey Extract, Hibiscus Sabdariffa Flower Extract, Eucalyptus Globulus Leaf Extract, Origanum Vulgare Leaf Extract, Nelumbo Nucifera Flower Water, Linum Usitatissimum (Linseed) Seed Extract, Hedera Helix (Ivy) Leaf Extract, Salvia Hispanica Seed Extract, Camellia Sinensis Leaf Extract, Pinus Sylvestris Leaf Extract, Niacinamide, Aloe Barbadensis Leaf Juice Powder, 1,2-Hexanediol, Sodium Hyaluronate, Maltodextrin, Hydrolyzed Collagen<\/p>\n<h3>Warnhinweise<\/h3>\n<ol>\n<li>Nur zur \u00e4u\u00dferlichen Anwendung geeignet.<\/li>\n<li>Nicht auf verletzte Haut oder auf Wunden auftragen.<\/li>\n<li>Sollten Nebenwirkungen wie Irritationen oder Ausschlag eintreten, Anwendung sofort beenden und unverz\u00fcglich an einen Arzt wenden.<\/li>\n<li>Kontakt mit den Augen vermeiden. Sollte das Produkt ins Auge gelangen, das Auge sofort gr\u00fcndlich mit klarem Wasser aussp\u00fclen.<\/li>\n<li>Au\u00dfer Reichweite von Kindern aufbewahren.<\/li>\n<li>Nicht schlucken. Bei Verschlucken Arzt oder Giftzentrale aufsuchen.<\/li>\n<\/ol>\n","protected":false},"excerpt":{"rendered":"<p>Ein gro\u00dfformatiges Lippenpflaster, das Falten im Lippenbereich verbessert. Rosenwasser und Hyalurons\u00e4ure spenden Ihren Lippen Feuchtigkeit, w\u00e4hrend Collagen- und Honigextrakte Ihre Lippen vielseitig pflegen.<\/p>\n","protected":false},"featured_media":7821,"comment_status":"open","ping_status":"closed","template":"","meta":{"content-type":"","site-sidebar-layout":"default","site-content-layout":"default","ast-site-content-layout":"default","site-content-style":"default","site-sidebar-style":"default","ast-global-header-display":"","ast-banner-title-visibility":"","ast-main-header-display":"","ast-hfb-above-header-display":"","ast-hfb-below-header-display":"","ast-hfb-mobile-header-display":"","site-post-title":"","ast-breadcrumbs-content":"","ast-featured-img":"","footer-sml-layout":"","ast-disable-related-posts":"","theme-transparent-header-meta":"default","adv-header-id-meta":"","stick-header-meta":"","header-above-stick-meta":"","header-main-stick-meta":"","header-below-stick-meta":"","astra-migrate-meta-layouts":"default","ast-page-background-enabled":"default","ast-page-background-meta":{"desktop":{"background-color":"","background-image":"","background-repeat":"repeat","background-position":"center center","background-size":"auto","background-attachment":"scroll","background-type":"","background-media":"","overlay-type":"","overlay-color":"","overlay-opacity":"","overlay-gradient":""},"tablet":{"background-color":"","background-image":"","background-repeat":"repeat","background-position":"center center","background-size":"auto","background-attachment":"scroll","background-type":"","background-media":"","overlay-type":"","overlay-color":"","overlay-opacity":"","overlay-gradient":""},"mobile":{"background-color":"","background-image":"","background-repeat":"repeat","background-position":"center center","background-size":"auto","background-attachment":"scroll","background-type":"","background-media":"","overlay-type":"","overlay-color":"","overlay-opacity":"","overlay-gradient":""}},"ast-content-background-meta":{"desktop":{"background-color":"var(--ast-global-color-5)","background-image":"","background-repeat":"repeat","background-position":"center center","background-size":"auto","background-attachment":"scroll","background-type":"","background-media":"","overlay-type":"","overlay-color":"","overlay-opacity":"","overlay-gradient":""},"tablet":{"background-color":"var(--ast-global-color-5)","background-image":"","background-repeat":"repeat","background-position":"center center","background-size":"auto","background-attachment":"scroll","background-type":"","background-media":"","overlay-type":"","overlay-color":"","overlay-opacity":"","overlay-gradient":""},"mobile":{"background-color":"var(--ast-global-color-5)","background-image":"","background-repeat":"repeat","background-position":"center center","background-size":"auto","background-attachment":"scroll","background-type":"","background-media":"","overlay-type":"","overlay-color":"","overlay-opacity":"","overlay-gradient":""}}},"product_brand":[],"product_cat":[321,138,327,31,328],"product_tag":[67],"class_list":{"0":"post-7838","1":"product","2":"type-product","3":"status-publish","4":"has-post-thumbnail","6":"product_cat-spezialbehandlung","7":"product_cat-g9-skin","8":"product_cat-new-arrivals","9":"product_cat-gesicht","10":"product_cat-lippenpflege","11":"product_tag-spezialbehandlung","12":"desktop-align-center","13":"tablet-align-center","14":"mobile-align-center","16":"first","17":"outofstock","18":"taxable","19":"shipping-taxable","20":"purchasable","21":"product-type-simple"},"_links":{"self":[{"href":"https:\/\/tomyklou.gr\/de\/wp-json\/wp\/v2\/product\/7838","targetHints":{"allow":["GET"]}}],"collection":[{"href":"https:\/\/tomyklou.gr\/de\/wp-json\/wp\/v2\/product"}],"about":[{"href":"https:\/\/tomyklou.gr\/de\/wp-json\/wp\/v2\/types\/product"}],"replies":[{"embeddable":true,"href":"https:\/\/tomyklou.gr\/de\/wp-json\/wp\/v2\/comments?post=7838"}],"wp:featuredmedia":[{"embeddable":true,"href":"https:\/\/tomyklou.gr\/de\/wp-json\/wp\/v2\/media\/7821"}],"wp:attachment":[{"href":"https:\/\/tomyklou.gr\/de\/wp-json\/wp\/v2\/media?parent=7838"}],"wp:term":[{"taxonomy":"product_brand","embeddable":true,"href":"https:\/\/tomyklou.gr\/de\/wp-json\/wp\/v2\/product_brand?post=7838"},{"taxonomy":"product_cat","embeddable":true,"href":"https:\/\/tomyklou.gr\/de\/wp-json\/wp\/v2\/product_cat?post=7838"},{"taxonomy":"product_tag","embeddable":true,"href":"https:\/\/tomyklou.gr\/de\/wp-json\/wp\/v2\/product_tag?post=7838"}],"curies":[{"name":"wp","href":"https:\/\/api.w.org\/{rel}","templated":true}]}}