{"id":7850,"date":"2023-07-09T23:50:38","date_gmt":"2023-07-09T21:50:38","guid":{"rendered":"https:\/\/tomyklou.gr\/product\/g9-skin-white-in-milk-sun-plus-spf50-pa-40ml\/"},"modified":"2026-02-22T18:38:51","modified_gmt":"2026-02-22T16:38:51","slug":"g9-skin-white-in-milk-sun-plus-spf50-pa-40ml","status":"publish","type":"product","link":"https:\/\/tomyklou.gr\/de\/product\/g9-skin-white-in-milk-sun-plus\/","title":{"rendered":"G9 SKIN White In Milk Sun Plus SPF50+\/PA+++, 40ml"},"content":{"rendered":"<h3>Anwendung<\/h3>\n<p>Nehmen Sie im letzten Schritt des Basis-Make-ups eine angemessene Menge und verteilen Sie sie gleichm\u00e4\u00dfig auf der Haut, die UV-Strahlen ausgesetzt ist.<\/p>\n<h3>Hauptinhaltsstoffe<\/h3>\n<p>Purified Water, Dibutyl Adipate, Propanediol, Diisopropyl Sebacate, Ethylhexyl Triazone, Terephthalylidene Dicamphor Sulfonic Acid, Ethanol, Niacinamide, Polyglyceryl-3 Distearate, Tromethamine, Glycerin, Cetearyl Alcohol, 1,2-Hexanediol, Pentylene Glycol, Diethylamino Hydroxybenzoyl Hexyl Benzoate, Caprylyl Methicone, Polysilicone-15, Cranberry Extract, Raspberry Extract, Blueberry Extract, Mulberry Root Extract, Strawberry Extract, Sodium Hyaluronate, Polymethylsilsesquioxane, Caprylic\/\u200bCapric\/\u200bSuccinic Triglyceride, Glyceryl Stearate, Bis-Ethylhexyloxyphenol Methoxyphenyl Triazine, Potassium Cetyl Phosphate, Methylpropanediol, Ammonium Acryloyldimethyl Taurate\/\u200bVP Copolymer, Ammonium Polyacryloyldimethyl Taurate, Glyceryl Stearate Citrate, Carbomer, Ethylhexyl-Glycerin, Adenosine, Acrylate\/\u200bC10-30 Alkyl Acrylate Crosspolymer, Sodium Polyacrylate, Polyether-1, T-Butyl Alcohol, Biosaccharide Gum-1, Milk Protein, Tocopherol, Butylene Glycol, Glutathione, Ascorbic Acid, Fragrance<\/p>\n<h3>Warnhinweise<\/h3>\n<ol>\n<li>Nur zur \u00e4u\u00dferlichen Anwendung geeignet.<\/li>\n<li>Nicht auf verletzte Haut oder auf Wunden auftragen.<\/li>\n<li>Sollten Nebenwirkungen wie Irritationen oder Ausschlag eintreten, Anwendung sofort beenden und unverz\u00fcglich an einen Arzt wenden.<\/li>\n<li>Kontakt mit den Augen vermeiden. Sollte das Produkt ins Auge gelangen, das Auge sofort gr\u00fcndlich mit klarem Wasser aussp\u00fclen.<\/li>\n<li>Au\u00dfer Reichweite von Kindern aufbewahren.<\/li>\n<li>Nicht schlucken. Bei Verschlucken Arzt oder Giftzentrale aufsuchen.<\/li>\n<\/ol>\n","protected":false},"excerpt":{"rendered":"<p>Sonnencreme mit Aufhellungsfunktion f\u00fcr die t\u00e4gliche Pflege, die leicht einzieht, als w\u00fcrde sie ohne Aufhellung aufgetragen<br \/>\n1. Echte, beruhigende Sonnencreme mit gr\u00fcnen Sorten aller Inhaltsstoffe<br \/>\n2. 5 Arten von Berry Complex sorgen f\u00fcr Ern\u00e4hrung<br \/>\n3. Hilft bei der Aufhellungsfunktion: Enth\u00e4lt Niacinamid, Glutathion und Ascorbins\u00e4ure, um bei regelm\u00e4\u00dfiger Anwendung zum Aufhellen beizutragen<\/p>\n","protected":false},"featured_media":7847,"comment_status":"open","ping_status":"closed","template":"","meta":{"content-type":"","site-sidebar-layout":"default","site-content-layout":"default","ast-site-content-layout":"default","site-content-style":"default","site-sidebar-style":"default","ast-global-header-display":"","ast-banner-title-visibility":"","ast-main-header-display":"","ast-hfb-above-header-display":"","ast-hfb-below-header-display":"","ast-hfb-mobile-header-display":"","site-post-title":"","ast-breadcrumbs-content":"","ast-featured-img":"","footer-sml-layout":"","ast-disable-related-posts":"","theme-transparent-header-meta":"default","adv-header-id-meta":"","stick-header-meta":"","header-above-stick-meta":"","header-main-stick-meta":"","header-below-stick-meta":"","astra-migrate-meta-layouts":"set","ast-page-background-enabled":"default","ast-page-background-meta":{"desktop":{"background-color":"","background-image":"","background-repeat":"repeat","background-position":"center center","background-size":"auto","background-attachment":"scroll","background-type":"","background-media":"","overlay-type":"","overlay-color":"","overlay-opacity":"","overlay-gradient":""},"tablet":{"background-color":"","background-image":"","background-repeat":"repeat","background-position":"center center","background-size":"auto","background-attachment":"scroll","background-type":"","background-media":"","overlay-type":"","overlay-color":"","overlay-opacity":"","overlay-gradient":""},"mobile":{"background-color":"","background-image":"","background-repeat":"repeat","background-position":"center center","background-size":"auto","background-attachment":"scroll","background-type":"","background-media":"","overlay-type":"","overlay-color":"","overlay-opacity":"","overlay-gradient":""}},"ast-content-background-meta":{"desktop":{"background-color":"var(--ast-global-color-5)","background-image":"","background-repeat":"repeat","background-position":"center center","background-size":"auto","background-attachment":"scroll","background-type":"","background-media":"","overlay-type":"","overlay-color":"","overlay-opacity":"","overlay-gradient":""},"tablet":{"background-color":"var(--ast-global-color-5)","background-image":"","background-repeat":"repeat","background-position":"center center","background-size":"auto","background-attachment":"scroll","background-type":"","background-media":"","overlay-type":"","overlay-color":"","overlay-opacity":"","overlay-gradient":""},"mobile":{"background-color":"var(--ast-global-color-5)","background-image":"","background-repeat":"repeat","background-position":"center center","background-size":"auto","background-attachment":"scroll","background-type":"","background-media":"","overlay-type":"","overlay-color":"","overlay-opacity":"","overlay-gradient":""}}},"product_brand":[],"product_cat":[313,138,113,327,31,71],"product_tag":[36],"class_list":{"0":"post-7850","1":"product","2":"type-product","3":"status-publish","4":"has-post-thumbnail","6":"product_cat-gesichtssonnencreme","7":"product_cat-g9-skin","8":"product_cat-spezielle-produkte","9":"product_cat-new-arrivals","10":"product_cat-gesicht","11":"product_cat-koerperpflege","12":"product_tag-sonnenschutz","13":"desktop-align-center","14":"tablet-align-center","15":"mobile-align-center","17":"first","18":"outofstock","19":"featured","20":"taxable","21":"shipping-taxable","22":"purchasable","23":"product-type-simple"},"_links":{"self":[{"href":"https:\/\/tomyklou.gr\/de\/wp-json\/wp\/v2\/product\/7850","targetHints":{"allow":["GET"]}}],"collection":[{"href":"https:\/\/tomyklou.gr\/de\/wp-json\/wp\/v2\/product"}],"about":[{"href":"https:\/\/tomyklou.gr\/de\/wp-json\/wp\/v2\/types\/product"}],"replies":[{"embeddable":true,"href":"https:\/\/tomyklou.gr\/de\/wp-json\/wp\/v2\/comments?post=7850"}],"wp:featuredmedia":[{"embeddable":true,"href":"https:\/\/tomyklou.gr\/de\/wp-json\/wp\/v2\/media\/7847"}],"wp:attachment":[{"href":"https:\/\/tomyklou.gr\/de\/wp-json\/wp\/v2\/media?parent=7850"}],"wp:term":[{"taxonomy":"product_brand","embeddable":true,"href":"https:\/\/tomyklou.gr\/de\/wp-json\/wp\/v2\/product_brand?post=7850"},{"taxonomy":"product_cat","embeddable":true,"href":"https:\/\/tomyklou.gr\/de\/wp-json\/wp\/v2\/product_cat?post=7850"},{"taxonomy":"product_tag","embeddable":true,"href":"https:\/\/tomyklou.gr\/de\/wp-json\/wp\/v2\/product_tag?post=7850"}],"curies":[{"name":"wp","href":"https:\/\/api.w.org\/{rel}","templated":true}]}}