{"id":7861,"date":"2023-07-12T16:24:20","date_gmt":"2023-07-12T14:24:20","guid":{"rendered":"https:\/\/tomyklou.gr\/product\/import-placeholder-for-its-1001-8809454024103\/"},"modified":"2026-02-22T18:38:50","modified_gmt":"2026-02-22T16:38:50","slug":"its-skin-hyaluronic-acid-moisture-mask-sheet","status":"publish","type":"product","link":"https:\/\/tomyklou.gr\/de\/product\/its-skin-hyaluronic-acid-moisture-mask-sheet\/","title":{"rendered":"It's Skin Hyaluronic Acid Moisture Mask Sheet"},"content":{"rendered":"<h3>Anwendung<\/h3>\n<ol>\n<li>Entfernen Sie die Folie und legen Sie die Maske auf das gereinigte Gesicht.<\/li>\n<li>Lassen Sie die Maske f\u00fcr 15-20 Minuten einwirken und entfernen Sie sie anschlie\u00dfend vorsichtig.<\/li>\n<li>Tupfen Sie das restliche Serum in die Haut ein, bis es vollst\u00e4ndig eingezogen ist.<\/li>\n<li>Kombinieren Sie das Produkt mit It&#8217;s Skin Hyaluronic Acid Moisture<a href=\"https:\/\/tomyklou.gr\/product\/its-skin-hyaluronic-acid-moisture-toner\/\">\u00a0<\/a><span style=\"font-size: 16px;font-style: normal;font-weight: 400\"><a href=\"https:\/\/tomyklou.gr\/product\/its-skin-hyaluronic-acid-moisture-toner\/\">Toner<\/a>,\u00a0<\/span><span style=\"font-size: 16px;font-style: normal;font-weight: 400\"><a href=\"https:\/\/tomyklou.gr\/product\/its-skin-hyaluronic-acid-moisture-serum\/\">Serum<\/a>, <\/span><a href=\"https:\/\/tomyklou.gr\/product\/its-skin-hyaluronic-acid-moisture-eye-cream\/\">Eye Cream<\/a>,\u00a0<a href=\"https:\/\/tomyklou.gr\/product\/its-skin-hyaluronic-acid-moisture-emulsion\/\">Emulsion<\/a>\u00a0und <a href=\"https:\/\/tomyklou.gr\/product\/its-skin-hyaluronic-acid-moisture-cream\/\">Cream<\/a>, um verbesserte Ergebnisse zu erzielen.<\/li>\n<\/ol>\n<h3>Inhaltsstoffe<\/h3>\n<p>Water, Dipropylene Glycol, Glycerin, Caprylic\/Capric Triglyceride, Sodium Hyaluronate, Methylpropanediol, Propanediol, Portulaca Oleracea Extract, Vaccinium Angustifolium (Blueberry) Fruit Extract, Hydroxyethylcellulose, Carbomer, Arginine, Sorbitan Stearate, Sucrose Cocoate, Sorbitan Sesquioleate, Disodium Edta, Chlorphenesin, Glycyrrhiza Glabra (Licorice) Root Extract, Zingiber Officinale (Ginger) Root Extract, Schizandra Chinensis Fruit Extract, Coptis Japonica Root Extract, Camellia Sinensis Leaf Extract, Caprylyl Glycol, Butylene Glycol, 1,2-Hexanediol, Citrus Grandis (Grapefruit) Seed Extract, Acorus Calamus Root Extract, Perilla Ocymoides Leaf Extract, Fragrance<\/p>\n<p>*Eine Ver\u00e4nderung der Inhaltsstoffe unterliegt dem Ermessen des Herstellers. Willst du vor dem Kauf ganz sicher gehen? Dann kontaktiere uns f\u00fcr ein Foto der aktuellen Produktverpackung.<\/p>\n<h3>Warnhinweise<\/h3>\n<ol>\n<li>Nur zur \u00e4u\u00dferlichen Anwendung geeignet.<\/li>\n<li>Nicht auf verletzte Haut oder auf Wunden auftragen.<\/li>\n<li>Sollten Nebenwirkungen wie Irritationen oder Ausschlag eintreten, Anwendung sofort beenden und unverz\u00fcglich an einen Arzt wenden.<\/li>\n<li>Kontakt mit den Augen vermeiden. Sollte das Produkt ins Auge gelangen, das Auge sofort gr\u00fcndlich mit klarem Wasser aussp\u00fclen.<\/li>\n<li>Au\u00dfer Reichweite von Kindern aufbewahren.<\/li>\n<li>Nicht schlucken. Bei Verschlucken Arzt oder Giftzentrale aufsuchen.<\/li>\n<\/ol>\n","protected":false},"excerpt":{"rendered":"<p>Das weiche, seidig klare Blatt passt sanft zum nackten Siegelblatt.<br \/>\n&#8211; Aloe: Enthaltener Aloe-Extrakt, der beruhigend und feuchtigkeitsspendend wirkt.<br \/>\n&#8211; Gr\u00fcner Tee: Gr\u00fcner Tee-Extrakt mit reichhaltiger Feuchtigkeit verleiht rauer Haut frische und strahlende Feuchtigkeit und spendet der Haut reichhaltige Feuchtigkeit.<br \/>\n&#8211; Kollagen: Kollagenextrakt f\u00fcr die elastische Pflege der Haut verleiht der Haut eine elastische N\u00e4hrstoffelastizit\u00e4t. Verleiht Glanz und st\u00e4rkt die Hautpflege.<br \/>\n&#8211; Hyalurons\u00e4ure: Feuchtigkeitspflege mit nat\u00fcrlichen Feuchtigkeitspartikeln, Hyalurons\u00e4ure pflegt die Haut mit trockener Haut. Verbessern Sie die Hautfeuchtigkeit f\u00fcr hydratisierte Haut.<\/p>\n<p>Kombinieren Sie das Produkt mit It&#8217;s Skin Hyaluronic Acid Moisture\u00a0Toner,\u00a0Serum, Eye Cream,\u00a0Emulsion\u00a0und Cream, um verbesserte Ergebnisse zu erzielen.<\/p>\n","protected":false},"featured_media":7880,"comment_status":"open","ping_status":"closed","template":"","meta":{"content-type":"","site-sidebar-layout":"default","site-content-layout":"default","ast-site-content-layout":"default","site-content-style":"default","site-sidebar-style":"default","ast-global-header-display":"","ast-banner-title-visibility":"","ast-main-header-display":"","ast-hfb-above-header-display":"","ast-hfb-below-header-display":"","ast-hfb-mobile-header-display":"","site-post-title":"","ast-breadcrumbs-content":"","ast-featured-img":"","footer-sml-layout":"","ast-disable-related-posts":"","theme-transparent-header-meta":"default","adv-header-id-meta":"","stick-header-meta":"","header-above-stick-meta":"","header-main-stick-meta":"","header-below-stick-meta":"","astra-migrate-meta-layouts":"default","ast-page-background-enabled":"default","ast-page-background-meta":{"desktop":{"background-color":"","background-image":"","background-repeat":"repeat","background-position":"center center","background-size":"auto","background-attachment":"scroll","background-type":"","background-media":"","overlay-type":"","overlay-color":"","overlay-opacity":"","overlay-gradient":""},"tablet":{"background-color":"","background-image":"","background-repeat":"repeat","background-position":"center center","background-size":"auto","background-attachment":"scroll","background-type":"","background-media":"","overlay-type":"","overlay-color":"","overlay-opacity":"","overlay-gradient":""},"mobile":{"background-color":"","background-image":"","background-repeat":"repeat","background-position":"center center","background-size":"auto","background-attachment":"scroll","background-type":"","background-media":"","overlay-type":"","overlay-color":"","overlay-opacity":"","overlay-gradient":""}},"ast-content-background-meta":{"desktop":{"background-color":"var(--ast-global-color-5)","background-image":"","background-repeat":"repeat","background-position":"center center","background-size":"auto","background-attachment":"scroll","background-type":"","background-media":"","overlay-type":"","overlay-color":"","overlay-opacity":"","overlay-gradient":""},"tablet":{"background-color":"var(--ast-global-color-5)","background-image":"","background-repeat":"repeat","background-position":"center center","background-size":"auto","background-attachment":"scroll","background-type":"","background-media":"","overlay-type":"","overlay-color":"","overlay-opacity":"","overlay-gradient":""},"mobile":{"background-color":"var(--ast-global-color-5)","background-image":"","background-repeat":"repeat","background-position":"center center","background-size":"auto","background-attachment":"scroll","background-type":"","background-media":"","overlay-type":"","overlay-color":"","overlay-opacity":"","overlay-gradient":""}}},"product_brand":[],"product_cat":[316,319,146,31],"product_tag":[34],"class_list":{"0":"post-7861","1":"product","2":"type-product","3":"status-publish","4":"has-post-thumbnail","6":"product_cat-gesichtsmaske","7":"product_cat-gesichtsserum","8":"product_cat-its-skin","9":"product_cat-gesicht","10":"product_tag-sheet","11":"desktop-align-center","12":"tablet-align-center","13":"mobile-align-center","15":"first","16":"outofstock","17":"taxable","18":"shipping-taxable","19":"purchasable","20":"product-type-simple"},"_links":{"self":[{"href":"https:\/\/tomyklou.gr\/de\/wp-json\/wp\/v2\/product\/7861","targetHints":{"allow":["GET"]}}],"collection":[{"href":"https:\/\/tomyklou.gr\/de\/wp-json\/wp\/v2\/product"}],"about":[{"href":"https:\/\/tomyklou.gr\/de\/wp-json\/wp\/v2\/types\/product"}],"replies":[{"embeddable":true,"href":"https:\/\/tomyklou.gr\/de\/wp-json\/wp\/v2\/comments?post=7861"}],"wp:featuredmedia":[{"embeddable":true,"href":"https:\/\/tomyklou.gr\/de\/wp-json\/wp\/v2\/media\/7880"}],"wp:attachment":[{"href":"https:\/\/tomyklou.gr\/de\/wp-json\/wp\/v2\/media?parent=7861"}],"wp:term":[{"taxonomy":"product_brand","embeddable":true,"href":"https:\/\/tomyklou.gr\/de\/wp-json\/wp\/v2\/product_brand?post=7861"},{"taxonomy":"product_cat","embeddable":true,"href":"https:\/\/tomyklou.gr\/de\/wp-json\/wp\/v2\/product_cat?post=7861"},{"taxonomy":"product_tag","embeddable":true,"href":"https:\/\/tomyklou.gr\/de\/wp-json\/wp\/v2\/product_tag?post=7861"}],"curies":[{"name":"wp","href":"https:\/\/api.w.org\/{rel}","templated":true}]}}