{"id":7863,"date":"2023-07-12T16:24:20","date_gmt":"2023-07-12T14:24:20","guid":{"rendered":"https:\/\/tomyklou.gr\/product\/import-placeholder-for-its-1009-8809323738346\/"},"modified":"2026-02-22T18:38:51","modified_gmt":"2026-02-22T16:38:51","slug":"its-skin-hyaluronic-acid-moisture-toner-150ml","status":"publish","type":"product","link":"https:\/\/tomyklou.gr\/de\/product\/its-skin-hyaluronic-acid-moisture-toner-150ml\/","title":{"rendered":"It's Skin Hyaluronic Acid Moisture Toner 150ml"},"content":{"rendered":"<h3>Anwendung<\/h3>\n<ol>\n<li>Tragen Sie morgens und abends mit einem Wattepad eine geeignete Menge auf die gereinigte Haut auf.<\/li>\n<li>Kombinieren Sie das Produkt mit It&#8217;s Skin Hyaluronic Acid Moisture<a href=\"https:\/\/tomyklou.gr\/product\/its-skin-hyaluronic-acid-moisture-toner\/\">\u00a0<\/a><span style=\"font-size: 16px;font-style: normal;font-weight: 400\"><a href=\"https:\/\/tomyklou.gr\/product\/its-skin-hyaluronic-acid-moisture-mask-sheet\/\">Gesichtsmaske<\/a>,\u00a0<\/span><span style=\"font-size: 16px;font-style: normal;font-weight: 400\"><a href=\"https:\/\/tomyklou.gr\/product\/its-skin-hyaluronic-acid-moisture-serum\/\">Serum<\/a>, <\/span><a href=\"https:\/\/tomyklou.gr\/product\/its-skin-hyaluronic-acid-moisture-eye-cream\/\">Eye Cream<\/a>,\u00a0<a href=\"https:\/\/tomyklou.gr\/product\/its-skin-hyaluronic-acid-moisture-emulsion\/\">Emulsion<\/a>\u00a0und <a href=\"https:\/\/tomyklou.gr\/product\/its-skin-hyaluronic-acid-moisture-cream\/\">Cream<\/a>, um verbesserte Ergebnisse zu erzielen.<\/li>\n<\/ol>\n<h3>Inhaltsstoffe<\/h3>\n<p><span class=\"\" role=\"listitem\">Water,\u00a0<\/span><span class=\"\" role=\"listitem\">Butylene Glycol,\u00a0<\/span><span class=\"\" role=\"listitem\">Hydroxyethyl Acrylate\/\u200bSodium Acryloyldimethyl Taurate Copolymer,\u00a0<\/span><span class=\"\" role=\"listitem\">Malpighia Emarginata (Acerola) Fruit Extract,\u00a0<\/span><span class=\"\" role=\"listitem\">Trehalose,\u00a0<\/span><span class=\"\" role=\"listitem\"><span class=\"italic\">PEG-40<\/span>\u00a0Hydrogenated Castor Oil,\u00a0<\/span><span class=\"\" role=\"listitem\">PPG-26-Buteth -26,\u00a0<\/span><span class=\"\" role=\"listitem\">Caprylyl Glycol,\u00a0<span class=\"showmore-mobile\" role=\"listitem\">Portulaca Oleracea Extract,\u00a0<\/span><span class=\"showmore-mobile\" role=\"listitem\">Ethylhexylglycerin,\u00a0<\/span><span class=\"showmore-mobile\" role=\"listitem\">Fragrance,\u00a0<\/span><span class=\"showmore-mobile\" role=\"listitem\">Vaccinium Angustifolium (Blueberry) Fruit Extract,\u00a0<\/span><span class=\"showmore-mobile\" role=\"listitem\">Benzophenone-4,\u00a0<\/span><span class=\"showmore-mobile\" role=\"listitem\">Triethanolamine,\u00a0<\/span><span class=\"showmore-mobile\" role=\"listitem\">Sodium Hyaluronate,\u00a0<\/span><span class=\"showmore-mobile\" role=\"listitem\">Disodium EDTA,\u00a0<\/span><span class=\"showmore-mobile\" role=\"listitem\">Linalool,\u00a0<\/span><span class=\"showmore-mobile\" role=\"listitem\">Hibiscus Sabdariffa Flower Extract,\u00a0<\/span><span class=\"showmore-mobile\" role=\"listitem\">Butylphenyl Methylpropional,\u00a0<\/span><span class=\"showmore-mobile\" role=\"listitem\">Citronellol,\u00a0<\/span><span class=\"showmore-mobile\" role=\"listitem\">Hexyl Cinnamal<\/span><\/span><\/p>\n<h3>Warnhinweise<\/h3>\n<ol>\n<li>Nur zur \u00e4u\u00dferlichen Anwendung geeignet.<\/li>\n<li>Nicht auf verletzte Haut oder auf Wunden auftragen.<\/li>\n<li>Sollten Nebenwirkungen wie Irritationen oder Ausschlag eintreten, Anwendung sofort beenden und unverz\u00fcglich an einen Arzt wenden.<\/li>\n<li>Kontakt mit den Augen vermeiden. Sollte das Produkt ins Auge gelangen, das Auge sofort gr\u00fcndlich mit klarem Wasser aussp\u00fclen.<\/li>\n<li>Au\u00dfer Reichweite von Kindern aufbewahren.<\/li>\n<li>Nicht schlucken. Bei Verschlucken Arzt oder Giftzentrale aufsuchen.<\/li>\n<\/ol>\n","protected":false},"excerpt":{"rendered":"<p>It&#8217;s Skin Hyaluronic Acid Moisture Toner:<\/p>\n<p>Ein feuchtigkeitsspendender Toner, der den nat\u00fcrlichen Feuchtigkeitsfaktor Hyalurons\u00e4ure f\u00fcr befeuchtete Haut und Malpighia Glaba (Acerola) Fruchtextrakt enth\u00e4lt, eine reichhaltige Vitamin C-Quelle, die f\u00fcr eine kl\u00e4rende und reinigende Pflege sorgt und die Haut f\u00fcr lange Stunden mit Feuchtigkeit versorgt Hauttextur.<br \/>\nMoisture System Moisture Toner, der eine feuchte und glatte Haut erzeugt<br \/>\nIntensive Feuchtigkeitspflege f\u00fcr verbesserte Vitalit\u00e4t und Belastbarkeit<\/p>\n<p>Kombinieren Sie das Produkt mit It&#8217;s Skin Hyaluronic Acid Moisture\u00a0Gesichtsmaske,\u00a0Serum, Eye Cream,\u00a0Emulsion\u00a0und Cream, um verbesserte Ergebnisse zu erzielen.<\/p>\n","protected":false},"featured_media":7868,"comment_status":"open","ping_status":"closed","template":"","meta":{"content-type":"","site-sidebar-layout":"default","site-content-layout":"default","ast-site-content-layout":"default","site-content-style":"default","site-sidebar-style":"default","ast-global-header-display":"","ast-banner-title-visibility":"","ast-main-header-display":"","ast-hfb-above-header-display":"","ast-hfb-below-header-display":"","ast-hfb-mobile-header-display":"","site-post-title":"","ast-breadcrumbs-content":"","ast-featured-img":"","footer-sml-layout":"","ast-disable-related-posts":"","theme-transparent-header-meta":"default","adv-header-id-meta":"","stick-header-meta":"","header-above-stick-meta":"","header-main-stick-meta":"","header-below-stick-meta":"","astra-migrate-meta-layouts":"default","ast-page-background-enabled":"default","ast-page-background-meta":{"desktop":{"background-color":"","background-image":"","background-repeat":"repeat","background-position":"center center","background-size":"auto","background-attachment":"scroll","background-type":"","background-media":"","overlay-type":"","overlay-color":"","overlay-opacity":"","overlay-gradient":""},"tablet":{"background-color":"","background-image":"","background-repeat":"repeat","background-position":"center center","background-size":"auto","background-attachment":"scroll","background-type":"","background-media":"","overlay-type":"","overlay-color":"","overlay-opacity":"","overlay-gradient":""},"mobile":{"background-color":"","background-image":"","background-repeat":"repeat","background-position":"center center","background-size":"auto","background-attachment":"scroll","background-type":"","background-media":"","overlay-type":"","overlay-color":"","overlay-opacity":"","overlay-gradient":""}},"ast-content-background-meta":{"desktop":{"background-color":"var(--ast-global-color-5)","background-image":"","background-repeat":"repeat","background-position":"center center","background-size":"auto","background-attachment":"scroll","background-type":"","background-media":"","overlay-type":"","overlay-color":"","overlay-opacity":"","overlay-gradient":""},"tablet":{"background-color":"var(--ast-global-color-5)","background-image":"","background-repeat":"repeat","background-position":"center center","background-size":"auto","background-attachment":"scroll","background-type":"","background-media":"","overlay-type":"","overlay-color":"","overlay-opacity":"","overlay-gradient":""},"mobile":{"background-color":"var(--ast-global-color-5)","background-image":"","background-repeat":"repeat","background-position":"center center","background-size":"auto","background-attachment":"scroll","background-type":"","background-media":"","overlay-type":"","overlay-color":"","overlay-opacity":"","overlay-gradient":""}}},"product_brand":[],"product_cat":[315,319,146,31],"product_tag":[],"class_list":{"0":"post-7863","1":"product","2":"type-product","3":"status-publish","4":"has-post-thumbnail","6":"product_cat-gesichtswasser","7":"product_cat-gesichtsserum","8":"product_cat-its-skin","9":"product_cat-gesicht","10":"desktop-align-center","11":"tablet-align-center","12":"mobile-align-center","14":"first","15":"outofstock","16":"taxable","17":"shipping-taxable","18":"purchasable","19":"product-type-simple"},"_links":{"self":[{"href":"https:\/\/tomyklou.gr\/de\/wp-json\/wp\/v2\/product\/7863","targetHints":{"allow":["GET"]}}],"collection":[{"href":"https:\/\/tomyklou.gr\/de\/wp-json\/wp\/v2\/product"}],"about":[{"href":"https:\/\/tomyklou.gr\/de\/wp-json\/wp\/v2\/types\/product"}],"replies":[{"embeddable":true,"href":"https:\/\/tomyklou.gr\/de\/wp-json\/wp\/v2\/comments?post=7863"}],"wp:featuredmedia":[{"embeddable":true,"href":"https:\/\/tomyklou.gr\/de\/wp-json\/wp\/v2\/media\/7868"}],"wp:attachment":[{"href":"https:\/\/tomyklou.gr\/de\/wp-json\/wp\/v2\/media?parent=7863"}],"wp:term":[{"taxonomy":"product_brand","embeddable":true,"href":"https:\/\/tomyklou.gr\/de\/wp-json\/wp\/v2\/product_brand?post=7863"},{"taxonomy":"product_cat","embeddable":true,"href":"https:\/\/tomyklou.gr\/de\/wp-json\/wp\/v2\/product_cat?post=7863"},{"taxonomy":"product_tag","embeddable":true,"href":"https:\/\/tomyklou.gr\/de\/wp-json\/wp\/v2\/product_tag?post=7863"}],"curies":[{"name":"wp","href":"https:\/\/api.w.org\/{rel}","templated":true}]}}