{"id":7864,"date":"2023-07-12T16:24:20","date_gmt":"2023-07-12T14:24:20","guid":{"rendered":"https:\/\/tomyklou.gr\/product\/import-placeholder-for-its-1002-8809323737776\/"},"modified":"2026-02-22T18:38:50","modified_gmt":"2026-02-22T16:38:50","slug":"its-skin-collagen-nutrition-cream-50ml","status":"publish","type":"product","link":"https:\/\/tomyklou.gr\/de\/product\/its-skin-collagen-nutrition-cream\/","title":{"rendered":"It's Skin Collagen Nutrition Cream 50ml"},"content":{"rendered":"<h3>Anwendung<\/h3>\n<ol>\n<li>Morgens und abends eine geeignete Menge auf die gereinigte (und mit Toner behandelte) Haut auftragen.<\/li>\n<li>Die Gesichtscreme sanft in die Haut einarbeiten, bis sie vollst\u00e4ndig eingezogen ist.<\/li>\n<li>Kombinieren Sie das Produkt mit It&#8217;s Skin <a href=\"https:\/\/tomyklou.gr\/product\/its-skin-collagen-voluming-serum\/\">Serum<\/a>, <a href=\"https:\/\/tomyklou.gr\/product\/its-skin-collagen-nutrition-eye-cream\/\">Eye Cream<\/a>, <a href=\"https:\/\/tomyklou.gr\/product\/its-skin-collagen-nutrition-emulsion\/\">Emulsion<\/a> und <a href=\"https:\/\/tomyklou.gr\/product\/its-skin-collagen-nutrition-toner\/\">Toner<\/a>, um verbesserte Ergebnisse zu erzielen.<\/li>\n<\/ol>\n<h3>Inhaltsstoffe<\/h3>\n<p>Water, Hydrolyzed Collagen, Octyldodecanol, Cyclomethi Cone, Butylene Glycol, Glycereth-26, Cetearyl Alcohol, Glycerin, PEG-20 Methyl Glucode Sesquistearate, Sodium Polyacrylate, Laminaria Japonica Extract, Ethylhexyl Stearate, Caprylyl Glycol, Methyl Glucose Sesquistearate, Ethylhexylglycerin, Fragrance, Hydrolyzed Malt Extract, Saussurea Involucrata Extract, Tocopheryl Acetate, Trideceth-6, Arctostaphyl Os Uva-Ursi Leaf Extract, Butylphenyl Methylpropional, Sodium Hyaluronate, Benzyl Salicylate, Linalool, Alpha-Isomethyl Ionone, Disodium EDTA, Hexyl Cinnamal, Hydroxycitronellal, Citronellol, Geraniol, Yellow 6 (CI 15985), Red 4 (CI 14700)<\/p>\n<h3>Warnhinweise<\/h3>\n<ol>\n<li>Nur zur \u00e4u\u00dferlichen Anwendung geeignet.<\/li>\n<li>Nicht auf verletzte Haut oder auf Wunden auftragen.<\/li>\n<li>Sollten Nebenwirkungen wie Irritationen oder Ausschlag eintreten, Anwendung sofort beenden und unverz\u00fcglich an einen Arzt wenden.<\/li>\n<li>Kontakt mit den Augen vermeiden. Sollte das Produkt ins Auge gelangen, das Auge sofort gr\u00fcndlich mit klarem Wasser aussp\u00fclen.<\/li>\n<li>Au\u00dfer Reichweite von Kindern aufbewahren.<\/li>\n<li>Nicht schlucken. Bei Verschlucken Arzt oder Giftzentrale aufsuchen.<\/li>\n<\/ol>\n","protected":false},"excerpt":{"rendered":"<p>It&#8217;s Skin Collagen Nutrition Cream bietet reichhaltige Pflege f\u00fcr reife und trockene Haut. Angereichert mit konzentriertem Kollagen, das die Hautregeneration f\u00f6rdert, und Malz- sowie Beeren-Extrakten, um die Haut mit Feuchtigkeit zu versorgen. Die Creme reduziert Falten und l\u00e4sst die Haut volumin\u00f6s, straff und strahlend erscheinen.<\/p>\n<p>Kombinieren Sie das Produkt mit It&#8217;s Skin Serum, Eye Cream, Emulsion und Toner, um verbesserte Ergebnisse zu erzielen.<\/p>\n","protected":false},"featured_media":7911,"comment_status":"open","ping_status":"closed","template":"","meta":{"content-type":"","site-sidebar-layout":"default","site-content-layout":"default","ast-site-content-layout":"default","site-content-style":"default","site-sidebar-style":"default","ast-global-header-display":"","ast-banner-title-visibility":"","ast-main-header-display":"","ast-hfb-above-header-display":"","ast-hfb-below-header-display":"","ast-hfb-mobile-header-display":"","site-post-title":"","ast-breadcrumbs-content":"","ast-featured-img":"","footer-sml-layout":"","ast-disable-related-posts":"","theme-transparent-header-meta":"default","adv-header-id-meta":"","stick-header-meta":"","header-above-stick-meta":"","header-main-stick-meta":"","header-below-stick-meta":"","astra-migrate-meta-layouts":"default","ast-page-background-enabled":"default","ast-page-background-meta":{"desktop":{"background-color":"","background-image":"","background-repeat":"repeat","background-position":"center center","background-size":"auto","background-attachment":"scroll","background-type":"","background-media":"","overlay-type":"","overlay-color":"","overlay-opacity":"","overlay-gradient":""},"tablet":{"background-color":"","background-image":"","background-repeat":"repeat","background-position":"center center","background-size":"auto","background-attachment":"scroll","background-type":"","background-media":"","overlay-type":"","overlay-color":"","overlay-opacity":"","overlay-gradient":""},"mobile":{"background-color":"","background-image":"","background-repeat":"repeat","background-position":"center center","background-size":"auto","background-attachment":"scroll","background-type":"","background-media":"","overlay-type":"","overlay-color":"","overlay-opacity":"","overlay-gradient":""}},"ast-content-background-meta":{"desktop":{"background-color":"var(--ast-global-color-5)","background-image":"","background-repeat":"repeat","background-position":"center center","background-size":"auto","background-attachment":"scroll","background-type":"","background-media":"","overlay-type":"","overlay-color":"","overlay-opacity":"","overlay-gradient":""},"tablet":{"background-color":"var(--ast-global-color-5)","background-image":"","background-repeat":"repeat","background-position":"center center","background-size":"auto","background-attachment":"scroll","background-type":"","background-media":"","overlay-type":"","overlay-color":"","overlay-opacity":"","overlay-gradient":""},"mobile":{"background-color":"var(--ast-global-color-5)","background-image":"","background-repeat":"repeat","background-position":"center center","background-size":"auto","background-attachment":"scroll","background-type":"","background-media":"","overlay-type":"","overlay-color":"","overlay-opacity":"","overlay-gradient":""}}},"product_brand":[],"product_cat":[319,322,146,31],"product_tag":[35],"class_list":{"0":"post-7864","1":"product","2":"type-product","3":"status-publish","4":"has-post-thumbnail","6":"product_cat-gesichtsserum","7":"product_cat-gesichtscreme","8":"product_cat-its-skin","9":"product_cat-gesicht","10":"product_tag-moisturizer","11":"desktop-align-center","12":"tablet-align-center","13":"mobile-align-center","15":"first","16":"outofstock","17":"taxable","18":"shipping-taxable","19":"purchasable","20":"product-type-simple"},"_links":{"self":[{"href":"https:\/\/tomyklou.gr\/de\/wp-json\/wp\/v2\/product\/7864","targetHints":{"allow":["GET"]}}],"collection":[{"href":"https:\/\/tomyklou.gr\/de\/wp-json\/wp\/v2\/product"}],"about":[{"href":"https:\/\/tomyklou.gr\/de\/wp-json\/wp\/v2\/types\/product"}],"replies":[{"embeddable":true,"href":"https:\/\/tomyklou.gr\/de\/wp-json\/wp\/v2\/comments?post=7864"}],"wp:featuredmedia":[{"embeddable":true,"href":"https:\/\/tomyklou.gr\/de\/wp-json\/wp\/v2\/media\/7911"}],"wp:attachment":[{"href":"https:\/\/tomyklou.gr\/de\/wp-json\/wp\/v2\/media?parent=7864"}],"wp:term":[{"taxonomy":"product_brand","embeddable":true,"href":"https:\/\/tomyklou.gr\/de\/wp-json\/wp\/v2\/product_brand?post=7864"},{"taxonomy":"product_cat","embeddable":true,"href":"https:\/\/tomyklou.gr\/de\/wp-json\/wp\/v2\/product_cat?post=7864"},{"taxonomy":"product_tag","embeddable":true,"href":"https:\/\/tomyklou.gr\/de\/wp-json\/wp\/v2\/product_tag?post=7864"}],"curies":[{"name":"wp","href":"https:\/\/api.w.org\/{rel}","templated":true}]}}