{"id":7865,"date":"2023-07-12T16:24:21","date_gmt":"2023-07-12T14:24:21","guid":{"rendered":"https:\/\/tomyklou.gr\/product\/import-placeholder-for-its-1027-8809323737516\/"},"modified":"2026-02-22T18:38:50","modified_gmt":"2026-02-22T16:38:50","slug":"its-skin-collagen-nutrition-emulsion-150ml","status":"publish","type":"product","link":"https:\/\/tomyklou.gr\/de\/product\/its-skin-collagen-nutrition-emulsion-150ml\/","title":{"rendered":"It's Skin Collagen Nutrition Emulsion 150ml"},"content":{"rendered":"<h3>Anwendung<\/h3>\n<ol>\n<li>Tragen Sie morgens und abends eine geeignete Menge auf die gereinigte Haut auf (eventuell nach dem Tonen).<\/li>\n<li>Arbeiten Sie die Emulsion sanft in die Haut ein, bis sie vollst\u00e4ndig eingezogen ist.<\/li>\n<li>Kombinieren Sie das Produkt mit It&#8217;s Skin <a href=\"https:\/\/tomyklou.gr\/product\/its-skin-collagen-nutrition-cream\/\">Collagen Nutrition Cream<\/a>, <a href=\"https:\/\/tomyklou.gr\/product\/its-skin-collagen-nutrition-eye-cream\/\">Eye Cream<\/a>, <a href=\"https:\/\/tomyklou.gr\/product\/its-skin-collagen-voluming-serum\/\">Serum<\/a> und <a href=\"https:\/\/tomyklou.gr\/product\/its-skin-collagen-nutrition-toner\/\">Toner<\/a>, um verbesserte Ergebnisse zu erzielen.<\/li>\n<\/ol>\n<h3>Inhaltsstoffe<\/h3>\n<p>Water, Hydrolyzed Collagen, Hydrogenated Polyisobutene, Butylene Glycol, Glycereth-26, Triethylhexanoin, Trehalose, Cyclopentasiloxane, Hydrogenated C6-14 Olefin Polymers, PEG-20 Methyl Glucose, Sesquistearate, Simmondsia Chineses (Jojoba) Seed Oil, Gylceryl Stearate, Polysorbate 60, Butyrospermum Parkii (Shea Butter), Limnanthes Alba (Meadowfoam) Seed Oil, Stearic Acid, Cetearyl Alcohol, Caprylyl Glycol, Methyl Glucose Sesquistearate, Ethylhexylglycerin, Fragrance, Dimethicone, Glycerin, Sorbitan Stearate, Acrylates\/C-10-30 Alkyl Acrylate Crosspolymer, Triethanolamine, Laminaria Japonica Extract, Arctostaphylos UVA-URSI Leaf Extract, Hydrolyzed Malt Extract, Saussurea Involucrata Extract, ButylPhenyl Methylpropional, Benzyl Salicylate, BHT, Sucrose Cocoate, Linalool, Alpha-Isomethyl Ionone, Disodium EDTA, Hexyl Cinnamal, Hydroxcitronellal, Citronellol, Geraniol, Yellow 6 (CI 15985), RED 4 (CI 14700)<\/p>\n<h3>Warnhinweise<\/h3>\n<ol>\n<li>Nur zur \u00e4u\u00dferlichen Anwendung geeignet.<\/li>\n<li>Nicht auf verletzte Haut oder auf Wunden auftragen.<\/li>\n<li>Sollten Nebenwirkungen wie Irritationen oder Ausschlag eintreten, Anwendung sofort beenden und unverz\u00fcglich an einen Arzt wenden.<\/li>\n<li>Kontakt mit den Augen vermeiden. Sollte das Produkt ins Auge gelangen, das Auge sofort gr\u00fcndlich mit klarem Wasser aussp\u00fclen.<\/li>\n<li>Au\u00dfer Reichweite von Kindern aufbewahren.<\/li>\n<li>Nicht schlucken. Bei Verschlucken Arzt oder Giftzentrale aufsuchen.<\/li>\n<\/ol>\n","protected":false},"excerpt":{"rendered":"<p><strong>It&#8217;s Skin<\/strong> Collagen Nutrition Emulsion pflegt die reife und trockene Haut. Angereichert mit konzentriertem Kollagen und Extrakten aus Malz sowie B\u00e4rentraube, um die Haut aufzubauen und mit Feuchtigkeit zu versorgen. Die Emulsion reduziert Falten und l\u00e4sst die Haut volumin\u00f6ser, straffer und strahlender erscheinen.<\/p>\n<p>Kombinieren Sie das Produkt mit It&#8217;s Skin <a href=\"https:\/\/tomyklou.gr\/product\/its-skin-collagen-nutrition-cream\/\">Collagen Nutrition Cream<\/a>, <a href=\"https:\/\/tomyklou.gr\/product\/its-skin-collagen-nutrition-eye-cream\/\">Eye Cream<\/a>, <a href=\"https:\/\/tomyklou.gr\/product\/its-skin-collagen-voluming-serum\/\">Serum<\/a> und <a href=\"https:\/\/tomyklou.gr\/product\/its-skin-collagen-nutrition-toner\/\">Toner<\/a>, um verbesserte Ergebnisse zu erzielen.<\/p>\n","protected":false},"featured_media":7890,"comment_status":"open","ping_status":"closed","template":"","meta":{"content-type":"","site-sidebar-layout":"default","site-content-layout":"default","ast-site-content-layout":"default","site-content-style":"default","site-sidebar-style":"default","ast-global-header-display":"","ast-banner-title-visibility":"","ast-main-header-display":"","ast-hfb-above-header-display":"","ast-hfb-below-header-display":"","ast-hfb-mobile-header-display":"","site-post-title":"","ast-breadcrumbs-content":"","ast-featured-img":"","footer-sml-layout":"","ast-disable-related-posts":"","theme-transparent-header-meta":"default","adv-header-id-meta":"","stick-header-meta":"","header-above-stick-meta":"","header-main-stick-meta":"","header-below-stick-meta":"","astra-migrate-meta-layouts":"default","ast-page-background-enabled":"default","ast-page-background-meta":{"desktop":{"background-color":"","background-image":"","background-repeat":"repeat","background-position":"center center","background-size":"auto","background-attachment":"scroll","background-type":"","background-media":"","overlay-type":"","overlay-color":"","overlay-opacity":"","overlay-gradient":""},"tablet":{"background-color":"","background-image":"","background-repeat":"repeat","background-position":"center center","background-size":"auto","background-attachment":"scroll","background-type":"","background-media":"","overlay-type":"","overlay-color":"","overlay-opacity":"","overlay-gradient":""},"mobile":{"background-color":"","background-image":"","background-repeat":"repeat","background-position":"center center","background-size":"auto","background-attachment":"scroll","background-type":"","background-media":"","overlay-type":"","overlay-color":"","overlay-opacity":"","overlay-gradient":""}},"ast-content-background-meta":{"desktop":{"background-color":"var(--ast-global-color-5)","background-image":"","background-repeat":"repeat","background-position":"center center","background-size":"auto","background-attachment":"scroll","background-type":"","background-media":"","overlay-type":"","overlay-color":"","overlay-opacity":"","overlay-gradient":""},"tablet":{"background-color":"var(--ast-global-color-5)","background-image":"","background-repeat":"repeat","background-position":"center center","background-size":"auto","background-attachment":"scroll","background-type":"","background-media":"","overlay-type":"","overlay-color":"","overlay-opacity":"","overlay-gradient":""},"mobile":{"background-color":"var(--ast-global-color-5)","background-image":"","background-repeat":"repeat","background-position":"center center","background-size":"auto","background-attachment":"scroll","background-type":"","background-media":"","overlay-type":"","overlay-color":"","overlay-opacity":"","overlay-gradient":""}}},"product_brand":[],"product_cat":[319,322,146,31],"product_tag":[35],"class_list":{"0":"post-7865","1":"product","2":"type-product","3":"status-publish","4":"has-post-thumbnail","6":"product_cat-gesichtsserum","7":"product_cat-gesichtscreme","8":"product_cat-its-skin","9":"product_cat-gesicht","10":"product_tag-moisturizer","11":"desktop-align-center","12":"tablet-align-center","13":"mobile-align-center","15":"first","16":"outofstock","17":"taxable","18":"shipping-taxable","19":"purchasable","20":"product-type-simple"},"_links":{"self":[{"href":"https:\/\/tomyklou.gr\/de\/wp-json\/wp\/v2\/product\/7865","targetHints":{"allow":["GET"]}}],"collection":[{"href":"https:\/\/tomyklou.gr\/de\/wp-json\/wp\/v2\/product"}],"about":[{"href":"https:\/\/tomyklou.gr\/de\/wp-json\/wp\/v2\/types\/product"}],"replies":[{"embeddable":true,"href":"https:\/\/tomyklou.gr\/de\/wp-json\/wp\/v2\/comments?post=7865"}],"wp:featuredmedia":[{"embeddable":true,"href":"https:\/\/tomyklou.gr\/de\/wp-json\/wp\/v2\/media\/7890"}],"wp:attachment":[{"href":"https:\/\/tomyklou.gr\/de\/wp-json\/wp\/v2\/media?parent=7865"}],"wp:term":[{"taxonomy":"product_brand","embeddable":true,"href":"https:\/\/tomyklou.gr\/de\/wp-json\/wp\/v2\/product_brand?post=7865"},{"taxonomy":"product_cat","embeddable":true,"href":"https:\/\/tomyklou.gr\/de\/wp-json\/wp\/v2\/product_cat?post=7865"},{"taxonomy":"product_tag","embeddable":true,"href":"https:\/\/tomyklou.gr\/de\/wp-json\/wp\/v2\/product_tag?post=7865"}],"curies":[{"name":"wp","href":"https:\/\/api.w.org\/{rel}","templated":true}]}}