{"id":7985,"date":"2023-07-12T16:25:36","date_gmt":"2023-07-12T14:25:36","guid":{"rendered":"https:\/\/tomyklou.gr\/product\/hyggee-all-in-one-cream-80ml\/"},"modified":"2026-02-22T18:38:49","modified_gmt":"2026-02-22T16:38:49","slug":"hyggee-all-in-one-cream-80ml","status":"publish","type":"product","link":"https:\/\/tomyklou.gr\/de\/product\/hyggee-all-in-one-cream\/","title":{"rendered":"HYGGEE All in One Cream 80ml"},"content":{"rendered":"<h3>Anwendung<\/h3>\n<ol>\n<li>Nehme eine passende Menge mit der Spatula heraus.<\/li>\n<li>Trage sie auf das ganze Gesicht auf.<\/li>\n<\/ol>\n<h3>Inhaltsstoffe<\/h3>\n<p>Betula Platyphylla Japonica Saft , Wasser , Glycerin, Dipropylene Glycol , Ethylhexyl Palmitate , Cetyl Ethylhexanoate , Cetearyl Alkohol , Niacinamide , Macadamia Integrifolia Samen\u00f6l\u00a0 , Cyclopentasiloxane , 1,2-Hexanediol , Behenyl Alkohol , Cetearyl Glucoside , Dimethicone , Glyceryl Stearate , Pentylene Glycol , Polyglyceryl-3 Methylglucose Distearate , Theobroma Cacao (Cocoa) Samenbutter , Hydroxyethyl Acrylate\/Natrium Acryloyldimethyl Taurate Copolymer , Cetearyl Olivate , Sorbitan Olivate , Citrus Aurantium Bergamia (Bergamot) Frucht\u00f6l , Caprylyl Glycol , Dimethiconol , Glyceryl Caprylate , Xanthan Gum , Lecithin , Ethylhexylglycerin , Adenosine , Dinatrium EDTA , Sorbitan Olivate , Bisabolol , Caprylic\/Capric Triglyceride , Hydrolyzed Hyaluronic S\u00e4ure , Hydrogenated Lecithin , Xylitylglucoside , Tocopherol , Anhydroxylitol , Ceramide NP , Butylene Glycol , Xylitol , Sucrose Palmitate , Phospholipids , Kisels\u00e4ure Dimethyl Silylate , Lactobacillus Ferment , Lactococcus Ferment Lysate , Bifida Ferment Lysate , Macadamia Ternifolia Samen\u00f6l, Olea Europaea (Olive) Frucht\u00e4l, Simmondsia Chinensis (Jojoba) Samen\u00f6l , Streptococcus Thermophilus Ferment , Vitis Vinifera (Traube) Samen\u00f6l , Phenoxyethanol , Cholesterol , Natrium Hyaluronate , Hexylene Glycol , Arginine , Phytosterols<\/p>\n<h3>Warnhinweise<\/h3>\n<ol>\n<li>Nur zur \u00e4u\u00dferlichen Anwendung geeignet.<\/li>\n<li>Nicht auf verletzte Haut oder auf Wunden auftragen.<\/li>\n<li>Sollten Nebenwirkungen wie Irritationen oder Ausschlag eintreten, Anwendung sofort beenden und unverz\u00fcglich an einen Arzt wenden.<\/li>\n<li>Kontakt mit den Augen vermeiden. Sollte das Produkt ins Auge gelangen, das Auge sofort gr\u00fcndlich mit klarem Wasser aussp\u00fclen.<\/li>\n<li>Au\u00dfer Reichweite von Kindern aufbewahren.<\/li>\n<li>Nicht schlucken. Bei Verschlucken Arzt oder Giftzentrale aufsuchen.<\/li>\n<\/ol>\n","protected":false},"excerpt":{"rendered":"<p>Die HYGGEE All-In-One Cream ist eine intensiv feuchtigkeitsspendende Creme f\u00fcr alle Hauttypen, speziell f\u00fcr dehydrierte Haut. Multi-feuchtigkeitsspendende Inhaltsstoffe versorgen die Haut mit Feuchtigkeit und st\u00e4rken die Hautbarriere, w\u00e4hrend vier Arten von Pflanzen\u00f6len die Feuchtigkeitsverdunstung verhindern.<\/p>\n","protected":false},"featured_media":7980,"comment_status":"open","ping_status":"closed","template":"","meta":{"content-type":"","site-sidebar-layout":"default","site-content-layout":"default","ast-site-content-layout":"default","site-content-style":"default","site-sidebar-style":"default","ast-global-header-display":"","ast-banner-title-visibility":"","ast-main-header-display":"","ast-hfb-above-header-display":"","ast-hfb-below-header-display":"","ast-hfb-mobile-header-display":"","site-post-title":"","ast-breadcrumbs-content":"","ast-featured-img":"","footer-sml-layout":"","ast-disable-related-posts":"","theme-transparent-header-meta":"default","adv-header-id-meta":"","stick-header-meta":"","header-above-stick-meta":"","header-main-stick-meta":"","header-below-stick-meta":"","astra-migrate-meta-layouts":"default","ast-page-background-enabled":"default","ast-page-background-meta":{"desktop":{"background-color":"","background-image":"","background-repeat":"repeat","background-position":"center center","background-size":"auto","background-attachment":"scroll","background-type":"","background-media":"","overlay-type":"","overlay-color":"","overlay-opacity":"","overlay-gradient":""},"tablet":{"background-color":"","background-image":"","background-repeat":"repeat","background-position":"center center","background-size":"auto","background-attachment":"scroll","background-type":"","background-media":"","overlay-type":"","overlay-color":"","overlay-opacity":"","overlay-gradient":""},"mobile":{"background-color":"","background-image":"","background-repeat":"repeat","background-position":"center center","background-size":"auto","background-attachment":"scroll","background-type":"","background-media":"","overlay-type":"","overlay-color":"","overlay-opacity":"","overlay-gradient":""}},"ast-content-background-meta":{"desktop":{"background-color":"var(--ast-global-color-5)","background-image":"","background-repeat":"repeat","background-position":"center center","background-size":"auto","background-attachment":"scroll","background-type":"","background-media":"","overlay-type":"","overlay-color":"","overlay-opacity":"","overlay-gradient":""},"tablet":{"background-color":"var(--ast-global-color-5)","background-image":"","background-repeat":"repeat","background-position":"center center","background-size":"auto","background-attachment":"scroll","background-type":"","background-media":"","overlay-type":"","overlay-color":"","overlay-opacity":"","overlay-gradient":""},"mobile":{"background-color":"var(--ast-global-color-5)","background-image":"","background-repeat":"repeat","background-position":"center center","background-size":"auto","background-attachment":"scroll","background-type":"","background-media":"","overlay-type":"","overlay-color":"","overlay-opacity":"","overlay-gradient":""}}},"product_brand":[],"product_cat":[322,143,31],"product_tag":[35],"class_list":{"0":"post-7985","1":"product","2":"type-product","3":"status-publish","4":"has-post-thumbnail","6":"product_cat-gesichtscreme","7":"product_cat-hyggee","8":"product_cat-gesicht","9":"product_tag-moisturizer","10":"desktop-align-center","11":"tablet-align-center","12":"mobile-align-center","14":"first","15":"outofstock","16":"taxable","17":"shipping-taxable","18":"purchasable","19":"product-type-simple"},"_links":{"self":[{"href":"https:\/\/tomyklou.gr\/de\/wp-json\/wp\/v2\/product\/7985","targetHints":{"allow":["GET"]}}],"collection":[{"href":"https:\/\/tomyklou.gr\/de\/wp-json\/wp\/v2\/product"}],"about":[{"href":"https:\/\/tomyklou.gr\/de\/wp-json\/wp\/v2\/types\/product"}],"replies":[{"embeddable":true,"href":"https:\/\/tomyklou.gr\/de\/wp-json\/wp\/v2\/comments?post=7985"}],"wp:featuredmedia":[{"embeddable":true,"href":"https:\/\/tomyklou.gr\/de\/wp-json\/wp\/v2\/media\/7980"}],"wp:attachment":[{"href":"https:\/\/tomyklou.gr\/de\/wp-json\/wp\/v2\/media?parent=7985"}],"wp:term":[{"taxonomy":"product_brand","embeddable":true,"href":"https:\/\/tomyklou.gr\/de\/wp-json\/wp\/v2\/product_brand?post=7985"},{"taxonomy":"product_cat","embeddable":true,"href":"https:\/\/tomyklou.gr\/de\/wp-json\/wp\/v2\/product_cat?post=7985"},{"taxonomy":"product_tag","embeddable":true,"href":"https:\/\/tomyklou.gr\/de\/wp-json\/wp\/v2\/product_tag?post=7985"}],"curies":[{"name":"wp","href":"https:\/\/api.w.org\/{rel}","templated":true}]}}