{"id":8013,"date":"2023-07-12T16:25:54","date_gmt":"2023-07-12T14:25:54","guid":{"rendered":"https:\/\/tomyklou.gr\/product\/goodal-green-tangerine-vita-c-dark-circle-eye-cream-30ml\/"},"modified":"2026-02-22T18:38:49","modified_gmt":"2026-02-22T16:38:49","slug":"goodal-green-tangerine-vita-c-eye-cream-30ml","status":"publish","type":"product","link":"https:\/\/tomyklou.gr\/de\/product\/goodal-green-tangerine-vita-c-dark-circle-eye-cream\/","title":{"rendered":"Goodal Green Tangerine Vita C Dark Circle Eye Cream 30ml"},"content":{"rendered":"<h3>Anwendung<\/h3>\n<ol>\n<li>Tragen Sie eine angemessene Menge auf die Haut um die Augen auf.<\/li>\n<li>Sanft in die Haut einklopfen, bis sie vollst\u00e4ndig eingezogen ist.<\/li>\n<\/ol>\n<h3>Hauptinhaltsstoffe<\/h3>\n<p>Citrus Tangerina Extract (54%), 1,3-Butylene Glycol, Glycerin, Propanediol, Purified Water, Pentaerythrityl Tetraethylhexanoate, Pentylene Glycol, Niacinamide, Arbutin, 1,2-Hexanediol, Polymethylsilsesquioxane, Diisostearyl Malate, Vinyl Dimethicone, Ethyl Ascorbyl Ether (2,000ppm), Ascorbic Acid Polypeptide, Chlorella Vulgaris Extract, Melia Azadirachta Leaf Extract, Melia Azadirachta Leaf Extract, Curcuma Longa (Turmeric) Root Extract, Ocimum Sanctum Leaf Extract, Corallina Officinalis Extract, Diglycerin, Caprylic\/Capric\/Myristic\/Stearic Triglyceride, Methyl Methacrylate Crosspolymer, Sodium Polyacryloyldimethyl Taurate, Ammonium Acryloyldimethyltaurate\/Beheneth-25 Methacrylate Crosspolymer, Bis-Diglyceryl Polyacyladipate-2, Glucose, Dimethiconol, Acrylates\/C10-30 Alkyl Acrylate Crosspolymer, Hydroxyacetophenone, Tromethamine, Fructooligosaccharides, Fructose, Glucosyl Hesperidin, Ethylhexylglycerin, Glyceryl Acrylate\/Acrylic Acid Copolymer, Alantoin, Dipotassium Glycyrrhizate, Adenosine, Tocopherol, Disodium EDTA<\/p>\n<h3>Warnhinweise<\/h3>\n<ol>\n<li>Nur zur \u00e4u\u00dferlichen Anwendung geeignet.<\/li>\n<li>Nicht auf verletzte Haut oder auf Wunden auftragen.<\/li>\n<li>Sollten Nebenwirkungen wie Irritationen oder Ausschlag eintreten, Anwendung sofort beenden und unverz\u00fcglich an einen Arzt wenden.<\/li>\n<li>Kontakt mit den Augen vermeiden. Sollte das Produkt ins Auge gelangen, das Auge sofort gr\u00fcndlich mit klarem Wasser aussp\u00fclen.<\/li>\n<li>Au\u00dfer Reichweite von Kindern aufbewahren.<\/li>\n<li>Nicht schlucken. Bei Verschlucken Arzt oder Giftzentrale aufsuchen.<\/li>\n<\/ol>\n","protected":false},"excerpt":{"rendered":"<p>Hellen Sie Augenringe mit der Goodal Green Tangerine Vita C Dark Circle Eye Cream sanft und doch effektiv auf. Angereichert mit gr\u00fcner Mandarine, Vitamin-C-Derivaten und mehreren aufhellenden Inhaltsstoffen. Adenosin, Vitamin C und Peptide erh\u00f6hen die Festigkeit der Haut um die Augen.<\/p>\n<p><strong>Zutaten, die wir lieben<\/strong><br \/>\n<strong>Vitamin C<\/strong>: Prim\u00e4res Antioxidans, das die Kollagenproduktion der Haut ankurbelt, Pigmentflecken und braune Flecken verblassen l\u00e4sst und den UV-Schutz erh\u00f6ht.<br \/>\n<strong>Adenosin<\/strong>: Eine wichtige bioorganische Verbindung, die die Hautbarriere st\u00e4rkt. Adenosin hat entz\u00fcndungshemmende und hautstraffende Eigenschaften.<br \/>\n<strong>Peptide<\/strong>: Proteine, die f\u00fcr die Gesundheit der Haut unerl\u00e4sslich sind. Stimulieren Sie die Kollagenproduktion in der Haut, was zu einer strafferen, j\u00fcnger aussehenden Haut f\u00fchrt.<\/p>\n","protected":false},"featured_media":8009,"comment_status":"open","ping_status":"closed","template":"","meta":{"content-type":"","site-sidebar-layout":"default","site-content-layout":"default","ast-site-content-layout":"default","site-content-style":"default","site-sidebar-style":"default","ast-global-header-display":"","ast-banner-title-visibility":"","ast-main-header-display":"","ast-hfb-above-header-display":"","ast-hfb-below-header-display":"","ast-hfb-mobile-header-display":"","site-post-title":"","ast-breadcrumbs-content":"","ast-featured-img":"","footer-sml-layout":"","ast-disable-related-posts":"","theme-transparent-header-meta":"default","adv-header-id-meta":"","stick-header-meta":"","header-above-stick-meta":"","header-main-stick-meta":"","header-below-stick-meta":"","astra-migrate-meta-layouts":"set","ast-page-background-enabled":"default","ast-page-background-meta":{"desktop":{"background-color":"","background-image":"","background-repeat":"repeat","background-position":"center center","background-size":"auto","background-attachment":"scroll","background-type":"","background-media":"","overlay-type":"","overlay-color":"","overlay-opacity":"","overlay-gradient":""},"tablet":{"background-color":"","background-image":"","background-repeat":"repeat","background-position":"center center","background-size":"auto","background-attachment":"scroll","background-type":"","background-media":"","overlay-type":"","overlay-color":"","overlay-opacity":"","overlay-gradient":""},"mobile":{"background-color":"","background-image":"","background-repeat":"repeat","background-position":"center center","background-size":"auto","background-attachment":"scroll","background-type":"","background-media":"","overlay-type":"","overlay-color":"","overlay-opacity":"","overlay-gradient":""}},"ast-content-background-meta":{"desktop":{"background-color":"var(--ast-global-color-5)","background-image":"","background-repeat":"repeat","background-position":"center center","background-size":"auto","background-attachment":"scroll","background-type":"","background-media":"","overlay-type":"","overlay-color":"","overlay-opacity":"","overlay-gradient":""},"tablet":{"background-color":"var(--ast-global-color-5)","background-image":"","background-repeat":"repeat","background-position":"center center","background-size":"auto","background-attachment":"scroll","background-type":"","background-media":"","overlay-type":"","overlay-color":"","overlay-opacity":"","overlay-gradient":""},"mobile":{"background-color":"var(--ast-global-color-5)","background-image":"","background-repeat":"repeat","background-position":"center center","background-size":"auto","background-attachment":"scroll","background-type":"","background-media":"","overlay-type":"","overlay-color":"","overlay-opacity":"","overlay-gradient":""}}},"product_brand":[],"product_cat":[320,139,327,31],"product_tag":[],"class_list":{"0":"post-8013","1":"product","2":"type-product","3":"status-publish","4":"has-post-thumbnail","6":"product_cat-augenpflege","7":"product_cat-goodal","8":"product_cat-new-arrivals","9":"product_cat-gesicht","10":"desktop-align-center","11":"tablet-align-center","12":"mobile-align-center","14":"first","15":"outofstock","16":"taxable","17":"shipping-taxable","18":"purchasable","19":"product-type-simple"},"_links":{"self":[{"href":"https:\/\/tomyklou.gr\/de\/wp-json\/wp\/v2\/product\/8013","targetHints":{"allow":["GET"]}}],"collection":[{"href":"https:\/\/tomyklou.gr\/de\/wp-json\/wp\/v2\/product"}],"about":[{"href":"https:\/\/tomyklou.gr\/de\/wp-json\/wp\/v2\/types\/product"}],"replies":[{"embeddable":true,"href":"https:\/\/tomyklou.gr\/de\/wp-json\/wp\/v2\/comments?post=8013"}],"wp:featuredmedia":[{"embeddable":true,"href":"https:\/\/tomyklou.gr\/de\/wp-json\/wp\/v2\/media\/8009"}],"wp:attachment":[{"href":"https:\/\/tomyklou.gr\/de\/wp-json\/wp\/v2\/media?parent=8013"}],"wp:term":[{"taxonomy":"product_brand","embeddable":true,"href":"https:\/\/tomyklou.gr\/de\/wp-json\/wp\/v2\/product_brand?post=8013"},{"taxonomy":"product_cat","embeddable":true,"href":"https:\/\/tomyklou.gr\/de\/wp-json\/wp\/v2\/product_cat?post=8013"},{"taxonomy":"product_tag","embeddable":true,"href":"https:\/\/tomyklou.gr\/de\/wp-json\/wp\/v2\/product_tag?post=8013"}],"curies":[{"name":"wp","href":"https:\/\/api.w.org\/{rel}","templated":true}]}}