{"id":8060,"date":"2023-07-13T18:36:42","date_gmt":"2023-07-13T16:36:42","guid":{"rendered":"https:\/\/tomyklou.gr\/product\/import-placeholder-for-innisfree-1011-8809652897653\/"},"modified":"2026-02-22T18:38:48","modified_gmt":"2026-02-22T16:38:48","slug":"innisfree-black-tea-youth-enhansing-ampoule-30ml","status":"publish","type":"product","link":"https:\/\/tomyklou.gr\/de\/product\/innisfree-black-tea-youth-enhansing-ampoule-30ml\/","title":{"rendered":"Innisfree Black Tea Youth Enhansing Ampoule 30ml"},"content":{"rendered":"<h3>Anwendung<\/h3>\n<p>Am Tag:<br \/>\nNehmen Sie im Essenzschritt eine angemessene Menge von 3 bis 5 Tropfen, tragen Sie sie vorsichtig auf und lassen Sie sie ausreichend einziehen.<\/p>\n<p>In der Nacht<\/p>\n<ol>\n<li>2 ~ 3 Tropfen von innen nach au\u00dfen in der Reihenfolge Wangen, Stirn, Nase, Mund und Hals leicht aufnehmen.<\/li>\n<li>Tippen Sie auf den Bereich um die Augen oder den Mund, der dazu neigt, wieder trocken zu werden.<\/li>\n<li>Tragen Sie 1 ~ 2 Tropfen auf das gesamte Gesicht auf und dr\u00fccken Sie zum Schluss leicht mit der Handfl\u00e4che darauf.<\/li>\n<\/ol>\n<p>Tipp: F\u00fcr ein perfektes Resultat kombinieren Sie das Produkt mit dem <a href=\"https:\/\/tomyklou.gr\/product\/innisfree-black-tea-youth-enhansing-cream\/\">Innisfree Black Tea Youth Enhansing Cream<\/a> and <a href=\"https:\/\/tomyklou.gr\/product\/innisfree-black-tea-youth-enhansing-eye-serum\/\">Black Tea Youth Enhansing Eye Serum<\/a>.<\/p>\n<h3>Inhaltsstoffe<\/h3>\n<p>Water \/ Aqua \/ Eau, Butylene Glycol, Glycerin, Dipropylene Glycol, Niacinamide, 1,2-Hexanediol, Squalane, Glyceryl Polymethacrylate, Cetearyl Alcohol, Ammonium Acryloyldimethyltaurate\/VP Copolymer, Glyceryl Stearate, Xanthan Gum, Allantoin, Hydrogenated Lecithin, Ethylhexylglycerin, Stearic Acid, Polyglyceryl-3 Methylglucode Distearate, Adenosine, Palmitic Acid, Fragrance \/ Parfum, Disodium EDTA, Sodium Hyaluronate, Limonene, Ca,ellia Sinensis Leaf Extract (Black Tea), Dextrin, Theobroma Cacao (Cocoa) Extract, Linalool, Citronellol, Myristic Acid, Pentylene Glycol, Lauric Acid, Tocopherol, Acrylates\/Stearyl Methacrylate Copolymer, Tremella Fuciformis Sporocarp Extract, Hyaluronic Acid, Achillea Millefolium Extract, Ceramide NP<\/p>\n<p>*Eine Ver\u00e4nderung der Inhaltsstoffe unterliegt dem Ermessen des Herstellers. Willst du vor dem Kauf ganz sicher gehen? Dann kontaktiere uns f\u00fcr ein Foto der aktuellen Produktverpackung.<\/p>\n<h3>Warnhinweise<\/h3>\n<ol>\n<li>Nur zur \u00e4u\u00dferlichen Anwendung geeignet.<\/li>\n<li>Nicht auf verletzte Haut oder auf Wunden auftragen.<\/li>\n<li>Sollten Nebenwirkungen wie Irritationen oder Ausschlag eintreten, Anwendung sofort beenden und unverz\u00fcglich an einen Arzt wenden.<\/li>\n<li>Kontakt mit den Augen vermeiden. Sollte das Produkt ins Auge gelangen, das Auge sofort gr\u00fcndlich mit klarem Wasser aussp\u00fclen.<\/li>\n<li>Au\u00dfer Reichweite von Kindern aufbewahren.<\/li>\n<li>Nicht schlucken. Bei Verschlucken Arzt oder Giftzentrale aufsuchen.<\/li>\n<\/ol>\n","protected":false},"excerpt":{"rendered":"<p>Eine n\u00e4chtliche Intensivampulle, die schnell den Zustand m\u00fcder Haut wiederherstellt, damit die Haut gesund aussieht, als ob sie schl\u00e4ft.<br \/>\n-80% fermentierter schwarzer Tee mit starken Antioxidantien und Anti-Aging-Inhaltsstoffen f\u00fcr die Haut, entdeckt von Innisfree, einem 10-j\u00e4hrigen Teekocher.<br \/>\n-Reset Concentrate &#x2122;, 12 Stunden lang bei 80 \u00b0 C in 80 \u00b0 C aus dem schwarzen Tee extrahiert, sorgt f\u00fcr einen starken Effekt zur Wiederherstellung des Hautzustands.<br \/>\n-Getestet auf Hautreizungen, damit Sie es jeden Tag bequem mit einem milden Gebrauchsgef\u00fchl verwenden k\u00f6nnen.<\/p>\n<p>F\u00fcr ein perfektes Resultat kombinieren Sie das Produkt mit dem <a href=\"https:\/\/tomyklou.gr\/product\/innisfree-black-tea-youth-enhansing-cream\/\">Innisfree Black Tea Youth Enhansing Cream<\/a> and <a href=\"https:\/\/tomyklou.gr\/product\/innisfree-black-tea-youth-enhansing-eye-serum\/\">Black Tea Youth Enhansing Eye Serum<\/a>.<\/p>\n","protected":false},"featured_media":9512,"comment_status":"open","ping_status":"closed","template":"","meta":{"content-type":"","site-sidebar-layout":"default","site-content-layout":"default","ast-site-content-layout":"default","site-content-style":"default","site-sidebar-style":"default","ast-global-header-display":"","ast-banner-title-visibility":"","ast-main-header-display":"","ast-hfb-above-header-display":"","ast-hfb-below-header-display":"","ast-hfb-mobile-header-display":"","site-post-title":"","ast-breadcrumbs-content":"","ast-featured-img":"","footer-sml-layout":"","ast-disable-related-posts":"","theme-transparent-header-meta":"default","adv-header-id-meta":"","stick-header-meta":"","header-above-stick-meta":"","header-main-stick-meta":"","header-below-stick-meta":"","astra-migrate-meta-layouts":"set","ast-page-background-enabled":"default","ast-page-background-meta":{"desktop":{"background-color":"","background-image":"","background-repeat":"repeat","background-position":"center center","background-size":"auto","background-attachment":"scroll","background-type":"","background-media":"","overlay-type":"","overlay-color":"","overlay-opacity":"","overlay-gradient":""},"tablet":{"background-color":"","background-image":"","background-repeat":"repeat","background-position":"center center","background-size":"auto","background-attachment":"scroll","background-type":"","background-media":"","overlay-type":"","overlay-color":"","overlay-opacity":"","overlay-gradient":""},"mobile":{"background-color":"","background-image":"","background-repeat":"repeat","background-position":"center center","background-size":"auto","background-attachment":"scroll","background-type":"","background-media":"","overlay-type":"","overlay-color":"","overlay-opacity":"","overlay-gradient":""}},"ast-content-background-meta":{"desktop":{"background-color":"var(--ast-global-color-5)","background-image":"","background-repeat":"repeat","background-position":"center center","background-size":"auto","background-attachment":"scroll","background-type":"","background-media":"","overlay-type":"","overlay-color":"","overlay-opacity":"","overlay-gradient":""},"tablet":{"background-color":"var(--ast-global-color-5)","background-image":"","background-repeat":"repeat","background-position":"center center","background-size":"auto","background-attachment":"scroll","background-type":"","background-media":"","overlay-type":"","overlay-color":"","overlay-opacity":"","overlay-gradient":""},"mobile":{"background-color":"var(--ast-global-color-5)","background-image":"","background-repeat":"repeat","background-position":"center center","background-size":"auto","background-attachment":"scroll","background-type":"","background-media":"","overlay-type":"","overlay-color":"","overlay-opacity":"","overlay-gradient":""}}},"product_brand":[],"product_cat":[317,319,144,31],"product_tag":[],"class_list":{"0":"post-8060","1":"product","2":"type-product","3":"status-publish","4":"has-post-thumbnail","6":"product_cat-essence-serum-oel","7":"product_cat-gesichtsserum","8":"product_cat-innisfree","9":"product_cat-gesicht","10":"desktop-align-center","11":"tablet-align-center","12":"mobile-align-center","14":"first","15":"outofstock","16":"taxable","17":"shipping-taxable","18":"purchasable","19":"product-type-simple"},"_links":{"self":[{"href":"https:\/\/tomyklou.gr\/de\/wp-json\/wp\/v2\/product\/8060","targetHints":{"allow":["GET"]}}],"collection":[{"href":"https:\/\/tomyklou.gr\/de\/wp-json\/wp\/v2\/product"}],"about":[{"href":"https:\/\/tomyklou.gr\/de\/wp-json\/wp\/v2\/types\/product"}],"replies":[{"embeddable":true,"href":"https:\/\/tomyklou.gr\/de\/wp-json\/wp\/v2\/comments?post=8060"}],"wp:featuredmedia":[{"embeddable":true,"href":"https:\/\/tomyklou.gr\/de\/wp-json\/wp\/v2\/media\/9512"}],"wp:attachment":[{"href":"https:\/\/tomyklou.gr\/de\/wp-json\/wp\/v2\/media?parent=8060"}],"wp:term":[{"taxonomy":"product_brand","embeddable":true,"href":"https:\/\/tomyklou.gr\/de\/wp-json\/wp\/v2\/product_brand?post=8060"},{"taxonomy":"product_cat","embeddable":true,"href":"https:\/\/tomyklou.gr\/de\/wp-json\/wp\/v2\/product_cat?post=8060"},{"taxonomy":"product_tag","embeddable":true,"href":"https:\/\/tomyklou.gr\/de\/wp-json\/wp\/v2\/product_tag?post=8060"}],"curies":[{"name":"wp","href":"https:\/\/api.w.org\/{rel}","templated":true}]}}