{"id":8065,"date":"2023-07-13T18:36:45","date_gmt":"2023-07-13T16:36:45","guid":{"rendered":"https:\/\/tomyklou.gr\/product\/innisfree-super-volcanic-pore-clay-mask-2x-100ml\/"},"modified":"2026-02-22T18:38:47","modified_gmt":"2026-02-22T16:38:47","slug":"innisfree-super-volcanic-pore-clay-mask-100ml","status":"publish","type":"product","link":"https:\/\/tomyklou.gr\/de\/product\/innisfree-super-volcanic-pore-clay-mask-2x-100ml\/","title":{"rendered":"Innisfree Super Volcanic Pore Clay Mask 2X 100ml"},"content":{"rendered":"<h3>Anwendung<\/h3>\n<ol>\n<li>Verteilen Sie eine geeignete Menge gleichm\u00e4\u00dfig auf dem Gesicht.<\/li>\n<li>Lassen Sie die Maske f\u00fcr <strong>10-15<\/strong> Minuten einwirken und waschen Sie sie anschlie\u00dfend mit lauwarmem Wasser ab.<\/li>\n<li>Fahren Sie fort mit Ihrer regul\u00e4ren Hautpflegeroutine.<\/li>\n<\/ol>\n<h3>Inhaltsstoffe<\/h3>\n<p>Water\/aqua\/eau, Propanediol, Titanium Dioxide (Ci 77 891), Silica, Glycerin, Caprylic\/capric Triglyceride, Trehalose, Cetearyl Alcohol, Bentonite, Stearic Acid, Glyceryl Stearate, Kaolin, 1,2-hexanediol, Polysorbate 60, Polyvinyl Alcohol, Hydrogenated Vegetable Oil, Volcanic Ash, Pvp, Peg-100 Stearate, Sorbitan Stearate, Xanthan Gum, Iron Oxides (Ci 77492), Iron Oxides (Ci 77499), Glyceryl Caprylate, Iron Oxides (Ci 77491), Disodium Edta, Ethylhexyl- Glycerin, Tetrasodium Pyrophosphate, Tocopherol<\/p>\n<h3>Warnhinweise<\/h3>\n<ol>\n<li>Nur zur \u00e4u\u00dferlichen Anwendung geeignet.<\/li>\n<li>Nicht auf verletzte Haut oder auf Wunden auftragen.<\/li>\n<li>Sollten Nebenwirkungen wie Irritationen oder Ausschlag eintreten, Anwendung sofort beenden und unverz\u00fcglich an einen Arzt wenden.<\/li>\n<li>Kontakt mit den Augen vermeiden. Sollte das Produkt ins Auge gelangen, das Auge sofort gr\u00fcndlich mit klarem Wasser aussp\u00fclen.<\/li>\n<li>Au\u00dfer Reichweite von Kindern aufbewahren.<\/li>\n<li>Nicht schlucken. Bei Verschlucken Arzt oder Giftzentrale aufsuchen.<\/li>\n<\/ol>\n","protected":false},"excerpt":{"rendered":"<p><strong>Innisfree<\/strong>\u00a0Jeju Volcanic Mud Pore Clay Mask reguliert die Talgproduktion, hellt den Hautton auf und behandelt Makel auf der Haut. Die Maske enth\u00e4lt Jeju-Vulkanerde und entfernt Talg sowie Unreinheiten aus den Poren, um die \u00d6lproduktion der Haut langfristig auszugleichen. Die Maske verfeinert die Hauttextur, hellt die Haut auf und sorgt f\u00fcr eine gesunde Ausstrahlung. Frei von Mineral\u00f6l, tierischen Inhaltsstoffen und k\u00fcnstlichen Duftstoffen.<\/p>\n","protected":false},"featured_media":9557,"comment_status":"open","ping_status":"closed","template":"","meta":{"content-type":"","site-sidebar-layout":"default","site-content-layout":"default","ast-site-content-layout":"default","site-content-style":"default","site-sidebar-style":"default","ast-global-header-display":"","ast-banner-title-visibility":"","ast-main-header-display":"","ast-hfb-above-header-display":"","ast-hfb-below-header-display":"","ast-hfb-mobile-header-display":"","site-post-title":"","ast-breadcrumbs-content":"","ast-featured-img":"","footer-sml-layout":"","ast-disable-related-posts":"","theme-transparent-header-meta":"default","adv-header-id-meta":"","stick-header-meta":"","header-above-stick-meta":"","header-main-stick-meta":"","header-below-stick-meta":"","astra-migrate-meta-layouts":"set","ast-page-background-enabled":"default","ast-page-background-meta":{"desktop":{"background-color":"","background-image":"","background-repeat":"repeat","background-position":"center center","background-size":"auto","background-attachment":"scroll","background-type":"","background-media":"","overlay-type":"","overlay-color":"","overlay-opacity":"","overlay-gradient":""},"tablet":{"background-color":"","background-image":"","background-repeat":"repeat","background-position":"center center","background-size":"auto","background-attachment":"scroll","background-type":"","background-media":"","overlay-type":"","overlay-color":"","overlay-opacity":"","overlay-gradient":""},"mobile":{"background-color":"","background-image":"","background-repeat":"repeat","background-position":"center center","background-size":"auto","background-attachment":"scroll","background-type":"","background-media":"","overlay-type":"","overlay-color":"","overlay-opacity":"","overlay-gradient":""}},"ast-content-background-meta":{"desktop":{"background-color":"var(--ast-global-color-5)","background-image":"","background-repeat":"repeat","background-position":"center center","background-size":"auto","background-attachment":"scroll","background-type":"","background-media":"","overlay-type":"","overlay-color":"","overlay-opacity":"","overlay-gradient":""},"tablet":{"background-color":"var(--ast-global-color-5)","background-image":"","background-repeat":"repeat","background-position":"center center","background-size":"auto","background-attachment":"scroll","background-type":"","background-media":"","overlay-type":"","overlay-color":"","overlay-opacity":"","overlay-gradient":""},"mobile":{"background-color":"var(--ast-global-color-5)","background-image":"","background-repeat":"repeat","background-position":"center center","background-size":"auto","background-attachment":"scroll","background-type":"","background-media":"","overlay-type":"","overlay-color":"","overlay-opacity":"","overlay-gradient":""}}},"product_brand":[],"product_cat":[316,144,31],"product_tag":[34],"class_list":{"0":"post-8065","1":"product","2":"type-product","3":"status-publish","4":"has-post-thumbnail","6":"product_cat-gesichtsmaske","7":"product_cat-innisfree","8":"product_cat-gesicht","9":"product_tag-sheet","10":"desktop-align-center","11":"tablet-align-center","12":"mobile-align-center","14":"first","15":"outofstock","16":"taxable","17":"shipping-taxable","18":"purchasable","19":"product-type-simple"},"_links":{"self":[{"href":"https:\/\/tomyklou.gr\/de\/wp-json\/wp\/v2\/product\/8065","targetHints":{"allow":["GET"]}}],"collection":[{"href":"https:\/\/tomyklou.gr\/de\/wp-json\/wp\/v2\/product"}],"about":[{"href":"https:\/\/tomyklou.gr\/de\/wp-json\/wp\/v2\/types\/product"}],"replies":[{"embeddable":true,"href":"https:\/\/tomyklou.gr\/de\/wp-json\/wp\/v2\/comments?post=8065"}],"wp:featuredmedia":[{"embeddable":true,"href":"https:\/\/tomyklou.gr\/de\/wp-json\/wp\/v2\/media\/9557"}],"wp:attachment":[{"href":"https:\/\/tomyklou.gr\/de\/wp-json\/wp\/v2\/media?parent=8065"}],"wp:term":[{"taxonomy":"product_brand","embeddable":true,"href":"https:\/\/tomyklou.gr\/de\/wp-json\/wp\/v2\/product_brand?post=8065"},{"taxonomy":"product_cat","embeddable":true,"href":"https:\/\/tomyklou.gr\/de\/wp-json\/wp\/v2\/product_cat?post=8065"},{"taxonomy":"product_tag","embeddable":true,"href":"https:\/\/tomyklou.gr\/de\/wp-json\/wp\/v2\/product_tag?post=8065"}],"curies":[{"name":"wp","href":"https:\/\/api.w.org\/{rel}","templated":true}]}}