{"id":8084,"date":"2023-07-13T18:36:54","date_gmt":"2023-07-13T16:36:54","guid":{"rendered":"https:\/\/tomyklou.gr\/product\/innisfree-jeju-cherry-blossom-lotion-100ml\/"},"modified":"2026-02-22T18:38:47","modified_gmt":"2026-02-22T16:38:47","slug":"innisfree-jeju-cherry-blossom-lotion-100ml","status":"publish","type":"product","link":"https:\/\/tomyklou.gr\/de\/product\/innisfree-jeju-cherry-blossom-lotion-100ml\/","title":{"rendered":"Innisfree Jeju Cherry Blossom Lotion 100mL"},"content":{"rendered":"<h3>Anwendung<\/h3>\n<ol>\n<li>Tragen Sie die Lotion morgens und abends auf die gereinigte Haut auf.<\/li>\n<li>Arbeiten Sie das Produkt in die Haut ein, bis es vollst\u00e4ndig eingezogen ist.<\/li>\n<\/ol>\n<h3>Inhaltsstoffe<\/h3>\n<p>Water, Butylene Glycol, Glycerin, Methyl trimethicone, Dicaprylyl ether, Niacinamide, Betaine, Cetyl Ethylhexanoate, hydrogenated poly(C6-14 olefin), 1,2-Hexanediol, Glyceryl polymethacrylate, Glyceryl stearate citrate, C14-22 alcohols, Ammonium Acryloyldimethyltaurate\/VP Copolymer, Polymethylsilsesquioxane, Hydroxyethyl Acrylate\/Sodium Acryloyldimethyl Taurate Copolymer, Arachidyl alcohol, Stearic Acid, Glyceryl Stearate, Butyrospermum Parkii Butter, Fragrance, Palmitic Acid, Behenyl Alcohol, Glyceryl caprylate, C12-20 Alkyl Glucoside, Arachidyl Glucoside, Ethylhexylglycerin, Disodium EDTA, Propanediol, Sorbitan isostearate, Myristic acid, Prunus Yedoensis Leaf Extract, Lauric Acid, Tocopherol, Glycine Soja Oil<\/p>\n<h3>Warnhinweise<\/h3>\n<ol>\n<li>Nur zur \u00e4u\u00dferlichen Anwendung geeignet.<\/li>\n<li>Nicht auf verletzte Haut oder auf Wunden auftragen.<\/li>\n<li>Sollten Nebenwirkungen wie Irritationen oder Ausschlag eintreten, Anwendung sofort beenden und unverz\u00fcglich an einen Arzt wenden.<\/li>\n<li>Kontakt mit den Augen vermeiden. Sollte das Produkt ins Auge gelangen, das Auge sofort gr\u00fcndlich mit klarem Wasser aussp\u00fclen.<\/li>\n<li>Au\u00dfer Reichweite von Kindern aufbewahren.<\/li>\n<li>Nicht schlucken. Bei Verschlucken Arzt oder Giftzentrale aufsuchen.<\/li>\n<\/ol>\n","protected":false},"excerpt":{"rendered":"<p>Kirschbl\u00fcte enth\u00e4lt antioxidative und entz\u00fcndungshemmende Eigenschaften.<br \/>\nWenn es um entz\u00fcndungshemmende Eigenschaften geht, zeigt Kirschbl\u00fctenextrakt seine F\u00e4higkeit, gereizte Haut erfolgreich zu heilen, w\u00e4hrend der stumpfe Hautton ausgeglichen und dunkle Flecken aufgehellt werden. Cremige, aber leichte Innisfree Jeju Kirschbl\u00fctenlotion zieht sanft in die Haut ein, ohne zu fettig oder klebrig zu sein. Es spendet der Haut milde Feuchtigkeit und verleiht der Haut einen nat\u00fcrlichen Feuchtigkeitsschimmer.<\/p>\n","protected":false},"featured_media":8080,"comment_status":"open","ping_status":"closed","template":"","meta":{"content-type":"","site-sidebar-layout":"default","site-content-layout":"default","ast-site-content-layout":"default","site-content-style":"default","site-sidebar-style":"default","ast-global-header-display":"","ast-banner-title-visibility":"","ast-main-header-display":"","ast-hfb-above-header-display":"","ast-hfb-below-header-display":"","ast-hfb-mobile-header-display":"","site-post-title":"","ast-breadcrumbs-content":"","ast-featured-img":"","footer-sml-layout":"","ast-disable-related-posts":"","theme-transparent-header-meta":"default","adv-header-id-meta":"","stick-header-meta":"","header-above-stick-meta":"","header-main-stick-meta":"","header-below-stick-meta":"","astra-migrate-meta-layouts":"default","ast-page-background-enabled":"default","ast-page-background-meta":{"desktop":{"background-color":"","background-image":"","background-repeat":"repeat","background-position":"center center","background-size":"auto","background-attachment":"scroll","background-type":"","background-media":"","overlay-type":"","overlay-color":"","overlay-opacity":"","overlay-gradient":""},"tablet":{"background-color":"","background-image":"","background-repeat":"repeat","background-position":"center center","background-size":"auto","background-attachment":"scroll","background-type":"","background-media":"","overlay-type":"","overlay-color":"","overlay-opacity":"","overlay-gradient":""},"mobile":{"background-color":"","background-image":"","background-repeat":"repeat","background-position":"center center","background-size":"auto","background-attachment":"scroll","background-type":"","background-media":"","overlay-type":"","overlay-color":"","overlay-opacity":"","overlay-gradient":""}},"ast-content-background-meta":{"desktop":{"background-color":"var(--ast-global-color-5)","background-image":"","background-repeat":"repeat","background-position":"center center","background-size":"auto","background-attachment":"scroll","background-type":"","background-media":"","overlay-type":"","overlay-color":"","overlay-opacity":"","overlay-gradient":""},"tablet":{"background-color":"var(--ast-global-color-5)","background-image":"","background-repeat":"repeat","background-position":"center center","background-size":"auto","background-attachment":"scroll","background-type":"","background-media":"","overlay-type":"","overlay-color":"","overlay-opacity":"","overlay-gradient":""},"mobile":{"background-color":"var(--ast-global-color-5)","background-image":"","background-repeat":"repeat","background-position":"center center","background-size":"auto","background-attachment":"scroll","background-type":"","background-media":"","overlay-type":"","overlay-color":"","overlay-opacity":"","overlay-gradient":""}}},"product_brand":[],"product_cat":[321,322,144,31],"product_tag":[67,35],"class_list":{"0":"post-8084","1":"product","2":"type-product","3":"status-publish","4":"has-post-thumbnail","6":"product_cat-spezialbehandlung","7":"product_cat-gesichtscreme","8":"product_cat-innisfree","9":"product_cat-gesicht","10":"product_tag-spezialbehandlung","11":"product_tag-moisturizer","12":"desktop-align-center","13":"tablet-align-center","14":"mobile-align-center","16":"first","17":"outofstock","18":"taxable","19":"shipping-taxable","20":"purchasable","21":"product-type-simple"},"_links":{"self":[{"href":"https:\/\/tomyklou.gr\/de\/wp-json\/wp\/v2\/product\/8084","targetHints":{"allow":["GET"]}}],"collection":[{"href":"https:\/\/tomyklou.gr\/de\/wp-json\/wp\/v2\/product"}],"about":[{"href":"https:\/\/tomyklou.gr\/de\/wp-json\/wp\/v2\/types\/product"}],"replies":[{"embeddable":true,"href":"https:\/\/tomyklou.gr\/de\/wp-json\/wp\/v2\/comments?post=8084"}],"wp:featuredmedia":[{"embeddable":true,"href":"https:\/\/tomyklou.gr\/de\/wp-json\/wp\/v2\/media\/8080"}],"wp:attachment":[{"href":"https:\/\/tomyklou.gr\/de\/wp-json\/wp\/v2\/media?parent=8084"}],"wp:term":[{"taxonomy":"product_brand","embeddable":true,"href":"https:\/\/tomyklou.gr\/de\/wp-json\/wp\/v2\/product_brand?post=8084"},{"taxonomy":"product_cat","embeddable":true,"href":"https:\/\/tomyklou.gr\/de\/wp-json\/wp\/v2\/product_cat?post=8084"},{"taxonomy":"product_tag","embeddable":true,"href":"https:\/\/tomyklou.gr\/de\/wp-json\/wp\/v2\/product_tag?post=8084"}],"curies":[{"name":"wp","href":"https:\/\/api.w.org\/{rel}","templated":true}]}}