{"id":8090,"date":"2023-07-13T18:36:57","date_gmt":"2023-07-13T16:36:57","guid":{"rendered":"https:\/\/tomyklou.gr\/product\/innisfree-jeju-orchid-enriched-essence-50ml\/"},"modified":"2026-02-22T18:38:47","modified_gmt":"2026-02-22T16:38:47","slug":"innisfree-jeju-orchid-enriched-essence-50ml","status":"publish","type":"product","link":"https:\/\/tomyklou.gr\/de\/product\/innisfree-jeju-orchid-enriched-essence-50ml\/","title":{"rendered":"Innisfree Jeju Orchid Enriched Essence 50ml"},"content":{"rendered":"<h3>Anwendung<\/h3>\n<ol>\n<li>Als letzten Schritt der Hautpflegeroutine 30 Minuten vor dem Sonnen gro\u00dfz\u00fcgig auf die Haut auftragen.<\/li>\n<li>F\u00fcr optimalen Schutz tags\u00fcber alle zwei Stunden erneut auftragen.<\/li>\n<\/ol>\n<h3>Inhaltsstoffe<\/h3>\n<p>Water\/\u200bAqua\/\u200bEau, Propylheptyl Caprylate, Zinc Oxide (Nano) 8.0064%, Dibutyl Adipate, Methyl Trimethicone, Dipropylene Glycol, Polyglyceryl-3 Polydimethylsiloxyethyl Dimethicone, Methyl Methacrylate Crosspolymer, Niacinamide, Bis-Ethylhexyloxyphenol Methoxyphenyl Triazine 1.5%, Ethylhexyl Triazone 1.5%, Diethylamino Hydroxybenzoyl Hexyl Benzoate 1.5%, Butyloctyl Salicylate, Titanium Dioxide (Nano), Lauryl Polyglyceryl-3 Polydimethylsiloxyethyl Dimethicone, Disteardimonium Hectorite, Magnesium Sulfate, Sorbitan Caprylate, Triethoxycaprylylsilane, Fragrance\/\u200bParfum, Aluminum Hydroxide, Glyceryl Caprylate, Propanediol, Stearic Acid, Saccharide Hydrolysate, Ethylhexylglycerin, Adenosine, 1,2-Hexanediol, Sodium Hyaluronate, Tillandsia Usneoides Extract, Octyldodecanol, Centella Asiatica Extract, Houttuynia Cordata Extract, Portulaca Oleracea Extract, Curcuma Longa (Turmeric) Root Extract, Salvia Hispanica Seed Extract, Echium Plantagineum Seed Oil, Tocopherol, Butylene Glycol, Helianthus Annuus (Sunflower) Seed Oil, Helianthus Annuus (Sunflower) Seed Oil Unsaponifiables, Cardiospermum Halicacabum Flower\/\u200bLeaf\/\u200bVine Extract<\/p>\n<p>*Eine Ver\u00e4nderung der Inhaltsstoffe unterliegt dem Ermessen des Herstellers. Willst du vor dem Kauf ganz sicher gehen? Dann kontaktiere uns f\u00fcr ein Foto der aktuellen Produktverpackung.<\/p>\n<h3>Warnhinweise<\/h3>\n<ol>\n<li>Nur zur \u00e4u\u00dferlichen Anwendung geeignet.<\/li>\n<li>Nicht auf verletzte Haut oder auf Wunden auftragen.<\/li>\n<li>Sollten Nebenwirkungen wie Irritationen oder Ausschlag eintreten, Anwendung sofort beenden und unverz\u00fcglich an einen Arzt wenden.<\/li>\n<li>Kontakt mit den Augen vermeiden. Sollte das Produkt ins Auge gelangen, das Auge sofort gr\u00fcndlich mit klarem Wasser aussp\u00fclen.<\/li>\n<li>Au\u00dfer Reichweite von Kindern aufbewahren.<\/li>\n<li>Nicht schlucken. Bei Verschlucken Arzt oder Giftzentrale aufsuchen.<\/li>\n<\/ol>\n","protected":false},"excerpt":{"rendered":"<p>Das\u00a0<strong>Innisfree\u00a0<\/strong>Intensive Anti-pollution Sunscreen SPF50+ PA++++ ist ein hybrides Sonnenschutzmittel (mit chemischen und mineralischen Filtern), das vor UVA- und UVB-Strahlen sch\u00fctzt. Die mineralischen Filter sind in Nanoform formuliert (kleinere Teilchengr\u00f6\u00dfe), sodass die Wahrscheinlichkeit, einen wei\u00dfen Film auf der Haut zu bekommen, geringer ist.<\/p>\n<p>Einer der wichtigsten Faktoren des Alterns und der Entwicklung von Hyperpigmentierung und Melasma ist das (\u00fcberm\u00e4\u00dfige) Aussetzen der Haut der Sonne. Es werden drei Arten von UV-Strahlen unterschieden: UVA (UVA1 hat eine Reichweite von 340 bis 400 Nanometer und UVA2 hat eine Reichweite von 320 und 340 Nanometer), UVB (320-280 nm) und UVC (280-100 nm). UVC wird durch die Ozonschicht blockiert, sodass wir Strahlen unter 280 nm nicht ausgesetzt sind.<\/p>\n<p><strong>UV Filter<\/strong>:<\/p>\n<ul>\n<li><strong>Zinc Oxide<\/strong>\u00a0(UVA1- and UVA2, UVB),\u00a0<strong>Tinosorb S<\/strong>\u00a0(280-400 nm),\u00a0<strong>Uvinal T 150<\/strong>\u00a0(<span data-offset-key=\"d0jlv-0-1\">280-320nm)<\/span>,\u00a0<strong>Uvinal A plus<\/strong>\u00a0(320-400 nm),\u00a0<strong>Titanium Oxide<\/strong>\u00a0(UVA2 en UVB).<\/li>\n<\/ul>\n<h4>Inhaltsstoffe, die wir lieben<\/h4>\n<ul>\n<li><strong>Niacinamide:\u00a0<\/strong>Stimuliert die nat\u00fcrliche Ceramid-Produktion und l\u00e4sst Hyperpigmentierungen verblassen. F\u00fchrt zu einem straffen und ebenm\u00e4\u00dfigen Hautbild.<\/li>\n<li><strong>Centella Asiatica Extract<\/strong>: Hat heilende und entz\u00fcndungshemmende Eigenschaften. Stimuliert die nat\u00fcrliche Hyalurons\u00e4ureproduktion und ist ein starkes Antioxidans.<\/li>\n<li><strong>Tocopherol, vitamin E<\/strong>: Ein wichtiges, \u00f6ll\u00f6sliches Antioxidans der Haut. Sch\u00fctzt die Haut vor Sch\u00e4den durch freie Radikale und macht sie widerstandsf\u00e4higer gegen UV-Strahlen.<\/li>\n<\/ul>\n","protected":false},"featured_media":9921,"comment_status":"open","ping_status":"closed","template":"","meta":{"content-type":"","site-sidebar-layout":"default","site-content-layout":"default","ast-site-content-layout":"default","site-content-style":"default","site-sidebar-style":"default","ast-global-header-display":"","ast-banner-title-visibility":"","ast-main-header-display":"","ast-hfb-above-header-display":"","ast-hfb-below-header-display":"","ast-hfb-mobile-header-display":"","site-post-title":"","ast-breadcrumbs-content":"","ast-featured-img":"","footer-sml-layout":"","ast-disable-related-posts":"","theme-transparent-header-meta":"default","adv-header-id-meta":"","stick-header-meta":"","header-above-stick-meta":"","header-main-stick-meta":"","header-below-stick-meta":"","astra-migrate-meta-layouts":"set","ast-page-background-enabled":"default","ast-page-background-meta":{"desktop":{"background-color":"","background-image":"","background-repeat":"repeat","background-position":"center center","background-size":"auto","background-attachment":"scroll","background-type":"","background-media":"","overlay-type":"","overlay-color":"","overlay-opacity":"","overlay-gradient":""},"tablet":{"background-color":"","background-image":"","background-repeat":"repeat","background-position":"center center","background-size":"auto","background-attachment":"scroll","background-type":"","background-media":"","overlay-type":"","overlay-color":"","overlay-opacity":"","overlay-gradient":""},"mobile":{"background-color":"","background-image":"","background-repeat":"repeat","background-position":"center center","background-size":"auto","background-attachment":"scroll","background-type":"","background-media":"","overlay-type":"","overlay-color":"","overlay-opacity":"","overlay-gradient":""}},"ast-content-background-meta":{"desktop":{"background-color":"var(--ast-global-color-5)","background-image":"","background-repeat":"repeat","background-position":"center center","background-size":"auto","background-attachment":"scroll","background-type":"","background-media":"","overlay-type":"","overlay-color":"","overlay-opacity":"","overlay-gradient":""},"tablet":{"background-color":"var(--ast-global-color-5)","background-image":"","background-repeat":"repeat","background-position":"center center","background-size":"auto","background-attachment":"scroll","background-type":"","background-media":"","overlay-type":"","overlay-color":"","overlay-opacity":"","overlay-gradient":""},"mobile":{"background-color":"var(--ast-global-color-5)","background-image":"","background-repeat":"repeat","background-position":"center center","background-size":"auto","background-attachment":"scroll","background-type":"","background-media":"","overlay-type":"","overlay-color":"","overlay-opacity":"","overlay-gradient":""}}},"product_brand":[],"product_cat":[317,144,31],"product_tag":[],"class_list":{"0":"post-8090","1":"product","2":"type-product","3":"status-publish","4":"has-post-thumbnail","6":"product_cat-essence-serum-oel","7":"product_cat-innisfree","8":"product_cat-gesicht","9":"desktop-align-center","10":"tablet-align-center","11":"mobile-align-center","13":"first","14":"outofstock","15":"taxable","16":"shipping-taxable","17":"purchasable","18":"product-type-simple"},"_links":{"self":[{"href":"https:\/\/tomyklou.gr\/de\/wp-json\/wp\/v2\/product\/8090","targetHints":{"allow":["GET"]}}],"collection":[{"href":"https:\/\/tomyklou.gr\/de\/wp-json\/wp\/v2\/product"}],"about":[{"href":"https:\/\/tomyklou.gr\/de\/wp-json\/wp\/v2\/types\/product"}],"replies":[{"embeddable":true,"href":"https:\/\/tomyklou.gr\/de\/wp-json\/wp\/v2\/comments?post=8090"}],"wp:featuredmedia":[{"embeddable":true,"href":"https:\/\/tomyklou.gr\/de\/wp-json\/wp\/v2\/media\/9921"}],"wp:attachment":[{"href":"https:\/\/tomyklou.gr\/de\/wp-json\/wp\/v2\/media?parent=8090"}],"wp:term":[{"taxonomy":"product_brand","embeddable":true,"href":"https:\/\/tomyklou.gr\/de\/wp-json\/wp\/v2\/product_brand?post=8090"},{"taxonomy":"product_cat","embeddable":true,"href":"https:\/\/tomyklou.gr\/de\/wp-json\/wp\/v2\/product_cat?post=8090"},{"taxonomy":"product_tag","embeddable":true,"href":"https:\/\/tomyklou.gr\/de\/wp-json\/wp\/v2\/product_tag?post=8090"}],"curies":[{"name":"wp","href":"https:\/\/api.w.org\/{rel}","templated":true}]}}