{"id":8122,"date":"2023-07-13T18:37:21","date_gmt":"2023-07-13T16:37:21","guid":{"rendered":"https:\/\/tomyklou.gr\/product\/innisfree-special-care-foot-mask\/"},"modified":"2026-02-22T18:38:47","modified_gmt":"2026-02-22T16:38:47","slug":"innisfree-foot-mask","status":"publish","type":"product","link":"https:\/\/tomyklou.gr\/de\/product\/innisfree-special-care-foot-mask\/","title":{"rendered":"Innisfree Special Care Foot Mask"},"content":{"rendered":"<h3>Anwendung<\/h3>\n<ol>\n<li>Reinige die F\u00fc\u00dfe.<\/li>\n<li>Trenne die Socken entlang der Mittellinie.<\/li>\n<li>Ziehe die Socken \u00fcber die F\u00fc\u00dfe und trage sie die Maske.<\/li>\n<li>Entsorge die verwendeten Socken und wasche die F\u00fc\u00dfe mit Wasser.<\/li>\n<li>Die Haut an den F\u00fc\u00dfen wird sich \u00fcber die n\u00e4chsten Tage hinweg abl\u00f6sen. Lasse die Haut nat\u00fcrlich abpeelen oder helfe bei Bedarf durch Waschen mit warmem Wasser nach.<\/li>\n<\/ol>\n<h3>Inhaltsstoffe<\/h3>\n<p>Water, Dimethicone, Butylene Glycol, Glycerin, Alcohol, Cetyl Ethylhexanoate, Citrus Paradisi (Grapefruit) Fruit Extract , Glyceryl Stearate, PEG-100<\/p>\n<p>*Eine Ver\u00e4nderung der Inhaltsstoffe unterliegt dem Ermessen des Herstellers. Willst du vor dem Kauf ganz sicher gehen? Dann kontaktiere uns f\u00fcr ein Foto der aktuellen Produktverpackung.<\/p>\n<h3>Warnhinweise<\/h3>\n<ol>\n<li>Nur zur \u00e4u\u00dferlichen Anwendung geeignet.<\/li>\n<li>Nicht auf verletzte Haut oder auf Wunden auftragen.<\/li>\n<li>Sollten Nebenwirkungen wie Irritationen oder Ausschlag eintreten, Anwendung sofort beenden und unverz\u00fcglich an einen Arzt wenden.<\/li>\n<li>Kontakt mit den Augen vermeiden. Sollte das Produkt ins Auge gelangen, das Auge sofort gr\u00fcndlich mit klarem Wasser aussp\u00fclen.<\/li>\n<li>Au\u00dfer Reichweite von Kindern aufbewahren.<\/li>\n<li>Nicht schlucken. Bei Verschlucken Arzt oder Giftzentrale aufsuchen.<\/li>\n<\/ol>\n","protected":false},"excerpt":{"rendered":"<p>Diese spezielle Pflegemaske l\u00e4sst die F\u00fcsse gesund aussehen, indem sie die Haut mit Feuchtigkeit versorgt und pflegt.<\/p>\n<ul>\n<li>Enth\u00e4lt sieben nat\u00fcrliche Kr\u00e4uterextrakte, die der Haut Vitalit\u00e4t verleihen und die Elastizit\u00e4t erh\u00f6hen.<\/li>\n<li>Die Maske ist weich und flexibel, um sich perfekt an Ihre Haut anzupassen und N\u00e4hrstoffe und Feuchtigkeit zu liefern.<\/li>\n<\/ul>\n","protected":false},"featured_media":8119,"comment_status":"open","ping_status":"closed","template":"","meta":{"content-type":"","site-sidebar-layout":"default","site-content-layout":"default","ast-site-content-layout":"default","site-content-style":"default","site-sidebar-style":"default","ast-global-header-display":"","ast-banner-title-visibility":"","ast-main-header-display":"","ast-hfb-above-header-display":"","ast-hfb-below-header-display":"","ast-hfb-mobile-header-display":"","site-post-title":"","ast-breadcrumbs-content":"","ast-featured-img":"","footer-sml-layout":"","ast-disable-related-posts":"","theme-transparent-header-meta":"default","adv-header-id-meta":"","stick-header-meta":"","header-above-stick-meta":"","header-main-stick-meta":"","header-below-stick-meta":"","astra-migrate-meta-layouts":"set","ast-page-background-enabled":"default","ast-page-background-meta":{"desktop":{"background-color":"","background-image":"","background-repeat":"repeat","background-position":"center center","background-size":"auto","background-attachment":"scroll","background-type":"","background-media":"","overlay-type":"","overlay-color":"","overlay-opacity":"","overlay-gradient":""},"tablet":{"background-color":"","background-image":"","background-repeat":"repeat","background-position":"center center","background-size":"auto","background-attachment":"scroll","background-type":"","background-media":"","overlay-type":"","overlay-color":"","overlay-opacity":"","overlay-gradient":""},"mobile":{"background-color":"","background-image":"","background-repeat":"repeat","background-position":"center center","background-size":"auto","background-attachment":"scroll","background-type":"","background-media":"","overlay-type":"","overlay-color":"","overlay-opacity":"","overlay-gradient":""}},"ast-content-background-meta":{"desktop":{"background-color":"var(--ast-global-color-5)","background-image":"","background-repeat":"repeat","background-position":"center center","background-size":"auto","background-attachment":"scroll","background-type":"","background-media":"","overlay-type":"","overlay-color":"","overlay-opacity":"","overlay-gradient":""},"tablet":{"background-color":"var(--ast-global-color-5)","background-image":"","background-repeat":"repeat","background-position":"center center","background-size":"auto","background-attachment":"scroll","background-type":"","background-media":"","overlay-type":"","overlay-color":"","overlay-opacity":"","overlay-gradient":""},"mobile":{"background-color":"var(--ast-global-color-5)","background-image":"","background-repeat":"repeat","background-position":"center center","background-size":"auto","background-attachment":"scroll","background-type":"","background-media":"","overlay-type":"","overlay-color":"","overlay-opacity":"","overlay-gradient":""}}},"product_brand":[],"product_cat":[144,116,71],"product_tag":[],"class_list":{"0":"post-8122","1":"product","2":"type-product","3":"status-publish","4":"has-post-thumbnail","6":"product_cat-innisfree","7":"product_cat-fusspflege","8":"product_cat-koerperpflege","9":"desktop-align-center","10":"tablet-align-center","11":"mobile-align-center","13":"first","14":"outofstock","15":"taxable","16":"shipping-taxable","17":"purchasable","18":"product-type-simple"},"_links":{"self":[{"href":"https:\/\/tomyklou.gr\/de\/wp-json\/wp\/v2\/product\/8122","targetHints":{"allow":["GET"]}}],"collection":[{"href":"https:\/\/tomyklou.gr\/de\/wp-json\/wp\/v2\/product"}],"about":[{"href":"https:\/\/tomyklou.gr\/de\/wp-json\/wp\/v2\/types\/product"}],"replies":[{"embeddable":true,"href":"https:\/\/tomyklou.gr\/de\/wp-json\/wp\/v2\/comments?post=8122"}],"wp:featuredmedia":[{"embeddable":true,"href":"https:\/\/tomyklou.gr\/de\/wp-json\/wp\/v2\/media\/8119"}],"wp:attachment":[{"href":"https:\/\/tomyklou.gr\/de\/wp-json\/wp\/v2\/media?parent=8122"}],"wp:term":[{"taxonomy":"product_brand","embeddable":true,"href":"https:\/\/tomyklou.gr\/de\/wp-json\/wp\/v2\/product_brand?post=8122"},{"taxonomy":"product_cat","embeddable":true,"href":"https:\/\/tomyklou.gr\/de\/wp-json\/wp\/v2\/product_cat?post=8122"},{"taxonomy":"product_tag","embeddable":true,"href":"https:\/\/tomyklou.gr\/de\/wp-json\/wp\/v2\/product_tag?post=8122"}],"curies":[{"name":"wp","href":"https:\/\/api.w.org\/{rel}","templated":true}]}}