{"id":8127,"date":"2023-07-13T18:37:23","date_gmt":"2023-07-13T16:37:23","guid":{"rendered":"https:\/\/tomyklou.gr\/product\/innisfree-olive-real-power-cream-ex-50ml\/"},"modified":"2026-02-22T18:38:47","modified_gmt":"2026-02-22T16:38:47","slug":"innisfree-olive-real-power-cream-ex-50ml","status":"publish","type":"product","link":"https:\/\/tomyklou.gr\/de\/product\/innisfree-olive-real-power-cream-ex-50ml\/","title":{"rendered":"Innisfree Olive Real Power Cream Ex 50ml"},"content":{"rendered":"<h3>Anwendung<\/h3>\n<ol>\n<li>Tragen Sie morgens und abends eine geeignete Menge auf die gereinigte Haut auf.<\/li>\n<li>Klopfen Sie die Creme sanft in die Haut ein, bis sie vollst\u00e4ndig eingezogen ist.<\/li>\n<\/ol>\n<h3>Inhaltsstoffe<\/h3>\n<p>Water, Glycerin, Butylene Glycol, Squalane, Dimethicone, Polyglyceryl-3 Methylglycose Distearate, Limnanthes Alba (Meadowfoam) Seed Oil, Butylene Glycol Dicaprylate\/Dicaprate, Cetyl Ethylhexanoate, Olea Europaea (Olive) Fruit Oil, Pentaerythrityl Tetraethylhexanoate, Glyceryl Stearate, Camellia Sinensis Leaf Extract, Citrus Unshiu Peel Extract, Opuntia Coccinellifera Fruit Extract, Orchid Extract, Camellia Japonica Leaf Extract, Theobroma Cacao (Cocoa) Extract, Hydrogenated Olive Oil Lauryl Ester, Oleanolic Acid, Tocopherol, Tocopheryl Acetate, Butyrospermum Parkii (Shea) Butter, Dextrin, Biosaccharide Gum-1, BETA-Glucan, Behenyl Alcohol, Cetearyl Alcohol, Propanediol, Copernicia Cerifera (Carnauba) Wax, Sorbitan Isostearate, Stearyl Behenate, Disodium EDTA, Polysorbate 20, Polyacrylate-13, Polyisobutene, PEG-100 Stearate, Hydroxypropyl Bispalmitamide MEA, Glyceryl Caprylate, Ethylhexylglycerin, Phenoxyethanol, Fragrance<\/p>\n<p>*Eine Ver\u00e4nderung der Inhaltsstoffe unterliegt dem Ermessen des Herstellers. Willst du vor dem Kauf ganz sicher gehen? Dann kontaktiere uns f\u00fcr ein Foto der aktuellen Produktverpackung.<\/p>\n<h3>Warnhinweise<\/h3>\n<ol>\n<li>Nur zur \u00e4u\u00dferlichen Anwendung geeignet.<\/li>\n<li>Nicht auf verletzte Haut oder auf Wunden auftragen.<\/li>\n<li>Sollten Nebenwirkungen wie Irritationen oder Ausschlag eintreten, Anwendung sofort beenden und unverz\u00fcglich an einen Arzt wenden.<\/li>\n<li>Kontakt mit den Augen vermeiden. Sollte das Produkt ins Auge gelangen, das Auge sofort gr\u00fcndlich mit klarem Wasser aussp\u00fclen.<\/li>\n<li>Au\u00dfer Reichweite von Kindern aufbewahren.<\/li>\n<li>Nicht schlucken. Bei Verschlucken Arzt oder Giftzentrale aufsuchen.<\/li>\n<\/ol>\n","protected":false},"excerpt":{"rendered":"<p>1. Starke feuchtigkeitsspendende Wirkung von Olive Power Activator.<br \/>\nOlive Power Activator (Tocopherol, Vitamin E, \u00d6ls\u00e4ure) hat eine starke feuchtigkeitsspendende Wirkung auf trockene Haut, erh\u00f6ht die Hautelastizit\u00e4t und baut eine wirksame Feuchtigkeitsbarriere auf.<\/p>\n<p>2. Enth\u00e4lt natives Oliven\u00f6l extra<br \/>\nEs enth\u00e4lt einen Gehalt an nativem Oliven\u00f6l extra von 10.000 ppm, das Feuchtigkeit und nahrhafte Grundversorgung bietet.<\/p>\n<p>3. Bietet feuchte Ausstrahlung mit einer nat\u00fcrlichen Feuchtigkeitsbarriere<br \/>\nDiese schmelzende und feuchtigkeitsspendende Creme passt sich der Haut reibungslos an und schmilzt sanft auf trockener Haut. Sie bildet eine nat\u00fcrliche Feuchtigkeitsbarriere und sorgt f\u00fcr eine feuchte Ausstrahlung.<\/p>\n","protected":false},"featured_media":8125,"comment_status":"open","ping_status":"closed","template":"","meta":{"content-type":"","site-sidebar-layout":"default","site-content-layout":"default","ast-site-content-layout":"default","site-content-style":"default","site-sidebar-style":"default","ast-global-header-display":"","ast-banner-title-visibility":"","ast-main-header-display":"","ast-hfb-above-header-display":"","ast-hfb-below-header-display":"","ast-hfb-mobile-header-display":"","site-post-title":"","ast-breadcrumbs-content":"","ast-featured-img":"","footer-sml-layout":"","ast-disable-related-posts":"","theme-transparent-header-meta":"default","adv-header-id-meta":"","stick-header-meta":"","header-above-stick-meta":"","header-main-stick-meta":"","header-below-stick-meta":"","astra-migrate-meta-layouts":"default","ast-page-background-enabled":"default","ast-page-background-meta":{"desktop":{"background-color":"","background-image":"","background-repeat":"repeat","background-position":"center center","background-size":"auto","background-attachment":"scroll","background-type":"","background-media":"","overlay-type":"","overlay-color":"","overlay-opacity":"","overlay-gradient":""},"tablet":{"background-color":"","background-image":"","background-repeat":"repeat","background-position":"center center","background-size":"auto","background-attachment":"scroll","background-type":"","background-media":"","overlay-type":"","overlay-color":"","overlay-opacity":"","overlay-gradient":""},"mobile":{"background-color":"","background-image":"","background-repeat":"repeat","background-position":"center center","background-size":"auto","background-attachment":"scroll","background-type":"","background-media":"","overlay-type":"","overlay-color":"","overlay-opacity":"","overlay-gradient":""}},"ast-content-background-meta":{"desktop":{"background-color":"var(--ast-global-color-5)","background-image":"","background-repeat":"repeat","background-position":"center center","background-size":"auto","background-attachment":"scroll","background-type":"","background-media":"","overlay-type":"","overlay-color":"","overlay-opacity":"","overlay-gradient":""},"tablet":{"background-color":"var(--ast-global-color-5)","background-image":"","background-repeat":"repeat","background-position":"center center","background-size":"auto","background-attachment":"scroll","background-type":"","background-media":"","overlay-type":"","overlay-color":"","overlay-opacity":"","overlay-gradient":""},"mobile":{"background-color":"var(--ast-global-color-5)","background-image":"","background-repeat":"repeat","background-position":"center center","background-size":"auto","background-attachment":"scroll","background-type":"","background-media":"","overlay-type":"","overlay-color":"","overlay-opacity":"","overlay-gradient":""}}},"product_brand":[],"product_cat":[322,144,31],"product_tag":[35],"class_list":{"0":"post-8127","1":"product","2":"type-product","3":"status-publish","4":"has-post-thumbnail","6":"product_cat-gesichtscreme","7":"product_cat-innisfree","8":"product_cat-gesicht","9":"product_tag-moisturizer","10":"desktop-align-center","11":"tablet-align-center","12":"mobile-align-center","14":"first","15":"outofstock","16":"taxable","17":"shipping-taxable","18":"purchasable","19":"product-type-simple"},"_links":{"self":[{"href":"https:\/\/tomyklou.gr\/de\/wp-json\/wp\/v2\/product\/8127","targetHints":{"allow":["GET"]}}],"collection":[{"href":"https:\/\/tomyklou.gr\/de\/wp-json\/wp\/v2\/product"}],"about":[{"href":"https:\/\/tomyklou.gr\/de\/wp-json\/wp\/v2\/types\/product"}],"replies":[{"embeddable":true,"href":"https:\/\/tomyklou.gr\/de\/wp-json\/wp\/v2\/comments?post=8127"}],"wp:featuredmedia":[{"embeddable":true,"href":"https:\/\/tomyklou.gr\/de\/wp-json\/wp\/v2\/media\/8125"}],"wp:attachment":[{"href":"https:\/\/tomyklou.gr\/de\/wp-json\/wp\/v2\/media?parent=8127"}],"wp:term":[{"taxonomy":"product_brand","embeddable":true,"href":"https:\/\/tomyklou.gr\/de\/wp-json\/wp\/v2\/product_brand?post=8127"},{"taxonomy":"product_cat","embeddable":true,"href":"https:\/\/tomyklou.gr\/de\/wp-json\/wp\/v2\/product_cat?post=8127"},{"taxonomy":"product_tag","embeddable":true,"href":"https:\/\/tomyklou.gr\/de\/wp-json\/wp\/v2\/product_tag?post=8127"}],"curies":[{"name":"wp","href":"https:\/\/api.w.org\/{rel}","templated":true}]}}