{"id":8145,"date":"2023-07-13T18:37:38","date_gmt":"2023-07-13T16:37:38","guid":{"rendered":"https:\/\/tomyklou.gr\/product\/innisfree-intensive-long-lasting-sunscreen-ex-50ml\/"},"modified":"2026-02-22T18:38:47","modified_gmt":"2026-02-22T16:38:47","slug":"innisfree-intensive-long-lasting-sunscreen-ex-50ml","status":"publish","type":"product","link":"https:\/\/tomyklou.gr\/de\/product\/innisfree-intensive-long-lasting-sunscreen-ex-50ml\/","title":{"rendered":"Innisfree Intensive Long Lasting Sunscreen EX 50ml"},"content":{"rendered":"<h3>Anwendung<\/h3>\n<ol>\n<li>30 Minuten vor dem direkten Kontakt mit Sonnenlicht im letzten Schritt der Hautpflege-Routine auftragen.<\/li>\n<li>Bei l\u00e4ngerer Sonnenexposition sollten sie es am Tag mehrfach auftragen.<\/li>\n<\/ol>\n<h3>Inhaltsstoffe<\/h3>\n<p>Water\/Aqua\/Eau, Zinc Oxide [Nano], Propylheptyl Caprylate, Dibytil Adipate, Butylene Glycol, Disiloxane, Cyclohexasiloxane, Polyglyceryl-5 Polyricinoleate, Polymethylsilsesquioxane, Glycerin, Bis-Ethylhexyloxyphenol methoxyphenyl Triazine, Caprylyl Methicone, Dicapryl Ether, Diethylamino Hydroxybenzoyl Hexyl Benzoate, Ethylhexyl Triazone, Titanium Dioxide [Nano], Disteardimonium Hectorite, Magnesium Sulfate, Calcium Aluminum Borosilicate, Triethoxycaprylylsilane, 1,2 &#8211; Hexanediol, Polyglyceryl-5 Polymethylsiloxethyl Dimethicone, Fragrance\/ Parfum, Vinyl Dimethicone\/Methicone Silsesquioxane Crosspolymer, Caprylyl Glycol, Glycerin Caprylate, Ethylhexylglycerin, Tocopherol, Biosaccaride Gum-1, Oryza Sativa [Rice] Bran Oil, Beta-Glucan<\/p>\n<p>*Eine Ver\u00e4nderung der Inhaltsstoffe unterliegt dem Ermessen des Herstellers. Willst du vor dem Kauf ganz sicher gehen? Dann kontaktiere uns f\u00fcr ein Foto der aktuellen Produktverpackung.<\/p>\n<p>&nbsp;<\/p>\n<h3>Warnhinweise<\/h3>\n<ol>\n<li>Nur zur \u00e4u\u00dferlichen Anwendung geeignet.<\/li>\n<li>Nicht auf verletzte Haut oder auf Wunden auftragen.<\/li>\n<li>Sollten Nebenwirkungen wie Irritationen oder Ausschlag eintreten, Anwendung sofort beenden und unverz\u00fcglich an einen Arzt wenden.<\/li>\n<li>Kontakt mit den Augen vermeiden. Sollte das Produkt ins Auge gelangen, das Auge sofort gr\u00fcndlich mit klarem Wasser aussp\u00fclen.<\/li>\n<li>Au\u00dfer Reichweite von Kindern aufbewahren.<\/li>\n<li>Nicht schlucken. Bei Verschlucken Arzt oder Giftzentrale aufsuchen.<\/li>\n<\/ol>\n","protected":false},"excerpt":{"rendered":"<p>Diese langanhaltende, wasserabweisende UV-Schutzcreme wurde speziell f\u00fcr\u00a0<em>fettige Hauttypen\u00a0<\/em>entworfen, um die Haut daran zu hindern durch Schwei\u00df und Outdoor-Aktivit\u00e4ten \u00f6lig zu schimmern.<\/p>\n<p>Bestehend aus\u00a0<em><strong>R<\/strong><\/em><b><em>eis\u00f6l<\/em>\u00a0<\/b>hat sie\u00a0<em>einen\u00a0SPF 50+ PA++++\u00a0Die Creme<\/em>\u00a0sch\u00fctzt die Haut, w\u00e4hrend sie sie den ganzen Tag \u00fcber frisch und seidenweich h\u00e4lt!<\/p>\n<p>1. Wasserbest\u00e4ndig<br \/>\nIdeal f\u00fcr Menschen mit Mischhaut, da es ein frisches Gef\u00fchl vermittelt und gleichzeitig alles wasserdicht h\u00e4lt<\/p>\n<p>2. Beruhigend und feuchtigkeitsspendend Spendet der Haut Feuchtigkeit und beruhigt sie mit dem Extrakt aus Centella Asiatica.<\/p>\n","protected":false},"featured_media":9621,"comment_status":"open","ping_status":"closed","template":"","meta":{"content-type":"","site-sidebar-layout":"default","site-content-layout":"default","ast-site-content-layout":"default","site-content-style":"default","site-sidebar-style":"default","ast-global-header-display":"","ast-banner-title-visibility":"","ast-main-header-display":"","ast-hfb-above-header-display":"","ast-hfb-below-header-display":"","ast-hfb-mobile-header-display":"","site-post-title":"","ast-breadcrumbs-content":"","ast-featured-img":"","footer-sml-layout":"","ast-disable-related-posts":"","theme-transparent-header-meta":"default","adv-header-id-meta":"","stick-header-meta":"","header-above-stick-meta":"","header-main-stick-meta":"","header-below-stick-meta":"","astra-migrate-meta-layouts":"set","ast-page-background-enabled":"default","ast-page-background-meta":{"desktop":{"background-color":"","background-image":"","background-repeat":"repeat","background-position":"center center","background-size":"auto","background-attachment":"scroll","background-type":"","background-media":"","overlay-type":"","overlay-color":"","overlay-opacity":"","overlay-gradient":""},"tablet":{"background-color":"","background-image":"","background-repeat":"repeat","background-position":"center center","background-size":"auto","background-attachment":"scroll","background-type":"","background-media":"","overlay-type":"","overlay-color":"","overlay-opacity":"","overlay-gradient":""},"mobile":{"background-color":"","background-image":"","background-repeat":"repeat","background-position":"center center","background-size":"auto","background-attachment":"scroll","background-type":"","background-media":"","overlay-type":"","overlay-color":"","overlay-opacity":"","overlay-gradient":""}},"ast-content-background-meta":{"desktop":{"background-color":"var(--ast-global-color-5)","background-image":"","background-repeat":"repeat","background-position":"center center","background-size":"auto","background-attachment":"scroll","background-type":"","background-media":"","overlay-type":"","overlay-color":"","overlay-opacity":"","overlay-gradient":""},"tablet":{"background-color":"var(--ast-global-color-5)","background-image":"","background-repeat":"repeat","background-position":"center center","background-size":"auto","background-attachment":"scroll","background-type":"","background-media":"","overlay-type":"","overlay-color":"","overlay-opacity":"","overlay-gradient":""},"mobile":{"background-color":"var(--ast-global-color-5)","background-image":"","background-repeat":"repeat","background-position":"center center","background-size":"auto","background-attachment":"scroll","background-type":"","background-media":"","overlay-type":"","overlay-color":"","overlay-opacity":"","overlay-gradient":""}}},"product_brand":[],"product_cat":[313,144,31],"product_tag":[36],"class_list":{"0":"post-8145","1":"product","2":"type-product","3":"status-publish","4":"has-post-thumbnail","6":"product_cat-gesichtssonnencreme","7":"product_cat-innisfree","8":"product_cat-gesicht","9":"product_tag-sonnenschutz","10":"desktop-align-center","11":"tablet-align-center","12":"mobile-align-center","14":"first","15":"outofstock","16":"taxable","17":"shipping-taxable","18":"purchasable","19":"product-type-simple"},"_links":{"self":[{"href":"https:\/\/tomyklou.gr\/de\/wp-json\/wp\/v2\/product\/8145","targetHints":{"allow":["GET"]}}],"collection":[{"href":"https:\/\/tomyklou.gr\/de\/wp-json\/wp\/v2\/product"}],"about":[{"href":"https:\/\/tomyklou.gr\/de\/wp-json\/wp\/v2\/types\/product"}],"replies":[{"embeddable":true,"href":"https:\/\/tomyklou.gr\/de\/wp-json\/wp\/v2\/comments?post=8145"}],"wp:featuredmedia":[{"embeddable":true,"href":"https:\/\/tomyklou.gr\/de\/wp-json\/wp\/v2\/media\/9621"}],"wp:attachment":[{"href":"https:\/\/tomyklou.gr\/de\/wp-json\/wp\/v2\/media?parent=8145"}],"wp:term":[{"taxonomy":"product_brand","embeddable":true,"href":"https:\/\/tomyklou.gr\/de\/wp-json\/wp\/v2\/product_brand?post=8145"},{"taxonomy":"product_cat","embeddable":true,"href":"https:\/\/tomyklou.gr\/de\/wp-json\/wp\/v2\/product_cat?post=8145"},{"taxonomy":"product_tag","embeddable":true,"href":"https:\/\/tomyklou.gr\/de\/wp-json\/wp\/v2\/product_tag?post=8145"}],"curies":[{"name":"wp","href":"https:\/\/api.w.org\/{rel}","templated":true}]}}