{"id":8152,"date":"2023-07-13T18:37:41","date_gmt":"2023-07-13T16:37:41","guid":{"rendered":"https:\/\/tomyklou.gr\/product\/innisfree-super-volcanic-peel-off-mask-2x-100ml\/"},"modified":"2026-02-22T18:38:47","modified_gmt":"2026-02-22T16:38:47","slug":"innisfree-super-volcanic-peel-off-mask-2x-100ml","status":"publish","type":"product","link":"https:\/\/tomyklou.gr\/de\/product\/innisfree-super-volcanic-peel-off-mask-2x-100ml\/","title":{"rendered":"Innisfree Super Volcanic Peel Off Mask 2X 100ml"},"content":{"rendered":"<h3>Anwendung<\/h3>\n<p>Nehmen Sie nach der Reinigung eine angemessene Menge und tragen Sie sie auf das gesamte Gesicht auf, mit Ausnahme der Bereiche in der N\u00e4he von Augen und Mund. Warten Sie 20 bis 30 Minuten und ziehen Sie es von oben nach unten vom Gesicht ab.<\/p>\n<h3>Inhaltsstoffe<\/h3>\n<p>Water, Polyvinyl Alcohol, Alcohol, Butylene Glycol, Glycerin, Volcanic Ash (24, 168ppm), PVP, Titanium Dioxide (CI 77891), PEG-75, Hydroxypropyl Starch Phosphate, Silica, Ammonium Acryloyldimethyltaurate\/VP Copolymer, PEG-60 Hydrogenated Castor Oil, Bentonite, Iron Oxide (CI 77499), Xanthan Gum, Polysorbate 20, Glyceryl Caprylate, Lactic Acid\/Glycolic Acid Copolymer, Disodium EDTA, Menthoxypropanediol, Aluminum Hydroxide, Triethoxycaprylylsilane<\/p>\n<h3>Warnhinweise<\/h3>\n<ol>\n<li>Nur zur \u00e4u\u00dferlichen Anwendung geeignet.<\/li>\n<li>Nicht auf verletzte Haut oder auf Wunden auftragen.<\/li>\n<li>Sollten Nebenwirkungen wie Irritationen oder Ausschlag eintreten, Anwendung sofort beenden und unverz\u00fcglich an einen Arzt wenden.<\/li>\n<li>Kontakt mit den Augen vermeiden. Sollte das Produkt ins Auge gelangen, das Auge sofort gr\u00fcndlich mit klarem Wasser aussp\u00fclen.<\/li>\n<li>Au\u00dfer Reichweite von Kindern aufbewahren.<\/li>\n<li>Nicht schlucken. Bei Verschlucken Arzt oder Giftzentrale aufsuchen.<\/li>\n<\/ol>\n","protected":false},"excerpt":{"rendered":"<ul>\n<li>Eine nicht aussp\u00fclbare Tonmaske mit \u00f6labsorbierendem Jeju Volcanic Cluster Sphere&#x2122;, um verstopfte Poren zu reinigen und f\u00fcr eine glatte Haut zu sorgen.<\/li>\n<li>Diese praktische und einfach aufzutragende Peel-Off-Maske von Innisfree verf\u00fcgt \u00fcber Jeju Volcanic Cluster Sphere&#x2122; mit st\u00e4rkerer Talgaufnahmef\u00e4higkeit und ist ideal f\u00fcr die intensive Porenpflege.<\/li>\n<li>Ein k\u00fchlendes Gef\u00fchl beruhigt die Haut und hilft, das Erscheinungsbild gro\u00dfer Poren zu verkleinern.<\/li>\n<li>Feuchtigkeitsspendend und reichhaltig, hinterl\u00e4sst dieser erschwingliche Artikel die Haut gereinigt und strahlend, so dass Sie m\u00fcde Haut sind und auch Ihr Geldbeutel es Ihnen danken wird.<\/li>\n<\/ul>\n","protected":false},"featured_media":9653,"comment_status":"open","ping_status":"closed","template":"","meta":{"content-type":"","site-sidebar-layout":"default","site-content-layout":"default","ast-site-content-layout":"default","site-content-style":"default","site-sidebar-style":"default","ast-global-header-display":"","ast-banner-title-visibility":"","ast-main-header-display":"","ast-hfb-above-header-display":"","ast-hfb-below-header-display":"","ast-hfb-mobile-header-display":"","site-post-title":"","ast-breadcrumbs-content":"","ast-featured-img":"","footer-sml-layout":"","ast-disable-related-posts":"","theme-transparent-header-meta":"default","adv-header-id-meta":"","stick-header-meta":"","header-above-stick-meta":"","header-main-stick-meta":"","header-below-stick-meta":"","astra-migrate-meta-layouts":"set","ast-page-background-enabled":"default","ast-page-background-meta":{"desktop":{"background-color":"","background-image":"","background-repeat":"repeat","background-position":"center center","background-size":"auto","background-attachment":"scroll","background-type":"","background-media":"","overlay-type":"","overlay-color":"","overlay-opacity":"","overlay-gradient":""},"tablet":{"background-color":"","background-image":"","background-repeat":"repeat","background-position":"center center","background-size":"auto","background-attachment":"scroll","background-type":"","background-media":"","overlay-type":"","overlay-color":"","overlay-opacity":"","overlay-gradient":""},"mobile":{"background-color":"","background-image":"","background-repeat":"repeat","background-position":"center center","background-size":"auto","background-attachment":"scroll","background-type":"","background-media":"","overlay-type":"","overlay-color":"","overlay-opacity":"","overlay-gradient":""}},"ast-content-background-meta":{"desktop":{"background-color":"var(--ast-global-color-5)","background-image":"","background-repeat":"repeat","background-position":"center center","background-size":"auto","background-attachment":"scroll","background-type":"","background-media":"","overlay-type":"","overlay-color":"","overlay-opacity":"","overlay-gradient":""},"tablet":{"background-color":"var(--ast-global-color-5)","background-image":"","background-repeat":"repeat","background-position":"center center","background-size":"auto","background-attachment":"scroll","background-type":"","background-media":"","overlay-type":"","overlay-color":"","overlay-opacity":"","overlay-gradient":""},"mobile":{"background-color":"var(--ast-global-color-5)","background-image":"","background-repeat":"repeat","background-position":"center center","background-size":"auto","background-attachment":"scroll","background-type":"","background-media":"","overlay-type":"","overlay-color":"","overlay-opacity":"","overlay-gradient":""}}},"product_brand":[],"product_cat":[316,144,31],"product_tag":[34],"class_list":{"0":"post-8152","1":"product","2":"type-product","3":"status-publish","4":"has-post-thumbnail","6":"product_cat-gesichtsmaske","7":"product_cat-innisfree","8":"product_cat-gesicht","9":"product_tag-sheet","10":"desktop-align-center","11":"tablet-align-center","12":"mobile-align-center","14":"first","15":"outofstock","16":"taxable","17":"shipping-taxable","18":"purchasable","19":"product-type-simple"},"_links":{"self":[{"href":"https:\/\/tomyklou.gr\/de\/wp-json\/wp\/v2\/product\/8152","targetHints":{"allow":["GET"]}}],"collection":[{"href":"https:\/\/tomyklou.gr\/de\/wp-json\/wp\/v2\/product"}],"about":[{"href":"https:\/\/tomyklou.gr\/de\/wp-json\/wp\/v2\/types\/product"}],"replies":[{"embeddable":true,"href":"https:\/\/tomyklou.gr\/de\/wp-json\/wp\/v2\/comments?post=8152"}],"wp:featuredmedia":[{"embeddable":true,"href":"https:\/\/tomyklou.gr\/de\/wp-json\/wp\/v2\/media\/9653"}],"wp:attachment":[{"href":"https:\/\/tomyklou.gr\/de\/wp-json\/wp\/v2\/media?parent=8152"}],"wp:term":[{"taxonomy":"product_brand","embeddable":true,"href":"https:\/\/tomyklou.gr\/de\/wp-json\/wp\/v2\/product_brand?post=8152"},{"taxonomy":"product_cat","embeddable":true,"href":"https:\/\/tomyklou.gr\/de\/wp-json\/wp\/v2\/product_cat?post=8152"},{"taxonomy":"product_tag","embeddable":true,"href":"https:\/\/tomyklou.gr\/de\/wp-json\/wp\/v2\/product_tag?post=8152"}],"curies":[{"name":"wp","href":"https:\/\/api.w.org\/{rel}","templated":true}]}}