{"id":8158,"date":"2023-07-13T18:37:43","date_gmt":"2023-07-13T16:37:43","guid":{"rendered":"https:\/\/tomyklou.gr\/product\/innisfree-jeju-orchid-eye-cream-50ml\/"},"modified":"2026-02-22T18:38:46","modified_gmt":"2026-02-22T16:38:46","slug":"innisfree-jeju-orchid-eye-cream","status":"publish","type":"product","link":"https:\/\/tomyklou.gr\/de\/product\/innisfree-jeju-orchid-eye-cream\/","title":{"rendered":"Innisfree Jeju Orchid Eye Cream 50ml"},"content":{"rendered":"<h3>Anwendung<\/h3>\n<ol>\n<li>Nach der Reinigung der Haut und dem Auftragen des Toners auf das Gesicht auftragen und 10-20 Minuten warten, bevor Sie es entfernen.<\/li>\n<li>Klopfen Sie die Haut sanft ab, um die Aufnahme der restlichen Essenz zu f\u00f6rdern.<\/li>\n<li>Vermeiden Sie Kontakt mit den Augen und lassen Sie die Tuchmaske vollst\u00e4ndig trocknen.<\/li>\n<\/ol>\n<h3>Inhaltsstoffe<\/h3>\n<p>Water, Hyaluronic Acid, Sorbitan Isostearate, Polyglyceryl-3 Methylglucose Distearate, Glucose, Polyisobutene, Glycerin, Hydrogenated Lecithin, Polyacrylate-13, Betaine, Orchid Extract, Cetyl Ethylhexanoate, Polysorbate 20, Phenoxyethanol, Palmitic Acid, Cyclopentasiloxane, Propanediol, Arachidyl Alcohol, Fragrance, Caffeine, Niacinamide, Adenosine, Myristic Acid, Squalane, C12-20 Alkyl Glucoside, Behenyl Alcohol, Glyceryl Stearate, Ethylhexylglycerin, Butyrospermum Parkii (Shea) Butter, Arachidyl Glucoside, Xanthan Gum, Stearic Acid, Limnanthes Alba (Meadowfoam) Seed Oil, C14-22 Alcohols, Glyceryl Caprylate, PEG-100 Stearate, Lauric Acid, Butylene Glycol, Copernicia Cerifera (Carnauba) Wax, Cyclohexasiloxane, Avena Sativa (Oat) Kernel Extract, Disodium EDTA, Cetearyl Alcohol, Tocopherol [Jeju Cymbidium Kanran Extract 210ppm]<\/p>\n<h3>Warnhinweise<\/h3>\n<ol>\n<li>Nur zur \u00e4u\u00dferlichen Anwendung geeignet.<\/li>\n<li>Nicht auf verletzte Haut oder auf Wunden auftragen.<\/li>\n<li>Sollten Nebenwirkungen wie Irritationen oder Ausschlag eintreten, Anwendung sofort beenden und unverz\u00fcglich an einen Arzt wenden.<\/li>\n<li>Kontakt mit den Augen vermeiden. Sollte das Produkt ins Auge gelangen, das Auge sofort gr\u00fcndlich mit klarem Wasser aussp\u00fclen.<\/li>\n<li>Au\u00dfer Reichweite von Kindern aufbewahren.<\/li>\n<li>Nicht schlucken. Bei Verschlucken Arzt oder Giftzentrale aufsuchen.<\/li>\n<\/ol>\n","protected":false},"excerpt":{"rendered":"<p>Diese reichhaltige Anti-Aging-Augencreme verleiht der trockenen und empfindlichen Haut um die Augenpartie eine aussergew\u00f6hnliche Geschmeidigkeit und Festigkeit. Diese mit Orchideen von der Insel Jeju angereicherte Augencreme versorgt die Haut mit N\u00e4hrstoffen und hat antioxidative Eigenschaften. Sie verbessert den Hautton und erh\u00f6ht die Elastizit\u00e4t der Haut.<\/p>\n","protected":false},"featured_media":9913,"comment_status":"open","ping_status":"closed","template":"","meta":{"content-type":"","site-sidebar-layout":"default","site-content-layout":"default","ast-site-content-layout":"default","site-content-style":"default","site-sidebar-style":"default","ast-global-header-display":"","ast-banner-title-visibility":"","ast-main-header-display":"","ast-hfb-above-header-display":"","ast-hfb-below-header-display":"","ast-hfb-mobile-header-display":"","site-post-title":"","ast-breadcrumbs-content":"","ast-featured-img":"","footer-sml-layout":"","ast-disable-related-posts":"","theme-transparent-header-meta":"default","adv-header-id-meta":"","stick-header-meta":"","header-above-stick-meta":"","header-main-stick-meta":"","header-below-stick-meta":"","astra-migrate-meta-layouts":"set","ast-page-background-enabled":"default","ast-page-background-meta":{"desktop":{"background-color":"","background-image":"","background-repeat":"repeat","background-position":"center center","background-size":"auto","background-attachment":"scroll","background-type":"","background-media":"","overlay-type":"","overlay-color":"","overlay-opacity":"","overlay-gradient":""},"tablet":{"background-color":"","background-image":"","background-repeat":"repeat","background-position":"center center","background-size":"auto","background-attachment":"scroll","background-type":"","background-media":"","overlay-type":"","overlay-color":"","overlay-opacity":"","overlay-gradient":""},"mobile":{"background-color":"","background-image":"","background-repeat":"repeat","background-position":"center center","background-size":"auto","background-attachment":"scroll","background-type":"","background-media":"","overlay-type":"","overlay-color":"","overlay-opacity":"","overlay-gradient":""}},"ast-content-background-meta":{"desktop":{"background-color":"var(--ast-global-color-5)","background-image":"","background-repeat":"repeat","background-position":"center center","background-size":"auto","background-attachment":"scroll","background-type":"","background-media":"","overlay-type":"","overlay-color":"","overlay-opacity":"","overlay-gradient":""},"tablet":{"background-color":"var(--ast-global-color-5)","background-image":"","background-repeat":"repeat","background-position":"center center","background-size":"auto","background-attachment":"scroll","background-type":"","background-media":"","overlay-type":"","overlay-color":"","overlay-opacity":"","overlay-gradient":""},"mobile":{"background-color":"var(--ast-global-color-5)","background-image":"","background-repeat":"repeat","background-position":"center center","background-size":"auto","background-attachment":"scroll","background-type":"","background-media":"","overlay-type":"","overlay-color":"","overlay-opacity":"","overlay-gradient":""}}},"product_brand":[],"product_cat":[316,144,31],"product_tag":[34],"class_list":{"0":"post-8158","1":"product","2":"type-product","3":"status-publish","4":"has-post-thumbnail","6":"product_cat-gesichtsmaske","7":"product_cat-innisfree","8":"product_cat-gesicht","9":"product_tag-sheet","10":"desktop-align-center","11":"tablet-align-center","12":"mobile-align-center","14":"first","15":"outofstock","16":"taxable","17":"shipping-taxable","18":"purchasable","19":"product-type-simple"},"_links":{"self":[{"href":"https:\/\/tomyklou.gr\/de\/wp-json\/wp\/v2\/product\/8158","targetHints":{"allow":["GET"]}}],"collection":[{"href":"https:\/\/tomyklou.gr\/de\/wp-json\/wp\/v2\/product"}],"about":[{"href":"https:\/\/tomyklou.gr\/de\/wp-json\/wp\/v2\/types\/product"}],"replies":[{"embeddable":true,"href":"https:\/\/tomyklou.gr\/de\/wp-json\/wp\/v2\/comments?post=8158"}],"wp:featuredmedia":[{"embeddable":true,"href":"https:\/\/tomyklou.gr\/de\/wp-json\/wp\/v2\/media\/9913"}],"wp:attachment":[{"href":"https:\/\/tomyklou.gr\/de\/wp-json\/wp\/v2\/media?parent=8158"}],"wp:term":[{"taxonomy":"product_brand","embeddable":true,"href":"https:\/\/tomyklou.gr\/de\/wp-json\/wp\/v2\/product_brand?post=8158"},{"taxonomy":"product_cat","embeddable":true,"href":"https:\/\/tomyklou.gr\/de\/wp-json\/wp\/v2\/product_cat?post=8158"},{"taxonomy":"product_tag","embeddable":true,"href":"https:\/\/tomyklou.gr\/de\/wp-json\/wp\/v2\/product_tag?post=8158"}],"curies":[{"name":"wp","href":"https:\/\/api.w.org\/{rel}","templated":true}]}}