{"id":8161,"date":"2023-07-13T18:37:45","date_gmt":"2023-07-13T16:37:45","guid":{"rendered":"https:\/\/tomyklou.gr\/product\/innisfree-orchid-intense-cream-50ml\/"},"modified":"2026-02-22T18:38:46","modified_gmt":"2026-02-22T16:38:46","slug":"innisfree-jeju-orchid-enriched-cream-50ml","status":"publish","type":"product","link":"https:\/\/tomyklou.gr\/de\/product\/innisfree-jeju-orchid-enriched-cream-50ml\/","title":{"rendered":"Innisfree Jeju Orchid Enriched Cream 50ml"},"content":{"rendered":"<h3>Anwendung<\/h3>\n<ol>\n<li>Nach der Reinigung der Haut und dem Auftragen des Toners auf das Gesicht auftragen und 10-20 Minuten warten, bevor Sie es entfernen.<\/li>\n<li>Klopfen Sie die Haut sanft ab, um die Aufnahme der restlichen Essenz zu f\u00f6rdern.<\/li>\n<li>Vermeiden Sie Kontakt mit den Augen und lassen Sie die Tuchmaske vollst\u00e4ndig trocknen.<\/li>\n<\/ol>\n<h3>Inhaltsstoffe<\/h3>\n<p>Water, Glycerin, Hydrogenated Polyisobutene, Butylene Glycol, Cetyl Ethylhexanoate, Cyclopentasiloxane, Cyclohexasiloxane, Octyldodecyl Myristate, Trehalose, Niacinamide, Jojoba Esters, Glyceryl Stearate, Polyglyceryl-3 Methylglucose Distearate, PEG-40 Stearate, Phytosteryl\/Behenyl\/Octyldodecyl Lauroyl Glutamate, PEG-100 Stearate, Cetearyl Alcohol, Stearic Acid, Palmitic Acid, Polyacrylate-13, Propanediol, Polyisobutene, Glyceryl Caprylate, Fragrance, Argania Spinosa (Argan) Kernel Oil, Kaolin, Disodium EDTA, Ethylhexylglycerin, Adenosine, Polysorbate 20, Sorbitan Isostearate, Hyaluronic Acid, Betaine, Arachidic Acid, Myristic Acid, Tocopherol, Glucose, Orchid Extract<\/p>\n<h3>Warnhinweise<\/h3>\n<ol>\n<li>Nur zur \u00e4u\u00dferlichen Anwendung geeignet.<\/li>\n<li>Nicht auf verletzte Haut oder auf Wunden auftragen.<\/li>\n<li>Sollten Nebenwirkungen wie Irritationen oder Ausschlag eintreten, Anwendung sofort beenden und unverz\u00fcglich an einen Arzt wenden.<\/li>\n<li>Kontakt mit den Augen vermeiden. Sollte das Produkt ins Auge gelangen, das Auge sofort gr\u00fcndlich mit klarem Wasser aussp\u00fclen.<\/li>\n<li>Au\u00dfer Reichweite von Kindern aufbewahren.<\/li>\n<li>Nicht schlucken. Bei Verschlucken Arzt oder Giftzentrale aufsuchen.<\/li>\n<\/ol>\n","protected":false},"excerpt":{"rendered":"<p>Diese Creme vereint Anti-Aging-Eigenschaften, mit intensiver Feuchtigkeit und mit antioxidantienreichen Orchideen-Extrakten aus Jeju. Die reichhaltige Textur der Jeju Orchid Intense Cream verleiht deiner Haut ein sp\u00fcrbar geschmeidiges und glatteres Aussehen.\\nDie Creme hilft, F\u00e4ltchen zu gl\u00e4tten, der Haut Elastizit\u00e4t zu schenken und Trockenheit zu mindern. Hyalurons\u00e4ure und Argan\u00f6l spenden zus\u00e4tzliche intensive Pflege f\u00fcr ein gesundes und strahlendes Hautbild. Diese Creme vereint Anti-Aging-Eigenschaften, mit intensiver Feuchtigkeit und mit antioxidantienreichen Orchideen-Extrakten aus Jeju. Die reichhaltige Textur der Jeju Orchid Intense Cream verleiht deiner Haut ein sp\u00fcrbar geschmeidiges und glatteres Aussehen. Die Creme hilft, F\u00e4ltchen zu gl\u00e4tten, der Haut Elastizit\u00e4t zu schenken und Trockenheit zu mindern. Hyalurons\u00e4ure und Argan\u00f6l spenden zus\u00e4tzliche intensive Pflege f\u00fcr ein gesundes und strahlendes Hautbild.<\/p>\n<p>Diese Creme vereint Anti-Aging-Eigenschaften, mit intensiver Feuchtigkeit und mit antioxidantienreichen Orchideen-Extrakten aus Jeju. Die reichhaltige Textur der Jeju Orchid Intense Cream verleiht deiner Haut ein sp\u00fcrbar geschmeidiges und glatteres Aussehen.Die Creme hilft, F\u00e4ltchen zu gl\u00e4tten, der Haut Elastizit\u00e4t zu schenken und Trockenheit zu mindern. Hyalurons\u00e4ure und Argan\u00f6l spenden zus\u00e4tzliche intensive Pflege f\u00fcr ein gesundes und strahlendes Hautbild. Die Hauptbestandteile dieser Creme sind Orchideenextrakt, Hyalurons\u00e4ure, Argan\u00f6l.<\/p>\n","protected":false},"featured_media":9917,"comment_status":"open","ping_status":"closed","template":"","meta":{"content-type":"","site-sidebar-layout":"default","site-content-layout":"default","ast-site-content-layout":"default","site-content-style":"default","site-sidebar-style":"default","ast-global-header-display":"","ast-banner-title-visibility":"","ast-main-header-display":"","ast-hfb-above-header-display":"","ast-hfb-below-header-display":"","ast-hfb-mobile-header-display":"","site-post-title":"","ast-breadcrumbs-content":"","ast-featured-img":"","footer-sml-layout":"","ast-disable-related-posts":"","theme-transparent-header-meta":"default","adv-header-id-meta":"","stick-header-meta":"","header-above-stick-meta":"","header-main-stick-meta":"","header-below-stick-meta":"","astra-migrate-meta-layouts":"set","ast-page-background-enabled":"default","ast-page-background-meta":{"desktop":{"background-color":"","background-image":"","background-repeat":"repeat","background-position":"center center","background-size":"auto","background-attachment":"scroll","background-type":"","background-media":"","overlay-type":"","overlay-color":"","overlay-opacity":"","overlay-gradient":""},"tablet":{"background-color":"","background-image":"","background-repeat":"repeat","background-position":"center center","background-size":"auto","background-attachment":"scroll","background-type":"","background-media":"","overlay-type":"","overlay-color":"","overlay-opacity":"","overlay-gradient":""},"mobile":{"background-color":"","background-image":"","background-repeat":"repeat","background-position":"center center","background-size":"auto","background-attachment":"scroll","background-type":"","background-media":"","overlay-type":"","overlay-color":"","overlay-opacity":"","overlay-gradient":""}},"ast-content-background-meta":{"desktop":{"background-color":"var(--ast-global-color-5)","background-image":"","background-repeat":"repeat","background-position":"center center","background-size":"auto","background-attachment":"scroll","background-type":"","background-media":"","overlay-type":"","overlay-color":"","overlay-opacity":"","overlay-gradient":""},"tablet":{"background-color":"var(--ast-global-color-5)","background-image":"","background-repeat":"repeat","background-position":"center center","background-size":"auto","background-attachment":"scroll","background-type":"","background-media":"","overlay-type":"","overlay-color":"","overlay-opacity":"","overlay-gradient":""},"mobile":{"background-color":"var(--ast-global-color-5)","background-image":"","background-repeat":"repeat","background-position":"center center","background-size":"auto","background-attachment":"scroll","background-type":"","background-media":"","overlay-type":"","overlay-color":"","overlay-opacity":"","overlay-gradient":""}}},"product_brand":[],"product_cat":[316,144,31],"product_tag":[34],"class_list":{"0":"post-8161","1":"product","2":"type-product","3":"status-publish","4":"has-post-thumbnail","6":"product_cat-gesichtsmaske","7":"product_cat-innisfree","8":"product_cat-gesicht","9":"product_tag-sheet","10":"desktop-align-center","11":"tablet-align-center","12":"mobile-align-center","14":"first","15":"outofstock","16":"taxable","17":"shipping-taxable","18":"purchasable","19":"product-type-simple"},"_links":{"self":[{"href":"https:\/\/tomyklou.gr\/de\/wp-json\/wp\/v2\/product\/8161","targetHints":{"allow":["GET"]}}],"collection":[{"href":"https:\/\/tomyklou.gr\/de\/wp-json\/wp\/v2\/product"}],"about":[{"href":"https:\/\/tomyklou.gr\/de\/wp-json\/wp\/v2\/types\/product"}],"replies":[{"embeddable":true,"href":"https:\/\/tomyklou.gr\/de\/wp-json\/wp\/v2\/comments?post=8161"}],"wp:featuredmedia":[{"embeddable":true,"href":"https:\/\/tomyklou.gr\/de\/wp-json\/wp\/v2\/media\/9917"}],"wp:attachment":[{"href":"https:\/\/tomyklou.gr\/de\/wp-json\/wp\/v2\/media?parent=8161"}],"wp:term":[{"taxonomy":"product_brand","embeddable":true,"href":"https:\/\/tomyklou.gr\/de\/wp-json\/wp\/v2\/product_brand?post=8161"},{"taxonomy":"product_cat","embeddable":true,"href":"https:\/\/tomyklou.gr\/de\/wp-json\/wp\/v2\/product_cat?post=8161"},{"taxonomy":"product_tag","embeddable":true,"href":"https:\/\/tomyklou.gr\/de\/wp-json\/wp\/v2\/product_tag?post=8161"}],"curies":[{"name":"wp","href":"https:\/\/api.w.org\/{rel}","templated":true}]}}