{"id":8166,"date":"2023-07-13T18:37:47","date_gmt":"2023-07-13T16:37:47","guid":{"rendered":"https:\/\/tomyklou.gr\/product\/innisfree-jeju-cherry-blossom-tone-up-cream-50ml\/"},"modified":"2026-02-22T18:38:46","modified_gmt":"2026-02-22T16:38:46","slug":"innisfree-cherry-blossom-glow-tone-up","status":"publish","type":"product","link":"https:\/\/tomyklou.gr\/de\/product\/innisfree-jeju-cherry-blossom-tone-up-cream-50ml\/","title":{"rendered":"Innisfree Jeju Cherry Blossom Tone Up Cream 50ml"},"content":{"rendered":"<h3>Anwendung<\/h3>\n<ol>\n<li>Nach der Reinigung der Haut und dem Auftragen des Toners auf das Gesicht auftragen und 10-20 Minuten warten, bevor Sie es entfernen.<\/li>\n<li>Klopfen Sie die Haut sanft ab, um die Aufnahme der restlichen Essenz zu f\u00f6rdern.<\/li>\n<li>Vermeiden Sie Kontakt mit den Augen und lassen Sie die Tuchmaske vollst\u00e4ndig trocknen.<\/li>\n<\/ol>\n<h3>Inhaltsstoffe<\/h3>\n<p>Water, Dimethicone, Propanediol, Glycerin, Dicaprylyl Carbonate, Titanium Dioxide (CI 77891), Polysorbate 80, Niacinamide, 1,2-Hexanediol, Betaine, Diisostearyl Malate, Trisiloxane, Ammonium Acryloyldimethyltaurate\/VP Copolymer, Fragrance, Polyacrylate-13, Hydroxyethyl Acrylate\/Sodium Acryloyldimethyl Taurate Copolymer, Dimethicone\/Vinyl Dimethicone Crosspolymer, Synthetic Fluorphlogopite, Polyisobutene, Glyceryl Caprylate, Aluminum Hydroxide, Ethylhexylglycerin, Triethoxycaprylylsilane, Sorbitan Isostearate, Polysorbate 20, Disodium EDTA, Polysorbate 60, Prunus Yedoensis Leaf Extract (120ppm), Iron Oxides (CI 77491), Tin Oxide (CI 77861), Geraniol, Limonene, Tocopherol, Silica, Glycine Soja (Soybean) Oil<\/p>\n<h3>Warnhinweise<\/h3>\n<ol>\n<li>Nur zur \u00e4u\u00dferlichen Anwendung geeignet.<\/li>\n<li>Nicht auf verletzte Haut oder auf Wunden auftragen.<\/li>\n<li>Sollten Nebenwirkungen wie Irritationen oder Ausschlag eintreten, Anwendung sofort beenden und unverz\u00fcglich an einen Arzt wenden.<\/li>\n<li>Kontakt mit den Augen vermeiden. Sollte das Produkt ins Auge gelangen, das Auge sofort gr\u00fcndlich mit klarem Wasser aussp\u00fclen.<\/li>\n<li>Au\u00dfer Reichweite von Kindern aufbewahren.<\/li>\n<li>Nicht schlucken. Bei Verschlucken Arzt oder Giftzentrale aufsuchen.<\/li>\n<\/ol>\n","protected":false},"excerpt":{"rendered":"<p>Dieses leichte, feuchtigkeitsspendende Gel mit einer einzigartigen \u201eGelee\u201c-Textur, die beim Auftragen bei Kontakt mit Wasser schmilzt, verbessert das Hautbild und sorgt f\u00fcr einen gleichm\u00e4 ssigen Teint und eine pralle und strahlende Haut!<\/p>\n<p>Kirschbl\u00fctenextrakt l\u00e4sst die Haut strahlen und bringt sie wieder ins Gleichgewicht und spendet in Kombination mit dem in der R\u00fcbe nat\u00fcrlich enthaltenen Betain Feuchtigkeit. Die Haut ist mit Feuchtigkeit versorgt, weich und geschmeidig.<\/p>\n<p>Die Formulierung ist f\u00fcr alle Hauttypen geeignet und enth\u00e4lt keinen Alkohol, keine Parabene, keine synthetischen Farbstoffe und kein Imidazolidinyl Urea.<\/p>\n<p>Dieses dermatologisch getestete Produkt ist nicht komedogen und wird f\u00fcr alle Hauttypen empfohlen. Innisfree testet keine Inhaltsstoffe oder Produkte an Tieren.<\/p>\n","protected":false},"featured_media":9530,"comment_status":"open","ping_status":"closed","template":"","meta":{"content-type":"","site-sidebar-layout":"default","site-content-layout":"default","ast-site-content-layout":"default","site-content-style":"default","site-sidebar-style":"default","ast-global-header-display":"","ast-banner-title-visibility":"","ast-main-header-display":"","ast-hfb-above-header-display":"","ast-hfb-below-header-display":"","ast-hfb-mobile-header-display":"","site-post-title":"","ast-breadcrumbs-content":"","ast-featured-img":"","footer-sml-layout":"","ast-disable-related-posts":"","theme-transparent-header-meta":"default","adv-header-id-meta":"","stick-header-meta":"","header-above-stick-meta":"","header-main-stick-meta":"","header-below-stick-meta":"","astra-migrate-meta-layouts":"set","ast-page-background-enabled":"default","ast-page-background-meta":{"desktop":{"background-color":"","background-image":"","background-repeat":"repeat","background-position":"center center","background-size":"auto","background-attachment":"scroll","background-type":"","background-media":"","overlay-type":"","overlay-color":"","overlay-opacity":"","overlay-gradient":""},"tablet":{"background-color":"","background-image":"","background-repeat":"repeat","background-position":"center center","background-size":"auto","background-attachment":"scroll","background-type":"","background-media":"","overlay-type":"","overlay-color":"","overlay-opacity":"","overlay-gradient":""},"mobile":{"background-color":"","background-image":"","background-repeat":"repeat","background-position":"center center","background-size":"auto","background-attachment":"scroll","background-type":"","background-media":"","overlay-type":"","overlay-color":"","overlay-opacity":"","overlay-gradient":""}},"ast-content-background-meta":{"desktop":{"background-color":"var(--ast-global-color-5)","background-image":"","background-repeat":"repeat","background-position":"center center","background-size":"auto","background-attachment":"scroll","background-type":"","background-media":"","overlay-type":"","overlay-color":"","overlay-opacity":"","overlay-gradient":""},"tablet":{"background-color":"var(--ast-global-color-5)","background-image":"","background-repeat":"repeat","background-position":"center center","background-size":"auto","background-attachment":"scroll","background-type":"","background-media":"","overlay-type":"","overlay-color":"","overlay-opacity":"","overlay-gradient":""},"mobile":{"background-color":"var(--ast-global-color-5)","background-image":"","background-repeat":"repeat","background-position":"center center","background-size":"auto","background-attachment":"scroll","background-type":"","background-media":"","overlay-type":"","overlay-color":"","overlay-opacity":"","overlay-gradient":""}}},"product_brand":[],"product_cat":[316,144,31],"product_tag":[34],"class_list":{"0":"post-8166","1":"product","2":"type-product","3":"status-publish","4":"has-post-thumbnail","6":"product_cat-gesichtsmaske","7":"product_cat-innisfree","8":"product_cat-gesicht","9":"product_tag-sheet","10":"desktop-align-center","11":"tablet-align-center","12":"mobile-align-center","14":"first","15":"outofstock","16":"taxable","17":"shipping-taxable","18":"purchasable","19":"product-type-simple"},"_links":{"self":[{"href":"https:\/\/tomyklou.gr\/de\/wp-json\/wp\/v2\/product\/8166","targetHints":{"allow":["GET"]}}],"collection":[{"href":"https:\/\/tomyklou.gr\/de\/wp-json\/wp\/v2\/product"}],"about":[{"href":"https:\/\/tomyklou.gr\/de\/wp-json\/wp\/v2\/types\/product"}],"replies":[{"embeddable":true,"href":"https:\/\/tomyklou.gr\/de\/wp-json\/wp\/v2\/comments?post=8166"}],"wp:featuredmedia":[{"embeddable":true,"href":"https:\/\/tomyklou.gr\/de\/wp-json\/wp\/v2\/media\/9530"}],"wp:attachment":[{"href":"https:\/\/tomyklou.gr\/de\/wp-json\/wp\/v2\/media?parent=8166"}],"wp:term":[{"taxonomy":"product_brand","embeddable":true,"href":"https:\/\/tomyklou.gr\/de\/wp-json\/wp\/v2\/product_brand?post=8166"},{"taxonomy":"product_cat","embeddable":true,"href":"https:\/\/tomyklou.gr\/de\/wp-json\/wp\/v2\/product_cat?post=8166"},{"taxonomy":"product_tag","embeddable":true,"href":"https:\/\/tomyklou.gr\/de\/wp-json\/wp\/v2\/product_tag?post=8166"}],"curies":[{"name":"wp","href":"https:\/\/api.w.org\/{rel}","templated":true}]}}