{"id":8318,"date":"2023-07-14T13:52:57","date_gmt":"2023-07-14T11:52:57","guid":{"rendered":"https:\/\/tomyklou.gr\/product\/hello-skin-jumiso-water-splash-mask-1ea\/"},"modified":"2026-02-22T18:37:28","modified_gmt":"2026-02-22T16:37:28","slug":"hello-skin-jumiso-water-splash-mask-1ea","status":"publish","type":"product","link":"https:\/\/tomyklou.gr\/de\/product\/hello-skin-jumiso-water-splash-mask-1ea\/","title":{"rendered":"Hello Skin Jumiso Water Splash Mask (1ea)"},"content":{"rendered":"<p>&lt;h3&gt;Anwendung&lt;\/h3&gt;<br \/>\n&lt;ol&gt;<br \/>\n&lt;li&gt;Entnehmen Sie die Maske aus der Verpackung und falten Sie sie vorsichtig auseinander.&lt;\/li&gt;<br \/>\n&lt;li&gt;Legen Sie die Maske auf das Gesicht und lassen Sie sie f\u00fcr &lt;strong&gt;15-20&lt;\/strong&gt; Minuten einwirken.&lt;\/li&gt;<br \/>\n&lt;li&gt;Entfernen Sie die Maske vorsichtig und arbeiten Sie das restliche Serum mit den Fingerspitzen in die Haut ein, bis es vollst\u00e4ndig eingezogen ist.&lt;\/li&gt;<br \/>\n&lt;\/ol&gt;<br \/>\n&lt;h3&gt;Inhaltsstoffe&lt;\/h3&gt;<br \/>\n&lt;span class=&#8220;&#8220; role=&#8220;listitem&#8220;&gt;Water,&nbsp;&lt;\/span&gt;&lt;span class=&#8220;&#8220; role=&#8220;listitem&#8220;&gt;Glycerin,&nbsp;&lt;\/span&gt;&lt;span class=&#8220;&#8220; role=&#8220;listitem&#8220;&gt;Methylpropanediol,&nbsp;&lt;\/span&gt;&lt;span class=&#8220;&#8220; role=&#8220;listitem&#8220;&gt;Beta-Glucan,&nbsp;&lt;\/span&gt;&lt;span class=&#8220;&#8220; role=&#8220;listitem&#8220;&gt;Betaine,&lt;\/span&gt;&lt;span class=&#8220;&#8220; role=&#8220;listitem&#8220;&gt;Xylitylglucoside,&nbsp;&lt;\/span&gt;&lt;span class=&#8220;&#8220; role=&#8220;listitem&#8220;&gt;Anhydroxylitol,&nbsp;&lt;\/span&gt;&lt;span class=&#8220;&#8220; role=&#8220;listitem&#8220;&gt;Xylitol,&nbsp;&lt;\/span&gt;&lt;span class=&#8220;&#8220; role=&#8220;listitem&#8220;&gt;Nelumbo Nucifera Root Extract,&nbsp;&lt;span class=&#8220;showmore-mobile&#8220; role=&#8220;listitem&#8220;&gt;Laminaria Japonica Extract,&nbsp;&lt;\/span&gt;&lt;span class=&#8220;showmore-mobile&#8220; role=&#8220;listitem&#8220;&gt;Algae Extract,&nbsp;&lt;\/span&gt;&lt;span class=&#8220;showmore-mobile&#8220; role=&#8220;listitem&#8220;&gt;Macrocystis \u200b&lt;span class=&#8220;italic&#8220;&gt;Pyrifera&lt;\/span&gt;&nbsp;Extract,&nbsp;&lt;\/span&gt;&lt;span class=&#8220;showmore-mobile&#8220; role=&#8220;listitem&#8220;&gt;Enteromorpha Compressa Extract,&nbsp;&lt;\/span&gt;&lt;span class=&#8220;showmore-mobile&#8220; role=&#8220;listitem&#8220;&gt;Sargassum Fulvellum Extract,&nbsp;&lt;\/span&gt;&lt;span class=&#8220;showmore-mobile&#8220; role=&#8220;listitem&#8220;&gt;Spirulina Platensis Extract,&nbsp;&lt;\/span&gt;&lt;span class=&#8220;showmore-mobile&#8220; role=&#8220;listitem&#8220;&gt;Niacinamide,&nbsp;&lt;\/span&gt;&lt;span class=&#8220;showmore-mobile&#8220; role=&#8220;listitem&#8220;&gt;Calcium Pantothenate,&nbsp;&lt;\/span&gt;&lt;span class=&#8220;showmore-mobile&#8220; role=&#8220;listitem&#8220;&gt;Sodium Ascorbyl Phosphate,&nbsp;&lt;\/span&gt;&lt;span class=&#8220;showmore-mobile&#8220; role=&#8220;listitem&#8220;&gt;Tocopheryl Acetate,&lt;\/span&gt;&lt;span class=&#8220;showmore-mobile&#8220; role=&#8220;listitem&#8220;&gt;Pyridoxine Hcl,&nbsp;&lt;\/span&gt;&lt;span class=&#8220;showmore-mobile&#8220; role=&#8220;listitem&#8220;&gt;Maltodextrin,&nbsp;&lt;\/span&gt;&lt;span class=&#8220;showmore-mobile&#8220; role=&#8220;listitem&#8220;&gt;Silica,&nbsp;&lt;\/span&gt;&lt;span class=&#8220;showmore-mobile&#8220; role=&#8220;listitem&#8220;&gt;Sodium Starch Octenylsuccinate,&lt;\/span&gt;&lt;span class=&#8220;showmore-mobile&#8220; role=&#8220;listitem&#8220;&gt;Ceramide NP,&nbsp;&lt;\/span&gt;&lt;span class=&#8220;showmore-mobile&#8220; role=&#8220;listitem&#8220;&gt;Ceramide NS,&nbsp;&lt;\/span&gt;&lt;span class=&#8220;showmore-mobile&#8220; role=&#8220;listitem&#8220;&gt;Triethylhexanoin,&nbsp;&lt;\/span&gt;&lt;span class=&#8220;showmore-mobile&#8220; role=&#8220;listitem&#8220;&gt;Butyrospermum Parkii (Shea Butter),&nbsp;&lt;\/span&gt;&lt;span class=&#8220;showmore-mobile&#8220; role=&#8220;listitem&#8220;&gt;Butylene Glycol,&nbsp;&lt;\/span&gt;&lt;span class=&#8220;showmore-mobile&#8220; role=&#8220;listitem&#8220;&gt;1,2-Hexanediol,&nbsp;&lt;\/span&gt;&lt;span class=&#8220;showmore-mobile&#8220; role=&#8220;listitem&#8220;&gt;Hydrogenated Lecithin,&nbsp;&lt;\/span&gt;&lt;span class=&#8220;showmore-mobile&#8220; role=&#8220;listitem&#8220;&gt;Sodium Hyaluronate,&nbsp;&lt;\/span&gt;&lt;span class=&#8220;showmore-mobile&#8220; role=&#8220;listitem&#8220;&gt;Hydrolyzed Sodium Hyaluronate,&lt;\/span&gt;&lt;span class=&#8220;showmore-mobile&#8220; role=&#8220;listitem&#8220;&gt;Hydroxyethylcellulose,&nbsp;&lt;\/span&gt;&lt;span class=&#8220;showmore-mobile&#8220; role=&#8220;listitem&#8220;&gt;Xanthan Gum,&nbsp;&lt;\/span&gt;&lt;span class=&#8220;showmore-mobile&#8220; role=&#8220;listitem&#8220;&gt;Polyglyceryl-10 Decaoleate,&lt;\/span&gt;&lt;span class=&#8220;showmore-mobile&#8220; role=&#8220;listitem&#8220;&gt;Carbomer,&nbsp;&lt;\/span&gt;&lt;span class=&#8220;showmore-mobile&#8220; role=&#8220;listitem&#8220;&gt;Scutellaria Baicalensis Root Extract,&nbsp;&lt;\/span&gt;&lt;span class=&#8220;showmore-mobile&#8220; role=&#8220;listitem&#8220;&gt;Ethylhexylglycerin,&lt;\/span&gt;&lt;span class=&#8220;showmore-mobile&#8220; role=&#8220;listitem&#8220;&gt;Glyceryl Caprylate,&nbsp;&lt;\/span&gt;&lt;span class=&#8220;showmore-mobile&#8220; role=&#8220;listitem&#8220;&gt;Aloe Barbadensis Leaf Juice,&nbsp;&lt;\/span&gt;&lt;span class=&#8220;showmore-mobile&#8220; role=&#8220;listitem&#8220;&gt;Caffeine,&nbsp;&lt;\/span&gt;&lt;span class=&#8220;showmore-mobile&#8220; role=&#8220;listitem&#8220;&gt;PEG-32,&lt;\/span&gt;&lt;span class=&#8220;showmore-mobile&#8220; role=&#8220;listitem&#8220;&gt;Panthenol,&nbsp;&lt;\/span&gt;&lt;span class=&#8220;showmore-mobile&#8220; role=&#8220;listitem&#8220;&gt;Allantoin,&nbsp;&lt;\/span&gt;&lt;span class=&#8220;showmore-mobile&#8220; role=&#8220;listitem&#8220;&gt;Dehydroacetic Acid,&nbsp;&lt;\/span&gt;&lt;span class=&#8220;showmore-mobile&#8220; role=&#8220;listitem&#8220;&gt;Arginine,&nbsp;&lt;\/span&gt;&lt;span class=&#8220;showmore-mobile&#8220; role=&#8220;listitem&#8220;&gt;PEG-60 Hydrogenated Castor Oil,&nbsp;&lt;\/span&gt;&lt;span class=&#8220;showmore-mobile&#8220; role=&#8220;listitem&#8220;&gt;Fragrance,&nbsp;&lt;\/span&gt;&lt;span class=&#8220;showmore-mobile&#8220; role=&#8220;listitem&#8220;&gt;Chlorphenesin,&nbsp;&lt;\/span&gt;&lt;span class=&#8220;showmore-mobile&#8220; role=&#8220;listitem&#8220;&gt;Disodium EDTA&lt;\/span&gt;&lt;\/span&gt;<br \/>\n&lt;h3&gt;Warnhinweise&lt;\/h3&gt;<br \/>\n&lt;ol&gt;<br \/>\n&lt;li&gt;Nur zur \u00e4u\u00dferlichen Anwendung geeignet.&lt;\/li&gt;<br \/>\n&lt;li&gt;Nicht auf verletzte Haut oder auf Wunden auftragen.&lt;\/li&gt;<br \/>\n&lt;li&gt;Sollten Nebenwirkungen wie Irritationen oder Ausschlag eintreten, Anwendung sofort beenden und unverz\u00fcglich an einen Arzt wenden.&lt;\/li&gt;<br \/>\n&lt;li&gt;Kontakt mit den Augen vermeiden. Sollte das Produkt ins Auge gelangen, das Auge sofort gr\u00fcndlich mit klarem Wasser aussp\u00fclen.&lt;\/li&gt;<br \/>\n&lt;li&gt;Au\u00dfer Reichweite von Kindern aufbewahren.&lt;\/li&gt;<br \/>\n&lt;li&gt;Nicht schlucken. Bei Verschlucken Arzt oder Giftzentrale aufsuchen.&lt;\/li&gt;<br \/>\n&lt;\/ol&gt;<\/p>\n","protected":false},"excerpt":{"rendered":"<p><strong>Hello Skin<\/strong>\u00a0Jumiso Water Splash Mask ist durchtr\u00e4nkt mit starken, feuchtigkeitsspendenden Inhaltsstoffen wie Sheabutter und Hyaluronat-Komplex, die die Haut n\u00e4hren und mit Feuchtigkeit versorgen und damit f\u00fcr ein frisches, jugendliches Strahlen der Haut sorgen. Die Jumiso Maske wurde hergestellt aus einem extrem weichen, d\u00fcnnen &amp; atmungsaktiven Cupra-Baumwolltuch und sorgt daf\u00fcr, dass bis zu zehn Mal mehr Essenz aufgenommen wird als bei gew\u00f6hnlichen Baumwoll-Masken. Das hei\u00dft, ein h\u00f6herer Gehalt an konzentrierter Essenz wird an die Haut abgegeben. Geeignet f\u00fcr alle Hauttypen.<\/p>\n","protected":false},"featured_media":8216,"comment_status":"open","ping_status":"closed","template":"","meta":{"content-type":"","site-sidebar-layout":"default","site-content-layout":"default","ast-site-content-layout":"default","site-content-style":"default","site-sidebar-style":"default","ast-global-header-display":"","ast-banner-title-visibility":"","ast-main-header-display":"","ast-hfb-above-header-display":"","ast-hfb-below-header-display":"","ast-hfb-mobile-header-display":"","site-post-title":"","ast-breadcrumbs-content":"","ast-featured-img":"","footer-sml-layout":"","ast-disable-related-posts":"","theme-transparent-header-meta":"default","adv-header-id-meta":"","stick-header-meta":"","header-above-stick-meta":"","header-main-stick-meta":"","header-below-stick-meta":"","astra-migrate-meta-layouts":"default","ast-page-background-enabled":"default","ast-page-background-meta":{"desktop":{"background-color":"","background-image":"","background-repeat":"repeat","background-position":"center center","background-size":"auto","background-attachment":"scroll","background-type":"","background-media":"","overlay-type":"","overlay-color":"","overlay-opacity":"","overlay-gradient":""},"tablet":{"background-color":"","background-image":"","background-repeat":"repeat","background-position":"center center","background-size":"auto","background-attachment":"scroll","background-type":"","background-media":"","overlay-type":"","overlay-color":"","overlay-opacity":"","overlay-gradient":""},"mobile":{"background-color":"","background-image":"","background-repeat":"repeat","background-position":"center center","background-size":"auto","background-attachment":"scroll","background-type":"","background-media":"","overlay-type":"","overlay-color":"","overlay-opacity":"","overlay-gradient":""}},"ast-content-background-meta":{"desktop":{"background-color":"var(--ast-global-color-5)","background-image":"","background-repeat":"repeat","background-position":"center center","background-size":"auto","background-attachment":"scroll","background-type":"","background-media":"","overlay-type":"","overlay-color":"","overlay-opacity":"","overlay-gradient":""},"tablet":{"background-color":"var(--ast-global-color-5)","background-image":"","background-repeat":"repeat","background-position":"center center","background-size":"auto","background-attachment":"scroll","background-type":"","background-media":"","overlay-type":"","overlay-color":"","overlay-opacity":"","overlay-gradient":""},"mobile":{"background-color":"var(--ast-global-color-5)","background-image":"","background-repeat":"repeat","background-position":"center center","background-size":"auto","background-attachment":"scroll","background-type":"","background-media":"","overlay-type":"","overlay-color":"","overlay-opacity":"","overlay-gradient":""}}},"product_brand":[],"product_cat":[316,150,31],"product_tag":[34],"class_list":{"0":"post-8318","1":"product","2":"type-product","3":"status-publish","4":"has-post-thumbnail","6":"product_cat-gesichtsmaske","7":"product_cat-helloskin-jumiso","8":"product_cat-gesicht","9":"product_tag-sheet","10":"desktop-align-center","11":"tablet-align-center","12":"mobile-align-center","14":"first","15":"outofstock","16":"taxable","17":"shipping-taxable","18":"purchasable","19":"product-type-simple"},"_links":{"self":[{"href":"https:\/\/tomyklou.gr\/de\/wp-json\/wp\/v2\/product\/8318","targetHints":{"allow":["GET"]}}],"collection":[{"href":"https:\/\/tomyklou.gr\/de\/wp-json\/wp\/v2\/product"}],"about":[{"href":"https:\/\/tomyklou.gr\/de\/wp-json\/wp\/v2\/types\/product"}],"replies":[{"embeddable":true,"href":"https:\/\/tomyklou.gr\/de\/wp-json\/wp\/v2\/comments?post=8318"}],"wp:featuredmedia":[{"embeddable":true,"href":"https:\/\/tomyklou.gr\/de\/wp-json\/wp\/v2\/media\/8216"}],"wp:attachment":[{"href":"https:\/\/tomyklou.gr\/de\/wp-json\/wp\/v2\/media?parent=8318"}],"wp:term":[{"taxonomy":"product_brand","embeddable":true,"href":"https:\/\/tomyklou.gr\/de\/wp-json\/wp\/v2\/product_brand?post=8318"},{"taxonomy":"product_cat","embeddable":true,"href":"https:\/\/tomyklou.gr\/de\/wp-json\/wp\/v2\/product_cat?post=8318"},{"taxonomy":"product_tag","embeddable":true,"href":"https:\/\/tomyklou.gr\/de\/wp-json\/wp\/v2\/product_tag?post=8318"}],"curies":[{"name":"wp","href":"https:\/\/api.w.org\/{rel}","templated":true}]}}