{"id":8375,"date":"2023-07-14T19:38:06","date_gmt":"2023-07-14T17:38:06","guid":{"rendered":"https:\/\/tomyklou.gr\/product\/klavuu-urban-pearlsation-high-coverage-tenshion-cushion-ex-no-23\/"},"modified":"2026-02-22T18:37:27","modified_gmt":"2026-02-22T16:37:27","slug":"klavuu-urban-pearl-high-coverage-23","status":"publish","type":"product","link":"https:\/\/tomyklou.gr\/de\/product\/klavuu-urban-pearlsation-high-coverage-tenshion-cushion-ex-no-23\/","title":{"rendered":"Klavuu URBAN PEARLSATION High Coverage Tenshion Cushion EX No.23"},"content":{"rendered":"<h3>Anwendung<\/h3>\n<ol>\n<li>Tragen Sie mit dem mitgelieferten Schwamm eine angemessene Menge gleichm\u00e4\u00dfig auf das Gesicht auf.<\/li>\n<\/ol>\n<h3>Hauptinhaltsstoffe<\/h3>\n<p><strong>#21 Light Beige<\/strong><\/p>\n<p>Water,Titanium Dioxide, Cyclopentasiloxane, Ethylhexyl Methoxycinnamate, Ethylhexyl Salicylate,Butylene Glycol,Diphenylsiloxy Phenyl Trimethicone, Glycerin, Caprylyl Methicone, Lauryl PEG-10 Tris (Trimethylsiloxy)silylethyl Dimethicone,Zinc Oxide, Niacinamide, Octocrylene, Cetyl PEG\/PPG-10\/1 Dimethicone, Isododecane, Pearl Extract, Magnesium Sulfate, Disteardimonium Hectorite, Acrylates \/Polytrimethylsiloxymethacrylate Copolymer,Boron Nitride, Acrylates\/ Stearyl Acrylate\/Dimethicone Methacrylate Copolymer,Caprylic\/Capric Glycerides, Copernicia Cerifera (Carnauba) Wax,Triethoxycaprylylsilane, Aluminum Hydroxide, Adenosine, Hydrolyzed Collagen, Hizikia Fusiforme Extract, Gelidium Cartilagineum Extract, Ecklonia Cava Extract,Codium Tomentosum Extract,Tocopherol, Glycine, Serine, Glutamic Acid, Dioscorea Japonica Root Extract, Aloe Barbadensis Leaf Extract, Laminaria Japonica Extract, Ulmus Davidiana Root Extract, Viola Mandshurica Flower Extract, Aspartic Acid, Leucine, Alanine, Lysine, Arginine,Tyrosine Phenylalanine, Threonine, Proline, Valine, Isoleucine, Chaenomeles Sinensis Fruit Extract, Citrus Aurantium Dulcis (Orange) Flower Extract, Melissa Officinalis Extract, Histidine,Cysteine, Methionine,1,2-Hexanediol, Parfum, Titanium Dioxide (CI 77891),Iron Oxides (CI 77492), Iron Oxides (CI 77491), Iron Oxides (CI 77499)<\/p>\n<p><strong>#23 Medium Beige<\/strong><\/p>\n<p>Water,Titanium Dioxide, Cyclopentasiloxane, Ethyl hexyl Methoxycinnamate, Ethylhexyl Salicylate, Butylene Glycol, Dipheny Isiloxy Phenyl Trimethicone, Glycerin, Caprylyl Methicone, Lauryl PEG-10 Tris(Trimethylsiloxy)silylethyl Dimethicone,Zinc Oxide, Niacinamide, Octocrylene, Cetyl PEG\/PPG-10\/1 Dimethicone, Isododecane, Pearl Extract, Magnesium Sulfate,Disteardimonium Hectorite, Acrylates\/ Polytrimethylsiloxymethacrylate Copolymer,Boron Nitride, Acrylates\/ Stearyl Acrylate\/Dimethicone Methacrylate Copolymer,Caprylic\/ Capric Glycerides, Copernicia Cerifera (Carnauba) Wax,Triethoxy caprylylsilane, Aluminum Hydroxide, Adenosine, Hydrolyzed Collagen, Hizikia Fusiforme Extract, Gelidium Cartilagineum Extract, Ecklonia Cava Extract,Codium Tomentosum Extract,Tocopherol, Glycine, Serine, Glutamic Acid, Dioscorea Japonica Root Extract, Aloe Barbadensis Leaf Extract, Laminaria Japonica Extract, Ulmus Davidiana Root Extract, Viola Mandshurica Flower Extract, Aspartic Acid, Leucine, Alanine, Lysine, Arginine,Tyrosine, Phenylalanine,Threonine, Proline, Valine,Isol eucine,Chaenomeles Sinensis Fruit Extract, Citrus Aurantium Dulcis (Orange) Flower Extract, Melissa Officinalis Extract, Histidine,Cysteine, Methionine,1,2-Hexanediol, Parfum,Titanium Dioxide (CI 77891), Iron Oxides (CI 77492), Iron Oxides (CI 77491), Iron Oxides (CI 77499)<\/p>\n<h3>Warnhinweise<\/h3>\n<ol>\n<li>Nur zur \u00e4u\u00dferlichen Anwendung geeignet.<\/li>\n<li>Nicht auf verletzte Haut oder auf Wunden auftragen.<\/li>\n<li>Sollten Nebenwirkungen wie Irritationen oder Ausschlag eintreten, Anwendung sofort beenden und unverz\u00fcglich an einen Arzt wenden.<\/li>\n<li>Kontakt mit den Augen vermeiden. Sollte das Produkt ins Auge gelangen, das Auge sofort gr\u00fcndlich mit klarem Wasser aussp\u00fclen.<\/li>\n<li>Au\u00dfer Reichweite von Kindern aufbewahren.<\/li>\n<li>Nicht schlucken. Bei Verschlucken Arzt oder Giftzentrale aufsuchen.<\/li>\n<\/ol>\n","protected":false},"excerpt":{"rendered":"<p>Eine Kissengrundierung mit hervorragender Deckkraft hilft dabei, Hautunreinheiten wie Hautunreinheiten und feine Linien zu kaschieren.<br \/>\nMit SPF50+ PA++++ breitem Spektrum, das die Haut vor UVA und UVB sch\u00fctzt.<br \/>\nEnth\u00e4lt Kollagenpeptide, die zur Verj\u00fcngung und Verbesserung der Hautelastizit\u00e4t beitragen.<\/p>\n<p>Dermatologisch getestet.<\/p>\n","protected":false},"featured_media":8371,"comment_status":"open","ping_status":"closed","template":"","meta":{"content-type":"","site-sidebar-layout":"default","site-content-layout":"default","ast-site-content-layout":"default","site-content-style":"default","site-sidebar-style":"default","ast-global-header-display":"","ast-banner-title-visibility":"","ast-main-header-display":"","ast-hfb-above-header-display":"","ast-hfb-below-header-display":"","ast-hfb-mobile-header-display":"","site-post-title":"","ast-breadcrumbs-content":"","ast-featured-img":"","footer-sml-layout":"","ast-disable-related-posts":"","theme-transparent-header-meta":"default","adv-header-id-meta":"","stick-header-meta":"","header-above-stick-meta":"","header-main-stick-meta":"","header-below-stick-meta":"","astra-migrate-meta-layouts":"set","ast-page-background-enabled":"default","ast-page-background-meta":{"desktop":{"background-color":"","background-image":"","background-repeat":"repeat","background-position":"center center","background-size":"auto","background-attachment":"scroll","background-type":"","background-media":"","overlay-type":"","overlay-color":"","overlay-opacity":"","overlay-gradient":""},"tablet":{"background-color":"","background-image":"","background-repeat":"repeat","background-position":"center center","background-size":"auto","background-attachment":"scroll","background-type":"","background-media":"","overlay-type":"","overlay-color":"","overlay-opacity":"","overlay-gradient":""},"mobile":{"background-color":"","background-image":"","background-repeat":"repeat","background-position":"center center","background-size":"auto","background-attachment":"scroll","background-type":"","background-media":"","overlay-type":"","overlay-color":"","overlay-opacity":"","overlay-gradient":""}},"ast-content-background-meta":{"desktop":{"background-color":"var(--ast-global-color-5)","background-image":"","background-repeat":"repeat","background-position":"center center","background-size":"auto","background-attachment":"scroll","background-type":"","background-media":"","overlay-type":"","overlay-color":"","overlay-opacity":"","overlay-gradient":""},"tablet":{"background-color":"var(--ast-global-color-5)","background-image":"","background-repeat":"repeat","background-position":"center center","background-size":"auto","background-attachment":"scroll","background-type":"","background-media":"","overlay-type":"","overlay-color":"","overlay-opacity":"","overlay-gradient":""},"mobile":{"background-color":"var(--ast-global-color-5)","background-image":"","background-repeat":"repeat","background-position":"center center","background-size":"auto","background-attachment":"scroll","background-type":"","background-media":"","overlay-type":"","overlay-color":"","overlay-opacity":"","overlay-gradient":""}}},"product_brand":[],"product_cat":[152,66,31],"product_tag":[],"class_list":{"0":"post-8375","1":"product","2":"type-product","3":"status-publish","4":"has-post-thumbnail","6":"product_cat-klavuu","7":"product_cat-make-up","8":"product_cat-gesicht","9":"desktop-align-center","10":"tablet-align-center","11":"mobile-align-center","13":"first","14":"outofstock","15":"taxable","16":"shipping-taxable","17":"purchasable","18":"product-type-simple"},"_links":{"self":[{"href":"https:\/\/tomyklou.gr\/de\/wp-json\/wp\/v2\/product\/8375","targetHints":{"allow":["GET"]}}],"collection":[{"href":"https:\/\/tomyklou.gr\/de\/wp-json\/wp\/v2\/product"}],"about":[{"href":"https:\/\/tomyklou.gr\/de\/wp-json\/wp\/v2\/types\/product"}],"replies":[{"embeddable":true,"href":"https:\/\/tomyklou.gr\/de\/wp-json\/wp\/v2\/comments?post=8375"}],"wp:featuredmedia":[{"embeddable":true,"href":"https:\/\/tomyklou.gr\/de\/wp-json\/wp\/v2\/media\/8371"}],"wp:attachment":[{"href":"https:\/\/tomyklou.gr\/de\/wp-json\/wp\/v2\/media?parent=8375"}],"wp:term":[{"taxonomy":"product_brand","embeddable":true,"href":"https:\/\/tomyklou.gr\/de\/wp-json\/wp\/v2\/product_brand?post=8375"},{"taxonomy":"product_cat","embeddable":true,"href":"https:\/\/tomyklou.gr\/de\/wp-json\/wp\/v2\/product_cat?post=8375"},{"taxonomy":"product_tag","embeddable":true,"href":"https:\/\/tomyklou.gr\/de\/wp-json\/wp\/v2\/product_tag?post=8375"}],"curies":[{"name":"wp","href":"https:\/\/api.w.org\/{rel}","templated":true}]}}