{"id":8388,"date":"2023-07-14T19:38:15","date_gmt":"2023-07-14T17:38:15","guid":{"rendered":"https:\/\/tomyklou.gr\/product\/klavuu-white-pearlsation-ideal-actress-backstage-cream-spf30-pa-50ml\/"},"modified":"2026-02-22T18:37:27","modified_gmt":"2026-02-22T16:37:27","slug":"klavuu-white-pearlsation-ideal-actress-backstage-cream-spf30-pa-50ml","status":"publish","type":"product","link":"https:\/\/tomyklou.gr\/de\/product\/klavuu-white-pearlsation-ideal-actress-backstage-cream\/","title":{"rendered":"Klavuu White Pearlsation Ideal Actress Backstage Cream SPF30 PA++ 50ml"},"content":{"rendered":"<h3>Anwendung<\/h3>\n<p>Nach dem Pflegeschritt eine erbsengro\u00dfe Menge auf den Fingerr\u00fccken geben und d\u00fcnn aber gleichm\u00e4\u00dfig auf das gesamte Gesicht auftragen.<\/p>\n<h3>Hauptinhaltsstoffe<\/h3>\n<p>Water, Ethylhexyl Methoxycinnamate, Butylene Glycol, Glycerin, Cyclopentasiloxane, Titanium Dioxide (CI 77891), Ethylhexyl Salicylate, Cyclohexasiloxane, Cetyl Ethylhexanoate, Dicaprylyl Carbonate, Niacinamide, Octyldodecanol, Pentylene Glycol, Pearl Extract, Chlorella Vulgaris Extract, Codium Tomentosum Extract, Ecklonia Cava Extract, Enteromorpha Compressa Extract, Macrocystis Pyrifera (Kelp) Extract, Gelidium Cartilagineum Extract, Laminaria Japonica Extract, Sea Whip Extract, Spirulina Platensis Extract, Diethylamino Hydroxybenzoyl Hexyl Benzoate, Diphenylsiloxy Phenyl Trimethicone, Triceteareth-4 Phosphate, Glycol Stearate, Glyceryl Stearate, PEG-100 Stearate, PEG-2 Stearate, Potassium Cetyl Phosphate, Silica, Lauryl PEG-9 Polydimethylsiloxyethyl Dimethicone, Aluminum Hydroxide, Stearic Acid, Hydroxyethyl Acrylate\/Sodium Acryloyldimethyl Taurate Copolymer, Squalane, Ethylhexylglycerin, Adenosine, Triethoxycaprylylsilane, Polysorbate 60, Sorbitan Isostearate, Tocopherol, 1,2-Hexanediol, Caprylyl Glycol, Carbomer, Triethanolamine, Disodium EDTA, Phenoxyethanol, Methylparaben, Fragrance(Parfum), Mica (CI 77019), Iron Oxides (CI 77492), Iron Oxides (CI 77491)<\/p>\n<h3>Warnhinweise<\/h3>\n<ol>\n<li>Nur zur \u00e4u\u00dferlichen Anwendung geeignet.<\/li>\n<li>Nicht auf verletzte Haut oder auf Wunden auftragen.<\/li>\n<li>Sollten Nebenwirkungen wie Irritationen oder Ausschlag eintreten, Anwendung sofort beenden und unverz\u00fcglich an einen Arzt wenden.<\/li>\n<li>Kontakt mit den Augen vermeiden. Sollte das Produkt ins Auge gelangen, das Auge sofort gr\u00fcndlich mit klarem Wasser aussp\u00fclen.<\/li>\n<li>Au\u00dfer Reichweite von Kindern aufbewahren.<\/li>\n<li>Nicht schlucken. Bei Verschlucken Arzt oder Giftzentrale aufsuchen.<\/li>\n<\/ol>\n","protected":false},"excerpt":{"rendered":"<p>Die Perl-Extrakte in dieser Make-up-Base verleihen deiner Haut eine nat\u00fcrliche Ausstrahlung. Mit LSF 30 PA++, um deine Haut vor der Sonne zu sch\u00fctzen.<\/p>\n<p>Get\u00f6nte 5-in-1-Feuchtigkeitscreme; wirkt als Sonnenschutz, Grundierung, Make-up-Basis, Ton-up-Creme und Fixierer! Es hat eine weiche, cremige Textur, die dabei hilft, einen dunklen und fahlen Teint auszugleichen und sofort eine perlmuttartig strahlende Haut verleiht.<\/p>\n","protected":false},"featured_media":8385,"comment_status":"open","ping_status":"closed","template":"","meta":{"content-type":"","site-sidebar-layout":"default","site-content-layout":"default","ast-site-content-layout":"default","site-content-style":"default","site-sidebar-style":"default","ast-global-header-display":"","ast-banner-title-visibility":"","ast-main-header-display":"","ast-hfb-above-header-display":"","ast-hfb-below-header-display":"","ast-hfb-mobile-header-display":"","site-post-title":"","ast-breadcrumbs-content":"","ast-featured-img":"","footer-sml-layout":"","ast-disable-related-posts":"","theme-transparent-header-meta":"default","adv-header-id-meta":"","stick-header-meta":"","header-above-stick-meta":"","header-main-stick-meta":"","header-below-stick-meta":"","astra-migrate-meta-layouts":"default","ast-page-background-enabled":"default","ast-page-background-meta":{"desktop":{"background-color":"","background-image":"","background-repeat":"repeat","background-position":"center center","background-size":"auto","background-attachment":"scroll","background-type":"","background-media":"","overlay-type":"","overlay-color":"","overlay-opacity":"","overlay-gradient":""},"tablet":{"background-color":"","background-image":"","background-repeat":"repeat","background-position":"center center","background-size":"auto","background-attachment":"scroll","background-type":"","background-media":"","overlay-type":"","overlay-color":"","overlay-opacity":"","overlay-gradient":""},"mobile":{"background-color":"","background-image":"","background-repeat":"repeat","background-position":"center center","background-size":"auto","background-attachment":"scroll","background-type":"","background-media":"","overlay-type":"","overlay-color":"","overlay-opacity":"","overlay-gradient":""}},"ast-content-background-meta":{"desktop":{"background-color":"var(--ast-global-color-5)","background-image":"","background-repeat":"repeat","background-position":"center center","background-size":"auto","background-attachment":"scroll","background-type":"","background-media":"","overlay-type":"","overlay-color":"","overlay-opacity":"","overlay-gradient":""},"tablet":{"background-color":"var(--ast-global-color-5)","background-image":"","background-repeat":"repeat","background-position":"center center","background-size":"auto","background-attachment":"scroll","background-type":"","background-media":"","overlay-type":"","overlay-color":"","overlay-opacity":"","overlay-gradient":""},"mobile":{"background-color":"var(--ast-global-color-5)","background-image":"","background-repeat":"repeat","background-position":"center center","background-size":"auto","background-attachment":"scroll","background-type":"","background-media":"","overlay-type":"","overlay-color":"","overlay-opacity":"","overlay-gradient":""}}},"product_brand":[],"product_cat":[313,152,66,31],"product_tag":[36],"class_list":{"0":"post-8388","1":"product","2":"type-product","3":"status-publish","4":"has-post-thumbnail","6":"product_cat-gesichtssonnencreme","7":"product_cat-klavuu","8":"product_cat-make-up","9":"product_cat-gesicht","10":"product_tag-sonnenschutz","11":"desktop-align-center","12":"tablet-align-center","13":"mobile-align-center","15":"first","16":"outofstock","17":"taxable","18":"shipping-taxable","19":"purchasable","20":"product-type-simple"},"_links":{"self":[{"href":"https:\/\/tomyklou.gr\/de\/wp-json\/wp\/v2\/product\/8388","targetHints":{"allow":["GET"]}}],"collection":[{"href":"https:\/\/tomyklou.gr\/de\/wp-json\/wp\/v2\/product"}],"about":[{"href":"https:\/\/tomyklou.gr\/de\/wp-json\/wp\/v2\/types\/product"}],"replies":[{"embeddable":true,"href":"https:\/\/tomyklou.gr\/de\/wp-json\/wp\/v2\/comments?post=8388"}],"wp:featuredmedia":[{"embeddable":true,"href":"https:\/\/tomyklou.gr\/de\/wp-json\/wp\/v2\/media\/8385"}],"wp:attachment":[{"href":"https:\/\/tomyklou.gr\/de\/wp-json\/wp\/v2\/media?parent=8388"}],"wp:term":[{"taxonomy":"product_brand","embeddable":true,"href":"https:\/\/tomyklou.gr\/de\/wp-json\/wp\/v2\/product_brand?post=8388"},{"taxonomy":"product_cat","embeddable":true,"href":"https:\/\/tomyklou.gr\/de\/wp-json\/wp\/v2\/product_cat?post=8388"},{"taxonomy":"product_tag","embeddable":true,"href":"https:\/\/tomyklou.gr\/de\/wp-json\/wp\/v2\/product_tag?post=8388"}],"curies":[{"name":"wp","href":"https:\/\/api.w.org\/{rel}","templated":true}]}}