{"id":8390,"date":"2023-07-14T19:38:17","date_gmt":"2023-07-14T17:38:17","guid":{"rendered":"https:\/\/tomyklou.gr\/product\/klavuu-urban-pearlsation-high-coverage-tenshion-cushion-ex-no-21\/"},"modified":"2026-02-22T18:37:27","modified_gmt":"2026-02-22T16:37:27","slug":"klavuu-urban-pearl-high-coverage-21","status":"publish","type":"product","link":"https:\/\/tomyklou.gr\/de\/product\/klavuu-urban-pearlsation-high-coverage-tenshion-cushion-ex-no-21\/","title":{"rendered":"KLAVUU URBAN PEARLSATION High Coverage Tenshion Cushion EX No.21"},"content":{"rendered":"<h3><span style=\"vertical-align: inherit\"><span style=\"vertical-align: inherit\">\u03b5\u03c6\u03b1\u03c1\u03bc\u03bf\u03b3\u03ae<\/span><\/span><\/h3>\n<ol>\n<li><span style=\"vertical-align: inherit\"><span style=\"vertical-align: inherit\">\u0391\u03c0\u03bb\u03ce\u03c3\u03c4\u03b5 \u03c4\u03b7\u03bd \u03ba\u03b1\u03c4\u03ac\u03bb\u03bb\u03b7\u03bb\u03b7 \u03c0\u03bf\u03c3\u03cc\u03c4\u03b7\u03c4\u03b1 \u03bf\u03bc\u03bf\u03b9\u03cc\u03bc\u03bf\u03c1\u03c6\u03b1 \u03c3\u03c4\u03bf \u03c0\u03c1\u03cc\u03c3\u03c9\u03c0\u03bf \u03bc\u03b5 \u03c4\u03bf \u03c0\u03b1\u03c1\u03b5\u03c7\u03cc\u03bc\u03b5\u03bd\u03bf \u03c3\u03c6\u03bf\u03c5\u03b3\u03b3\u03ac\u03c1\u03b9.<\/span><\/span><\/li>\n<\/ol>\n<h3><span style=\"vertical-align: inherit\"><span style=\"vertical-align: inherit\">\u039a\u03cd\u03c1\u03b9\u03b1 \u03c3\u03c5\u03c3\u03c4\u03b1\u03c4\u03b9\u03ba\u03ac<\/span><\/span><\/h3>\n<p><strong><span style=\"vertical-align: inherit\"><span style=\"vertical-align: inherit\">#21 \u0391\u03bd\u03bf\u03b9\u03c7\u03c4\u03cc \u03bc\u03c0\u03b5\u03b6<\/span><\/span><\/strong><\/p>\n<p><span style=\"vertical-align: inherit\"><span style=\"vertical-align: inherit\">\u039d\u03b5\u03c1\u03cc, \u0394\u03b9\u03bf\u03be\u03b5\u03af\u03b4\u03b9\u03bf \u03c4\u03bf\u03c5 \u03a4\u03b9\u03c4\u03b1\u03bd\u03af\u03bf\u03c5, \u039a\u03c5\u03ba\u03bb\u03bf\u03c0\u03b5\u03bd\u03c4\u03b1\u03c3\u03b9\u03bb\u03bf\u03be\u03ac\u03bd\u03b7, \u039c\u03b5\u03b8\u03bf\u03be\u03c5\u03ba\u03b9\u03bd\u03bd\u03b1\u03bc\u03b9\u03ba\u03cc \u0391\u03b9\u03b8\u03c5\u03bb\u03b5\u03be\u03c5\u03bb\u03b5\u03c3\u03c4\u03ad\u03c1\u03b1, \u03a3\u03b1\u03bb\u03b9\u03ba\u03c5\u03bb\u03b9\u03ba\u03cc \u0391\u03b9\u03b8\u03c5\u03bb\u03b5\u03be\u03c5\u03bb\u03b5\u03c3\u03c4\u03ad\u03c1\u03b1, \u0392\u03bf\u03c5\u03c4\u03c5\u03bb\u03b5\u03bd\u03bf\u03b3\u03bb\u03c5\u03ba\u03cc\u03bb\u03b7, \u0394\u03b9\u03c6\u03b1\u03b9\u03bd\u03c5\u03bb\u03c3\u03b9\u03bb\u03bf\u03be\u03c5 \u03a6\u03b1\u03b9\u03bd\u03c5\u03bb \u03a4\u03c1\u03b9\u03bc\u03b5\u03b8\u03b9\u03ba\u03cc\u03bd\u03b7, \u0393\u03bb\u03c5\u03ba\u03b5\u03c1\u03af\u03bd\u03b7, \u039a\u03b1\u03c0\u03c1\u03c5\u03bb\u03c5\u03bb \u039c\u03b5\u03b8\u03b9\u03ba\u03cc\u03bd\u03b7, \u039b\u03b1\u03bf\u03c5\u03c1\u03c5\u03bb\u03b9\u03ba\u03ae PEG-10 \u03a4\u03c1\u03b9\u03c2 (\u03a4\u03c1\u03b9\u03bc\u03b5\u03b8\u03c5\u03bb\u03b5\u03bd\u03bf\u03be\u03c5\u03bb\u03b5\u03bd\u03bf\u03be\u03c5\u03bb\u03b9\u03ba\u03ae, \u03a1\u03b9\u03c2)-\u03c3\u03b9\u03bb\u03b8\u03b9\u03c5\u03bb\u03b5\u03bd\u03bf\u03be\u03c5\u03bb\u03b5\u03c4\u03ba\u03cd\u03bb. 1 \u03b4\u03b9\u03bc\u03b5\u03b8\u03b9\u03ba\u03cc\u03bd\u03b7, \u03b9\u03c3\u03bf\u03b4\u03b4\u03b5\u03b4\u03b5\u03ba\u03ac\u03bd\u03b9\u03bf, \u03b5\u03ba\u03c7\u03cd\u03bb\u03b9\u03c3\u03bc\u03b1 \u03bc\u03b1\u03c1\u03b3\u03b1\u03c1\u03b9\u03c4\u03b1\u03c1\u03b9\u03bf\u03cd, \u03b8\u03b5\u03b9\u03b9\u03ba\u03cc \u03bc\u03b1\u03b3\u03bd\u03ae\u03c3\u03b9\u03bf, \u03b4\u03b9\u03b1\u03c3\u03c4\u03b1\u03bb\u03c4\u03b9\u03ba\u03cc \u03b4\u03b9\u03b1\u03c3\u03c4\u03b7\u03bc\u03b9\u03ba\u03cc, \u03b1\u03ba\u03c1\u03c5\u03bb\u03b9\u03ba\u03cc\/\u03c0\u03bf\u03bb\u03c5\u03c4\u03c1\u03b9\u03bc\u03b5\u03b8\u03c5\u03bb\u03bf\u03be\u03c5\u03bc\u03b5\u03b8\u03b1\u03ba\u03c1\u03c5\u03bb\u03b9\u03ba\u03cc \u03c3\u03c5\u03bc\u03c0\u03bf\u03bb\u03c5\u03bc\u03b5\u03c1\u03ad\u03c2, \u03ba\u03c5\u03bb\u03b9\u03bd\u03bf\u03c3\u03c5\u0390\u03bd\u03b7 \u03b2\u03cc\u03c1\u03b9\u03bf (\u03b1\u03ba\u03c1\u03c5\u03bb\u03b9\u03ba\u03cc \u03b1\u03ba\u03c1\u03c5\u03bb\u03b9\u03ba\u03cc\/\u03c3\u03c4\u03b5\u03c1\u03b5\u03bb\u03bf\u03be\u03c5\u03bb\u03bf\u03ca\u03bd\u03b9\u03ba\u03cc\/\u03bc\u03b5\u03b8\u03bf\u03ba\u03c1\u03c5\u03ba\u03b9\u03ba\u03cc, \u03ba\u03b1\u03c1\u03c5\u03bb\u03b9\u03ba\u03cc \u03b1\u03ba\u03c1\u03bf\u03be\u03c5\u03ba\u03bf\u03be\u03ad\u03bb\u03b9\u03bf. \u03a5\u03b4\u03c1\u03bf\u03bb\u03c5\u03bc\u03ad\u03bd\u03bf \u03ba\u03bf\u03bb\u03bb\u03b1\u03b3\u03cc\u03bd\u03bf, \u03b5\u03ba\u03c7\u03cd\u03bb\u03b9\u03c3\u03bc\u03b1 Hizikia Fusiforme, \u0395\u03ba\u03c7\u03cd\u03bb\u03b9\u03c3\u03bc\u03b1 \u03c7\u03cc\u03bd\u03b4\u03c1\u03bf\u03c5 Gelidium, \u0395\u03ba\u03c7\u03cd\u03bb\u03b9\u03c3\u03bc\u03b1 Ecklonia Cava, \u0395\u03ba\u03c7\u03cd\u03bb\u03b9\u03c3\u03bc\u03b1 Codium Tomentosum, \u03a4\u03bf\u03ba\u03bf\u03c6\u03b5\u03c1\u03cc\u03bb\u03b7, \u0393\u03bb\u03c5\u03ba\u03af\u03bd\u03b7, \u03a3\u03b5\u03c1\u03af\u03bd\u03b7, \u0393\u03bb\u03bf\u03c5\u03c4\u03b1\u03bc\u03b9\u03bd\u03b9\u03ba\u03cc \u039f\u03be\u03cd, \u0395\u03ba\u03c7\u03cd\u03bb\u03b9\u03c3\u03bc\u03b1 \u03c1\u03af\u03b6\u03b1\u03c2 Dioscorea Japonica,\u0395\u03ba\u03c7\u03cd\u03bb\u03b9\u03c3\u03bc\u03b1 \u03c6\u03cd\u03bb\u03bb\u03c9\u03bd Aloe Barbadensis, \u03b5\u03ba\u03c7\u03cd\u03bb\u03b9\u03c3\u03bc\u03b1 Laminaria Japonica, \u03b5\u03ba\u03c7\u03cd\u03bb\u03b9\u03c3\u03bc\u03b1 \u03c1\u03af\u03b6\u03b1\u03c2 Ulmus Davidiana, \u03b5\u03ba\u03c7\u03cd\u03bb\u03b9\u03c3\u03bc\u03b1 \u03bb\u03bf\u03c5\u03bb\u03bf\u03c5\u03b4\u03b9\u03ce\u03bd Viola Mandshurica, \u03b1\u03c3\u03c0\u03b1\u03c1\u03c4\u03b9\u03ba\u03cc \u03bf\u03be\u03cd, \u03bb\u03b5\u03c5\u03ba\u03af\u03bd\u03b7, \u03b1\u03bb\u03b1\u03bd\u03af\u03bd\u03b7, \u03bb\u03c5\u03c3\u03af\u03bd\u03b7, \u03b1\u03c1\u03b3\u03b9\u03bd\u03af\u03bd\u03b7, \u03c4\u03c5\u03c1\u03bf\u03c3\u03af\u03bd\u03b7 \u03c6\u03b1\u03b9\u03bd\u03c5\u03bb\u03b1\u03bb\u03b1\u03bd\u03af\u03bd\u03b7, \u03b8\u03c1\u03b5\u03bf\u03bd\u03af\u03bd\u03b7, \u03c0\u03c1\u03bf\u03bb\u03af\u03bd\u03b7, \u03b2\u03b1\u03bb\u03af\u03bd\u03b7, \u03b9\u03c3\u03bf\u03bb\u03b5\u03c5\u03ba\u03af\u03bd\u03b7, \u03b5\u03ba\u03c7\u03cd\u03bb\u03b9\u03c3\u03bc\u03b1 \u03bb\u03bf\u03c5\u03bb\u03bf\u03c5\u03b4\u03b9\u03ce\u03bd \u03b5\u03ba\u03c7\u03cd\u03bb\u03b9\u03c3\u03b7\u03c2 \u03b5\u03ba\u03c7\u03c5\u03bb\u03af\u03c3\u03bc\u03b1\u03c4\u03bf\u03c2 \u03c4\u03bf\u03c5 \u03c6\u03b1\u03c1\u03bc\u03ac\u03ba\u03bf\u03c5 \u0395\u03ba\u03c7\u03cd\u03bb\u03b9\u03c3\u03bc\u03b1 \u03bb\u03bf\u03c5\u03bb\u03bf\u03c5\u03b4\u03b9\u03bf\u03cd \u03c0\u03bf\u03c1\u03c4\u03bf\u03ba\u03b1\u03bb\u03b9\u03bf\u03cd, \u03b5\u03ba\u03c7\u03cd\u03bb\u03b9\u03c3\u03bc\u03b1 Melissa Officinalis, \u0399\u03c3\u03c4\u03b9\u03b4\u03af\u03bd\u03b7, \u039a\u03c5\u03c3\u03c4\u03b5\u0390\u03bd\u03b7, \u039c\u03b5\u03b8\u03b5\u03b9\u03bf\u03bd\u03af\u03bd\u03b7, 1,2-\u0395\u03be\u03b1\u03bd\u03bf\u03b4\u03b9\u03cc\u03bb\u03b7, \u0386\u03c1\u03c9\u03bc\u03b1, \u0394\u03b9\u03bf\u03be\u03b5\u03af\u03b4\u03b9\u03bf \u03c4\u03bf\u03c5 \u03a4\u03b9\u03c4\u03b1\u03bd\u03af\u03bf\u03c5 (CI 77891), \u039f\u03be\u03b5\u03af\u03b4\u03b9\u03b1 \u03c3\u03b9\u03b4\u03ae\u03c1\u03bf\u03c5 (CI 77492), \u039f\u03be\u03b5\u03af\u03b4\u03b9\u03b1 \u03c3\u03b9\u03b4\u03ae\u03c1\u03bf\u03c5 (CI 77491), \u039f\u03be\u03b5\u03af\u03b4\u03b9\u03b1 \u03c3\u03b9\u03b4\u03ae\u03c1\u03bf\u03c5 (7749CI)\u039c\u03b5\u03b8\u03b5\u03b9\u03bf\u03bd\u03af\u03bd\u03b7, 1,2-\u03b5\u03be\u03b1\u03bd\u03bf\u03b4\u03b9\u03cc\u03bb\u03b7, \u03ac\u03c1\u03c9\u03bc\u03b1, \u03b4\u03b9\u03bf\u03be\u03b5\u03af\u03b4\u03b9\u03bf \u03c4\u03bf\u03c5 \u03c4\u03b9\u03c4\u03b1\u03bd\u03af\u03bf\u03c5 (CI 77891), \u03bf\u03be\u03b5\u03af\u03b4\u03b9\u03b1 \u03c3\u03b9\u03b4\u03ae\u03c1\u03bf\u03c5 (CI 77492), \u03bf\u03be\u03b5\u03af\u03b4\u03b9\u03b1 \u03c3\u03b9\u03b4\u03ae\u03c1\u03bf\u03c5 (CI 77491), \u03bf\u03be\u03b5\u03af\u03b4\u03b9\u03b1 \u03c3\u03b9\u03b4\u03ae\u03c1\u03bf\u03c5 (CI 77499)\u039c\u03b5\u03b8\u03b5\u03b9\u03bf\u03bd\u03af\u03bd\u03b7, 1,2-\u03b5\u03be\u03b1\u03bd\u03bf\u03b4\u03b9\u03cc\u03bb\u03b7, \u03ac\u03c1\u03c9\u03bc\u03b1, \u03b4\u03b9\u03bf\u03be\u03b5\u03af\u03b4\u03b9\u03bf \u03c4\u03bf\u03c5 \u03c4\u03b9\u03c4\u03b1\u03bd\u03af\u03bf\u03c5 (CI 77891), \u03bf\u03be\u03b5\u03af\u03b4\u03b9\u03b1 \u03c3\u03b9\u03b4\u03ae\u03c1\u03bf\u03c5 (CI 77492), \u03bf\u03be\u03b5\u03af\u03b4\u03b9\u03b1 \u03c3\u03b9\u03b4\u03ae\u03c1\u03bf\u03c5 (CI 77491), \u03bf\u03be\u03b5\u03af\u03b4\u03b9\u03b1 \u03c3\u03b9\u03b4\u03ae\u03c1\u03bf\u03c5 (CI 77499)<\/span><\/span><\/p>\n<p><strong><span style=\"vertical-align: inherit\"><span style=\"vertical-align: inherit\">#23 \u039c\u03b5\u03c3\u03b1\u03af\u03bf \u03bc\u03c0\u03b5\u03b6<\/span><\/span><\/strong><\/p>\n<p><span style=\"vertical-align: inherit\"><span style=\"vertical-align: inherit\">\u039d\u03b5\u03c1\u03cc, \u0394\u03b9\u03bf\u03be\u03b5\u03af\u03b4\u03b9\u03bf \u03c4\u03bf\u03c5 \u03a4\u03b9\u03c4\u03b1\u03bd\u03af\u03bf\u03c5, \u039a\u03c5\u03ba\u03bb\u03bf\u03c0\u03b5\u03bd\u03c4\u03b1\u03c3\u03b9\u03bb\u03bf\u03be\u03ac\u03bd\u03b7, \u039c\u03b5\u03b8\u03bf\u03be\u03c5\u03ba\u03b9\u03bd\u03bd\u03b1\u03bc\u03b9\u03ba\u03cc \u0391\u03b9\u03b8\u03c5\u03bb\u03b5\u03be\u03c5\u03bb\u03b5\u03c3\u03c4\u03ad\u03c1\u03b1, \u03a3\u03b1\u03bb\u03b9\u03ba\u03c5\u03bb\u03b9\u03ba\u03cc \u0391\u03b9\u03b8\u03c5\u03bb\u03b5\u03be\u03c5\u03bb\u03b5\u03c3\u03c4\u03ad\u03c1\u03b1, \u0392\u03bf\u03c5\u03c4\u03c5\u03bb\u03b5\u03bd\u03bf\u03b3\u03bb\u03c5\u03ba\u03cc\u03bb\u03b7, \u0394\u03b9\u03c6\u03b1\u03b9\u03bd\u03c5\u03bb\u03b9\u03c3\u03bf\u03be\u03c5\u03c6\u03b1\u03b9\u03bd\u03c5\u03bb \u03a4\u03c1\u03b9\u03bc\u03b5\u03b8\u03b9\u03ba\u03cc\u03bd\u03b7, \u0393\u03bb\u03c5\u03ba\u03b5\u03c1\u03af\u03bd\u03b7, \u039a\u03b1\u03c0\u03c1\u03c5\u03bb\u03c5\u03bb \u039c\u03b5\u03b8\u03b9\u03ba\u03cc\u03bd\u03b7, \u039b\u03b1\u03bf\u03c5\u03c1\u03c5\u03bb PEG-10 \u03a4\u03c1\u03b9\u03c3(\u03c4\u03c1\u03b9\u03bc\u03b5\u03b8\u03c5\u03bb\u03b5\u03bd\u03bf\u03be\u03c5\u03bb\u03b5\u03bd\u03bf\u03be\u03b5\u03af\u03b4\u03b9\u03bf, \u03a1\u03b9\u03c3(\u03c4\u03c1\u03b9\u03bc\u03b5\u03b8\u03c5\u03bb\u03b5\u03bd\u03bf\u03be\u03c5\u03bb\u03b5\u03c4\u03bf\u03be\u03cd\u03bb, \u03b4\u03b9\u03c2(\u03c4\u03c1\u03b9\u03bc\u03b5\u03b8\u03c5\u03bb\u03b5\u03bd\u03bf\u03be\u03c5\u03bb\u03b5\u03c4\u03bf\u03ba\u03af\u03bd\u03b7, \u03b4\u03b9\u03c6\u03b1\u03b9\u03bd\u03cd\u03bb) \/1 \u0394\u03b9\u03bc\u03b5\u03b8\u03b9\u03ba\u03cc\u03bd\u03b7, \u0399\u03c3\u03bf\u03b4\u03c9\u03b4\u03b5\u03ba\u03ac\u03bd\u03b9\u03bf, \u0395\u03ba\u03c7\u03cd\u03bb\u03b9\u03c3\u03bc\u03b1 \u039c\u03b1\u03c1\u03b3\u03b1\u03c1\u03b9\u03c4\u03b1\u03c1\u03b9\u03ce\u03bd, \u0398\u03b5\u03b9\u03b9\u03ba\u03cc \u039c\u03b1\u03b3\u03bd\u03ae\u03c3\u03b9\u03bf, \u0394\u03b9\u03c3\u03c4\u03b5\u03b1\u03c1\u03b4\u03b9\u03bc\u03cc\u03bd\u03b9\u03bf \u0395\u03ba\u03c4\u03bf\u03c1\u03af\u03c4\u03b7\u03c2, \u0391\u03ba\u03c1\u03c5\u03bb\u03b9\u03ba\u03ac\/ \u03a3\u03c5\u03bc\u03c0\u03bf\u03bb\u03c5\u03bc\u03b5\u03c1\u03ad\u03c2 \u03a0\u03bf\u03bb\u03c5\u03c4\u03c1\u03b9\u03bc\u03b5\u03b8\u03c5\u03bb\u03c3\u03b9\u03bb\u03bf\u03be\u03c5\u03bc\u03b5\u03b8\u03b1\u03ba\u03c1\u03c5\u03bb\u03b9\u03ba\u03cc, \u039d\u03b9\u03c4\u03c1\u03af\u03b4\u03b9\u03bf \u03b2\u03bf\u03c1\u03af\u03bf\u03c5, \u0391\u03ba\u03c1\u03c5\u03bb\u03b9\u03ba\u03ac\/ \u0391\u03ba\u03c1\u03c5\u03bb\u03b9\u03ba\u03ae \u03a3\u03c4\u03b5\u03b1\u03c1\u03c5\u03bb\u03b5\u03c3\u03c4\u03ad\u03c1\u03b1\/\u039c\u03b5\u03b8\u03b1\u03ba\u03c1\u03c5\u03bb\u03b9\u03ba\u03ae \u0394\u03b9\u03bc\u03b5\u03b8\u03b9\u03ba\u03cc\u03bd\u03b7 \u03a3\u03c5\u03bc\u03c0\u03bf\u03bb\u03c5\u03bc\u03b5\u03c1\u03ad\u03c2 \u03bc\u03b5\u03b8\u03b1\u03ba\u03c1\u03c5\u03bb\u03b9\u03ba\u03ae\u03c2 \u0394\u03b9\u03bc\u03b5\u03b8\u03b9\u03ba\u03cc\u03bd\u03b7\u03c2, \u03a3\u03c5\u03bc\u03c0\u03bf\u03bb\u03c5\u03bc\u03b5\u03c1\u03ad\u03c2 \u03bc\u03b5\u03b8\u03b1\u03ba\u03c1\u03c5\u03bb\u03b9\u03ba\u03ae\u03c2 \u0394\u03b9\u03bc\u03b5\u03b8\u03b9\u03ba\u03cc\u03bd\u03b7\u03c2, \u03a5\u03c5\u03b4\u03c1\u03bf\u03c3\u03b9\u03bb\u03bf\u03be\u03c5\u03bc\u03b5\u03b8\u03b1\u03ba\u03c1\u03c5\u03bb\u03b9\u03ba\u03cc \u03a4\u03c1\u03b9\u03bc\u03b5\u03c1\u03ad\u03c2, \u039a\u03b1\u03c0\u03c1\u03c5\u03bb\u03b9\u03bf\u03c3\u03b9\u03bb\u03af\u03b4\u03b9\u03bf, \u03a3\u03c5\u03bc\u03c0\u03bf\u03bb\u03c5\u03bc\u03b5\u03c1\u03ad\u03c2 \u039a\u03b5\u03c1\u03bb\u03c5\u03c3\u03b9\u03bd\u03b1\u03c1\u03c5\u03bb\u03b1\u03c7. \u0391\u03b4\u03b5\u03bd\u03bf\u03c3\u03af\u03bd\u03b7, \u03a5\u03b4\u03c1\u03bf\u03bb\u03c5\u03bc\u03ad\u03bd\u03bf \u03ba\u03bf\u03bb\u03bb\u03b1\u03b3\u03cc\u03bd\u03bf, \u0395\u03ba\u03c7\u03cd\u03bb\u03b9\u03c3\u03bc\u03b1 Hizikia Fusiforme, \u0395\u03ba\u03c7\u03cd\u03bb\u03b9\u03c3\u03bc\u03b1 \u03c7\u03cc\u03bd\u03b4\u03c1\u03bf\u03c5 Gelidium, \u0395\u03ba\u03c7\u03cd\u03bb\u03b9\u03c3\u03bc\u03b1 Ecklonia Cava, \u0395\u03ba\u03c7\u03cd\u03bb\u03b9\u03c3\u03bc\u03b1 Codium Tomentosum, \u03a4\u03bf\u03ba\u03bf\u03c6\u03b5\u03c1\u03cc\u03bb\u03b7, \u0393\u03bb\u03c5\u03ba\u03af\u03bd\u03b7, \u03a3\u03b5\u03c1\u03af\u03bd\u03b7, \u0393\u03bb\u03bf\u03c5\u03c4\u03b1\u03bc\u03b9\u03bd\u03b9\u03ba\u03cc \u039f\u03be\u03cd, \u0395\u03ba\u03c7\u03cd\u03bb\u03b9\u03c3\u03bc\u03b1 \u03c1\u03af\u03b6\u03b1\u03c2 Dioscorea Japonica,\u0395\u03ba\u03c7\u03cd\u03bb\u03b9\u03c3\u03bc\u03b1 \u03c6\u03cd\u03bb\u03bb\u03c9\u03bd Aloe Barbadensis, \u03b5\u03ba\u03c7\u03cd\u03bb\u03b9\u03c3\u03bc\u03b1 Laminaria Japonica, \u03b5\u03ba\u03c7\u03cd\u03bb\u03b9\u03c3\u03bc\u03b1 \u03c1\u03af\u03b6\u03b1\u03c2 Ulmus Davidiana, \u03b5\u03ba\u03c7\u03cd\u03bb\u03b9\u03c3\u03bc\u03b1 \u03bb\u03bf\u03c5\u03bb\u03bf\u03c5\u03b4\u03b9\u03ce\u03bd Viola Mandshurica, \u03b1\u03c3\u03c0\u03b1\u03c1\u03c4\u03b9\u03ba\u03cc \u03bf\u03be\u03cd, \u03bb\u03b5\u03c5\u03ba\u03af\u03bd\u03b7, \u03b1\u03bb\u03b1\u03bd\u03af\u03bd\u03b7, \u03bb\u03c5\u03c3\u03af\u03bd\u03b7, \u03b1\u03c1\u03b3\u03b9\u03bd\u03af\u03bd\u03b7, \u03c4\u03c5\u03c1\u03bf\u03c3\u03af\u03bd\u03b7, \u03c6\u03b1\u03b9\u03bd\u03c5\u03bb\u03b1\u03bb\u03b1\u03bd\u03af\u03bd\u03b7, \u03b8\u03c1\u03b5\u03bf\u03bd\u03af\u03bd\u03b7, \u03c0\u03c1\u03bf\u03bb\u03af\u03bd\u03b7, \u03b2\u03b1\u03bb\u03af\u03bd\u03b7, \u03b5\u03ba\u03c7\u03cd\u03bb\u03b9\u03c3\u03bc\u03b1 \u03bb\u03bf\u03c5\u03bb\u03bf\u03c5\u03b4\u03b9\u03ce\u03bd Isol, \u0395\u03ba\u03c7\u03cd\u03bb\u03b9\u03c3\u03bc\u03b1 \u03bb\u03bf\u03c5\u03bb\u03bf\u03c5\u03b4\u03b9\u03ce\u03bd Dulcis (\u03c0\u03bf\u03c1\u03c4\u03bf\u03ba\u03ac\u03bb\u03b9), \u03b5\u03ba\u03c7\u03cd\u03bb\u03b9\u03c3\u03bc\u03b1 Melissa Officinalis, \u03b9\u03c3\u03c4\u03b9\u03b4\u03af\u03bd\u03b7, \u03ba\u03c5\u03c3\u03c4\u03b5\u0390\u03bd\u03b7, \u03bc\u03b5\u03b8\u03b5\u03b9\u03bf\u03bd\u03af\u03bd\u03b7, 1,2-\u03b5\u03be\u03b1\u03bd\u03bf\u03b4\u03b9\u03cc\u03bb\u03b7, \u03ac\u03c1\u03c9\u03bc\u03b1, \u03b4\u03b9\u03bf\u03be\u03b5\u03af\u03b4\u03b9\u03bf \u03c4\u03bf\u03c5 \u03c4\u03b9\u03c4\u03b1\u03bd\u03af\u03bf\u03c5 (CI 77891), \u03bf\u03be\u03b5\u03af\u03b4\u03b9\u03b1 \u03c3\u03b9\u03b4\u03ae\u03c1\u03bf\u03c5 (CI 77492), \u03bf\u03be\u03b5\u03af\u03b4\u03b9\u03b1 \u03c3\u03b9\u03b4\u03ae\u03c1\u03bf\u03c5 (CI 77491 Oxides (CI 77491), 77499)\u039c\u03b5\u03b8\u03b5\u03b9\u03bf\u03bd\u03af\u03bd\u03b7, 1,2-\u03b5\u03be\u03b1\u03bd\u03bf\u03b4\u03b9\u03cc\u03bb\u03b7, \u03ac\u03c1\u03c9\u03bc\u03b1, \u03b4\u03b9\u03bf\u03be\u03b5\u03af\u03b4\u03b9\u03bf \u03c4\u03bf\u03c5 \u03c4\u03b9\u03c4\u03b1\u03bd\u03af\u03bf\u03c5 (CI 77891), \u03bf\u03be\u03b5\u03af\u03b4\u03b9\u03b1 \u03c3\u03b9\u03b4\u03ae\u03c1\u03bf\u03c5 (CI 77492), \u03bf\u03be\u03b5\u03af\u03b4\u03b9\u03b1 \u03c3\u03b9\u03b4\u03ae\u03c1\u03bf\u03c5 (CI 77491), \u03bf\u03be\u03b5\u03af\u03b4\u03b9\u03b1 \u03c3\u03b9\u03b4\u03ae\u03c1\u03bf\u03c5 (CI 77499)\u039c\u03b5\u03b8\u03b5\u03b9\u03bf\u03bd\u03af\u03bd\u03b7, 1,2-\u03b5\u03be\u03b1\u03bd\u03bf\u03b4\u03b9\u03cc\u03bb\u03b7, \u03ac\u03c1\u03c9\u03bc\u03b1, \u03b4\u03b9\u03bf\u03be\u03b5\u03af\u03b4\u03b9\u03bf \u03c4\u03bf\u03c5 \u03c4\u03b9\u03c4\u03b1\u03bd\u03af\u03bf\u03c5 (CI 77891), \u03bf\u03be\u03b5\u03af\u03b4\u03b9\u03b1 \u03c3\u03b9\u03b4\u03ae\u03c1\u03bf\u03c5 (CI 77492), \u03bf\u03be\u03b5\u03af\u03b4\u03b9\u03b1 \u03c3\u03b9\u03b4\u03ae\u03c1\u03bf\u03c5 (CI 77491), \u03bf\u03be\u03b5\u03af\u03b4\u03b9\u03b1 \u03c3\u03b9\u03b4\u03ae\u03c1\u03bf\u03c5 (CI 77499)<\/span><\/span><\/p>\n<h3><span style=\"vertical-align: inherit\"><span style=\"vertical-align: inherit\">\u03a0\u03c1\u03bf\u03b5\u03b9\u03b4\u03bf\u03c0\u03bf\u03b9\u03ae\u03c3\u03b5\u03b9\u03c2<\/span><\/span><\/h3>\n<ol>\n<li><span style=\"vertical-align: inherit\"><span style=\"vertical-align: inherit\">\u039a\u03b1\u03c4\u03ac\u03bb\u03bb\u03b7\u03bb\u03bf \u03bc\u03cc\u03bd\u03bf \u03b3\u03b9\u03b1 \u03b5\u03be\u03c9\u03c4\u03b5\u03c1\u03b9\u03ba\u03ae \u03c7\u03c1\u03ae\u03c3\u03b7.<\/span><\/span><\/li>\n<li><span style=\"vertical-align: inherit\"><span style=\"vertical-align: inherit\">\u039c\u03b7\u03bd \u03b5\u03c6\u03b1\u03c1\u03bc\u03cc\u03b6\u03b5\u03c4\u03b5 \u03c3\u03b5 \u03c3\u03c0\u03b1\u03c3\u03bc\u03ad\u03bd\u03bf \u03b4\u03ad\u03c1\u03bc\u03b1 \u03ae \u03c0\u03bb\u03b7\u03b3\u03ad\u03c2.<\/span><\/span><\/li>\n<li><span style=\"vertical-align: inherit\"><span style=\"vertical-align: inherit\">\u0395\u03ac\u03bd \u03b5\u03bc\u03c6\u03b1\u03bd\u03b9\u03c3\u03c4\u03bf\u03cd\u03bd \u03b1\u03bd\u03b5\u03c0\u03b9\u03b8\u03cd\u03bc\u03b7\u03c4\u03b5\u03c2 \u03b5\u03bd\u03ad\u03c1\u03b3\u03b5\u03b9\u03b5\u03c2 \u03cc\u03c0\u03c9\u03c2 \u03b5\u03c1\u03b5\u03b8\u03b9\u03c3\u03bc\u03cc\u03c2 \u03ae \u03b5\u03be\u03ac\u03bd\u03b8\u03b7\u03bc\u03b1, \u03c3\u03c4\u03b1\u03bc\u03b1\u03c4\u03ae\u03c3\u03c4\u03b5 \u03b1\u03bc\u03ad\u03c3\u03c9\u03c2 \u03c4\u03b7 \u03c7\u03c1\u03ae\u03c3\u03b7 \u03ba\u03b1\u03b9 \u03b5\u03c0\u03b9\u03ba\u03bf\u03b9\u03bd\u03c9\u03bd\u03ae\u03c3\u03c4\u03b5 \u03b1\u03bc\u03ad\u03c3\u03c9\u03c2 \u03bc\u03b5 \u03ad\u03bd\u03b1\u03bd \u03b3\u03b9\u03b1\u03c4\u03c1\u03cc.<\/span><\/span><\/li>\n<li><span style=\"vertical-align: inherit\"><span style=\"vertical-align: inherit\">\u0391\u03c0\u03bf\u03c6\u03cd\u03b3\u03b5\u03c4\u03b5 \u03c4\u03b7\u03bd \u03b5\u03c0\u03b1\u03c6\u03ae \u03bc\u03b5 \u03c4\u03b1 \u03bc\u03ac\u03c4\u03b9\u03b1. <\/span><span style=\"vertical-align: inherit\">\u0395\u03ac\u03bd \u03c4\u03bf \u03c0\u03c1\u03bf\u03ca\u03cc\u03bd \u03b5\u03b9\u03c3\u03ad\u03bb\u03b8\u03b5\u03b9 \u03c3\u03c4\u03b1 \u03bc\u03ac\u03c4\u03b9\u03b1 \u03c3\u03b1\u03c2, \u03be\u03b5\u03c0\u03bb\u03cd\u03bd\u03b5\u03c4\u03b5 \u03b1\u03bc\u03ad\u03c3\u03c9\u03c2 \u03c4\u03b1 \u03bc\u03ac\u03c4\u03b9\u03b1 \u03c3\u03b1\u03c2 \u03bc\u03b5 \u03ba\u03b1\u03b8\u03b1\u03c1\u03cc \u03bd\u03b5\u03c1\u03cc.<\/span><\/span><\/li>\n<li><span style=\"vertical-align: inherit\"><span style=\"vertical-align: inherit\">\u039d\u03b1 \u03c6\u03c5\u03bb\u03ac\u03c3\u03c3\u03b5\u03c4\u03b1\u03b9 \u03bc\u03b1\u03ba\u03c1\u03b9\u03ac \u03b1\u03c0\u03cc \u03c0\u03b1\u03b9\u03b4\u03b9\u03ac.<\/span><\/span><\/li>\n<li><span style=\"vertical-align: inherit\"><span style=\"vertical-align: inherit\">\u039c\u03b7\u03bd \u03ba\u03b1\u03c4\u03b1\u03c0\u03b9\u03b5\u03af\u03c4\u03b5. <\/span><span style=\"vertical-align: inherit\">\u03a3\u03b5 \u03c0\u03b5\u03c1\u03af\u03c0\u03c4\u03c9\u03c3\u03b7 \u03ba\u03b1\u03c4\u03ac\u03c0\u03bf\u03c3\u03b7\u03c2, \u03ba\u03b1\u03bb\u03ad\u03c3\u03c4\u03b5 \u03b3\u03b9\u03b1\u03c4\u03c1\u03cc \u03ae \u03ba\u03ad\u03bd\u03c4\u03c1\u03bf \u03b4\u03b7\u03bb\u03b7\u03c4\u03b7\u03c1\u03b9\u03ac\u03c3\u03b5\u03c9\u03bd.<\/span><\/span><\/li>\n<\/ol>\n","protected":false},"excerpt":{"rendered":"<p>Eine Kissengrundierung mit hervorragender Deckkraft hilft dabei, Hautunreinheiten wie Hautunreinheiten und feine Linien zu kaschieren.<br \/>\nMit SPF50+ PA++++ breitem Spektrum, das die Haut vor UVA und UVB sch\u00fctzt.<br \/>\nEnth\u00e4lt Kollagenpeptide, die zur Verj\u00fcngung und Verbesserung der Hautelastizit\u00e4t beitragen.<\/p>\n<p>Dermatologisch getestet.<\/p>\n","protected":false},"featured_media":8371,"comment_status":"open","ping_status":"closed","template":"","meta":{"content-type":"","site-sidebar-layout":"default","site-content-layout":"default","ast-site-content-layout":"default","site-content-style":"default","site-sidebar-style":"default","ast-global-header-display":"","ast-banner-title-visibility":"","ast-main-header-display":"","ast-hfb-above-header-display":"","ast-hfb-below-header-display":"","ast-hfb-mobile-header-display":"","site-post-title":"","ast-breadcrumbs-content":"","ast-featured-img":"","footer-sml-layout":"","ast-disable-related-posts":"","theme-transparent-header-meta":"default","adv-header-id-meta":"","stick-header-meta":"","header-above-stick-meta":"","header-main-stick-meta":"","header-below-stick-meta":"","astra-migrate-meta-layouts":"set","ast-page-background-enabled":"default","ast-page-background-meta":{"desktop":{"background-color":"","background-image":"","background-repeat":"repeat","background-position":"center center","background-size":"auto","background-attachment":"scroll","background-type":"","background-media":"","overlay-type":"","overlay-color":"","overlay-opacity":"","overlay-gradient":""},"tablet":{"background-color":"","background-image":"","background-repeat":"repeat","background-position":"center center","background-size":"auto","background-attachment":"scroll","background-type":"","background-media":"","overlay-type":"","overlay-color":"","overlay-opacity":"","overlay-gradient":""},"mobile":{"background-color":"","background-image":"","background-repeat":"repeat","background-position":"center center","background-size":"auto","background-attachment":"scroll","background-type":"","background-media":"","overlay-type":"","overlay-color":"","overlay-opacity":"","overlay-gradient":""}},"ast-content-background-meta":{"desktop":{"background-color":"var(--ast-global-color-5)","background-image":"","background-repeat":"repeat","background-position":"center center","background-size":"auto","background-attachment":"scroll","background-type":"","background-media":"","overlay-type":"","overlay-color":"","overlay-opacity":"","overlay-gradient":""},"tablet":{"background-color":"var(--ast-global-color-5)","background-image":"","background-repeat":"repeat","background-position":"center center","background-size":"auto","background-attachment":"scroll","background-type":"","background-media":"","overlay-type":"","overlay-color":"","overlay-opacity":"","overlay-gradient":""},"mobile":{"background-color":"var(--ast-global-color-5)","background-image":"","background-repeat":"repeat","background-position":"center center","background-size":"auto","background-attachment":"scroll","background-type":"","background-media":"","overlay-type":"","overlay-color":"","overlay-opacity":"","overlay-gradient":""}}},"product_brand":[],"product_cat":[152,66,31],"product_tag":[],"class_list":{"0":"post-8390","1":"product","2":"type-product","3":"status-publish","4":"has-post-thumbnail","6":"product_cat-klavuu","7":"product_cat-make-up","8":"product_cat-gesicht","9":"desktop-align-center","10":"tablet-align-center","11":"mobile-align-center","13":"first","14":"outofstock","15":"taxable","16":"shipping-taxable","17":"purchasable","18":"product-type-simple"},"_links":{"self":[{"href":"https:\/\/tomyklou.gr\/de\/wp-json\/wp\/v2\/product\/8390","targetHints":{"allow":["GET"]}}],"collection":[{"href":"https:\/\/tomyklou.gr\/de\/wp-json\/wp\/v2\/product"}],"about":[{"href":"https:\/\/tomyklou.gr\/de\/wp-json\/wp\/v2\/types\/product"}],"replies":[{"embeddable":true,"href":"https:\/\/tomyklou.gr\/de\/wp-json\/wp\/v2\/comments?post=8390"}],"wp:featuredmedia":[{"embeddable":true,"href":"https:\/\/tomyklou.gr\/de\/wp-json\/wp\/v2\/media\/8371"}],"wp:attachment":[{"href":"https:\/\/tomyklou.gr\/de\/wp-json\/wp\/v2\/media?parent=8390"}],"wp:term":[{"taxonomy":"product_brand","embeddable":true,"href":"https:\/\/tomyklou.gr\/de\/wp-json\/wp\/v2\/product_brand?post=8390"},{"taxonomy":"product_cat","embeddable":true,"href":"https:\/\/tomyklou.gr\/de\/wp-json\/wp\/v2\/product_cat?post=8390"},{"taxonomy":"product_tag","embeddable":true,"href":"https:\/\/tomyklou.gr\/de\/wp-json\/wp\/v2\/product_tag?post=8390"}],"curies":[{"name":"wp","href":"https:\/\/api.w.org\/{rel}","templated":true}]}}