{"id":8401,"date":"2023-07-14T22:17:00","date_gmt":"2023-07-14T19:17:00","guid":{"rendered":"https:\/\/tomyklou.gr\/product\/medipeel-hyaluron-dark-benone-peptide-eye-patch\/"},"modified":"2026-02-22T18:37:24","modified_gmt":"2026-02-22T16:37:24","slug":"medipeel-hyaluron-dark-benone-peptide-eye-patch","status":"publish","type":"product","link":"https:\/\/tomyklou.gr\/de\/product\/medipeel-hyaluron-dark-benone-peptide-eye-patch\/","title":{"rendered":"MediPeel Hyaluron Dark Benone Peptide Eye Patch"},"content":{"rendered":"<h3>Anwendung<\/h3>\n<ol>\n<li>Augenpads auf den Bereich unter den Augen und Nasolabialfalten auftragen, 20-30 Minuten einwirken lassen.<\/li>\n<li>Entfernen Sie die Patches, verteilen Sie die restliche Essenz auf dem Gesicht und klopfen Sie sie sanft mit den Fingerspitzen ein, um die Absorption zu unterst\u00fctzen.<\/li>\n<li>Pflaster nach Gebrauch entsorgen.<\/li>\n<li>Lassen Sie die Pflaster nicht die ganze Nacht auf der Haut.<\/li>\n<\/ol>\n<h3>Inhaltsstoffe<\/h3>\n<div id=\"ntc-tab-2\" class=\"accordion-content ntc-tab-2\">Purified water, glycerin, carrageenan, butylene glycol, hydrolyzed collagen, sodium hyaluronate (110ppm), high-dried hyaluronic acid (1ppm), sodium isetylated hyaluronate (ippm), hydroxypropyl trimonium hyaluronate (10ppm), potassium hyaluronate (002pml, sodium hyaluronate cross polymer (0.1ppm), hyaluronic acid (0.25ppm), pearl extract, Polysulfate 80, tocopheryl iscetate, ubiquinone, acetyl lexa peptide -80001ppm), capripeptide -10,001ppm), oligopeptide -30000igpml, oligomap tide -3210,0005pm), palmitoyl pentamapide- 4000pm), palmitoyl trimapide -1000pml, querbitolyl tritriamide -70006gpm), glyceryl polymethacrylate, propylene glycol, arm Toil Oligo Reptide 00gpml, Palmitoyl Tripeptide -50.1ppm), Propane Diol, Pentallenglycol, Coconut and Fruit Extract, Savior Pine Sun Extract, Castor Seed Oil, Shea Butter, Betaine, Allantoin, Dimotium Glycerate, Carob Gum, Sucrose, Guar Gum, Sellowose Gum Potash Breath Chloride, Calcium Chloride, Calcium Lactate, Caprylic \/ Capric Triglyceride, Hu-Si Caprylate, Piza-80 Hydrogenated Castor oil, diamond powder (1ppm), titanum oxide, oles-0 triethoxy cicapralal silane, polysorbate 8 simethicone, methyl methacrylate crosspolymer, aluminium hydroxide side-fluorofluorite logo, Al Jinan, Disodium D. A, Clofenesin, Denucleated Acid Diol, 12-Hyesan Diol, On Hexal Glycerin, Perfume<\/div>\n<div><\/div>\n<h3>Warnhinweise<\/h3>\n<ol>\n<li>Nur zur \u00e4u\u00dferlichen Anwendung geeignet.<\/li>\n<li>Nicht auf verletzte Haut oder auf Wunden auftragen.<\/li>\n<li>Sollten Nebenwirkungen wie Irritationen oder Ausschlag eintreten, Anwendung sofort beenden und unverz\u00fcglich an einen Arzt wenden.<\/li>\n<li>Kontakt mit den Augen vermeiden. Sollte das Produkt ins Auge gelangen, das Auge sofort gr\u00fcndlich mit klarem Wasser aussp\u00fclen.<\/li>\n<li>Au\u00dfer Reichweite von Kindern aufbewahren.<\/li>\n<li>Nicht schlucken. Bei Verschlucken Arzt oder Giftzentrale aufsuchen.<\/li>\n<\/ol>\n","protected":false},"excerpt":{"rendered":"<p>Hyaluron Dark Benone Peptide 9 Ampoule Eye Patch Version verf\u00fcgt \u00fcber einen speziellen Behandlungskomplex, der dunkle Augenringe entfernt, ist reich an Vitaminen, Aminos\u00e4uren und Mineralien, die die Hautelastizit\u00e4t erh\u00f6hen, feine Linien und Falten um die Augen gl\u00e4tten und Hautpigmentierung verhindern.<\/p>\n<p>Die Zusammensetzung der Pflaster enth\u00e4lt auch Perlenextrakt (Perlwasser), das auch dunkle Augenringe (Bluterg\u00fcsse) bek\u00e4mpft, Tocopherol (Vitamin E), das die Haut pflegt und ihre Elastizit\u00e4t wiederherstellt.<\/p>\n<ul>\n<li>Diese Augenklappen haben eine starke aufhellende Wirkung und helfen, dunkle Flecken auf der Haut zu reduzieren.<\/li>\n<li>Der Peptidkomplex hat eine verj\u00fcngende Wirkung, hilft Falten zu verbessern und jugendliche Haut zu erhalten.<\/li>\n<li>Sie helfen, Hautfalten zu gl\u00e4tten und die Faltentiefe zu reduzieren, Pigmentflecken und Augenringe aufzuhellen, Trockenheit zu beseitigen und wirken beruhigend.<\/li>\n<\/ul>\n<h3>Wirksame Bestandteile<\/h3>\n<ul>\n<li>Perlenpuder hat eine hervorragende Anti-Aging-Wirkung und hellt sanft auf, beseitigt dunkle Augenringe und beseitigt unerw\u00fcnschte Pigmentierung.<\/li>\n<li>Diamantpulver hilft, den Turgor der Haut zu st\u00e4rken und ihre Elastizit\u00e4t zu erhalten, f\u00f6rdert die Erneuerung der Epidermiszellen, gleicht die Hautoberfl\u00e4che aus, hellt auf und stellt den gesunden Glanz der Haut wieder her.<\/li>\n<li>Tocopherol sch\u00fctzt die Haut vor den negativen Auswirkungen \u00e4u\u00dferer Faktoren und verhindert die Oxidation unges\u00e4ttigter Lipide. Pflegt die Haut intensiv mit Vitaminen. Es kann in die tieferen Hautschichten eindringen und dort zu Vitamin E hydrolysiert werden.<\/li>\n<li>Der Peptidkomplex erh\u00f6ht die Festigkeit und Elastizit\u00e4t der Haut, beschleunigt die k\u00f6rpereigene Produktion von Kollagen- und Elastinfasern. Es reduziert die Faltentiefe und beugt schlaffer Haut vor.<\/li>\n<li>Allantoin macht die Haut weich, versorgt sie intensiv mit Feuchtigkeit, hilft Poren zu verfeinern und die Talgproduktion zu normalisieren, hat entz\u00fcndungshemmende Eigenschaften und beruhigt gereizte Haut.<\/li>\n<li>Hyalurons\u00e4ure dringt in die tieferen Hautschichten ein und f\u00fcllt die Zellen mit der notwendigen Feuchtigkeit. Es st\u00e4rkt die Haut und verbessert die Hautelastizit\u00e4t, wodurch das Auftreten von Falten verhindert wird. Es erg\u00e4nzt den Feuchtigkeitsmangel und beseitigt die Austrocknung der Haut.<\/li>\n<\/ul>\n","protected":false},"featured_media":8398,"comment_status":"open","ping_status":"closed","template":"","meta":{"content-type":"","site-sidebar-layout":"default","site-content-layout":"default","ast-site-content-layout":"default","site-content-style":"default","site-sidebar-style":"default","ast-global-header-display":"","ast-banner-title-visibility":"","ast-main-header-display":"","ast-hfb-above-header-display":"","ast-hfb-below-header-display":"","ast-hfb-mobile-header-display":"","site-post-title":"","ast-breadcrumbs-content":"","ast-featured-img":"","footer-sml-layout":"","ast-disable-related-posts":"","theme-transparent-header-meta":"default","adv-header-id-meta":"","stick-header-meta":"","header-above-stick-meta":"","header-main-stick-meta":"","header-below-stick-meta":"","astra-migrate-meta-layouts":"default","ast-page-background-enabled":"default","ast-page-background-meta":{"desktop":{"background-color":"","background-image":"","background-repeat":"repeat","background-position":"center center","background-size":"auto","background-attachment":"scroll","background-type":"","background-media":"","overlay-type":"","overlay-color":"","overlay-opacity":"","overlay-gradient":""},"tablet":{"background-color":"","background-image":"","background-repeat":"repeat","background-position":"center center","background-size":"auto","background-attachment":"scroll","background-type":"","background-media":"","overlay-type":"","overlay-color":"","overlay-opacity":"","overlay-gradient":""},"mobile":{"background-color":"","background-image":"","background-repeat":"repeat","background-position":"center center","background-size":"auto","background-attachment":"scroll","background-type":"","background-media":"","overlay-type":"","overlay-color":"","overlay-opacity":"","overlay-gradient":""}},"ast-content-background-meta":{"desktop":{"background-color":"var(--ast-global-color-5)","background-image":"","background-repeat":"repeat","background-position":"center center","background-size":"auto","background-attachment":"scroll","background-type":"","background-media":"","overlay-type":"","overlay-color":"","overlay-opacity":"","overlay-gradient":""},"tablet":{"background-color":"var(--ast-global-color-5)","background-image":"","background-repeat":"repeat","background-position":"center center","background-size":"auto","background-attachment":"scroll","background-type":"","background-media":"","overlay-type":"","overlay-color":"","overlay-opacity":"","overlay-gradient":""},"mobile":{"background-color":"var(--ast-global-color-5)","background-image":"","background-repeat":"repeat","background-position":"center center","background-size":"auto","background-attachment":"scroll","background-type":"","background-media":"","overlay-type":"","overlay-color":"","overlay-opacity":"","overlay-gradient":""}}},"product_brand":[],"product_cat":[320,157,31],"product_tag":[],"class_list":{"0":"post-8401","1":"product","2":"type-product","3":"status-publish","4":"has-post-thumbnail","6":"product_cat-augenpflege","7":"product_cat-medi-peel","8":"product_cat-gesicht","9":"desktop-align-center","10":"tablet-align-center","11":"mobile-align-center","13":"first","14":"outofstock","15":"taxable","16":"shipping-taxable","17":"purchasable","18":"product-type-simple"},"_links":{"self":[{"href":"https:\/\/tomyklou.gr\/de\/wp-json\/wp\/v2\/product\/8401","targetHints":{"allow":["GET"]}}],"collection":[{"href":"https:\/\/tomyklou.gr\/de\/wp-json\/wp\/v2\/product"}],"about":[{"href":"https:\/\/tomyklou.gr\/de\/wp-json\/wp\/v2\/types\/product"}],"replies":[{"embeddable":true,"href":"https:\/\/tomyklou.gr\/de\/wp-json\/wp\/v2\/comments?post=8401"}],"wp:featuredmedia":[{"embeddable":true,"href":"https:\/\/tomyklou.gr\/de\/wp-json\/wp\/v2\/media\/8398"}],"wp:attachment":[{"href":"https:\/\/tomyklou.gr\/de\/wp-json\/wp\/v2\/media?parent=8401"}],"wp:term":[{"taxonomy":"product_brand","embeddable":true,"href":"https:\/\/tomyklou.gr\/de\/wp-json\/wp\/v2\/product_brand?post=8401"},{"taxonomy":"product_cat","embeddable":true,"href":"https:\/\/tomyklou.gr\/de\/wp-json\/wp\/v2\/product_cat?post=8401"},{"taxonomy":"product_tag","embeddable":true,"href":"https:\/\/tomyklou.gr\/de\/wp-json\/wp\/v2\/product_tag?post=8401"}],"curies":[{"name":"wp","href":"https:\/\/api.w.org\/{rel}","templated":true}]}}