{"id":8413,"date":"2023-07-14T21:17:07","date_gmt":"2023-07-14T19:17:07","guid":{"rendered":"https:\/\/tomyklou.gr\/product\/medipeel-cell-tox-dermajou-ampoule-100ml\/"},"modified":"2026-02-22T18:37:26","modified_gmt":"2026-02-22T16:37:26","slug":"medipeel-cell-tox-dermajou-ampoule-100ml","status":"publish","type":"product","link":"https:\/\/tomyklou.gr\/de\/product\/medipeel-cell-tox-dermajou-ampoule-100ml\/","title":{"rendered":"MediPeel Cell Tox DermaJou Ampoule 100ml"},"content":{"rendered":"<h3>Anwendung<\/h3>\n<p>Tragen Sie eine m\u00e4\u00dfige Menge auf das Gesicht auf und klopfen Sie es leicht ein, um es besser einziehen zu lassen.<\/p>\n<h3>Inhaltsstoffe<\/h3>\n<div id=\"ntc-tab-2\" class=\"accordion-content ntc-tab-2\">Water, Betaine, Diglycerin, Butylene Glycol, Niacinamide, 1,2-Hexanediol, PEG-60 Hydrogenated Castor Oil, Lilium Candidum Callus Culture Extract, Carbomer, Arginine, Ethylhexylglycerin, Adenosine, Sodium Hyaluronate, Disodium EDTA, Hydroxyethylcellulose, Malt Extract, Glycerin, Prunus Persica (Peach) Fruit Extract, Crataegus Cuneata Fruit Extract, Xanthan Gum, Pyrus Communis (Pear) Fruit Extract, Dipotassium Glycyrrhizate, Magnolia Officinalis Bark Extract, Musa Sapientum (Banana) Fruit Extract, Hedera Helix (Ivy) Leaf Extract, Vanilla Planifolia Fruit Extract, Rosa Damascena Callus Culture Extract, Glycine Soja (Soybean) Oil, Phosphatidylcholine, Fructan, Caprylyl Glycol, Hydrogenated Lecithin, Palmitoyl Tripeptide-5, Disodium Phosphate, Sodium Ascorbyl Phosphate, PEG-40 Hydrogenated Castor Oil, PPG-26-Buteth-26, Polysorbate 20, Lecithin, Palmitoyl Tetrapeptide-7, Acetyl Octapeptide-3, Palmitoyl Pentapeptide-4, Palmitoyl Tripeptide-1, Acetyl Hexapeptide-8, Copper Tripeptide-1, Dipeptide Diaminobutyroyl Benzylamide Diacetate, Tripeptide-1, rh-Oligopeptide-2, rh-Polypeptide-1, rh-Polypeptide-3, Hexapeptide-9, rh-Oligopeptide-1, Nonapeptide-1<\/div>\n<div><\/div>\n<h3>Warnhinweise<\/h3>\n<ol>\n<li>Nur zur \u00e4u\u00dferlichen Anwendung geeignet.<\/li>\n<li>Nicht auf verletzte Haut oder auf Wunden auftragen.<\/li>\n<li>Sollten Nebenwirkungen wie Irritationen oder Ausschlag eintreten, Anwendung sofort beenden und unverz\u00fcglich an einen Arzt wenden.<\/li>\n<li>Kontakt mit den Augen vermeiden. Sollte das Produkt ins Auge gelangen, das Auge sofort gr\u00fcndlich mit klarem Wasser aussp\u00fclen.<\/li>\n<li>Au\u00dfer Reichweite von Kindern aufbewahren.<\/li>\n<li>Nicht schlucken. Bei Verschlucken Arzt oder Giftzentrale aufsuchen.<\/li>\n<\/ol>\n","protected":false},"excerpt":{"rendered":"<p>Eine hochkonzentrierte Dosis von Lilium Candidum Callus Culture Extract und einem 4-Peptid-Komplex, der reichhaltige N\u00e4hrstoffe liefert und die Hautelastizit\u00e4t unterst\u00fctzt und das Auftreten von Falten reduziert.<br \/>\nDieses Produkt wurde mit liposomaler Technologie hergestellt, die eine bessere Absorption und ein schnelleres Eindringen von Wirkstoffen in die tiefen Hautschichten f\u00f6rdert.<\/p>\n","protected":false},"featured_media":8409,"comment_status":"open","ping_status":"closed","template":"","meta":{"content-type":"","site-sidebar-layout":"default","site-content-layout":"default","ast-site-content-layout":"default","site-content-style":"default","site-sidebar-style":"default","ast-global-header-display":"","ast-banner-title-visibility":"","ast-main-header-display":"","ast-hfb-above-header-display":"","ast-hfb-below-header-display":"","ast-hfb-mobile-header-display":"","site-post-title":"","ast-breadcrumbs-content":"","ast-featured-img":"","footer-sml-layout":"","ast-disable-related-posts":"","theme-transparent-header-meta":"default","adv-header-id-meta":"","stick-header-meta":"","header-above-stick-meta":"","header-main-stick-meta":"","header-below-stick-meta":"","astra-migrate-meta-layouts":"set","ast-page-background-enabled":"default","ast-page-background-meta":{"desktop":{"background-color":"","background-image":"","background-repeat":"repeat","background-position":"center center","background-size":"auto","background-attachment":"scroll","background-type":"","background-media":"","overlay-type":"","overlay-color":"","overlay-opacity":"","overlay-gradient":""},"tablet":{"background-color":"","background-image":"","background-repeat":"repeat","background-position":"center center","background-size":"auto","background-attachment":"scroll","background-type":"","background-media":"","overlay-type":"","overlay-color":"","overlay-opacity":"","overlay-gradient":""},"mobile":{"background-color":"","background-image":"","background-repeat":"repeat","background-position":"center center","background-size":"auto","background-attachment":"scroll","background-type":"","background-media":"","overlay-type":"","overlay-color":"","overlay-opacity":"","overlay-gradient":""}},"ast-content-background-meta":{"desktop":{"background-color":"var(--ast-global-color-5)","background-image":"","background-repeat":"repeat","background-position":"center center","background-size":"auto","background-attachment":"scroll","background-type":"","background-media":"","overlay-type":"","overlay-color":"","overlay-opacity":"","overlay-gradient":""},"tablet":{"background-color":"var(--ast-global-color-5)","background-image":"","background-repeat":"repeat","background-position":"center center","background-size":"auto","background-attachment":"scroll","background-type":"","background-media":"","overlay-type":"","overlay-color":"","overlay-opacity":"","overlay-gradient":""},"mobile":{"background-color":"var(--ast-global-color-5)","background-image":"","background-repeat":"repeat","background-position":"center center","background-size":"auto","background-attachment":"scroll","background-type":"","background-media":"","overlay-type":"","overlay-color":"","overlay-opacity":"","overlay-gradient":""}}},"product_brand":[],"product_cat":[317,157,31],"product_tag":[],"class_list":{"0":"post-8413","1":"product","2":"type-product","3":"status-publish","4":"has-post-thumbnail","6":"product_cat-essence-serum-oel","7":"product_cat-medi-peel","8":"product_cat-gesicht","9":"desktop-align-center","10":"tablet-align-center","11":"mobile-align-center","13":"first","14":"outofstock","15":"taxable","16":"shipping-taxable","17":"purchasable","18":"product-type-simple"},"_links":{"self":[{"href":"https:\/\/tomyklou.gr\/de\/wp-json\/wp\/v2\/product\/8413","targetHints":{"allow":["GET"]}}],"collection":[{"href":"https:\/\/tomyklou.gr\/de\/wp-json\/wp\/v2\/product"}],"about":[{"href":"https:\/\/tomyklou.gr\/de\/wp-json\/wp\/v2\/types\/product"}],"replies":[{"embeddable":true,"href":"https:\/\/tomyklou.gr\/de\/wp-json\/wp\/v2\/comments?post=8413"}],"wp:featuredmedia":[{"embeddable":true,"href":"https:\/\/tomyklou.gr\/de\/wp-json\/wp\/v2\/media\/8409"}],"wp:attachment":[{"href":"https:\/\/tomyklou.gr\/de\/wp-json\/wp\/v2\/media?parent=8413"}],"wp:term":[{"taxonomy":"product_brand","embeddable":true,"href":"https:\/\/tomyklou.gr\/de\/wp-json\/wp\/v2\/product_brand?post=8413"},{"taxonomy":"product_cat","embeddable":true,"href":"https:\/\/tomyklou.gr\/de\/wp-json\/wp\/v2\/product_cat?post=8413"},{"taxonomy":"product_tag","embeddable":true,"href":"https:\/\/tomyklou.gr\/de\/wp-json\/wp\/v2\/product_tag?post=8413"}],"curies":[{"name":"wp","href":"https:\/\/api.w.org\/{rel}","templated":true}]}}