{"id":8441,"date":"2023-07-14T21:17:23","date_gmt":"2023-07-14T19:17:23","guid":{"rendered":"https:\/\/tomyklou.gr\/product\/medipeel-hyaluron-aqua-peptide-eye-patch-60ea\/"},"modified":"2026-02-22T18:37:25","modified_gmt":"2026-02-22T16:37:25","slug":"medipeel-hyaluron-aqua-peptide-eye-patch-60ea","status":"publish","type":"product","link":"https:\/\/tomyklou.gr\/de\/product\/medipeel-hyaluron-aqua-peptide-eye-patch\/","title":{"rendered":"MediPeel Hyaluron Aqua Peptide Eye Patch"},"content":{"rendered":"<h3>Anwendung<\/h3>\n<ol>\n<li>Augenpads auf den Bereich unter den Augen und Nasolabialfalten auftragen, 20-30 Minuten einwirken lassen.<\/li>\n<li>Entfernen Sie die Patches, verteilen Sie die restliche Essenz auf dem Gesicht und klopfen Sie sie sanft mit den Fingerspitzen ein, um die Absorption zu unterst\u00fctzen.<\/li>\n<li>Pflaster nach Gebrauch entsorgen.<\/li>\n<li>Lassen Sie die Pflaster nicht die ganze Nacht auf der Haut.<\/li>\n<\/ol>\n<h3>Inhaltsstoffe<\/h3>\n<div id=\"ntc-tab-2\" class=\"accordion-content ntc-tab-2\">Purified water, glycerin, carrageenan, butylene glycol, damask rose flower extract (1000ppm), provence rose flower extract (1000ppm), french rose flower extract (1000ppm), pomegranate extract, raspberry extract, corn oil fruit extract, blackberry fruit Extract, Cranberry Extract, Hydride Rated Hyaluronic Acid (1ppm), Sodium Acetylated Hyaluronate (1ppm), Hydroxypropyltrimonium Hyaluronate (10ppm), Potassium Hyaluronate (0.02ppm), sodium hyaluronate crosspolymer (0.1ppm), hyaluronic acid (0.25ppm), sodium hyaluronate (110ppm), ethylhexylglycerin, hydrolyzed elastin, hydrolyzed Collagen, Acetyl Nucleopeptide-8 (0.001 ppm), Cappertripeptide-1 (0.001 ppm), Oligopeptide-29 (0.0005 ppm), Oligopeptide-32 (0.0005 ppm), Palmitoylpentapeptide-4 (0.0001 ppm) , Palmitoyl Tripeptide DE-1 (0.001 ppm), palmitoyl tetrapeptide-7 (0.005 ppm), glyceryl polymethacrylate, propylene glycol, palmitoyl oligopeptide (0.001 ppm), palmitoyl tripeptide-5 (0.1 ppm) , Propanediol, pentylene glycol, coconut extract, old tree leaf extract, castor seed oil, carob gum, sucrose, betamin, shea butter, cellulose gum, allantoin, dipotassium glycylizate, guar gum , Calcium chloride, potassium glolide, calcium lactate, caprylic \/ capric triglyceride, sorbitan caprylate, Fiji-60 Hydrogenated Castor Oil, mica, titanium dioxide, tin oxide, hydrogenerated polya Isobutene, Palmitic Acid, Synthetic Fluorofluorophyte, Disodium IDT, Arginine, 1,2-nucleic acid diol, Clofenesin, Ethyl-nucleic acid diol, Fragrance<\/div>\n<div><\/div>\n<h3>Warnhinweise<\/h3>\n<ol>\n<li>Nur zur \u00e4u\u00dferlichen Anwendung geeignet.<\/li>\n<li>Nicht auf verletzte Haut oder auf Wunden auftragen.<\/li>\n<li>Sollten Nebenwirkungen wie Irritationen oder Ausschlag eintreten, Anwendung sofort beenden und unverz\u00fcglich an einen Arzt wenden.<\/li>\n<li>Kontakt mit den Augen vermeiden. Sollte das Produkt ins Auge gelangen, das Auge sofort gr\u00fcndlich mit klarem Wasser aussp\u00fclen.<\/li>\n<li>Au\u00dfer Reichweite von Kindern aufbewahren.<\/li>\n<li>Nicht schlucken. Bei Verschlucken Arzt oder Giftzentrale aufsuchen.<\/li>\n<\/ol>\n","protected":false},"excerpt":{"rendered":"<p>Hydrogelpflaster mit Rosenextrakt und Peptiden Medi-Peel Hyaluron Rosenpeptid 9 Ampulle Augenklappe enth\u00e4lt auch einen Vitaminkomplex, wirkt intensiv feuchtigkeitsspendend, erfrischend und tonisierend. Hilft Schwellungen zu beseitigen, Schwellungen zu lindern, Augenringe leicht aufzuhellen und m\u00fcde Haut zu erfrischen.<br \/>\nDie Patches enthalten 3 verschiedene Komplexe gleichzeitig:<br \/>\nDer Komplex aus rosa Bl\u00fcten enth\u00e4lt eine gro\u00dfe Anzahl von Polyphenolen, Glucosiden und Carotinoiden und hat eine ausgepr\u00e4gte antioxidative Wirkung. Erh\u00f6ht die Hautelastizit\u00e4t, wirkt vitaminisierend, entz\u00fcndungshemmend und tonisierend auf die Haut, beschleunigt Regenerationsprozesse, verbessert den Teint und hellt sanft auf.<\/p>\n<p>Der Beerenkomplex hemmt die Synthese eines Enzyms, das Kollagen in den Zellen der Epidermis zerst\u00f6rt und die Produktion seines eigenen Kollagens beschleunigt. Es hat eine starke antioxidative, feuchtigkeitsspendende, pflegende und erweichende Wirkung und hellt dunkle Ringe sanft auf. St\u00e4rkt die Blutgef\u00e4\u00dfe, verbessert die Durchblutung, tonisiert, bek\u00e4mpft schlaffe und stumpfe Haut.<br \/>\nDer Peptidkomplex erh\u00f6ht die Festigkeit und Elastizit\u00e4t der Haut und beschleunigt die k\u00f6rpereigene Produktion eigener Kollagen- und Elastinfasern. Reduziert die Tiefe von Falten und verhindert ein Absacken der Haut.<br \/>\nZus\u00e4tzliche aktive Komponenten: Allantoin macht die Haut weich, befeuchtet sie intensiv, verengt die Poren und normalisiert die Talgproduktion, hat entz\u00fcndungshemmende Eigenschaften und beruhigt gereizte Haut.<br \/>\nKaviarextrakt aktiviert die Produktion von Kollagen in der Haut, dessen Menge mit dem Alter abnimmt, wodurch die Elastizit\u00e4t und Festigkeit der Haut wiederhergestellt wird. Bietet aktive Ern\u00e4hrung und Hautverj\u00fcngung gl\u00e4ttet den Ausdruck und altert Falten und Hautfalten.<br \/>\nGranatapfelextrakt ist ein verj\u00fcngender Bestandteil pflanzlichen Ursprungs. Beschleunigt die Kollagenproduktion, stimuliert und beschleunigt die Zellregeneration und erh\u00f6ht die Mikrozirkulationsrate im Blut. Kosmetika mit Peptiden werden nicht zur Anwendung w\u00e4hrend der Schwangerschaft und Stillzeit empfohlen.<\/p>\n","protected":false},"featured_media":8438,"comment_status":"open","ping_status":"closed","template":"","meta":{"content-type":"","site-sidebar-layout":"default","site-content-layout":"default","ast-site-content-layout":"default","site-content-style":"default","site-sidebar-style":"default","ast-global-header-display":"","ast-banner-title-visibility":"","ast-main-header-display":"","ast-hfb-above-header-display":"","ast-hfb-below-header-display":"","ast-hfb-mobile-header-display":"","site-post-title":"","ast-breadcrumbs-content":"","ast-featured-img":"","footer-sml-layout":"","ast-disable-related-posts":"","theme-transparent-header-meta":"default","adv-header-id-meta":"","stick-header-meta":"","header-above-stick-meta":"","header-main-stick-meta":"","header-below-stick-meta":"","astra-migrate-meta-layouts":"default","ast-page-background-enabled":"default","ast-page-background-meta":{"desktop":{"background-color":"","background-image":"","background-repeat":"repeat","background-position":"center center","background-size":"auto","background-attachment":"scroll","background-type":"","background-media":"","overlay-type":"","overlay-color":"","overlay-opacity":"","overlay-gradient":""},"tablet":{"background-color":"","background-image":"","background-repeat":"repeat","background-position":"center center","background-size":"auto","background-attachment":"scroll","background-type":"","background-media":"","overlay-type":"","overlay-color":"","overlay-opacity":"","overlay-gradient":""},"mobile":{"background-color":"","background-image":"","background-repeat":"repeat","background-position":"center center","background-size":"auto","background-attachment":"scroll","background-type":"","background-media":"","overlay-type":"","overlay-color":"","overlay-opacity":"","overlay-gradient":""}},"ast-content-background-meta":{"desktop":{"background-color":"var(--ast-global-color-5)","background-image":"","background-repeat":"repeat","background-position":"center center","background-size":"auto","background-attachment":"scroll","background-type":"","background-media":"","overlay-type":"","overlay-color":"","overlay-opacity":"","overlay-gradient":""},"tablet":{"background-color":"var(--ast-global-color-5)","background-image":"","background-repeat":"repeat","background-position":"center center","background-size":"auto","background-attachment":"scroll","background-type":"","background-media":"","overlay-type":"","overlay-color":"","overlay-opacity":"","overlay-gradient":""},"mobile":{"background-color":"var(--ast-global-color-5)","background-image":"","background-repeat":"repeat","background-position":"center center","background-size":"auto","background-attachment":"scroll","background-type":"","background-media":"","overlay-type":"","overlay-color":"","overlay-opacity":"","overlay-gradient":""}}},"product_brand":[],"product_cat":[320,157,31],"product_tag":[],"class_list":{"0":"post-8441","1":"product","2":"type-product","3":"status-publish","4":"has-post-thumbnail","6":"product_cat-augenpflege","7":"product_cat-medi-peel","8":"product_cat-gesicht","9":"desktop-align-center","10":"tablet-align-center","11":"mobile-align-center","13":"first","14":"outofstock","15":"taxable","16":"shipping-taxable","17":"purchasable","18":"product-type-simple"},"_links":{"self":[{"href":"https:\/\/tomyklou.gr\/de\/wp-json\/wp\/v2\/product\/8441","targetHints":{"allow":["GET"]}}],"collection":[{"href":"https:\/\/tomyklou.gr\/de\/wp-json\/wp\/v2\/product"}],"about":[{"href":"https:\/\/tomyklou.gr\/de\/wp-json\/wp\/v2\/types\/product"}],"replies":[{"embeddable":true,"href":"https:\/\/tomyklou.gr\/de\/wp-json\/wp\/v2\/comments?post=8441"}],"wp:featuredmedia":[{"embeddable":true,"href":"https:\/\/tomyklou.gr\/de\/wp-json\/wp\/v2\/media\/8438"}],"wp:attachment":[{"href":"https:\/\/tomyklou.gr\/de\/wp-json\/wp\/v2\/media?parent=8441"}],"wp:term":[{"taxonomy":"product_brand","embeddable":true,"href":"https:\/\/tomyklou.gr\/de\/wp-json\/wp\/v2\/product_brand?post=8441"},{"taxonomy":"product_cat","embeddable":true,"href":"https:\/\/tomyklou.gr\/de\/wp-json\/wp\/v2\/product_cat?post=8441"},{"taxonomy":"product_tag","embeddable":true,"href":"https:\/\/tomyklou.gr\/de\/wp-json\/wp\/v2\/product_tag?post=8441"}],"curies":[{"name":"wp","href":"https:\/\/api.w.org\/{rel}","templated":true}]}}