{"id":8483,"date":"2023-07-14T23:28:34","date_gmt":"2023-07-14T21:28:34","guid":{"rendered":"https:\/\/tomyklou.gr\/product\/neogen-real-cica-pad-90-pads\/"},"modified":"2026-02-22T18:37:23","modified_gmt":"2026-02-22T16:37:23","slug":"neogen-real-cica-pad-90-pads","status":"publish","type":"product","link":"https:\/\/tomyklou.gr\/de\/product\/neogen-real-cica-pad-90-pads\/","title":{"rendered":"Neogen Real Cica Pad 90 Pads"},"content":{"rendered":"<h3>Anwendung<\/h3>\n<ol>\n<li>Reinigen Sie die Haut.<\/li>\n<li>Streichen Sie mit der rauen, peelenden Seite des Pads sanft \u00fcber das gesamte Gesicht (Augenpartie aussparen).<\/li>\n<li>Drehen Sie das Pad um und streichen Sie nochmals mit der weichen Seite \u00fcber das gesamte Gesicht.<\/li>\n<li>Verschlie\u00dfen Sie die Dose nach dem Gebrauch gut, um ein Austrocknen des Produktes zu vermeiden.<\/li>\n<\/ol>\n<h3>Inhaltsstoffe<\/h3>\n<p>Water, Glycerin, Butylene Glycol, Centella Asiatica Extract, Dipropylene Glycol, 1,2-Hexanediol, Asiaticoside, Asiatic Acid, Madecassic Acid, Madecassoside, Lactobionic Acid, Gluconolactone, Hyaluronic Acid, Hydrolyzed Hyaluronic Acid, Sodium Hyaluronate, Octyldodecanol, Ceramide NP(Ceramide 3), Hydrogenated Lecithin, Caprylic\/Capric Triglyceride, Allantoin, Betaine, Panthenol, Cetearyl Olivate, Sorbitan Olivate, Glyceryl Caprylate, Ethylhexylglycerin, Tromethamine, Acrylates\/C10-30 Alkyl Acrylate Crosspolymer, Xanthan Gum, Propanediol, Diglycerin, Citrus Aurantium Bergamia (Bergamot) Fruit Oil, Disodium EDTA<\/p>\n<h3>Warnhinweise<\/h3>\n<ol>\n<li>Nur zur \u00e4u\u00dferlichen Anwendung geeignet.<\/li>\n<li>Nicht auf verletzte Haut oder auf Wunden auftragen.<\/li>\n<li>Sollten Nebenwirkungen wie Irritationen oder Ausschlag eintreten, Anwendung sofort beenden und unverz\u00fcglich an einen Arzt wenden.<\/li>\n<li>Kontakt mit den Augen vermeiden. Sollte das Produkt ins Auge gelangen, das Auge sofort gr\u00fcndlich mit klarem Wasser aussp\u00fclen.<\/li>\n<li>Au\u00dfer Reichweite von Kindern aufbewahren.<\/li>\n<li>Nicht schlucken. Bei Verschlucken Arzt oder Giftzentrale aufsuchen.<\/li>\n<\/ol>\n","protected":false},"excerpt":{"rendered":"<p><b>Neogen<\/b>\u00a0Real Cica Pad ist ein hautberuhigendes Peeling-Pad zur Linderung gereizter und empfindlicher Haut, das gleichzeitig die Hautbarriere st\u00e4rkt. Cica-Repair-Essenz &amp; PHA, ein feuchtigkeitsspendender Inhaltsstoff, sorgen f\u00fcr eine hautberuhigende Feuchtigkeitspflege und entfernen abgestorbene Hautzellen sowie \u00fcbersch\u00fcssigen Talg. Frei von Parabenen, k\u00fcnstlichen Duftstoffen und Mineral\u00f6l.<\/p>\n","protected":false},"featured_media":8481,"comment_status":"open","ping_status":"closed","template":"","meta":{"content-type":"","site-sidebar-layout":"default","site-content-layout":"default","ast-site-content-layout":"default","site-content-style":"default","site-sidebar-style":"default","ast-global-header-display":"","ast-banner-title-visibility":"","ast-main-header-display":"","ast-hfb-above-header-display":"","ast-hfb-below-header-display":"","ast-hfb-mobile-header-display":"","site-post-title":"","ast-breadcrumbs-content":"","ast-featured-img":"","footer-sml-layout":"","ast-disable-related-posts":"","theme-transparent-header-meta":"default","adv-header-id-meta":"","stick-header-meta":"","header-above-stick-meta":"","header-main-stick-meta":"","header-below-stick-meta":"","astra-migrate-meta-layouts":"default","ast-page-background-enabled":"default","ast-page-background-meta":{"desktop":{"background-color":"","background-image":"","background-repeat":"repeat","background-position":"center center","background-size":"auto","background-attachment":"scroll","background-type":"","background-media":"","overlay-type":"","overlay-color":"","overlay-opacity":"","overlay-gradient":""},"tablet":{"background-color":"","background-image":"","background-repeat":"repeat","background-position":"center center","background-size":"auto","background-attachment":"scroll","background-type":"","background-media":"","overlay-type":"","overlay-color":"","overlay-opacity":"","overlay-gradient":""},"mobile":{"background-color":"","background-image":"","background-repeat":"repeat","background-position":"center center","background-size":"auto","background-attachment":"scroll","background-type":"","background-media":"","overlay-type":"","overlay-color":"","overlay-opacity":"","overlay-gradient":""}},"ast-content-background-meta":{"desktop":{"background-color":"var(--ast-global-color-5)","background-image":"","background-repeat":"repeat","background-position":"center center","background-size":"auto","background-attachment":"scroll","background-type":"","background-media":"","overlay-type":"","overlay-color":"","overlay-opacity":"","overlay-gradient":""},"tablet":{"background-color":"var(--ast-global-color-5)","background-image":"","background-repeat":"repeat","background-position":"center center","background-size":"auto","background-attachment":"scroll","background-type":"","background-media":"","overlay-type":"","overlay-color":"","overlay-opacity":"","overlay-gradient":""},"mobile":{"background-color":"var(--ast-global-color-5)","background-image":"","background-repeat":"repeat","background-position":"center center","background-size":"auto","background-attachment":"scroll","background-type":"","background-media":"","overlay-type":"","overlay-color":"","overlay-opacity":"","overlay-gradient":""}}},"product_brand":[],"product_cat":[314,161,31],"product_tag":[69],"class_list":{"0":"post-8483","1":"product","2":"type-product","3":"status-publish","4":"has-post-thumbnail","6":"product_cat-gesichtspeeling","7":"product_cat-neogen","8":"product_cat-gesicht","9":"product_tag-peeling","10":"desktop-align-center","11":"tablet-align-center","12":"mobile-align-center","14":"first","15":"outofstock","16":"taxable","17":"shipping-taxable","18":"purchasable","19":"product-type-simple"},"_links":{"self":[{"href":"https:\/\/tomyklou.gr\/de\/wp-json\/wp\/v2\/product\/8483","targetHints":{"allow":["GET"]}}],"collection":[{"href":"https:\/\/tomyklou.gr\/de\/wp-json\/wp\/v2\/product"}],"about":[{"href":"https:\/\/tomyklou.gr\/de\/wp-json\/wp\/v2\/types\/product"}],"replies":[{"embeddable":true,"href":"https:\/\/tomyklou.gr\/de\/wp-json\/wp\/v2\/comments?post=8483"}],"wp:featuredmedia":[{"embeddable":true,"href":"https:\/\/tomyklou.gr\/de\/wp-json\/wp\/v2\/media\/8481"}],"wp:attachment":[{"href":"https:\/\/tomyklou.gr\/de\/wp-json\/wp\/v2\/media?parent=8483"}],"wp:term":[{"taxonomy":"product_brand","embeddable":true,"href":"https:\/\/tomyklou.gr\/de\/wp-json\/wp\/v2\/product_brand?post=8483"},{"taxonomy":"product_cat","embeddable":true,"href":"https:\/\/tomyklou.gr\/de\/wp-json\/wp\/v2\/product_cat?post=8483"},{"taxonomy":"product_tag","embeddable":true,"href":"https:\/\/tomyklou.gr\/de\/wp-json\/wp\/v2\/product_tag?post=8483"}],"curies":[{"name":"wp","href":"https:\/\/api.w.org\/{rel}","templated":true}]}}