{"id":8490,"date":"2023-07-14T23:28:38","date_gmt":"2023-07-14T21:28:38","guid":{"rendered":"https:\/\/tomyklou.gr\/product\/neogen-real-rose-cleansing-water-300ml\/"},"modified":"2026-02-22T18:37:23","modified_gmt":"2026-02-22T16:37:23","slug":"neogen-real-rose-cleansing-water-300ml","status":"publish","type":"product","link":"https:\/\/tomyklou.gr\/de\/product\/neogen-real-rose-cleansing-water-300ml\/","title":{"rendered":"Neogen Real Rose Cleansing Water 300ml"},"content":{"rendered":"<h3>Anwendung<\/h3>\n<ol>\n<li>Eine gro\u00dfz\u00fcgige Menge des Reinigungswassers auf ein Wattepad geben.<\/li>\n<li>Damit sanft \u00fcber die Haut reiben, um Unreinheiten zu entfernen.<\/li>\n<\/ol>\n<h3>Inhaltsstoffe<\/h3>\n<p>Water(Aqua),PEG-6 Caprylic\/Capric Glycerides, Rosa Damascena Flower, Hibiscus Sabdariffa Flower, Rosa Damascena Extract, Aloe Barbadensis Leaf Extract, Rosmarinus Officinalis (Rosemary) Flower Extract, Brassica Oleracea Italica (Broccoli) Extract, Symphytum Officinale Leaf Extract, Hyaluronic Acid, Cucumis Sativus (Cucumber) Fruit Extract, Centella Asiatica Extract, 1,2-Hexanediol, Phenoxyethanol Ethylhexylglycerin, Dipropylene Glycol, Xylitol, Cetrimonium Chloride, Sodium Chloride, Panthenol,PEG-60 Hydrogenated Castor Oil, Disodium EDTA, Fragrance(Parfum)<\/p>\n<h3>Warnhinweise<\/h3>\n<ol>\n<li>Nur zur \u00e4u\u00dferlichen Anwendung geeignet.<\/li>\n<li>Nicht auf verletzte Haut oder auf Wunden auftragen.<\/li>\n<li>Sollten Nebenwirkungen wie Irritationen oder Ausschlag eintreten, Anwendung sofort beenden und unverz\u00fcglich an einen Arzt wenden.<\/li>\n<li>Kontakt mit den Augen vermeiden. Sollte das Produkt ins Auge gelangen, das Auge sofort gr\u00fcndlich mit klarem Wasser aussp\u00fclen.<\/li>\n<li>Au\u00dfer Reichweite von Kindern aufbewahren.<\/li>\n<li>Nicht schlucken. Bei Verschlucken Arzt oder Giftzentrale aufsuchen.<\/li>\n<\/ol>\n","protected":false},"excerpt":{"rendered":"<p><strong>Neogen\u00a0<\/strong>Dermalogy Real Rose Cleansing Water ist ein wirksames Reinigungswasser f\u00fcr trockene Haut. Mit echten Rosenbl\u00fctenbl\u00e4ttern. Entfernt Make-up, Schmutz sowie Unreinheiten und versorgt die Haut dabei mit Feuchtigkeit.<\/p>\n<p>Frei von:<br \/>\n&#8211; Parabenen<br \/>\n&#8211; Sulfaten<br \/>\n&#8211; Phtalaten<\/p>\n","protected":false},"featured_media":8488,"comment_status":"open","ping_status":"closed","template":"","meta":{"content-type":"","site-sidebar-layout":"default","site-content-layout":"default","ast-site-content-layout":"default","site-content-style":"default","site-sidebar-style":"default","ast-global-header-display":"","ast-banner-title-visibility":"","ast-main-header-display":"","ast-hfb-above-header-display":"","ast-hfb-below-header-display":"","ast-hfb-mobile-header-display":"","site-post-title":"","ast-breadcrumbs-content":"","ast-featured-img":"","footer-sml-layout":"","ast-disable-related-posts":"","theme-transparent-header-meta":"default","adv-header-id-meta":"","stick-header-meta":"","header-above-stick-meta":"","header-main-stick-meta":"","header-below-stick-meta":"","astra-migrate-meta-layouts":"set","ast-page-background-enabled":"default","ast-page-background-meta":{"desktop":{"background-color":"","background-image":"","background-repeat":"repeat","background-position":"center center","background-size":"auto","background-attachment":"scroll","background-type":"","background-media":"","overlay-type":"","overlay-color":"","overlay-opacity":"","overlay-gradient":""},"tablet":{"background-color":"","background-image":"","background-repeat":"repeat","background-position":"center center","background-size":"auto","background-attachment":"scroll","background-type":"","background-media":"","overlay-type":"","overlay-color":"","overlay-opacity":"","overlay-gradient":""},"mobile":{"background-color":"","background-image":"","background-repeat":"repeat","background-position":"center center","background-size":"auto","background-attachment":"scroll","background-type":"","background-media":"","overlay-type":"","overlay-color":"","overlay-opacity":"","overlay-gradient":""}},"ast-content-background-meta":{"desktop":{"background-color":"var(--ast-global-color-5)","background-image":"","background-repeat":"repeat","background-position":"center center","background-size":"auto","background-attachment":"scroll","background-type":"","background-media":"","overlay-type":"","overlay-color":"","overlay-opacity":"","overlay-gradient":""},"tablet":{"background-color":"var(--ast-global-color-5)","background-image":"","background-repeat":"repeat","background-position":"center center","background-size":"auto","background-attachment":"scroll","background-type":"","background-media":"","overlay-type":"","overlay-color":"","overlay-opacity":"","overlay-gradient":""},"mobile":{"background-color":"var(--ast-global-color-5)","background-image":"","background-repeat":"repeat","background-position":"center center","background-size":"auto","background-attachment":"scroll","background-type":"","background-media":"","overlay-type":"","overlay-color":"","overlay-opacity":"","overlay-gradient":""}}},"product_brand":[],"product_cat":[312,161,31],"product_tag":[64],"class_list":{"0":"post-8490","1":"product","2":"type-product","3":"status-publish","4":"has-post-thumbnail","6":"product_cat-gesichtsreiniger","7":"product_cat-neogen","8":"product_cat-gesicht","9":"product_tag-reinigung","10":"desktop-align-center","11":"tablet-align-center","12":"mobile-align-center","14":"first","15":"outofstock","16":"taxable","17":"shipping-taxable","18":"purchasable","19":"product-type-simple"},"_links":{"self":[{"href":"https:\/\/tomyklou.gr\/de\/wp-json\/wp\/v2\/product\/8490","targetHints":{"allow":["GET"]}}],"collection":[{"href":"https:\/\/tomyklou.gr\/de\/wp-json\/wp\/v2\/product"}],"about":[{"href":"https:\/\/tomyklou.gr\/de\/wp-json\/wp\/v2\/types\/product"}],"replies":[{"embeddable":true,"href":"https:\/\/tomyklou.gr\/de\/wp-json\/wp\/v2\/comments?post=8490"}],"wp:featuredmedia":[{"embeddable":true,"href":"https:\/\/tomyklou.gr\/de\/wp-json\/wp\/v2\/media\/8488"}],"wp:attachment":[{"href":"https:\/\/tomyklou.gr\/de\/wp-json\/wp\/v2\/media?parent=8490"}],"wp:term":[{"taxonomy":"product_brand","embeddable":true,"href":"https:\/\/tomyklou.gr\/de\/wp-json\/wp\/v2\/product_brand?post=8490"},{"taxonomy":"product_cat","embeddable":true,"href":"https:\/\/tomyklou.gr\/de\/wp-json\/wp\/v2\/product_cat?post=8490"},{"taxonomy":"product_tag","embeddable":true,"href":"https:\/\/tomyklou.gr\/de\/wp-json\/wp\/v2\/product_tag?post=8490"}],"curies":[{"name":"wp","href":"https:\/\/api.w.org\/{rel}","templated":true}]}}