{"id":8508,"date":"2023-07-14T23:28:50","date_gmt":"2023-07-14T21:28:50","guid":{"rendered":"https:\/\/tomyklou.gr\/product\/neogen-real-fresh-foam-heartleaf-120ml\/"},"modified":"2026-02-22T18:37:22","modified_gmt":"2026-02-22T16:37:22","slug":"neogen-real-fresh-foam-heartleaf-120ml","status":"publish","type":"product","link":"https:\/\/tomyklou.gr\/de\/product\/neogen-real-fresh-foam-heartleaf-120ml\/","title":{"rendered":"Neogen Real Fresh Foam Heartleaf 120ml"},"content":{"rendered":"<h3>Anwendung<\/h3>\n<ol>\n<li>Tragen Sie 1-2 Pumpdosierungen auf das nasse Gesicht und den nassen Hals auf.<\/li>\n<li>Massieren Sie das Produkt sanft mit kreisenden Bewegungen in die Haut ein.<\/li>\n<li>Sp\u00fclen Sie die Haut mit lauwarmem Wasser ab und tupfen Sie sie mit einem sauberen Handtuch trocken.<\/li>\n<\/ol>\n<h3>Inhaltsstoffe<\/h3>\n<p>Houttuynia Cordata Water, Dipropylene Glycol, Methylglucamine, Lauric Acid, Water, Glycerin, Myristic Acid, 1,2-Hexanediol, Polyglyceryl-4 Caprate, Cocamidopropyl Betaine, Houttuynia Cordata, Hydroxyacetophenone, Potassium Cocoyl Glycinate, Caprylyl Glycol, Sodium Chloride, Citric Acid, Melaleuca Alternifolia (Tea Tree) Leaf Oil, Hydroxyethylcellulose, Dipotassium Glycyrrhizate, Guaiazulene, Perilla Frutescens Leaf Extract, Calendula Officinalis Extract, Artemisia Capillaris Extract, Ethylhexylglycerin, Melaleuca Alternifolia (Tea Tree) Leaf Extract, Dextrin, Sodium Hyaluronate, Arginine, Calcium Carbonate, Hydrogenated Lecithin, Hydroxypropyl Methylcellulose<\/p>\n<h3>Warnhinweise<\/h3>\n<ol>\n<li>Nur zur \u00e4u\u00dferlichen Anwendung geeignet.<\/li>\n<li>Nicht auf verletzte Haut oder auf Wunden auftragen.<\/li>\n<li>Sollten Nebenwirkungen wie Irritationen oder Ausschlag eintreten, Anwendung sofort beenden und unverz\u00fcglich an einen Arzt wenden.<\/li>\n<li>Kontakt mit den Augen vermeiden. Sollte das Produkt ins Auge gelangen, das Auge sofort gr\u00fcndlich mit klarem Wasser aussp\u00fclen.<\/li>\n<li>Au\u00dfer Reichweite von Kindern aufbewahren.<\/li>\n<li>Nicht schlucken. Bei Verschlucken Arzt oder Giftzentrale aufsuchen.<\/li>\n<\/ol>\n","protected":false},"excerpt":{"rendered":"<p>Ein Reiniger, der die Haut klar und sauber macht und gleichzeitig zu Problemen neigende Haut mit echtem Herzblatt beruhigt<\/p>\n<p>Echte Zutaten! Ein Reiniger, der zu 60 % aus Heartleaf-Wasser und einem echten Herzblatt-Rohstoff besteht, der vollst\u00e4ndig lokal angebaut wird!<\/p>\n<p>Ersetztes gereinigtes Wasser durch Bio-Heartleaf-Wasser und einen Extrakt zur Beruhigung und Beruhigung problematischer Haut, um \u00fcbersch\u00fcssiges Talg zu kontrollieren und die Poren zu reinigen, um die Haut sauber und klar zu machen.<br \/>\n(Unter Verwendung von Heartleaf, hergestellt in Yeongcheon, Gyeongbuk; ein Ort, der f\u00fcr die Herstellung von Heilkr\u00e4utern von h\u00f6chster Qualit\u00e4t bekannt ist)<\/p>\n<p>Enth\u00e4lt hautentgiftende Elemente, die helfen, porentief zu reinigen, f\u00fcr eine klare, strahlende und strahlende Haut.<\/p>\n<p>Reinigungskomplex (Teebaumblatt, Carendula, Kiefernblatt und Sandholz), der die Haut feucht und klar macht, hilft der Haut bei der Entgiftung und reinigt die Haut von innen heraus.<\/p>\n<p>Ein sanfter, weicher und federnder cremiger Schaum, der den t\u00e4glichen Schmutz schnell l\u00f6st<\/p>\n<p>Ein wolkenartiger, cremiger Schaum reinigt sanft porenverstopfende Ablagerungen und Schadstoffe, um die Haut glatter und klarer zu machen.<\/p>\n<p><strong>Inhaltsstoffe, diewir lieben:<\/strong><\/p>\n<p><strong>Heartleaf\u00a0<\/strong><\/p>\n<p>Entgiftende und durchblutungsf\u00f6rdernde Eigenschaften, besonders wirksam insbesondere bei Atopie-Allergien.<\/p>\n<p><strong>Skin Detoxifying Elements<\/strong><\/p>\n<p>Hilft bei der porentiefen Reinigung f\u00fcr eine klare, strahlende und strahlende Haut<br \/>\nReinigungskomplex (Teebaumblatt, Ringelblume, Kiefernblatt und Sandholz), der die Haut feucht und klar macht<\/p>\n<p><strong>Inhaltsstoff Quercitrin<\/strong><\/p>\n<p>Entfernt Giftstoffe aus der Haut und hinterl\u00e4sst eine strahlende und klare Haut.<br \/>\nWirksamkeit bei der Verringerung von Entz\u00fcndungen und der Beseitigung von Beschwerden, wenn Heartleaf oral eingenommen oder topisch angewendet wird.<\/p>\n","protected":false},"featured_media":8506,"comment_status":"open","ping_status":"closed","template":"","meta":{"content-type":"","site-sidebar-layout":"default","site-content-layout":"default","ast-site-content-layout":"default","site-content-style":"default","site-sidebar-style":"default","ast-global-header-display":"","ast-banner-title-visibility":"","ast-main-header-display":"","ast-hfb-above-header-display":"","ast-hfb-below-header-display":"","ast-hfb-mobile-header-display":"","site-post-title":"","ast-breadcrumbs-content":"","ast-featured-img":"","footer-sml-layout":"","ast-disable-related-posts":"","theme-transparent-header-meta":"default","adv-header-id-meta":"","stick-header-meta":"","header-above-stick-meta":"","header-main-stick-meta":"","header-below-stick-meta":"","astra-migrate-meta-layouts":"set","ast-page-background-enabled":"default","ast-page-background-meta":{"desktop":{"background-color":"","background-image":"","background-repeat":"repeat","background-position":"center center","background-size":"auto","background-attachment":"scroll","background-type":"","background-media":"","overlay-type":"","overlay-color":"","overlay-opacity":"","overlay-gradient":""},"tablet":{"background-color":"","background-image":"","background-repeat":"repeat","background-position":"center center","background-size":"auto","background-attachment":"scroll","background-type":"","background-media":"","overlay-type":"","overlay-color":"","overlay-opacity":"","overlay-gradient":""},"mobile":{"background-color":"","background-image":"","background-repeat":"repeat","background-position":"center center","background-size":"auto","background-attachment":"scroll","background-type":"","background-media":"","overlay-type":"","overlay-color":"","overlay-opacity":"","overlay-gradient":""}},"ast-content-background-meta":{"desktop":{"background-color":"var(--ast-global-color-5)","background-image":"","background-repeat":"repeat","background-position":"center center","background-size":"auto","background-attachment":"scroll","background-type":"","background-media":"","overlay-type":"","overlay-color":"","overlay-opacity":"","overlay-gradient":""},"tablet":{"background-color":"var(--ast-global-color-5)","background-image":"","background-repeat":"repeat","background-position":"center center","background-size":"auto","background-attachment":"scroll","background-type":"","background-media":"","overlay-type":"","overlay-color":"","overlay-opacity":"","overlay-gradient":""},"mobile":{"background-color":"var(--ast-global-color-5)","background-image":"","background-repeat":"repeat","background-position":"center center","background-size":"auto","background-attachment":"scroll","background-type":"","background-media":"","overlay-type":"","overlay-color":"","overlay-opacity":"","overlay-gradient":""}}},"product_brand":[],"product_cat":[312,161,31],"product_tag":[64],"class_list":{"0":"post-8508","1":"product","2":"type-product","3":"status-publish","4":"has-post-thumbnail","6":"product_cat-gesichtsreiniger","7":"product_cat-neogen","8":"product_cat-gesicht","9":"product_tag-reinigung","10":"desktop-align-center","11":"tablet-align-center","12":"mobile-align-center","14":"first","15":"outofstock","16":"taxable","17":"shipping-taxable","18":"purchasable","19":"product-type-simple"},"_links":{"self":[{"href":"https:\/\/tomyklou.gr\/de\/wp-json\/wp\/v2\/product\/8508","targetHints":{"allow":["GET"]}}],"collection":[{"href":"https:\/\/tomyklou.gr\/de\/wp-json\/wp\/v2\/product"}],"about":[{"href":"https:\/\/tomyklou.gr\/de\/wp-json\/wp\/v2\/types\/product"}],"replies":[{"embeddable":true,"href":"https:\/\/tomyklou.gr\/de\/wp-json\/wp\/v2\/comments?post=8508"}],"wp:featuredmedia":[{"embeddable":true,"href":"https:\/\/tomyklou.gr\/de\/wp-json\/wp\/v2\/media\/8506"}],"wp:attachment":[{"href":"https:\/\/tomyklou.gr\/de\/wp-json\/wp\/v2\/media?parent=8508"}],"wp:term":[{"taxonomy":"product_brand","embeddable":true,"href":"https:\/\/tomyklou.gr\/de\/wp-json\/wp\/v2\/product_brand?post=8508"},{"taxonomy":"product_cat","embeddable":true,"href":"https:\/\/tomyklou.gr\/de\/wp-json\/wp\/v2\/product_cat?post=8508"},{"taxonomy":"product_tag","embeddable":true,"href":"https:\/\/tomyklou.gr\/de\/wp-json\/wp\/v2\/product_tag?post=8508"}],"curies":[{"name":"wp","href":"https:\/\/api.w.org\/{rel}","templated":true}]}}