{"id":8550,"date":"2023-07-16T16:13:04","date_gmt":"2023-07-16T14:13:04","guid":{"rendered":"https:\/\/tomyklou.gr\/product\/import-placeholder-for-pky-1011-8809486680414\/"},"modified":"2026-02-22T18:37:22","modified_gmt":"2026-02-22T16:37:22","slug":"pyunkang-yul-best-skincare-item-set","status":"publish","type":"product","link":"https:\/\/tomyklou.gr\/de\/product\/pyunkang-yul-best-skincare-item-set\/","title":{"rendered":"Pyunkang Yul Best Skincare Item Set"},"content":{"rendered":"<h3>Anwendung<\/h3>\n<div><a href=\"https:\/\/tomyklou.gr\/product\/pyunkang-yul-mist-toner\/\"><strong>Mist Toner\u00a0<\/strong><\/a><\/div>\n<div>\n<ol>\n<li>Spr\u00fchen Sie das Produkt aus einer Entfernung von 15-20 cm auf die gereinigte Haut.<\/li>\n<li>Tupfen Sie den Toner sanft in die Haut ein, bis er vollst\u00e4ndig eingezogen ist.<\/li>\n<li>Gebrauchen Sie das Produkt morgens und abends.<\/li>\n<\/ol>\n<\/div>\n<div><a href=\"https:\/\/tomyklou.gr\/product\/pyunkang-yul-moisture-cream\/\"><strong>Moisture Cream<\/strong><\/a><\/div>\n<div>\n<ol>\n<li>Tragen Sie eine geeignete Menge auf die gereinigte Haut auf.<\/li>\n<li>Arbeiten Sie die Creme sanft in die Haut ein, bis sie vollst\u00e4ndig eingezogen ist.<\/li>\n<li>Gebrauchen Sie das Produkt morgens und abends.<\/li>\n<\/ol>\n<\/div>\n<div><strong><a href=\"https:\/\/tomyklou.gr\/product\/pyunkang-yul-moisture-ampoule\/\">Moisture Ampoule<\/a>\u00a0<\/strong><\/div>\n<div>\n<ol>\n<li>Tragen Sie 2-3 Tropfen auf die gereinigte Haut auf.<\/li>\n<li>Klopfen Sie das Serum sanft in die Haut ein, bis es vollst\u00e4ndig eingezogen ist.<\/li>\n<li>Gebrauchen Sie das Produkt morgens und abends.<\/li>\n<\/ol>\n<\/div>\n<div>\n<h3><strong>Ingredients<\/strong><\/h3>\n<div><strong><a href=\"https:\/\/tomyklou.gr\/product\/pyunkang-yul-mist-toner\/\">Mist Toner<\/a>\u00a0<\/strong><\/div>\n<div>Coptis Japonica Root Extract, <span style=\"font-size: 16px\">1,2-Hexanediol, Butylene Glycol, Glycerin, Sodium Hyaluronate<\/span><\/div>\n<div>\n<div><\/div>\n<div><a href=\"https:\/\/tomyklou.gr\/product\/pyunkang-yul-moisture-cream\/\"><strong>Moisture Cream<\/strong><\/a><\/div>\n<div>\n<p>Coptis Japonica Root Extract, Butylene Glycol, Simmondsia Chinensis (Jojoba) Seed Oil, Polyglyceryl-3 Methylglucose Distearate, Cetyl Ethylhexanoate, Butylene Glycol Dicaprylate\/Dicaprate, Isohexadecane, <span style=\"font-size: 16px\">1,2-Hexanediol, Cetearyl Alcohol, Glyceryl Stearate, Butyrospermum Parkii (Shea Butter), Sodium Acrylate\/Sodium Acryloyldimethyl Taurate Copolymer, Polysorbate 80, Glyceryl Caprylate<\/span><\/p>\n<div><\/div>\n<div><strong><a href=\"https:\/\/tomyklou.gr\/product\/pyunkang-yul-moisture-ampoule\/\">Moisture Ampoule<\/a>\u00a0<\/strong><\/div>\n<div>Coptis Japonica Root Extract, Polysorbate 80, PEG-150 Distearate, Polysorbate 20, Hexanediol, Glyceryl Caprylate<\/div>\n<div>\n<p>*Eine Ver\u00e4nderung der Inhaltsstoffe unterliegt dem Ermessen des Herstellers. Willst du vor dem Kauf ganz sicher gehen? Dann kontaktiere uns f\u00fcr ein Foto der aktuellen Produktverpackung.<\/p>\n<h3>Warnhinweise<\/h3>\n<ol>\n<li>Nur zur \u00e4u\u00dferlichen Anwendung geeignet.<\/li>\n<li>Nicht auf verletzte Haut oder auf Wunden auftragen.<\/li>\n<li>Sollten Nebenwirkungen wie Irritationen oder Ausschlag eintreten, Anwendung sofort beenden und unverz\u00fcglich an einen Arzt wenden.<\/li>\n<li>Kontakt mit den Augen vermeiden. Sollte das Produkt ins Auge gelangen, das Auge sofort gr\u00fcndlich mit klarem Wasser aussp\u00fclen.<\/li>\n<li>Au\u00dfer Reichweite von Kindern aufbewahren.<\/li>\n<li>Nicht schlucken. Bei Verschlucken Arzt oder Giftzentrale aufsuchen.<\/li>\n<\/ol>\n<\/div>\n<\/div>\n<\/div>\n<\/div>\n","protected":false},"excerpt":{"rendered":"<p><strong>Pyunkang Yul<\/strong>\u00a0Best Skincare Set enth\u00e4lt drei von den beliebtesten Produkten von\u00a0<strong>Pyunkang Yul<\/strong>. Alle Hautpflege-Produkte sind speziell f\u00fcr trockene und empfindliche Haut entwickelt worden.<\/p>\n<p><strong>Das Set enth\u00e4lt:<\/strong><\/p>\n<ul>\n<li>\n<div><strong><a href=\"https:\/\/tomyklou.gr\/product\/pyunkang-yul-mist-toner\/\">Mist Toner 200ml<\/a>:<\/strong><\/div>\n<\/li>\n<\/ul>\n<p>ist ein feuchtigkeitsspendender und k\u00fchlender Toner, der zu 91,9% aus Japanischem-Goldfaden-Wurzelextrakt besteht, einem kraftvollen Antioxidans, das f\u00fcr seine entz\u00fcndungshemmenden, energetisierenden und pflegenden Eigenschaften bekannt ist. Das Spray kann als Toner oder als erfrischendes Spray f\u00fcr den Tag gebraucht werden (perfekt \u00fcber Make-up anwendbar). Zieht schnell ein, ohne R\u00fcckst\u00e4nde auf der Haut zu hinterlassen.<\/p>\n<ul>\n<li>\n<div><strong><a href=\"https:\/\/tomyklou.gr\/product\/pyunkang-yul-moisture-cream\/\">Moisture Cream 100ml<\/a>:<\/strong><\/div>\n<\/li>\n<\/ul>\n<p>ist eine feuchtigkeitsspendende Gesichtscreme mit Japanischem-Goldfaden-Wurzelextrakt (Coptis japonica) und Jojoba\u00f6l. Die Creme versorgt die Haut mit Feuchtigkeit, ohne ein klebriges oder fettiges Gef\u00fchl zu hinterlassen. Sie h\u00e4lt die Haut den ganzen Tag \u00fcber weich und geschmeidig. Perfekt f\u00fcr sensible, fettige Haut.<\/p>\n<ul>\n<li>\n<div><strong><a href=\"https:\/\/tomyklou.gr\/product\/pyunkang-yul-moisture-ampoule\/\">Moisture Ampoule 100ml<\/a>:<\/strong><\/div>\n<\/li>\n<\/ul>\n<p>ist ein kraftvolles, feuchtigkeitsspendendes Serum. Es besteht zu 90% aus Japanischem-Goldfaden-Wurzelextrakt, um die Haut mit Feuchtigkeit zu versorgen, zu beruhigen und zu entspannen. Das Ergebnis ist ein strahlender Teint. Das Serum hat eine honigartige Textur, die mit der Haut verschmilzt und diese den ganzen Tag \u00fcber weich und elastisch h\u00e4lt.<\/p>\n","protected":false},"featured_media":8572,"comment_status":"open","ping_status":"closed","template":"","meta":{"content-type":"","site-sidebar-layout":"default","site-content-layout":"default","ast-site-content-layout":"default","site-content-style":"default","site-sidebar-style":"default","ast-global-header-display":"","ast-banner-title-visibility":"","ast-main-header-display":"","ast-hfb-above-header-display":"","ast-hfb-below-header-display":"","ast-hfb-mobile-header-display":"","site-post-title":"","ast-breadcrumbs-content":"","ast-featured-img":"","footer-sml-layout":"","ast-disable-related-posts":"","theme-transparent-header-meta":"default","adv-header-id-meta":"","stick-header-meta":"","header-above-stick-meta":"","header-main-stick-meta":"","header-below-stick-meta":"","astra-migrate-meta-layouts":"default","ast-page-background-enabled":"default","ast-page-background-meta":{"desktop":{"background-color":"","background-image":"","background-repeat":"repeat","background-position":"center center","background-size":"auto","background-attachment":"scroll","background-type":"","background-media":"","overlay-type":"","overlay-color":"","overlay-opacity":"","overlay-gradient":""},"tablet":{"background-color":"","background-image":"","background-repeat":"repeat","background-position":"center center","background-size":"auto","background-attachment":"scroll","background-type":"","background-media":"","overlay-type":"","overlay-color":"","overlay-opacity":"","overlay-gradient":""},"mobile":{"background-color":"","background-image":"","background-repeat":"repeat","background-position":"center center","background-size":"auto","background-attachment":"scroll","background-type":"","background-media":"","overlay-type":"","overlay-color":"","overlay-opacity":"","overlay-gradient":""}},"ast-content-background-meta":{"desktop":{"background-color":"var(--ast-global-color-5)","background-image":"","background-repeat":"repeat","background-position":"center center","background-size":"auto","background-attachment":"scroll","background-type":"","background-media":"","overlay-type":"","overlay-color":"","overlay-opacity":"","overlay-gradient":""},"tablet":{"background-color":"var(--ast-global-color-5)","background-image":"","background-repeat":"repeat","background-position":"center center","background-size":"auto","background-attachment":"scroll","background-type":"","background-media":"","overlay-type":"","overlay-color":"","overlay-opacity":"","overlay-gradient":""},"mobile":{"background-color":"var(--ast-global-color-5)","background-image":"","background-repeat":"repeat","background-position":"center center","background-size":"auto","background-attachment":"scroll","background-type":"","background-media":"","overlay-type":"","overlay-color":"","overlay-opacity":"","overlay-gradient":""}}},"product_brand":[],"product_cat":[315,317,322,164,31,119],"product_tag":[35],"class_list":{"0":"post-8550","1":"product","2":"type-product","3":"status-publish","4":"has-post-thumbnail","6":"product_cat-gesichtswasser","7":"product_cat-essence-serum-oel","8":"product_cat-gesichtscreme","9":"product_cat-pyunkang-yul","10":"product_cat-gesicht","11":"product_cat-beauty-boxen","12":"product_tag-moisturizer","13":"desktop-align-center","14":"tablet-align-center","15":"mobile-align-center","17":"first","18":"outofstock","19":"taxable","20":"shipping-taxable","21":"purchasable","22":"product-type-simple"},"_links":{"self":[{"href":"https:\/\/tomyklou.gr\/de\/wp-json\/wp\/v2\/product\/8550","targetHints":{"allow":["GET"]}}],"collection":[{"href":"https:\/\/tomyklou.gr\/de\/wp-json\/wp\/v2\/product"}],"about":[{"href":"https:\/\/tomyklou.gr\/de\/wp-json\/wp\/v2\/types\/product"}],"replies":[{"embeddable":true,"href":"https:\/\/tomyklou.gr\/de\/wp-json\/wp\/v2\/comments?post=8550"}],"wp:featuredmedia":[{"embeddable":true,"href":"https:\/\/tomyklou.gr\/de\/wp-json\/wp\/v2\/media\/8572"}],"wp:attachment":[{"href":"https:\/\/tomyklou.gr\/de\/wp-json\/wp\/v2\/media?parent=8550"}],"wp:term":[{"taxonomy":"product_brand","embeddable":true,"href":"https:\/\/tomyklou.gr\/de\/wp-json\/wp\/v2\/product_brand?post=8550"},{"taxonomy":"product_cat","embeddable":true,"href":"https:\/\/tomyklou.gr\/de\/wp-json\/wp\/v2\/product_cat?post=8550"},{"taxonomy":"product_tag","embeddable":true,"href":"https:\/\/tomyklou.gr\/de\/wp-json\/wp\/v2\/product_tag?post=8550"}],"curies":[{"name":"wp","href":"https:\/\/api.w.org\/{rel}","templated":true}]}}