{"id":8551,"date":"2023-07-16T16:13:04","date_gmt":"2023-07-16T14:13:04","guid":{"rendered":"https:\/\/tomyklou.gr\/product\/import-placeholder-for-pky-1016-8809486681893\/"},"modified":"2026-02-22T18:37:22","modified_gmt":"2026-02-22T16:37:22","slug":"pyunkang-yul-mist-toner-200ml-set","status":"publish","type":"product","link":"https:\/\/tomyklou.gr\/de\/product\/pyunkang-yul-mist-toner-set-200ml\/","title":{"rendered":"Pyunkang Yul Mist Toner Set 200ml"},"content":{"rendered":"<h3>Anwendung<\/h3>\n<ol>\n<li>Spr\u00fchen Sie das Produkt aus einer Entfernung von 15-20 cm auf die gereinigte Haut.<\/li>\n<li>Tupfen Sie den Toner sanft in die Haut ein, bis er vollst\u00e4ndig eingezogen ist.<\/li>\n<li>Gebrauchen Sie das Produkt morgens und abends.<\/li>\n<li><a href=\"https:\/\/tomyklou.gr\/product\/pyunkang-yul-best-skincare-item-set\/\">Kombinieren und geniessen die beste Preise! Kaufen Sie den Set hier!<\/a><\/li>\n<\/ol>\n<h3><strong>Inhaltsstoffe<\/strong><\/h3>\n<p>Coptis Japonica Root Extract, 1,2-Hexanediol, Butylene Glycol, Glycerin, Sodium Hyaluronate<\/p>\n<h3>Warnhinweise<\/h3>\n<ol>\n<li>Nur zur \u00e4u\u00dferlichen Anwendung geeignet.<\/li>\n<li>Nicht auf verletzte Haut oder auf Wunden auftragen.<\/li>\n<li>Sollten Nebenwirkungen wie Irritationen oder Ausschlag eintreten, Anwendung sofort beenden und unverz\u00fcglich an einen Arzt wenden.<\/li>\n<li>Kontakt mit den Augen vermeiden. Sollte das Produkt ins Auge gelangen, das Auge sofort gr\u00fcndlich mit klarem Wasser aussp\u00fclen.<\/li>\n<li>Au\u00dfer Reichweite von Kindern aufbewahren.<\/li>\n<\/ol>\n","protected":false},"excerpt":{"rendered":"<p><strong>Pyunkang Yul<\/strong>\u00a0Mist Toner ist ein feuchtigkeitsspendender und k\u00fchlender Toner, der zu 91,9% aus Japanischem-Goldfaden-Wurzelextrakt besteht, einem kraftvollen Antioxidans, das f\u00fcr seine entz\u00fcndungshemmenden, energetisierenden und pflegenden Eigenschaften bekannt ist. Das Spray kann als Toner oder als erfrischendes Spray f\u00fcr den Tag gebraucht werden (perfekt \u00fcber Make-up anwendbar). Zieht schnell ein, ohne R\u00fcckst\u00e4nde auf der Haut zu hinterlassen.<\/p>\n<p><a href=\"https:\/\/tomyklou.gr\/product\/pyunkang-yul-best-skincare-item-set\/\">Kombinieren und geniessen die beste Preise! Kaufen Sie den Set hier!<\/a><\/p>\n","protected":false},"featured_media":8574,"comment_status":"open","ping_status":"closed","template":"","meta":{"content-type":"","site-sidebar-layout":"default","site-content-layout":"default","ast-site-content-layout":"default","site-content-style":"default","site-sidebar-style":"default","ast-global-header-display":"","ast-banner-title-visibility":"","ast-main-header-display":"","ast-hfb-above-header-display":"","ast-hfb-below-header-display":"","ast-hfb-mobile-header-display":"","site-post-title":"","ast-breadcrumbs-content":"","ast-featured-img":"","footer-sml-layout":"","ast-disable-related-posts":"","theme-transparent-header-meta":"default","adv-header-id-meta":"","stick-header-meta":"","header-above-stick-meta":"","header-main-stick-meta":"","header-below-stick-meta":"","astra-migrate-meta-layouts":"set","ast-page-background-enabled":"default","ast-page-background-meta":{"desktop":{"background-color":"","background-image":"","background-repeat":"repeat","background-position":"center center","background-size":"auto","background-attachment":"scroll","background-type":"","background-media":"","overlay-type":"","overlay-color":"","overlay-opacity":"","overlay-gradient":""},"tablet":{"background-color":"","background-image":"","background-repeat":"repeat","background-position":"center center","background-size":"auto","background-attachment":"scroll","background-type":"","background-media":"","overlay-type":"","overlay-color":"","overlay-opacity":"","overlay-gradient":""},"mobile":{"background-color":"","background-image":"","background-repeat":"repeat","background-position":"center center","background-size":"auto","background-attachment":"scroll","background-type":"","background-media":"","overlay-type":"","overlay-color":"","overlay-opacity":"","overlay-gradient":""}},"ast-content-background-meta":{"desktop":{"background-color":"var(--ast-global-color-5)","background-image":"","background-repeat":"repeat","background-position":"center center","background-size":"auto","background-attachment":"scroll","background-type":"","background-media":"","overlay-type":"","overlay-color":"","overlay-opacity":"","overlay-gradient":""},"tablet":{"background-color":"var(--ast-global-color-5)","background-image":"","background-repeat":"repeat","background-position":"center center","background-size":"auto","background-attachment":"scroll","background-type":"","background-media":"","overlay-type":"","overlay-color":"","overlay-opacity":"","overlay-gradient":""},"mobile":{"background-color":"var(--ast-global-color-5)","background-image":"","background-repeat":"repeat","background-position":"center center","background-size":"auto","background-attachment":"scroll","background-type":"","background-media":"","overlay-type":"","overlay-color":"","overlay-opacity":"","overlay-gradient":""}}},"product_brand":[],"product_cat":[315,164,31],"product_tag":[],"class_list":{"0":"post-8551","1":"product","2":"type-product","3":"status-publish","4":"has-post-thumbnail","6":"product_cat-gesichtswasser","7":"product_cat-pyunkang-yul","8":"product_cat-gesicht","9":"desktop-align-center","10":"tablet-align-center","11":"mobile-align-center","13":"first","14":"outofstock","15":"taxable","16":"shipping-taxable","17":"purchasable","18":"product-type-simple"},"_links":{"self":[{"href":"https:\/\/tomyklou.gr\/de\/wp-json\/wp\/v2\/product\/8551","targetHints":{"allow":["GET"]}}],"collection":[{"href":"https:\/\/tomyklou.gr\/de\/wp-json\/wp\/v2\/product"}],"about":[{"href":"https:\/\/tomyklou.gr\/de\/wp-json\/wp\/v2\/types\/product"}],"replies":[{"embeddable":true,"href":"https:\/\/tomyklou.gr\/de\/wp-json\/wp\/v2\/comments?post=8551"}],"wp:featuredmedia":[{"embeddable":true,"href":"https:\/\/tomyklou.gr\/de\/wp-json\/wp\/v2\/media\/8574"}],"wp:attachment":[{"href":"https:\/\/tomyklou.gr\/de\/wp-json\/wp\/v2\/media?parent=8551"}],"wp:term":[{"taxonomy":"product_brand","embeddable":true,"href":"https:\/\/tomyklou.gr\/de\/wp-json\/wp\/v2\/product_brand?post=8551"},{"taxonomy":"product_cat","embeddable":true,"href":"https:\/\/tomyklou.gr\/de\/wp-json\/wp\/v2\/product_cat?post=8551"},{"taxonomy":"product_tag","embeddable":true,"href":"https:\/\/tomyklou.gr\/de\/wp-json\/wp\/v2\/product_tag?post=8551"}],"curies":[{"name":"wp","href":"https:\/\/api.w.org\/{rel}","templated":true}]}}