{"id":8553,"date":"2023-07-16T16:13:04","date_gmt":"2023-07-16T14:13:04","guid":{"rendered":"https:\/\/tomyklou.gr\/product\/import-placeholder-for-pky-1022-8809486680049\/"},"modified":"2026-02-22T18:37:22","modified_gmt":"2026-02-22T16:37:22","slug":"pyunkang-yul-moisture-cream-100ml","status":"publish","type":"product","link":"https:\/\/tomyklou.gr\/de\/product\/pyunkang-yul-moisture-cream-100ml\/","title":{"rendered":"Pyunkang Yul Moisture Cream 100ml"},"content":{"rendered":"<h3>Anwendung<\/h3>\n<ol>\n<li>Tragen Sie eine geeignete Menge auf die gereinigte Haut auf.<\/li>\n<li>Arbeiten Sie die Creme sanft in die Haut ein, bis sie vollst\u00e4ndig eingezogen ist.<\/li>\n<li>Gebrauchen Sie das Produkt morgens und abends.<\/li>\n<li><a href=\"https:\/\/tomyklou.gr\/product\/pyunkang-yul-best-skincare-item-set\/\">Kombinieren und geniessen die beste Preise! Kaufen Sie den Set hier!<\/a><\/li>\n<\/ol>\n<h3>Inhaltsstoffe<\/h3>\n<p>Coptis Japonica Root Extract, Butylene Glycol, Simmondsia Chinensis (Jojoba) Seed Oil, Polyglyceryl-3 Methylglucose Distearate, Cetyl Ethylhexanoate, Butylene Glycol Dicaprylate\/\u200bDicaprate, Isohexadecane, 1,2-Hexanediol, Cetearyl Alcohol, Glyceryl Stearate, Butyrospermum Parkii (Shea) Butter, Sodium Acrylate\/\u200bSodium Acryloyldimethyl Taurate Copolymer, Polysorbate 80, Glyceryl Caprylate<\/p>\n<h3>Warnhinweise<\/h3>\n<ol>\n<li>Nur zur \u00e4u\u00dferlichen Anwendung geeignet.<\/li>\n<li>Nicht auf verletzte Haut oder auf Wunden auftragen.<\/li>\n<li>Sollten Nebenwirkungen wie Irritationen oder Ausschlag eintreten, Anwendung sofort beenden und unverz\u00fcglich an einen Arzt wenden.<\/li>\n<li>Kontakt mit den Augen vermeiden. Sollte das Produkt ins Auge gelangen, das Auge sofort gr\u00fcndlich mit klarem Wasser aussp\u00fclen.<\/li>\n<li>Au\u00dfer Reichweite von Kindern aufbewahren.<\/li>\n<\/ol>\n","protected":false},"excerpt":{"rendered":"<p><strong>Pyunkang Yul<\/strong>\u00a0Moisture Cream ist eine feuchtigkeitsspendende Gesichtscreme mit Japanischem-Goldfaden-Wurzelextrakt (Coptis japonica) und Jojoba\u00f6l. Die Creme versorgt die Haut mit Feuchtigkeit, ohne ein klebriges oder fettiges Gef\u00fchl zu hinterlassen. Sie h\u00e4lt die Haut den ganzen Tag \u00fcber weich und geschmeidig. Perfekt f\u00fcr sensible, fettige Haut.<\/p>\n<p><a href=\"https:\/\/tomyklou.gr\/product\/pyunkang-yul-best-skincare-item-set\/\">Kombinieren und geniessen die beste Preise! Kaufen Sie den Set hier!<\/a><\/p>\n","protected":false},"featured_media":8570,"comment_status":"open","ping_status":"closed","template":"","meta":{"content-type":"","site-sidebar-layout":"default","site-content-layout":"default","ast-site-content-layout":"default","site-content-style":"default","site-sidebar-style":"default","ast-global-header-display":"","ast-banner-title-visibility":"","ast-main-header-display":"","ast-hfb-above-header-display":"","ast-hfb-below-header-display":"","ast-hfb-mobile-header-display":"","site-post-title":"","ast-breadcrumbs-content":"","ast-featured-img":"","footer-sml-layout":"","ast-disable-related-posts":"","theme-transparent-header-meta":"default","adv-header-id-meta":"","stick-header-meta":"","header-above-stick-meta":"","header-main-stick-meta":"","header-below-stick-meta":"","astra-migrate-meta-layouts":"set","ast-page-background-enabled":"default","ast-page-background-meta":{"desktop":{"background-color":"","background-image":"","background-repeat":"repeat","background-position":"center center","background-size":"auto","background-attachment":"scroll","background-type":"","background-media":"","overlay-type":"","overlay-color":"","overlay-opacity":"","overlay-gradient":""},"tablet":{"background-color":"","background-image":"","background-repeat":"repeat","background-position":"center center","background-size":"auto","background-attachment":"scroll","background-type":"","background-media":"","overlay-type":"","overlay-color":"","overlay-opacity":"","overlay-gradient":""},"mobile":{"background-color":"","background-image":"","background-repeat":"repeat","background-position":"center center","background-size":"auto","background-attachment":"scroll","background-type":"","background-media":"","overlay-type":"","overlay-color":"","overlay-opacity":"","overlay-gradient":""}},"ast-content-background-meta":{"desktop":{"background-color":"var(--ast-global-color-5)","background-image":"","background-repeat":"repeat","background-position":"center center","background-size":"auto","background-attachment":"scroll","background-type":"","background-media":"","overlay-type":"","overlay-color":"","overlay-opacity":"","overlay-gradient":""},"tablet":{"background-color":"var(--ast-global-color-5)","background-image":"","background-repeat":"repeat","background-position":"center center","background-size":"auto","background-attachment":"scroll","background-type":"","background-media":"","overlay-type":"","overlay-color":"","overlay-opacity":"","overlay-gradient":""},"mobile":{"background-color":"var(--ast-global-color-5)","background-image":"","background-repeat":"repeat","background-position":"center center","background-size":"auto","background-attachment":"scroll","background-type":"","background-media":"","overlay-type":"","overlay-color":"","overlay-opacity":"","overlay-gradient":""}}},"product_brand":[],"product_cat":[322,164,31],"product_tag":[35],"class_list":{"0":"post-8553","1":"product","2":"type-product","3":"status-publish","4":"has-post-thumbnail","6":"product_cat-gesichtscreme","7":"product_cat-pyunkang-yul","8":"product_cat-gesicht","9":"product_tag-moisturizer","10":"desktop-align-center","11":"tablet-align-center","12":"mobile-align-center","14":"first","15":"outofstock","16":"taxable","17":"shipping-taxable","18":"purchasable","19":"product-type-simple"},"_links":{"self":[{"href":"https:\/\/tomyklou.gr\/de\/wp-json\/wp\/v2\/product\/8553","targetHints":{"allow":["GET"]}}],"collection":[{"href":"https:\/\/tomyklou.gr\/de\/wp-json\/wp\/v2\/product"}],"about":[{"href":"https:\/\/tomyklou.gr\/de\/wp-json\/wp\/v2\/types\/product"}],"replies":[{"embeddable":true,"href":"https:\/\/tomyklou.gr\/de\/wp-json\/wp\/v2\/comments?post=8553"}],"wp:featuredmedia":[{"embeddable":true,"href":"https:\/\/tomyklou.gr\/de\/wp-json\/wp\/v2\/media\/8570"}],"wp:attachment":[{"href":"https:\/\/tomyklou.gr\/de\/wp-json\/wp\/v2\/media?parent=8553"}],"wp:term":[{"taxonomy":"product_brand","embeddable":true,"href":"https:\/\/tomyklou.gr\/de\/wp-json\/wp\/v2\/product_brand?post=8553"},{"taxonomy":"product_cat","embeddable":true,"href":"https:\/\/tomyklou.gr\/de\/wp-json\/wp\/v2\/product_cat?post=8553"},{"taxonomy":"product_tag","embeddable":true,"href":"https:\/\/tomyklou.gr\/de\/wp-json\/wp\/v2\/product_tag?post=8553"}],"curies":[{"name":"wp","href":"https:\/\/api.w.org\/{rel}","templated":true}]}}