{"id":8554,"date":"2023-07-16T16:13:04","date_gmt":"2023-07-16T14:13:04","guid":{"rendered":"https:\/\/tomyklou.gr\/product\/import-placeholder-for-pky-1012-8809486680650\/"},"modified":"2026-02-22T18:37:21","modified_gmt":"2026-02-22T16:37:21","slug":"pyunkang-yul-acne-cream-50ml","status":"publish","type":"product","link":"https:\/\/tomyklou.gr\/de\/product\/pyunkang-yul-acne-cream-50ml\/","title":{"rendered":"Pyunkang Yul ACNE Cream 50ml"},"content":{"rendered":"<h3>Anwendung<\/h3>\n<ol>\n<li>Morgens und abends eine angemessene Menge auf die gereinigte und mit Toner behandelte Haut auftragen.<\/li>\n<li>In die Haut tupfen, bis es v\u00f6llig eingezogen ist.<\/li>\n<li>F\u00fcr ein perfektes Resultat mit dem <strong>Pyunkang Yul\u00a0<\/strong>ACNE <a href=\"https:\/\/tomyklou.gr\/product\/pyunkang-yul-acne-facial-cleanser\/\">Facial Cleanser<\/a>, <a href=\"https:\/\/tomyklou.gr\/product\/pyunkang-yul-acne-dressing-mask-pack\/\">Dressing Mask Pack<\/a>, <a href=\"https:\/\/tomyklou.gr\/product\/pyunkang-yul-acne-spot-cream\/\">Spot Cream<\/a>\u00a0und <a href=\"https:\/\/tomyklou.gr\/product\/pyunkang-yul-acne-spot-patch-super-thin\/\">Spot Patch Super Thin<\/a>.<\/li>\n<\/ol>\n<div class=\"Flex ItemsCenter FlexGrow MinWidth0 cr-pr-1\">\n<div class=\"Flex ItemsCenter FlexGrow MinWidth0\">\n<div class=\"cr-ph-1 cr-night-300 ellipsis\">\n<h3 class=\"PageBarActions Flex ItemsCenter FlexShrinkNone\">Inhaltsstoffe<\/h3>\n<\/div>\n<\/div>\n<\/div>\n<div class=\"PageBarActions Flex ItemsCenter FlexShrinkNone\">Water, Glycerin, Dipropylene Glycol, Methylpropanediol, Glyceryl Acrylate\/Acrylic Acid Copolymer, PVM\/MA Copolymer, Niacinamide, Cetearyl Olivate, Sorbitan Olivate, Salix Alba (Willow) Bark Extract, Dimethyl Sulfone, Pyridoxine HCl, Forsythia Suspensa Fruit Extract, Butylene Glycol, Centella Asiatica Extract, Polygonum Cuspidatum Root Extract, Scutellaria Baicalensis Root Extract, Camellia Sinensis Leaf Extract, Glycyrrhiza Uralensis (Licorice) Root Extract, Chamomilla Recutita (Matricaria) Flower Extract, Rosmarinus Officinalis (Rosemary) Leaf Extract, Carbomer, Hydroxyethyl Acrylate\/Sodium Acryloyldimethyl Taurate Copolymer, Tromethamine, Copper Tripeptide-1, Hydroxyacetophenone, Myrtus Communis Extract, Tropaeolum majus Extract, Ethylhexylglycerin, Disodium EDTA<\/div>\n<div class=\"PageBarActions Flex ItemsCenter FlexShrinkNone\">\n<p>*Eine Ver\u00e4nderung der Inhaltsstoffe unterliegt dem Ermessen des Herstellers. Willst du vor dem Kauf ganz sicher gehen? Dann kontaktiere uns f\u00fcr ein Foto der aktuellen Produktverpackung.<\/p>\n<h3>Warnhinweise<\/h3>\n<ol>\n<li>Nur zur \u00e4u\u00dferlichen Anwendung geeignet.<\/li>\n<li>Nicht auf verletzte Haut oder auf Wunden auftragen.<\/li>\n<li>Sollten Nebenwirkungen wie Irritationen oder Ausschlag eintreten, Anwendung sofort beenden und unverz\u00fcglich an einen Arzt wenden.<\/li>\n<li>Kontakt mit den Augen vermeiden. Sollte das Produkt ins Auge gelangen, das Auge sofort gr\u00fcndlich mit klarem Wasser aussp\u00fclen.<\/li>\n<li>Au\u00dfer Reichweite von Kindern aufbewahren.<\/li>\n<li>Nicht schlucken. Bei Verschlucken Arzt oder Giftzentrale aufsuchen.<\/li>\n<\/ol>\n<\/div>\n","protected":false},"excerpt":{"rendered":"<p><strong>Pyunkang Yul<\/strong>\u00a0ACNE Cream ist eine Feuchtigkeitscreme, die zu Akne neigende und empfindliche Haut beruhigt. Die gel-artige Creme enth\u00e4lt Extrakte aus wei\u00dfer Weidenrinde, Forsythia Suspensa Frucht und Centella Asiatica, um die Haut vor Bakterien zu sch\u00fctzen, sodass Aknebildung vorgesorgt wird. Zus\u00e4tzlich wird die Talgproduktion reguliert, die Regeneration der Haut angekurbelt und die Hautgesundheit verbessert.<\/p>\n<p>F\u00fcr ein perfektes Resultat mit dem <strong>Pyunkang Yul\u00a0<\/strong>ACNE <a href=\"https:\/\/tomyklou.gr\/product\/pyunkang-yul-acne-facial-cleanser\/\">Facial Cleanser<\/a>, <a href=\"https:\/\/tomyklou.gr\/product\/pyunkang-yul-acne-dressing-mask-pack\/\">Dressing Mask Pack<\/a>, <a href=\"https:\/\/tomyklou.gr\/product\/pyunkang-yul-acne-spot-cream\/\">Spot Cream<\/a>\u00a0und <a href=\"https:\/\/tomyklou.gr\/product\/pyunkang-yul-acne-spot-patch-super-thin\/\">Spot Patch Super Thin<\/a>.<\/p>\n","protected":false},"featured_media":8607,"comment_status":"open","ping_status":"closed","template":"","meta":{"content-type":"","site-sidebar-layout":"default","site-content-layout":"default","ast-site-content-layout":"default","site-content-style":"default","site-sidebar-style":"default","ast-global-header-display":"","ast-banner-title-visibility":"","ast-main-header-display":"","ast-hfb-above-header-display":"","ast-hfb-below-header-display":"","ast-hfb-mobile-header-display":"","site-post-title":"","ast-breadcrumbs-content":"","ast-featured-img":"","footer-sml-layout":"","ast-disable-related-posts":"","theme-transparent-header-meta":"default","adv-header-id-meta":"","stick-header-meta":"","header-above-stick-meta":"","header-main-stick-meta":"","header-below-stick-meta":"","astra-migrate-meta-layouts":"set","ast-page-background-enabled":"default","ast-page-background-meta":{"desktop":{"background-color":"","background-image":"","background-repeat":"repeat","background-position":"center center","background-size":"auto","background-attachment":"scroll","background-type":"","background-media":"","overlay-type":"","overlay-color":"","overlay-opacity":"","overlay-gradient":""},"tablet":{"background-color":"","background-image":"","background-repeat":"repeat","background-position":"center center","background-size":"auto","background-attachment":"scroll","background-type":"","background-media":"","overlay-type":"","overlay-color":"","overlay-opacity":"","overlay-gradient":""},"mobile":{"background-color":"","background-image":"","background-repeat":"repeat","background-position":"center center","background-size":"auto","background-attachment":"scroll","background-type":"","background-media":"","overlay-type":"","overlay-color":"","overlay-opacity":"","overlay-gradient":""}},"ast-content-background-meta":{"desktop":{"background-color":"var(--ast-global-color-5)","background-image":"","background-repeat":"repeat","background-position":"center center","background-size":"auto","background-attachment":"scroll","background-type":"","background-media":"","overlay-type":"","overlay-color":"","overlay-opacity":"","overlay-gradient":""},"tablet":{"background-color":"var(--ast-global-color-5)","background-image":"","background-repeat":"repeat","background-position":"center center","background-size":"auto","background-attachment":"scroll","background-type":"","background-media":"","overlay-type":"","overlay-color":"","overlay-opacity":"","overlay-gradient":""},"mobile":{"background-color":"var(--ast-global-color-5)","background-image":"","background-repeat":"repeat","background-position":"center center","background-size":"auto","background-attachment":"scroll","background-type":"","background-media":"","overlay-type":"","overlay-color":"","overlay-opacity":"","overlay-gradient":""}}},"product_brand":[],"product_cat":[322,164,31],"product_tag":[35],"class_list":{"0":"post-8554","1":"product","2":"type-product","3":"status-publish","4":"has-post-thumbnail","6":"product_cat-gesichtscreme","7":"product_cat-pyunkang-yul","8":"product_cat-gesicht","9":"product_tag-moisturizer","10":"desktop-align-center","11":"tablet-align-center","12":"mobile-align-center","14":"first","15":"outofstock","16":"taxable","17":"shipping-taxable","18":"purchasable","19":"product-type-simple"},"_links":{"self":[{"href":"https:\/\/tomyklou.gr\/de\/wp-json\/wp\/v2\/product\/8554","targetHints":{"allow":["GET"]}}],"collection":[{"href":"https:\/\/tomyklou.gr\/de\/wp-json\/wp\/v2\/product"}],"about":[{"href":"https:\/\/tomyklou.gr\/de\/wp-json\/wp\/v2\/types\/product"}],"replies":[{"embeddable":true,"href":"https:\/\/tomyklou.gr\/de\/wp-json\/wp\/v2\/comments?post=8554"}],"wp:featuredmedia":[{"embeddable":true,"href":"https:\/\/tomyklou.gr\/de\/wp-json\/wp\/v2\/media\/8607"}],"wp:attachment":[{"href":"https:\/\/tomyklou.gr\/de\/wp-json\/wp\/v2\/media?parent=8554"}],"wp:term":[{"taxonomy":"product_brand","embeddable":true,"href":"https:\/\/tomyklou.gr\/de\/wp-json\/wp\/v2\/product_brand?post=8554"},{"taxonomy":"product_cat","embeddable":true,"href":"https:\/\/tomyklou.gr\/de\/wp-json\/wp\/v2\/product_cat?post=8554"},{"taxonomy":"product_tag","embeddable":true,"href":"https:\/\/tomyklou.gr\/de\/wp-json\/wp\/v2\/product_tag?post=8554"}],"curies":[{"name":"wp","href":"https:\/\/api.w.org\/{rel}","templated":true}]}}