{"id":8557,"date":"2023-07-16T16:13:04","date_gmt":"2023-07-16T14:13:04","guid":{"rendered":"https:\/\/tomyklou.gr\/product\/import-placeholder-for-pky-1013-8809486680810\/"},"modified":"2026-02-22T18:37:22","modified_gmt":"2026-02-22T16:37:22","slug":"pyunkang-yul-acne-spot-patch-super-thin","status":"publish","type":"product","link":"https:\/\/tomyklou.gr\/de\/product\/pyunkang-yul-acne-spot-patch-super-thin\/","title":{"rendered":"Pyunkang Yul ACNE Spot Patch Super Thin"},"content":{"rendered":"<div class=\"PageBarActions Flex ItemsCenter FlexShrinkNone\">\n<h3>Anwendung<\/h3>\n<\/div>\n<div class=\"PageBarActions Flex ItemsCenter FlexShrinkNone\">\n<ol>\n<li>Reinige die betroffenen Regionen vor dem Verwenden der Pflaster und trockne die Haut gut ab.<\/li>\n<li>Entferne den sterilisierten Film und trenne ein Pflaster entlang der Trennlinie ab.<\/li>\n<li>Platziere die Pflaster vorsichtig auf den betroffenen Regionen und Wunden.<\/li>\n<li>Wenn ein Patch aufgebraucht ist, bekommt es eine wei\u00dfliche F\u00e4rbung. Entferne die Pickel-Pflaster dann vorsichtig.<\/li>\n<li>Die Patches k\u00f6nnen f\u00fcr mindestens 2 Stunden (oder \u00fcber Nacht) auf dem Gesicht bleiben, um Schwellung, R\u00f6tung und die Pickelgr\u00f6\u00dfe zu reduzieren.<\/li>\n<li>F\u00fcr ein perfektes Resultat mit dem <strong>Pyunkang Yul\u00a0<\/strong>ACNE <a href=\"https:\/\/tomyklou.gr\/product\/pyunkang-yul-acne-facial-cleanser\/\">Facial Cleanser<\/a>, <a href=\"https:\/\/tomyklou.gr\/product\/pyunkang-yul-acne-dressing-mask-pack\/\">Dressing Mask Pack<\/a>, <a href=\"https:\/\/tomyklou.gr\/product\/pyunkang-yul-acne-cream\/\">Cream<\/a> und <a href=\"https:\/\/tomyklou.gr\/product\/pyunkang-yul-acne-spot-cream\/\">Spot Cream<\/a>.<\/li>\n<\/ol>\n<\/div>\n<div class=\"PageBarActions Flex ItemsCenter FlexShrinkNone\">\n<h3>Inhaltsstoffe<\/h3>\n<\/div>\n<div class=\"PageBarActions Flex ItemsCenter FlexShrinkNone\">Polyisobutene, Polyurethane-9, Polyisoprene, Cellulose Gum<\/div>\n<div class=\"PageBarActions Flex ItemsCenter FlexShrinkNone\">\n<p>*Eine Ver\u00e4nderung der Inhaltsstoffe unterliegt dem Ermessen des Herstellers. Willst du vor dem Kauf ganz sicher gehen? Dann kontaktiere uns f\u00fcr ein Foto der aktuellen Produktverpackung.<\/p>\n<h3>Warnhinweise<\/h3>\n<ol>\n<li>Nur zur \u00e4u\u00dferlichen Anwendung geeignet.<\/li>\n<li>Nicht auf verletzte Haut oder auf Wunden auftragen.<\/li>\n<li>Sollten Nebenwirkungen wie Irritationen oder Ausschlag eintreten, Anwendung sofort beenden und unverz\u00fcglich an einen Arzt wenden.<\/li>\n<li>Kontakt mit den Augen vermeiden. Sollte das Produkt ins Auge gelangen, das Auge sofort gr\u00fcndlich mit klarem Wasser aussp\u00fclen.<\/li>\n<li>Au\u00dfer Reichweite von Kindern aufbewahren.<\/li>\n<li>Nicht schlucken. Bei Verschlucken Arzt oder Giftzentrale aufsuchen.<\/li>\n<\/ol>\n<\/div>\n","protected":false},"excerpt":{"rendered":"<p><strong>Pyunkang Yul<\/strong>\u00a0ACNE Spot Patch Super Thin sind hydrokolloide Pickel-Pflaster, die Akne und kleine Sch\u00f6nheitsfehler behandeln und unauff\u00e4llig abdecken. Die Patches sch\u00fctzen die Akne-Regionen und unterst\u00fctzen die Heilung der Wunden, w\u00e4hrend Narben so reduziert werden und die Hydration aufrecht erhalten wird. Im Gegensatz zu den meisten anderen Pickel-Pflastern, sind diese ultrad\u00fcnnen Patches sogar schwei\u00df- und wasserresistent.<\/p>\n<p>F\u00fcr ein perfektes Resultat mit dem <strong>Pyunkang Yul\u00a0<\/strong>ACNE <a href=\"https:\/\/tomyklou.gr\/product\/pyunkang-yul-acne-facial-cleanser\/\">Facial Cleanser<\/a>, <a href=\"https:\/\/tomyklou.gr\/product\/pyunkang-yul-acne-dressing-mask-pack\/\">Dressing Mask Pack<\/a>, <a href=\"https:\/\/tomyklou.gr\/product\/pyunkang-yul-acne-cream\/\">Cream<\/a> und <a href=\"https:\/\/tomyklou.gr\/product\/pyunkang-yul-acne-spot-cream\/\">Spot Cream<\/a>.<\/p>\n","protected":false},"featured_media":8614,"comment_status":"open","ping_status":"closed","template":"","meta":{"content-type":"","site-sidebar-layout":"default","site-content-layout":"default","ast-site-content-layout":"default","site-content-style":"default","site-sidebar-style":"default","ast-global-header-display":"","ast-banner-title-visibility":"","ast-main-header-display":"","ast-hfb-above-header-display":"","ast-hfb-below-header-display":"","ast-hfb-mobile-header-display":"","site-post-title":"","ast-breadcrumbs-content":"","ast-featured-img":"","footer-sml-layout":"","ast-disable-related-posts":"","theme-transparent-header-meta":"default","adv-header-id-meta":"","stick-header-meta":"","header-above-stick-meta":"","header-main-stick-meta":"","header-below-stick-meta":"","astra-migrate-meta-layouts":"default","ast-page-background-enabled":"default","ast-page-background-meta":{"desktop":{"background-color":"","background-image":"","background-repeat":"repeat","background-position":"center center","background-size":"auto","background-attachment":"scroll","background-type":"","background-media":"","overlay-type":"","overlay-color":"","overlay-opacity":"","overlay-gradient":""},"tablet":{"background-color":"","background-image":"","background-repeat":"repeat","background-position":"center center","background-size":"auto","background-attachment":"scroll","background-type":"","background-media":"","overlay-type":"","overlay-color":"","overlay-opacity":"","overlay-gradient":""},"mobile":{"background-color":"","background-image":"","background-repeat":"repeat","background-position":"center center","background-size":"auto","background-attachment":"scroll","background-type":"","background-media":"","overlay-type":"","overlay-color":"","overlay-opacity":"","overlay-gradient":""}},"ast-content-background-meta":{"desktop":{"background-color":"var(--ast-global-color-5)","background-image":"","background-repeat":"repeat","background-position":"center center","background-size":"auto","background-attachment":"scroll","background-type":"","background-media":"","overlay-type":"","overlay-color":"","overlay-opacity":"","overlay-gradient":""},"tablet":{"background-color":"var(--ast-global-color-5)","background-image":"","background-repeat":"repeat","background-position":"center center","background-size":"auto","background-attachment":"scroll","background-type":"","background-media":"","overlay-type":"","overlay-color":"","overlay-opacity":"","overlay-gradient":""},"mobile":{"background-color":"var(--ast-global-color-5)","background-image":"","background-repeat":"repeat","background-position":"center center","background-size":"auto","background-attachment":"scroll","background-type":"","background-media":"","overlay-type":"","overlay-color":"","overlay-opacity":"","overlay-gradient":""}}},"product_brand":[],"product_cat":[321,164,31],"product_tag":[67],"class_list":{"0":"post-8557","1":"product","2":"type-product","3":"status-publish","4":"has-post-thumbnail","6":"product_cat-spezialbehandlung","7":"product_cat-pyunkang-yul","8":"product_cat-gesicht","9":"product_tag-spezialbehandlung","10":"desktop-align-center","11":"tablet-align-center","12":"mobile-align-center","14":"first","15":"outofstock","16":"taxable","17":"shipping-taxable","18":"purchasable","19":"product-type-simple"},"_links":{"self":[{"href":"https:\/\/tomyklou.gr\/de\/wp-json\/wp\/v2\/product\/8557","targetHints":{"allow":["GET"]}}],"collection":[{"href":"https:\/\/tomyklou.gr\/de\/wp-json\/wp\/v2\/product"}],"about":[{"href":"https:\/\/tomyklou.gr\/de\/wp-json\/wp\/v2\/types\/product"}],"replies":[{"embeddable":true,"href":"https:\/\/tomyklou.gr\/de\/wp-json\/wp\/v2\/comments?post=8557"}],"wp:featuredmedia":[{"embeddable":true,"href":"https:\/\/tomyklou.gr\/de\/wp-json\/wp\/v2\/media\/8614"}],"wp:attachment":[{"href":"https:\/\/tomyklou.gr\/de\/wp-json\/wp\/v2\/media?parent=8557"}],"wp:term":[{"taxonomy":"product_brand","embeddable":true,"href":"https:\/\/tomyklou.gr\/de\/wp-json\/wp\/v2\/product_brand?post=8557"},{"taxonomy":"product_cat","embeddable":true,"href":"https:\/\/tomyklou.gr\/de\/wp-json\/wp\/v2\/product_cat?post=8557"},{"taxonomy":"product_tag","embeddable":true,"href":"https:\/\/tomyklou.gr\/de\/wp-json\/wp\/v2\/product_tag?post=8557"}],"curies":[{"name":"wp","href":"https:\/\/api.w.org\/{rel}","templated":true}]}}