{"id":8558,"date":"2023-07-16T16:13:04","date_gmt":"2023-07-16T14:13:04","guid":{"rendered":"https:\/\/tomyklou.gr\/product\/import-placeholder-for-pky-1003-8809486680667\/"},"modified":"2026-02-22T18:37:21","modified_gmt":"2026-02-22T16:37:21","slug":"pyunkang-yul-acne-facial-cleanser-120ml","status":"publish","type":"product","link":"https:\/\/tomyklou.gr\/de\/product\/pyunkang-yul-acne-facial-cleanser-120ml\/","title":{"rendered":"Pyunkang Yul ACNE Facial Cleanser 120ml"},"content":{"rendered":"<h3>Anwendung<\/h3>\n<ol>\n<li>Die Haut im Gesicht und am Hals anfeuchten. Dann eine angemessene Menge mit sauberen H\u00e4nden auftragen.<\/li>\n<li>Sanft in die Haut einmassieren.<\/li>\n<li>Mit lauwarmem Wasser abwaschen und mit einem sauberen, weichen Handtuch trocken tupfen.<\/li>\n<li>F\u00fcr ein perfektes Resultat mit dem <strong>Pyunkang Yul\u00a0<\/strong>ACNE <a href=\"https:\/\/tomyklou.gr\/product\/pyunkang-yul-acne-spot-cream\/\">Spot Cream<\/a>, <a href=\"https:\/\/tomyklou.gr\/product\/pyunkang-yul-acne-dressing-mask-pack\/\">Dressing Mask Pack<\/a>, <a href=\"https:\/\/tomyklou.gr\/product\/pyunkang-yul-acne-cream\/\">Cream<\/a> und <a href=\"https:\/\/tomyklou.gr\/product\/pyunkang-yul-acne-spot-patch-super-thin\/\">Spot Patch Super Thin<\/a>.<\/li>\n<\/ol>\n<div class=\"cr-ph-1 cr-night-300 ellipsis\">\n<h3>Inhaltsstoffe<\/h3>\n<\/div>\n<div class=\"cr-ph-1 cr-night-300 ellipsis\"><span class=\"\" role=\"listitem\">Water,\u00a0<\/span><span class=\"\" role=\"listitem\">Cocamidopropyl Betaine,\u00a0<\/span><span class=\"\" role=\"listitem\">Sodium Methyl Oleoyl Taurate,\u00a0<\/span><span class=\"\" role=\"listitem\">PEG-75,\u00a0<\/span><span class=\"\" role=\"listitem\">Acrylates Copolymer,\u00a0<\/span><span class=\"\" role=\"listitem\">Glycerin,\u00a0<\/span><span class=\"\" role=\"listitem\">Disodium Cocoamphodipropionate,\u00a0<span class=\"showmore-mobile\" role=\"listitem\">PEG-120 Methyl Glucose Dioleate,\u00a0<\/span><span class=\"showmore-mobile\" role=\"listitem\">Dimethyl Sulfone,\u00a0<\/span><span class=\"showmore-mobile\" role=\"listitem\">Pyridoxine\u00a0<span class=\"black strikethrough\">HC\u00cd<\/span>\u200b,\u00a0<\/span><span class=\"showmore-mobile\" role=\"listitem\">Salix Alba (Willow) Bark Extract,\u00a0<\/span><span class=\"showmore-mobile\" role=\"listitem\">Forsythia Suspensa Fruit Extract,\u00a0<\/span><span class=\"showmore-mobile\" role=\"listitem\">Butylene Glycol,\u00a0<\/span><span class=\"showmore-mobile\" role=\"listitem\">Centella Asiatica Extract,\u00a0<\/span><span class=\"showmore-mobile\" role=\"listitem\">Polygonum Cuspidatum Root Extract,\u00a0<\/span><span class=\"showmore-mobile\" role=\"listitem\">Scutellaria Baicalensis Root Extract,\u00a0<\/span><span class=\"showmore-mobile\" role=\"listitem\">Camellia Sinensis Leaf Extract,\u00a0<\/span><span class=\"showmore-mobile\" role=\"listitem\">Glycyrrhiza Uralensis (Licorice) Root Extract,\u00a0<\/span><span class=\"showmore-mobile\" role=\"listitem\">Chamomilla Recutita (Matricaria) Flower Extract,\u00a0<\/span><span class=\"showmore-mobile\" role=\"listitem\">Rosmarinus Officinalis (Rosemary) Leaf Extract,\u00a0<\/span><span class=\"showmore-mobile\" role=\"listitem\">Sodium Chloride,\u00a0<\/span><span class=\"showmore-mobile\" role=\"listitem\">Copper Tripeptide-1,\u00a0<\/span><span class=\"showmore-mobile\" role=\"listitem\">Allantoin,\u00a0<\/span><span class=\"showmore-mobile\" role=\"listitem\">Citric Acid,\u00a0<\/span><span class=\"showmore-mobile\" role=\"listitem\">Potassium Hydroxide,\u00a0<\/span><span class=\"showmore-mobile\" role=\"listitem\">Hydroxyacetophenone,\u00a0<\/span><span class=\"showmore-mobile\" role=\"listitem\">Ethylhexylglycerin,\u00a0<\/span><span class=\"showmore-mobile\" role=\"listitem\">Disodium EDTA<\/span><\/span><\/div>\n<div class=\"cr-ph-1 cr-night-300 ellipsis\">\n<p>*Eine Ver\u00e4nderung der Inhaltsstoffe unterliegt dem Ermessen des Herstellers. Willst du vor dem Kauf ganz sicher gehen? Dann kontaktiere uns f\u00fcr ein Foto der aktuellen Produktverpackung.<\/p>\n<h3>Warnhinweise<\/h3>\n<ol>\n<li>Nur zur \u00e4u\u00dferlichen Anwendung geeignet.<\/li>\n<li>Nicht auf verletzte Haut oder auf Wunden auftragen.<\/li>\n<li>Sollten Nebenwirkungen wie Irritationen oder Ausschlag eintreten, Anwendung sofort beenden und unverz\u00fcglich an einen Arzt wenden.<\/li>\n<li>Kontakt mit den Augen vermeiden. Sollte das Produkt ins Auge gelangen, das Auge sofort gr\u00fcndlich mit klarem Wasser aussp\u00fclen.<\/li>\n<li>Au\u00dfer Reichweite von Kindern aufbewahren.<\/li>\n<li>Nicht schlucken. Bei Verschlucken Arzt oder Giftzentrale aufsuchen.<\/li>\n<\/ol>\n<\/div>\n","protected":false},"excerpt":{"rendered":"<p><strong>Pyunkang Yul<\/strong>\u00a0ACNE Facial Cleanser ist ein sanfter Gel-Reiniger, der sich mit seinen Micro-Bl\u00e4schen an die Haut anschmiegt. Die Akne-Linie von\u00a0<b>Pyunkang Yul<\/b>\u00a0k\u00fcmmert sich um jene mit Hautproblemen. Extrakte aus der Forsythia-Frucht und wei\u00dfer Weidenrinde entlasten aufgebrachte Haut sofort und regulieren \u00fcbersch\u00fcssigen Talg. Peptide sorgen f\u00fcr St\u00e4rkung der Hautbarriere und unterst\u00fctzen die Hautgesundheit.<\/p>\n<p>F\u00fcr ein perfektes Resultat mit dem <strong>Pyunkang Yul\u00a0<\/strong>ACNE <a href=\"https:\/\/tomyklou.gr\/product\/pyunkang-yul-acne-spot-cream\/\">Spot Cream<\/a>, <a href=\"https:\/\/tomyklou.gr\/product\/pyunkang-yul-acne-dressing-mask-pack\/\">Dressing Mask Pack<\/a>, <a href=\"https:\/\/tomyklou.gr\/product\/pyunkang-yul-acne-cream\/\">Cream<\/a> und <a href=\"https:\/\/tomyklou.gr\/product\/pyunkang-yul-acne-spot-patch-super-thin\/\">Spot Patch Super Thin<\/a>.<\/p>\n","protected":false},"featured_media":8603,"comment_status":"open","ping_status":"closed","template":"","meta":{"content-type":"","site-sidebar-layout":"default","site-content-layout":"default","ast-site-content-layout":"default","site-content-style":"default","site-sidebar-style":"default","ast-global-header-display":"","ast-banner-title-visibility":"","ast-main-header-display":"","ast-hfb-above-header-display":"","ast-hfb-below-header-display":"","ast-hfb-mobile-header-display":"","site-post-title":"","ast-breadcrumbs-content":"","ast-featured-img":"","footer-sml-layout":"","ast-disable-related-posts":"","theme-transparent-header-meta":"default","adv-header-id-meta":"","stick-header-meta":"","header-above-stick-meta":"","header-main-stick-meta":"","header-below-stick-meta":"","astra-migrate-meta-layouts":"default","ast-page-background-enabled":"default","ast-page-background-meta":{"desktop":{"background-color":"","background-image":"","background-repeat":"repeat","background-position":"center center","background-size":"auto","background-attachment":"scroll","background-type":"","background-media":"","overlay-type":"","overlay-color":"","overlay-opacity":"","overlay-gradient":""},"tablet":{"background-color":"","background-image":"","background-repeat":"repeat","background-position":"center center","background-size":"auto","background-attachment":"scroll","background-type":"","background-media":"","overlay-type":"","overlay-color":"","overlay-opacity":"","overlay-gradient":""},"mobile":{"background-color":"","background-image":"","background-repeat":"repeat","background-position":"center center","background-size":"auto","background-attachment":"scroll","background-type":"","background-media":"","overlay-type":"","overlay-color":"","overlay-opacity":"","overlay-gradient":""}},"ast-content-background-meta":{"desktop":{"background-color":"var(--ast-global-color-5)","background-image":"","background-repeat":"repeat","background-position":"center center","background-size":"auto","background-attachment":"scroll","background-type":"","background-media":"","overlay-type":"","overlay-color":"","overlay-opacity":"","overlay-gradient":""},"tablet":{"background-color":"var(--ast-global-color-5)","background-image":"","background-repeat":"repeat","background-position":"center center","background-size":"auto","background-attachment":"scroll","background-type":"","background-media":"","overlay-type":"","overlay-color":"","overlay-opacity":"","overlay-gradient":""},"mobile":{"background-color":"var(--ast-global-color-5)","background-image":"","background-repeat":"repeat","background-position":"center center","background-size":"auto","background-attachment":"scroll","background-type":"","background-media":"","overlay-type":"","overlay-color":"","overlay-opacity":"","overlay-gradient":""}}},"product_brand":[],"product_cat":[312,164,31],"product_tag":[64],"class_list":{"0":"post-8558","1":"product","2":"type-product","3":"status-publish","4":"has-post-thumbnail","6":"product_cat-gesichtsreiniger","7":"product_cat-pyunkang-yul","8":"product_cat-gesicht","9":"product_tag-reinigung","10":"desktop-align-center","11":"tablet-align-center","12":"mobile-align-center","14":"first","15":"outofstock","16":"taxable","17":"shipping-taxable","18":"purchasable","19":"product-type-simple"},"_links":{"self":[{"href":"https:\/\/tomyklou.gr\/de\/wp-json\/wp\/v2\/product\/8558","targetHints":{"allow":["GET"]}}],"collection":[{"href":"https:\/\/tomyklou.gr\/de\/wp-json\/wp\/v2\/product"}],"about":[{"href":"https:\/\/tomyklou.gr\/de\/wp-json\/wp\/v2\/types\/product"}],"replies":[{"embeddable":true,"href":"https:\/\/tomyklou.gr\/de\/wp-json\/wp\/v2\/comments?post=8558"}],"wp:featuredmedia":[{"embeddable":true,"href":"https:\/\/tomyklou.gr\/de\/wp-json\/wp\/v2\/media\/8603"}],"wp:attachment":[{"href":"https:\/\/tomyklou.gr\/de\/wp-json\/wp\/v2\/media?parent=8558"}],"wp:term":[{"taxonomy":"product_brand","embeddable":true,"href":"https:\/\/tomyklou.gr\/de\/wp-json\/wp\/v2\/product_brand?post=8558"},{"taxonomy":"product_cat","embeddable":true,"href":"https:\/\/tomyklou.gr\/de\/wp-json\/wp\/v2\/product_cat?post=8558"},{"taxonomy":"product_tag","embeddable":true,"href":"https:\/\/tomyklou.gr\/de\/wp-json\/wp\/v2\/product_tag?post=8558"}],"curies":[{"name":"wp","href":"https:\/\/api.w.org\/{rel}","templated":true}]}}