{"id":8629,"date":"2023-07-16T16:13:49","date_gmt":"2023-07-16T14:13:49","guid":{"rendered":"https:\/\/tomyklou.gr\/product\/pyunkang-yul-kids-baby-face-lotion-200ml\/"},"modified":"2026-02-22T18:30:28","modified_gmt":"2026-02-22T16:30:28","slug":"pyunkang-yul-kids-baby-face-lotion-200ml","status":"publish","type":"product","link":"https:\/\/tomyklou.gr\/de\/product\/pyunkang-yul-kids-baby-face-lotion-200ml\/","title":{"rendered":"Pyunkang Yul Kids &amp; Baby Face Lotion 200ml"},"content":{"rendered":"<h3>Anwendung<\/h3>\n<ol>\n<li>Tragen Sie eine m\u00e4\u00dfige Menge auf das Gesicht auf und massieren Sie es sanft ein, damit es einziehen kann.<\/li>\n<\/ol>\n<h3>Inhaltsstoffe<\/h3>\n<p>Purified Water, Glycerine, Dipropylene Glycol, Macadamia Integrifolia Seed Oil, Methylpropanediol, Hydrogenated Poly(C6-14 Olefin), Polyglyceryl-3 Distearate, Caprylic\/Capric Triglyceride, Octyldodecanol, Sorbitan Sesquioleate, Butylene Glycol, Ammonium Acryloyldimethyltaurate\/VP Copolymer, Caprylyl Glycol, Glyceryl Stearate Citrate, Pentylene Glycol, Hydroxyacetophenone, Helianthus Annuus (Sunflower) Seed Oil, Carbomer, Tromethamine, Trehalose, Hydrogenated Lecithin, Ethylhexylglycerin, Disodium EDTA, Tocopherol, Prunus Amygdalus Dulcis (Sweet Almond) Oil, Moringa Oleifera Seed Oil, Persea Gratissima (Avocado) Oil, Simmondsia Chinensis (Jojoba) Seed Oil, Argania Spinosa Kernel Oil, Camellia Sinensis (Green Tea) Seed Oil, 1,2-Hexanediol, Centella Asiatica Extract, Glycyrrhiza Glabra (Licorice) Root Extract, Artemisia Montana Leaf Extract, Macadamia Ternifolia Seed Oil, Sodium Hyaluronate, Vaccinium Corymbosum Fruit Extract, Anastatica Hierochuntica Extract, Lonicera Japonica (Honeysuckle) Flower Extract, Ginkgo Biloba Leaf Extract, Rosa Canina Fruit Oil, Phytosteryl\/Behenyl\/Octyldodecyl Lauroyl Glutamate, Cholesterol, Brassica Campestris Sterols, Hydrolyzed Hyaluronic Acid, Hydroxypropyltrimonium Hyaluronate, Polyglyceryl-10 Oleate, Potassium Cetyl Phosphate, Ceramide NP, Sodium Hyaluronate Crosspolymer, Sodium Acetylated Hyaluronate, Ceramide NS, Ceramide EOP, Citrus Aurantium Bergamia (Bergamot) Fruit Oil, Citrus Aurantium Dulcis (Orange) Peel Oil, Citrus Aurantium Dulcis (Orange) Peel Oil, Limonene, Linalool<\/p>\n<p>*Eine Ver\u00e4nderung der Inhaltsstoffe unterliegt dem Ermessen des Herstellers. Willst du vor dem Kauf ganz sicher gehen? Dann kontaktiere uns f\u00fcr ein Foto der aktuellen Produktverpackung.<\/p>\n<h3>Warnhinweise<\/h3>\n<ol>\n<li>Nur zur \u00e4u\u00dferlichen Anwendung geeignet.<\/li>\n<li>Nicht auf verletzte Haut oder auf Wunden auftragen.<\/li>\n<li>Sollten Nebenwirkungen wie Irritationen oder Ausschlag eintreten, Anwendung sofort beenden und unverz\u00fcglich an einen Arzt wenden.<\/li>\n<li>Kontakt mit den Augen vermeiden. Sollte das Produkt ins Auge gelangen, das Auge sofort gr\u00fcndlich mit klarem Wasser aussp\u00fclen.<\/li>\n<li>Au\u00dfer Reichweite von Kindern aufbewahren.<\/li>\n<li>Nicht schlucken. Bei Verschlucken Arzt oder Giftzentrale aufsuchen.<\/li>\n<\/ol>\n","protected":false},"excerpt":{"rendered":"<p>Feuchtigkeitsbarriere, um die Gesichtshaut feucht zu halten: Verst\u00e4rkte Feuchtigkeitsbarriere im Gesicht, das durch externe Stimulation trocken geworden ist, mit Auferstehungspflanzenextrakt und Dreifach-Ceramid<br \/>\nStarke Feuchtigkeitskraft, die die Haut tief auff\u00fcllt: Hagebutten- und Gr\u00fcnteesamen\u00f6l f\u00fcr angenehme Feuchtigkeitsversorgung aus vitaminreichen Pflanzeninhaltsstoffen<br \/>\nHautreizungstest abgeschlossen, angenehm hautberuhigend: Ein Produkt, das bedenkenlos verwendet werden kann, da es als mild und nicht reizend f\u00fcr empfindliche Haut beurteilt wurde<\/p>\n","protected":false},"featured_media":8627,"comment_status":"open","ping_status":"closed","template":"","meta":{"content-type":"","site-sidebar-layout":"default","site-content-layout":"default","ast-site-content-layout":"default","site-content-style":"default","site-sidebar-style":"default","ast-global-header-display":"","ast-banner-title-visibility":"","ast-main-header-display":"","ast-hfb-above-header-display":"","ast-hfb-below-header-display":"","ast-hfb-mobile-header-display":"","site-post-title":"","ast-breadcrumbs-content":"","ast-featured-img":"","footer-sml-layout":"","ast-disable-related-posts":"","theme-transparent-header-meta":"default","adv-header-id-meta":"","stick-header-meta":"","header-above-stick-meta":"","header-main-stick-meta":"","header-below-stick-meta":"","astra-migrate-meta-layouts":"default","ast-page-background-enabled":"default","ast-page-background-meta":{"desktop":{"background-color":"","background-image":"","background-repeat":"repeat","background-position":"center center","background-size":"auto","background-attachment":"scroll","background-type":"","background-media":"","overlay-type":"","overlay-color":"","overlay-opacity":"","overlay-gradient":""},"tablet":{"background-color":"","background-image":"","background-repeat":"repeat","background-position":"center center","background-size":"auto","background-attachment":"scroll","background-type":"","background-media":"","overlay-type":"","overlay-color":"","overlay-opacity":"","overlay-gradient":""},"mobile":{"background-color":"","background-image":"","background-repeat":"repeat","background-position":"center center","background-size":"auto","background-attachment":"scroll","background-type":"","background-media":"","overlay-type":"","overlay-color":"","overlay-opacity":"","overlay-gradient":""}},"ast-content-background-meta":{"desktop":{"background-color":"var(--ast-global-color-5)","background-image":"","background-repeat":"repeat","background-position":"center center","background-size":"auto","background-attachment":"scroll","background-type":"","background-media":"","overlay-type":"","overlay-color":"","overlay-opacity":"","overlay-gradient":""},"tablet":{"background-color":"var(--ast-global-color-5)","background-image":"","background-repeat":"repeat","background-position":"center center","background-size":"auto","background-attachment":"scroll","background-type":"","background-media":"","overlay-type":"","overlay-color":"","overlay-opacity":"","overlay-gradient":""},"mobile":{"background-color":"var(--ast-global-color-5)","background-image":"","background-repeat":"repeat","background-position":"center center","background-size":"auto","background-attachment":"scroll","background-type":"","background-media":"","overlay-type":"","overlay-color":"","overlay-opacity":"","overlay-gradient":""}}},"product_brand":[],"product_cat":[322,164,31,102],"product_tag":[35],"class_list":{"0":"post-8629","1":"product","2":"type-product","3":"status-publish","4":"has-post-thumbnail","6":"product_cat-gesichtscreme","7":"product_cat-pyunkang-yul","8":"product_cat-gesicht","9":"product_cat-kinderpflege","10":"product_tag-moisturizer","11":"desktop-align-center","12":"tablet-align-center","13":"mobile-align-center","15":"first","16":"outofstock","17":"taxable","18":"shipping-taxable","19":"purchasable","20":"product-type-simple"},"_links":{"self":[{"href":"https:\/\/tomyklou.gr\/de\/wp-json\/wp\/v2\/product\/8629","targetHints":{"allow":["GET"]}}],"collection":[{"href":"https:\/\/tomyklou.gr\/de\/wp-json\/wp\/v2\/product"}],"about":[{"href":"https:\/\/tomyklou.gr\/de\/wp-json\/wp\/v2\/types\/product"}],"replies":[{"embeddable":true,"href":"https:\/\/tomyklou.gr\/de\/wp-json\/wp\/v2\/comments?post=8629"}],"wp:featuredmedia":[{"embeddable":true,"href":"https:\/\/tomyklou.gr\/de\/wp-json\/wp\/v2\/media\/8627"}],"wp:attachment":[{"href":"https:\/\/tomyklou.gr\/de\/wp-json\/wp\/v2\/media?parent=8629"}],"wp:term":[{"taxonomy":"product_brand","embeddable":true,"href":"https:\/\/tomyklou.gr\/de\/wp-json\/wp\/v2\/product_brand?post=8629"},{"taxonomy":"product_cat","embeddable":true,"href":"https:\/\/tomyklou.gr\/de\/wp-json\/wp\/v2\/product_cat?post=8629"},{"taxonomy":"product_tag","embeddable":true,"href":"https:\/\/tomyklou.gr\/de\/wp-json\/wp\/v2\/product_tag?post=8629"}],"curies":[{"name":"wp","href":"https:\/\/api.w.org\/{rel}","templated":true}]}}