{"id":8632,"date":"2023-07-16T16:13:53","date_gmt":"2023-07-16T14:13:53","guid":{"rendered":"https:\/\/tomyklou.gr\/product\/pyunkang-yul-kids-baby-lotion-590ml\/"},"modified":"2026-02-22T18:30:28","modified_gmt":"2026-02-22T16:30:28","slug":"pyunkang-yul-kids-baby-lotion-590ml","status":"publish","type":"product","link":"https:\/\/tomyklou.gr\/de\/product\/pyunkang-yul-kids-baby-lotion-590ml\/","title":{"rendered":"Pyunkang Yul Kids &amp; Baby Lotion 590ml"},"content":{"rendered":"<h3>Anwendung<\/h3>\n<ol>\n<li>Eine m\u00e4\u00dfige Menge auf die trockenen Stellen auftragen und mit kreisenden Bewegungen sanft einmassieren.<\/li>\n<\/ol>\n<h3>Inhaltsstoffe<\/h3>\n<p>Purified Water, Glycerine, Dipropylene Glycol, Caprylic\/Capric Triglyceride, Isopropyl Palmitate, Polyglyceryl-3 Distearate, Butyrospermum Parkii (Shea) Butter, Pentaerythrityl Stearate\/Caprate\/Caprylate\/Adipate, Stearyl Alcohol, Stearic Acid, Palmitic Acid, Sorbitan Stearate, Glyceryl Stearate Citrate, Trehalose, Hydrogenated Lecithin, Arachidic Acid, Myristic Acid, Oleic Acid, Trideceth-10, Sodium Polyacryloyldimethyl Taurate, Hydrogenated Polydecene, Helianthus Annuus (Sunflower) Seed Oil, Macadamia Ternifolia Seed Oil, Argania Spinosa Kernel Oil, Persea Gratissima (Avocado) Oil, Prunus Amygdalus Dulcis (Sweet Almond) Oil, Simmondsia Chinensis (Jojoba) Seed Oil, Sodium Hyaluronate, Hydrolyzed Hyaluronic Acid, Hydroxypropyltrimonium Hyaluronate, Sodium Hyaluronate Crosspolymer, Sodium Acetylated Hyaluronate, Centella Asiatica Extract, Anastatica Hierochuntica Extract, Artemisia Vulgaris Extract, Lonicera Japonica (Honeysuckle) Flower Extract, Dimethicone, Xanthan Gum, Carbomer, Tromethamine, Ceramide NP, Ceramide NS, Ceramide EOP, Brassica Campestris Sterols, Cholesterol, Phytosteryl\/Behenyl\/Octyldodecyl Lauroyl Glutamate, Polyglyceryl-10 Oleate, Potassium Cetyl Phosphate, Butylene Glycol, Caprylyl Glycol, Pentylene Glycol, Tocopherol, Ethylhexylglycerin, Hydroxyacetophenone, Disodium EDTA, 1,2-Hexanediol, Citrus Nobilis (Mandarin Orange) Peel Oil, Citrus Aurantium Bergamia (Bergamot) Fruit Oil, Citrus Aurantium Dulcis (Orange) Peel Oil, Limonene, Linalool<\/p>\n<p>*Eine Ver\u00e4nderung der Inhaltsstoffe unterliegt dem Ermessen des Herstellers. Willst du vor dem Kauf ganz sicher gehen? Dann kontaktiere uns f\u00fcr ein Foto der aktuellen Produktverpackung.<\/p>\n<h3>Warnhinweise<\/h3>\n<ol>\n<li>Nur zur \u00e4u\u00dferlichen Anwendung geeignet.<\/li>\n<li>Nicht auf verletzte Haut oder auf Wunden auftragen.<\/li>\n<li>Sollten Nebenwirkungen wie Irritationen oder Ausschlag eintreten, Anwendung sofort beenden und unverz\u00fcglich an einen Arzt wenden.<\/li>\n<li>Kontakt mit den Augen vermeiden. Sollte das Produkt ins Auge gelangen, das Auge sofort gr\u00fcndlich mit klarem Wasser aussp\u00fclen.<\/li>\n<li>Au\u00dfer Reichweite von Kindern aufbewahren.<\/li>\n<li>Nicht schlucken. Bei Verschlucken Arzt oder Giftzentrale aufsuchen.<\/li>\n<\/ol>\n","protected":false},"excerpt":{"rendered":"<p>Eine leichte, stark feuchtigkeitsspendende Creme, die empfindliche Haut pflegt und regeneriert.<br \/>\nFormuliert mit dem Extrakt von Selaginella Lepidophylla, einer Pflanze, die unter rauen Bedingungen \u00fcberleben kann, um Feuchtigkeit zu spenden und die Feuchtigkeit der Haut einzuschlie\u00dfen.<br \/>\nWeiter angereichert mit drei Arten von Ceramiden, um eine feuchtigkeitsspendende Schicht auf der Haut zu bilden, aufzuf\u00fcllen und das Gleichgewicht der Haut wiederherzustellen.<br \/>\nEnth\u00e4lt eine Mischung aus pflanzlichen \u00d6len, um reichlich N\u00e4hrstoffe zu liefern.<br \/>\nTest auf Hautreizung abgeschlossen.<\/p>\n","protected":false},"featured_media":8630,"comment_status":"open","ping_status":"closed","template":"","meta":{"content-type":"","site-sidebar-layout":"default","site-content-layout":"default","ast-site-content-layout":"default","site-content-style":"default","site-sidebar-style":"default","ast-global-header-display":"","ast-banner-title-visibility":"","ast-main-header-display":"","ast-hfb-above-header-display":"","ast-hfb-below-header-display":"","ast-hfb-mobile-header-display":"","site-post-title":"","ast-breadcrumbs-content":"","ast-featured-img":"","footer-sml-layout":"","ast-disable-related-posts":"","theme-transparent-header-meta":"default","adv-header-id-meta":"","stick-header-meta":"","header-above-stick-meta":"","header-main-stick-meta":"","header-below-stick-meta":"","astra-migrate-meta-layouts":"set","ast-page-background-enabled":"default","ast-page-background-meta":{"desktop":{"background-color":"","background-image":"","background-repeat":"repeat","background-position":"center center","background-size":"auto","background-attachment":"scroll","background-type":"","background-media":"","overlay-type":"","overlay-color":"","overlay-opacity":"","overlay-gradient":""},"tablet":{"background-color":"","background-image":"","background-repeat":"repeat","background-position":"center center","background-size":"auto","background-attachment":"scroll","background-type":"","background-media":"","overlay-type":"","overlay-color":"","overlay-opacity":"","overlay-gradient":""},"mobile":{"background-color":"","background-image":"","background-repeat":"repeat","background-position":"center center","background-size":"auto","background-attachment":"scroll","background-type":"","background-media":"","overlay-type":"","overlay-color":"","overlay-opacity":"","overlay-gradient":""}},"ast-content-background-meta":{"desktop":{"background-color":"var(--ast-global-color-5)","background-image":"","background-repeat":"repeat","background-position":"center center","background-size":"auto","background-attachment":"scroll","background-type":"","background-media":"","overlay-type":"","overlay-color":"","overlay-opacity":"","overlay-gradient":""},"tablet":{"background-color":"var(--ast-global-color-5)","background-image":"","background-repeat":"repeat","background-position":"center center","background-size":"auto","background-attachment":"scroll","background-type":"","background-media":"","overlay-type":"","overlay-color":"","overlay-opacity":"","overlay-gradient":""},"mobile":{"background-color":"var(--ast-global-color-5)","background-image":"","background-repeat":"repeat","background-position":"center center","background-size":"auto","background-attachment":"scroll","background-type":"","background-media":"","overlay-type":"","overlay-color":"","overlay-opacity":"","overlay-gradient":""}}},"product_brand":[],"product_cat":[164,85,71,102],"product_tag":[],"class_list":{"0":"post-8632","1":"product","2":"type-product","3":"status-publish","4":"has-post-thumbnail","6":"product_cat-pyunkang-yul","7":"product_cat-koerperlotion","8":"product_cat-koerperpflege","9":"product_cat-kinderpflege","10":"desktop-align-center","11":"tablet-align-center","12":"mobile-align-center","14":"first","15":"outofstock","16":"taxable","17":"shipping-taxable","18":"purchasable","19":"product-type-simple"},"_links":{"self":[{"href":"https:\/\/tomyklou.gr\/de\/wp-json\/wp\/v2\/product\/8632","targetHints":{"allow":["GET"]}}],"collection":[{"href":"https:\/\/tomyklou.gr\/de\/wp-json\/wp\/v2\/product"}],"about":[{"href":"https:\/\/tomyklou.gr\/de\/wp-json\/wp\/v2\/types\/product"}],"replies":[{"embeddable":true,"href":"https:\/\/tomyklou.gr\/de\/wp-json\/wp\/v2\/comments?post=8632"}],"wp:featuredmedia":[{"embeddable":true,"href":"https:\/\/tomyklou.gr\/de\/wp-json\/wp\/v2\/media\/8630"}],"wp:attachment":[{"href":"https:\/\/tomyklou.gr\/de\/wp-json\/wp\/v2\/media?parent=8632"}],"wp:term":[{"taxonomy":"product_brand","embeddable":true,"href":"https:\/\/tomyklou.gr\/de\/wp-json\/wp\/v2\/product_brand?post=8632"},{"taxonomy":"product_cat","embeddable":true,"href":"https:\/\/tomyklou.gr\/de\/wp-json\/wp\/v2\/product_cat?post=8632"},{"taxonomy":"product_tag","embeddable":true,"href":"https:\/\/tomyklou.gr\/de\/wp-json\/wp\/v2\/product_tag?post=8632"}],"curies":[{"name":"wp","href":"https:\/\/api.w.org\/{rel}","templated":true}]}}