{"id":8640,"date":"2023-07-16T16:13:57","date_gmt":"2023-07-16T14:13:57","guid":{"rendered":"https:\/\/tomyklou.gr\/product\/pyunkang-yul-kids-baby-shampoo-590ml\/"},"modified":"2026-02-22T18:30:28","modified_gmt":"2026-02-22T16:30:28","slug":"pyunkang-yul-kids-baby-shampoo-590ml","status":"publish","type":"product","link":"https:\/\/tomyklou.gr\/de\/product\/pyunkang-yul-kids-baby-shampoo\/","title":{"rendered":"Pyunkang yul Kids &amp; Baby Shampoo 590ml"},"content":{"rendered":"<h3>Anwendung<\/h3>\n<ol>\n<li>Geben Sie eine kleine Menge Shampoo auf Ihre Handfl\u00e4chen.<\/li>\n<li>Massieren Sie das Shampoo mit den Fingerspitzen in die Kopfhaut ein.<\/li>\n<li>Mit warmem Wasser absp\u00fclen.<\/li>\n<\/ol>\n<h3>Hauptinhaltsstoffe<\/h3>\n<p>Purified Water, Sodium C14-16 Olefin Sulfonate, Lauryl Betaine, Coco-Glucoside, Hydroxyacetophenone, Tetradecene, Caprylyl Glycol, Polyquaternium-10, Sodium Chloride, Hexadecene, Citrus Nobilis (Mandarin Orange) Peel Extract, Citric Acid, Citrus Aurantium Dulcis (Orange) Peel Oil, Citrus Aurantium Bergamia (Bergamot) Fruit Oil, Citrus Nobilis (Mandarin Orange) Peel Oil, Disodium EDTA, Centella Asiatica Extract, Butylene Glycol, Acorus Calamus Root Extract, Houttuynia Cordata Extract, Perilla Frutescens Leaf Extract, Artemisia Vulgaris Extract, Camellia Sinensis Leaf Extract, Propanediol, 1,2-Hexanediol, Phaseolus Angularis Seed Extract, Cnidium Officinale Root Extract, Simmondsia Chinensis (Jojoba) Seed Oil, Helianthus Annuus (Sunflower) Seed Oil, Lonicera Japonica (Honeysuckle) Flower Extract, Lens Esculenta (Lentil) Fruit Extract, Persea Gratissima (Avocado) Oil, Argania Spinosa Kernel Oil, Prunus Amygdalus Dulcis (Sweet Almond) Oil, Sodium Hyaluronate, Arachis Hypogaea (Peanut) Fruit Extract, Camellia Japonica Seed Oil, Phaseolus Radiatus Seed Extract, Phaseolus Vulgaris (Kidney Bean) Seed Extract, Hydrolyzed Hyaluronic Acid, Hydroxypropyltrimonium Hyaluronate, Pentylene Glycol, Sodium Hyaluronate Crosspolymer, Sodium Acetylated Hyaluronate, Limonene<\/p>\n<h3>Warnhinweise<\/h3>\n<ol>\n<li>Nur zur \u00e4u\u00dferlichen Anwendung geeignet.<\/li>\n<li>Nicht auf verletzte Haut oder auf Wunden auftragen.<\/li>\n<li>Sollten Nebenwirkungen wie Irritationen oder Ausschlag eintreten, Anwendung sofort beenden und unverz\u00fcglich an einen Arzt wenden.<\/li>\n<li>Kontakt mit den Augen vermeiden. Sollte das Produkt ins Auge gelangen, das Auge sofort gr\u00fcndlich mit klarem Wasser aussp\u00fclen.<\/li>\n<li>Au\u00dfer Reichweite von Kindern aufbewahren.<\/li>\n<li>Nicht schlucken. Bei Verschlucken Arzt oder Giftzentrale aufsuchen.<\/li>\n<\/ol>\n","protected":false},"excerpt":{"rendered":"<p><strong>Vorteile: <\/strong><\/p>\n<ul>\n<li>Eine stark feuchtigkeitsspendende K\u00f6rperw\u00e4sche, die empfindliche Haut reinigt und regeneriert.<\/li>\n<li>Enth\u00e4lt Reisextrakt und Extrakt aus gr\u00fcnen Bohnen, um eine hervorragende Reinigungskraft zu liefern und gleichzeitig gesundes Haar und gesunde Kopfhaut zu unterst\u00fctzen.<\/li>\n<li>Formuliert mit dem Extrakt von Selaginella Lepidophylla, einer Pflanze, die unter rauen Bedingungen \u00fcberleben kann, um Feuchtigkeit zu spenden und die Feuchtigkeit der Haut einzuschlie\u00dfen<\/li>\n<li>Angereichert mit f\u00fcnf Arten von Hyalurons\u00e4ure, um Feuchtigkeit aufzuf\u00fcllen und das Gleichgewicht der Kopfhaut wiederherzustellen.<\/li>\n<li>Enth\u00e4lt eine Mischung aus pflanzlichen \u00d6len, um reichlich N\u00e4hrstoffe zu liefern.<\/li>\n<li>Test auf Hautreizung abgeschlossen.<\/li>\n<\/ul>\n<p><strong>\u00dcber die Marke: Pyunkang Yul <\/strong><\/p>\n<p>Pyunkang Yul wurde im M\u00e4rz 2016 vom Pyunkang Korean Medicine Hospital gegr\u00fcndet, einer Klinik, die f\u00fcr die Behandlung atopischer Hauterkrankungen bekannt ist. Die Marke verfolgt eine Philosophie des ganzheitlichen k\u00f6rperlichen Wohlergehens und daher ist Pyunkang Yul davon \u00fcberzeugt, dass der Weg zu einer gesunden Haut \u00fcber ein ausgewogenes Fett-Wasser-Verh\u00e4ltnis f\u00fchrt. Die Marke vermeidet \u00fcberfl\u00fcssige chemische Stoffe und verwendet ausschlie\u00dflich nat\u00fcrliche und sanfte Inhaltsstoffe. Die Bestseller der Marke umfassen die Moisture Ampoule (feuchtigkeitsspendend) und Moisture Cream (Feuchtigkeitscreme) aus der Basic Line, sowie die ATO Cream, den Cleanser und die Lotion aus der ATO-Linie f\u00fcr sensible Haut. Die Produkte werden zu 100 % in Korea und ohne Tierversuche hergestellt. YesStyle ist ein H\u00e4ndler von Pyunkang Yul.<\/p>\n","protected":false},"featured_media":8637,"comment_status":"open","ping_status":"closed","template":"","meta":{"content-type":"","site-sidebar-layout":"default","site-content-layout":"default","ast-site-content-layout":"default","site-content-style":"default","site-sidebar-style":"default","ast-global-header-display":"","ast-banner-title-visibility":"","ast-main-header-display":"","ast-hfb-above-header-display":"","ast-hfb-below-header-display":"","ast-hfb-mobile-header-display":"","site-post-title":"","ast-breadcrumbs-content":"","ast-featured-img":"","footer-sml-layout":"","ast-disable-related-posts":"","theme-transparent-header-meta":"default","adv-header-id-meta":"","stick-header-meta":"","header-above-stick-meta":"","header-main-stick-meta":"","header-below-stick-meta":"","astra-migrate-meta-layouts":"default","ast-page-background-enabled":"default","ast-page-background-meta":{"desktop":{"background-color":"","background-image":"","background-repeat":"repeat","background-position":"center center","background-size":"auto","background-attachment":"scroll","background-type":"","background-media":"","overlay-type":"","overlay-color":"","overlay-opacity":"","overlay-gradient":""},"tablet":{"background-color":"","background-image":"","background-repeat":"repeat","background-position":"center center","background-size":"auto","background-attachment":"scroll","background-type":"","background-media":"","overlay-type":"","overlay-color":"","overlay-opacity":"","overlay-gradient":""},"mobile":{"background-color":"","background-image":"","background-repeat":"repeat","background-position":"center center","background-size":"auto","background-attachment":"scroll","background-type":"","background-media":"","overlay-type":"","overlay-color":"","overlay-opacity":"","overlay-gradient":""}},"ast-content-background-meta":{"desktop":{"background-color":"var(--ast-global-color-5)","background-image":"","background-repeat":"repeat","background-position":"center center","background-size":"auto","background-attachment":"scroll","background-type":"","background-media":"","overlay-type":"","overlay-color":"","overlay-opacity":"","overlay-gradient":""},"tablet":{"background-color":"var(--ast-global-color-5)","background-image":"","background-repeat":"repeat","background-position":"center center","background-size":"auto","background-attachment":"scroll","background-type":"","background-media":"","overlay-type":"","overlay-color":"","overlay-opacity":"","overlay-gradient":""},"mobile":{"background-color":"var(--ast-global-color-5)","background-image":"","background-repeat":"repeat","background-position":"center center","background-size":"auto","background-attachment":"scroll","background-type":"","background-media":"","overlay-type":"","overlay-color":"","overlay-opacity":"","overlay-gradient":""}}},"product_brand":[],"product_cat":[312,164,83,71,102],"product_tag":[64],"class_list":{"0":"post-8640","1":"product","2":"type-product","3":"status-publish","4":"has-post-thumbnail","6":"product_cat-gesichtsreiniger","7":"product_cat-pyunkang-yul","8":"product_cat-haar","9":"product_cat-koerperpflege","10":"product_cat-kinderpflege","11":"product_tag-reinigung","12":"desktop-align-center","13":"tablet-align-center","14":"mobile-align-center","16":"first","17":"outofstock","18":"taxable","19":"shipping-taxable","20":"purchasable","21":"product-type-simple"},"_links":{"self":[{"href":"https:\/\/tomyklou.gr\/de\/wp-json\/wp\/v2\/product\/8640","targetHints":{"allow":["GET"]}}],"collection":[{"href":"https:\/\/tomyklou.gr\/de\/wp-json\/wp\/v2\/product"}],"about":[{"href":"https:\/\/tomyklou.gr\/de\/wp-json\/wp\/v2\/types\/product"}],"replies":[{"embeddable":true,"href":"https:\/\/tomyklou.gr\/de\/wp-json\/wp\/v2\/comments?post=8640"}],"wp:featuredmedia":[{"embeddable":true,"href":"https:\/\/tomyklou.gr\/de\/wp-json\/wp\/v2\/media\/8637"}],"wp:attachment":[{"href":"https:\/\/tomyklou.gr\/de\/wp-json\/wp\/v2\/media?parent=8640"}],"wp:term":[{"taxonomy":"product_brand","embeddable":true,"href":"https:\/\/tomyklou.gr\/de\/wp-json\/wp\/v2\/product_brand?post=8640"},{"taxonomy":"product_cat","embeddable":true,"href":"https:\/\/tomyklou.gr\/de\/wp-json\/wp\/v2\/product_cat?post=8640"},{"taxonomy":"product_tag","embeddable":true,"href":"https:\/\/tomyklou.gr\/de\/wp-json\/wp\/v2\/product_tag?post=8640"}],"curies":[{"name":"wp","href":"https:\/\/api.w.org\/{rel}","templated":true}]}}