{"id":8659,"date":"2023-07-16T16:14:07","date_gmt":"2023-07-16T14:14:07","guid":{"rendered":"https:\/\/tomyklou.gr\/product\/pyunkang-yul-sleeping-mask-120ml\/"},"modified":"2026-02-22T18:30:27","modified_gmt":"2026-02-22T16:30:27","slug":"pyunkang-yul-sleeping-mask-120ml","status":"publish","type":"product","link":"https:\/\/tomyklou.gr\/de\/product\/pyunkang-yul-sleeping-mask\/","title":{"rendered":"Pyunkang yul Sleeping Mask 120ml"},"content":{"rendered":"<h3>Anwendung<\/h3>\n<ol>\n<li>Tragen Sie als letzten Schritt der Abendroutine eine gro\u00dfz\u00fcgige Schicht auf die Haut auf.<\/li>\n<li>Sanft einklopfen, nicht reiben, in die Haut einmassieren, bis sie eingezogen ist.<\/li>\n<\/ol>\n<h3>Hauptinhaltsstoffe<\/h3>\n<p>Purified Water, Butylene Glycol, Glycerin, Cyclohexasiloxane, Caprylyl Methicone, Polyglyceryl-3Methylglucose Distearate, Hydroxyacetophenone, Trehalose, Sodium Polyacryloyldimethyltaurate, Carbomer, Isododecane, Ammonium Acryloyldimethyl Taurate\/Vpicopolymer, Dicaprylyl Ether, Sodium Methyl Stearoyl Taurate, Panthenol, Astragalus Membranaceus Root Extract, Tromethamine, Salix Alba Bark Extract, Dipropylene Glycol, Ethylhexyl Glycerin, Polyglyceryl-10 Dilaurate, Dimethicone\/Vinyl Dimethicone Crosspolymer, Disodium EDTA, Dipotassium Glycyrrhizate, Gluconolactone, Moringa Oleifera Seed Oil, 1,2-Hexanediol, Polyglyceryl-10 Myristate, Pentylene Glycol, Ceramide NP, Caprylyl Glycol, Phytosphingosine, Lonicera Japonica (Honeysuckle) Flower Extract, Sodium Hyaluronate, Hydrogenated Lecithin, Caprylic\/Capric Triglyceride, Cetylethylhexanoate, Ethylhexyl Palmitate<\/p>\n<h3>Warnhinweise<\/h3>\n<ol>\n<li>Nur zur \u00e4u\u00dferlichen Anwendung geeignet.<\/li>\n<li>Nicht auf verletzte Haut oder auf Wunden auftragen.<\/li>\n<li>Sollten Nebenwirkungen wie Irritationen oder Ausschlag eintreten, Anwendung sofort beenden und unverz\u00fcglich an einen Arzt wenden.<\/li>\n<li>Kontakt mit den Augen vermeiden. Sollte das Produkt ins Auge gelangen, das Auge sofort gr\u00fcndlich mit klarem Wasser aussp\u00fclen.<\/li>\n<li>Au\u00dfer Reichweite von Kindern aufbewahren.<\/li>\n<li>Nicht schlucken. Bei Verschlucken Arzt oder Giftzentrale aufsuchen.<\/li>\n<\/ol>\n","protected":false},"excerpt":{"rendered":"<p>Eine hautgl\u00e4ttende Schlafmaske, die den Feuchtigkeitsgehalt Ihrer Haut ankurbelt und am n\u00e4chsten Morgen f\u00fcr ein geschmeidiges, taufrisches Aussehen sorgt.<br \/>\nAngereichert mit Ceramiden, um Ihre empfindliche Haut mit Feuchtigkeit aufzuf\u00fcllen und gleichzeitig die Hautbarriere zu st\u00e4rken.<br \/>\nWeiter angereichert mit aus Fr\u00fcchten gewonnenem PHA und Salix-Alba-Rindenextrakt, um die Haut f\u00fcr ein sanftes Hautgef\u00fchl zu peelen.<br \/>\nEnth\u00e4lt EWG-gepr\u00fcfte Inhaltsstoffe, um Ihre Haut die ganze Nacht \u00fcber zu beruhigen und zu revitalisieren.<\/p>\n","protected":false},"featured_media":8656,"comment_status":"open","ping_status":"closed","template":"","meta":{"content-type":"","site-sidebar-layout":"default","site-content-layout":"default","ast-site-content-layout":"default","site-content-style":"default","site-sidebar-style":"default","ast-global-header-display":"","ast-banner-title-visibility":"","ast-main-header-display":"","ast-hfb-above-header-display":"","ast-hfb-below-header-display":"","ast-hfb-mobile-header-display":"","site-post-title":"","ast-breadcrumbs-content":"","ast-featured-img":"","footer-sml-layout":"","ast-disable-related-posts":"","theme-transparent-header-meta":"default","adv-header-id-meta":"","stick-header-meta":"","header-above-stick-meta":"","header-main-stick-meta":"","header-below-stick-meta":"","astra-migrate-meta-layouts":"default","ast-page-background-enabled":"default","ast-page-background-meta":{"desktop":{"background-color":"","background-image":"","background-repeat":"repeat","background-position":"center center","background-size":"auto","background-attachment":"scroll","background-type":"","background-media":"","overlay-type":"","overlay-color":"","overlay-opacity":"","overlay-gradient":""},"tablet":{"background-color":"","background-image":"","background-repeat":"repeat","background-position":"center center","background-size":"auto","background-attachment":"scroll","background-type":"","background-media":"","overlay-type":"","overlay-color":"","overlay-opacity":"","overlay-gradient":""},"mobile":{"background-color":"","background-image":"","background-repeat":"repeat","background-position":"center center","background-size":"auto","background-attachment":"scroll","background-type":"","background-media":"","overlay-type":"","overlay-color":"","overlay-opacity":"","overlay-gradient":""}},"ast-content-background-meta":{"desktop":{"background-color":"var(--ast-global-color-5)","background-image":"","background-repeat":"repeat","background-position":"center center","background-size":"auto","background-attachment":"scroll","background-type":"","background-media":"","overlay-type":"","overlay-color":"","overlay-opacity":"","overlay-gradient":""},"tablet":{"background-color":"var(--ast-global-color-5)","background-image":"","background-repeat":"repeat","background-position":"center center","background-size":"auto","background-attachment":"scroll","background-type":"","background-media":"","overlay-type":"","overlay-color":"","overlay-opacity":"","overlay-gradient":""},"mobile":{"background-color":"var(--ast-global-color-5)","background-image":"","background-repeat":"repeat","background-position":"center center","background-size":"auto","background-attachment":"scroll","background-type":"","background-media":"","overlay-type":"","overlay-color":"","overlay-opacity":"","overlay-gradient":""}}},"product_brand":[],"product_cat":[316,164,31],"product_tag":[34],"class_list":{"0":"post-8659","1":"product","2":"type-product","3":"status-publish","4":"has-post-thumbnail","6":"product_cat-gesichtsmaske","7":"product_cat-pyunkang-yul","8":"product_cat-gesicht","9":"product_tag-sheet","10":"desktop-align-center","11":"tablet-align-center","12":"mobile-align-center","14":"first","15":"outofstock","16":"taxable","17":"shipping-taxable","18":"purchasable","19":"product-type-simple"},"_links":{"self":[{"href":"https:\/\/tomyklou.gr\/de\/wp-json\/wp\/v2\/product\/8659","targetHints":{"allow":["GET"]}}],"collection":[{"href":"https:\/\/tomyklou.gr\/de\/wp-json\/wp\/v2\/product"}],"about":[{"href":"https:\/\/tomyklou.gr\/de\/wp-json\/wp\/v2\/types\/product"}],"replies":[{"embeddable":true,"href":"https:\/\/tomyklou.gr\/de\/wp-json\/wp\/v2\/comments?post=8659"}],"wp:featuredmedia":[{"embeddable":true,"href":"https:\/\/tomyklou.gr\/de\/wp-json\/wp\/v2\/media\/8656"}],"wp:attachment":[{"href":"https:\/\/tomyklou.gr\/de\/wp-json\/wp\/v2\/media?parent=8659"}],"wp:term":[{"taxonomy":"product_brand","embeddable":true,"href":"https:\/\/tomyklou.gr\/de\/wp-json\/wp\/v2\/product_brand?post=8659"},{"taxonomy":"product_cat","embeddable":true,"href":"https:\/\/tomyklou.gr\/de\/wp-json\/wp\/v2\/product_cat?post=8659"},{"taxonomy":"product_tag","embeddable":true,"href":"https:\/\/tomyklou.gr\/de\/wp-json\/wp\/v2\/product_tag?post=8659"}],"curies":[{"name":"wp","href":"https:\/\/api.w.org\/{rel}","templated":true}]}}