{"id":8845,"date":"2023-08-23T22:52:12","date_gmt":"2023-08-23T19:52:12","guid":{"rendered":"https:\/\/tomyklou.gr\/product\/\/"},"modified":"2026-02-22T18:30:27","modified_gmt":"2026-02-22T16:30:27","slug":"heimish-marine-care-retinol-eye-serum-30ml","status":"publish","type":"product","link":"https:\/\/tomyklou.gr\/de\/product\/heimish-marine-care-retinol-eye-serum\/","title":{"rendered":"Heimish Marine Care Retinol Eye Serum"},"content":{"rendered":"<h3>Anwendung<\/h3>\n<ol>\n<li>Morgens und abends vor dem Auftragen der Creme gleichm\u00e4\u00dfig auf das Gesicht auftragen und sanft einklopfen, damit sie in die Haut einzieht.<\/li>\n<li>Verwenden Sie ein Augenmassageger\u00e4t, um die Augenhaut sanft zu pflegen.<\/li>\n<\/ol>\n<h3>Inhaltsstoffe<\/h3>\n<p>Marine water, Peptide, Plant stem cell extract Water, Butylene Glycol, Ecklonia Cava Extract, Undaria Pinnatifida Extract, Hizikia Fusiforme Extract, Laminaria Japonica Extract, Glycerin, Cetearyl Alcohol, Caprylic\/Capric Triglyceride, Cetyl Ethylhexanoate, Hydrogenated Polydecene, Macadamia Ternifolia Seed Oil, Niacinamide, Cyclopentasiloxane, Glycol Palmitate, Glycol Stearate SE, 1,2-Hexanediol, Hydrogenated Vegetable Oil, Butyrospermum Parkii (Shea) Butter, Glyceryl Stearate, Cyclohexasiloxane, Sodium Hyaluronate, Beta-Glucan, Leontopodium Alpinum Callus Culture Extract, Agarum Cribosum Extract, Codium Fragile Extract, Codium Tomentosum Extract, Enteromorpha Compressa Extract, Laminaria Cloustoni Extract, Laminaria Digitata Extract, Porphyra Yezoensis Extract, Solidago Virgaurea (Goldenrod) Extract, Ulva Lactuca Extract, Copper Tripeptide-1, Ethylhexylglycerin, Acetyl Hexapeptide-8, Adenosine, Trehalose, Tocopheryl Acetate, Sorbitan Olivate, Sorbitan Palmitate, Dipropylene Glycol, Titanium Dioxide,Glycol, CI 77288, Palmitic Acid, Sorbitan Isostearate, CI 77492, CI 77499, Stearic Acid, Aluminum Starch Octenylsuccinate, Hydrogenated Lecithin, Cetyl Palmitate, Dimethicone, Hydroxyacetophenone, Polyacrylate-13, PEG-100 Stearate, Polyisobutene, Polysorbate 20, Butylphenyl Methylpropional, Linalool, Fragrance, Disodium EDTA<\/p>\n<h3>Warnhinweise<\/h3>\n<ol>\n<li>Nur zur \u00e4u\u00dferlichen Anwendung geeignet.<\/li>\n<li>Nicht auf verletzte Haut oder auf Wunden auftragen.<\/li>\n<li>Sollten Nebenwirkungen wie Irritationen oder Ausschlag eintreten, Anwendung sofort beenden und unverz\u00fcglich an einen Arzt wenden.<\/li>\n<li>Kontakt mit den Augen vermeiden. Sollte das Produkt ins Auge gelangen, das Auge sofort gr\u00fcndlich mit klarem Wasser aussp\u00fclen.<\/li>\n<li>Au\u00dfer Reichweite von Kindern aufbewahren.<\/li>\n<li>Nicht schlucken. Bei Verschlucken Arzt oder Giftzentrale aufsuchen.<\/li>\n<\/ol>\n","protected":false},"excerpt":{"rendered":"<p>TOTAL EYE CARE CREME F\u00dcR FALTEN UND HYDRATION! Heimish pr\u00e4sentiert Ihnen die Marine Care Retinol Eye Serum, die entwickelt wurde, um Ihre Falten zu gl\u00e4tten, Ihre Haut mit Feuchtigkeit zu versorgen und Augenringe zu reduzieren.<br \/>\nEs wird empfohlen, diese reichhaltige und dicke Serum nachts zu verwenden, damit Ihre Haut alle N\u00e4hrstoffe und Mineralien aufnehmen kann, damit Sie den Morgen mit einem strahlenden Start beginnen k\u00f6nnen!<\/p>\n<p>&#8211; Hergestellt aus fermentiertem Algenextrakt und mineralreichem Meerwasser. Es verj\u00fcngt den Bereich um das Auge.<br \/>\n&#8211; Verringert das Auftreten von Falten und feinen Linien, einschlie\u00dflich Peptid, Kollagen, Adenosin.<br \/>\n&#8211; Reduziert Schwellungen und wird mit einem k\u00fchlenden Augenroller geliefert, um die Creme unter den Augen zu massieren.<br \/>\n&#8211; Sch\u00fctzt die nat\u00fcrliche Barriere der Haut und spendet Feuchtigkeit mit angereichertem Peptid und Pflanzenstammzellenextrakt.<br \/>\n&#8211; Spendet dunklem Teint Feuchtigkeit mit 51 % Miracle Marine Water und 2 % Niacinamid.<\/p>\n","protected":false},"featured_media":8847,"comment_status":"open","ping_status":"closed","template":"","meta":{"content-type":"","site-sidebar-layout":"default","site-content-layout":"default","ast-site-content-layout":"default","site-content-style":"default","site-sidebar-style":"default","ast-global-header-display":"","ast-banner-title-visibility":"","ast-main-header-display":"","ast-hfb-above-header-display":"","ast-hfb-below-header-display":"","ast-hfb-mobile-header-display":"","site-post-title":"","ast-breadcrumbs-content":"","ast-featured-img":"","footer-sml-layout":"","ast-disable-related-posts":"","theme-transparent-header-meta":"default","adv-header-id-meta":"","stick-header-meta":"","header-above-stick-meta":"","header-main-stick-meta":"","header-below-stick-meta":"","astra-migrate-meta-layouts":"set","ast-page-background-enabled":"default","ast-page-background-meta":{"desktop":{"background-color":"","background-image":"","background-repeat":"repeat","background-position":"center center","background-size":"auto","background-attachment":"scroll","background-type":"","background-media":"","overlay-type":"","overlay-color":"","overlay-opacity":"","overlay-gradient":""},"tablet":{"background-color":"","background-image":"","background-repeat":"repeat","background-position":"center center","background-size":"auto","background-attachment":"scroll","background-type":"","background-media":"","overlay-type":"","overlay-color":"","overlay-opacity":"","overlay-gradient":""},"mobile":{"background-color":"","background-image":"","background-repeat":"repeat","background-position":"center center","background-size":"auto","background-attachment":"scroll","background-type":"","background-media":"","overlay-type":"","overlay-color":"","overlay-opacity":"","overlay-gradient":""}},"ast-content-background-meta":{"desktop":{"background-color":"var(--ast-global-color-5)","background-image":"","background-repeat":"repeat","background-position":"center center","background-size":"auto","background-attachment":"scroll","background-type":"","background-media":"","overlay-type":"","overlay-color":"","overlay-opacity":"","overlay-gradient":""},"tablet":{"background-color":"var(--ast-global-color-5)","background-image":"","background-repeat":"repeat","background-position":"center center","background-size":"auto","background-attachment":"scroll","background-type":"","background-media":"","overlay-type":"","overlay-color":"","overlay-opacity":"","overlay-gradient":""},"mobile":{"background-color":"var(--ast-global-color-5)","background-image":"","background-repeat":"repeat","background-position":"center center","background-size":"auto","background-attachment":"scroll","background-type":"","background-media":"","overlay-type":"","overlay-color":"","overlay-opacity":"","overlay-gradient":""}}},"product_brand":[],"product_cat":[317,319,140],"product_tag":[],"class_list":{"0":"post-8845","1":"product","2":"type-product","3":"status-publish","4":"has-post-thumbnail","6":"product_cat-essence-serum-oel","7":"product_cat-gesichtsserum","8":"product_cat-heimish","9":"desktop-align-center","10":"tablet-align-center","11":"mobile-align-center","13":"first","14":"outofstock","15":"taxable","16":"shipping-taxable","17":"purchasable","18":"product-type-simple"},"_links":{"self":[{"href":"https:\/\/tomyklou.gr\/de\/wp-json\/wp\/v2\/product\/8845","targetHints":{"allow":["GET"]}}],"collection":[{"href":"https:\/\/tomyklou.gr\/de\/wp-json\/wp\/v2\/product"}],"about":[{"href":"https:\/\/tomyklou.gr\/de\/wp-json\/wp\/v2\/types\/product"}],"replies":[{"embeddable":true,"href":"https:\/\/tomyklou.gr\/de\/wp-json\/wp\/v2\/comments?post=8845"}],"wp:featuredmedia":[{"embeddable":true,"href":"https:\/\/tomyklou.gr\/de\/wp-json\/wp\/v2\/media\/8847"}],"wp:attachment":[{"href":"https:\/\/tomyklou.gr\/de\/wp-json\/wp\/v2\/media?parent=8845"}],"wp:term":[{"taxonomy":"product_brand","embeddable":true,"href":"https:\/\/tomyklou.gr\/de\/wp-json\/wp\/v2\/product_brand?post=8845"},{"taxonomy":"product_cat","embeddable":true,"href":"https:\/\/tomyklou.gr\/de\/wp-json\/wp\/v2\/product_cat?post=8845"},{"taxonomy":"product_tag","embeddable":true,"href":"https:\/\/tomyklou.gr\/de\/wp-json\/wp\/v2\/product_tag?post=8845"}],"curies":[{"name":"wp","href":"https:\/\/api.w.org\/{rel}","templated":true}]}}